{"id":73718,"date":"2024-06-21T16:59:48","date_gmt":"2024-06-21T20:59:48","guid":{"rendered":"https:\/\/www.simonssearchlight.org\/processo-de-pesquisa\/disturbios-geneticos-que-estudamos\/fbxo11-2\/"},"modified":"2024-06-21T16:59:48","modified_gmt":"2024-06-21T20:59:48","slug":"fbxo11-2","status":"publish","type":"page","link":"https:\/\/www.simonssearchlight.org\/pt-br\/processo-de-pesquisa\/disturbios-geneticos-que-estudamos\/fbxo11-2\/","title":{"rendered":"FBXO11"},"content":{"rendered":"<p><span style=\"font-weight: 400;\">A seguir, voc\u00ea ver\u00e1 um resumo do <\/span><b>FBXO11<\/b><span style=\"font-weight: 400;\">  observados nas publica\u00e7\u00f5es de pesquisa. Isso n\u00e3o pretende substituir o aconselhamento m\u00e9dico. <\/span><\/p>\n<p><a href=\"https:\/\/www.simonssearchlight.org\/pt-br\/gene-guide\/sindrome-relacionada-a-fbxo11\/\" target=\"_blank\" rel=\"noopener\"><strong>Clique aqui para ver nosso guia completo do g\u00eanero FBXO11<\/strong><\/a><\/p>\n<p><span style=\"font-weight: 400;\">O Guia Gen\u00e9tico online inclui mais informa\u00e7\u00f5es sobre o FBXO11, como a probabilidade de voc\u00ea ter outro filho com essa afec\u00e7\u00e3o, os problemas de comportamento e desenvolvimento relacionados \u00e0 s\u00edndrome FBXO11 e os especialistas que devem levar em conta as pessoas com essa afec\u00e7\u00e3o. Voc\u00ea pode comparar este recurso com os membros de sua fam\u00edlia ou com seus provedores cl\u00ednicos. <\/span><\/p>\n<p> <strong><br \/>\n  <span class=\"notranslate\">S\u00edndrome relacionada com FBXO11<\/span><br \/>\n<\/strong><span style=\"font-weight: 400;\"> tamb\u00e9m \u00e9 denominada <\/span><strong>transtorno do desenvolvimento intelectual com face dism\u00f3rfica e anomalias do comportamento (IDDFBA)<\/strong><span style=\"font-weight: 400;\">.<\/span> <span style=\"font-weight: 400;\">Para esta p\u00e1gina da web, utilizaremos o nome <\/span><strong><br \/>\n  <span class=\"notranslate\">s\u00edndrome relacionada com FBXO11<\/span><br \/>\n<\/strong><span style=\"font-weight: 400;\"> para englobar a ampla gama de variantes observadas nas pessoas identificadas.<\/span><\/p>\n","protected":false},"excerpt":{"rendered":"<p>A seguir, voc\u00ea ver\u00e1 um resumo do FBXO11 observados nas publica\u00e7\u00f5es de pesquisa. Isso n\u00e3o pretende substituir o aconselhamento m\u00e9dico. Clique aqui para ver nosso guia completo do g\u00eanero FBXO11 O Guia Gen\u00e9tico online inclui mais informa\u00e7\u00f5es sobre o FBXO11, como a probabilidade de voc\u00ea ter outro filho com essa afec\u00e7\u00e3o, os problemas de comportamento [&hellip;]<\/p>\n","protected":false},"author":28,"featured_media":0,"parent":43355,"menu_order":0,"comment_status":"closed","ping_status":"closed","template":"page-gene-card.php","meta":{"_acf_changed":false,"_relevanssi_hide_post":"","_relevanssi_hide_content":"","_relevanssi_pin_for_all":"","_relevanssi_pin_keywords":"","_relevanssi_unpin_keywords":"","_relevanssi_related_keywords":"","_relevanssi_related_include_ids":"","_relevanssi_related_exclude_ids":"","_relevanssi_related_no_append":"","_relevanssi_related_not_related":"","_relevanssi_related_posts":"","_relevanssi_noindex_reason":"","footnotes":""},"acf":[],"_links":{"self":[{"href":"https:\/\/www.simonssearchlight.org\/pt-br\/wp-json\/wp\/v2\/pages\/73718"}],"collection":[{"href":"https:\/\/www.simonssearchlight.org\/pt-br\/wp-json\/wp\/v2\/pages"}],"about":[{"href":"https:\/\/www.simonssearchlight.org\/pt-br\/wp-json\/wp\/v2\/types\/page"}],"author":[{"embeddable":true,"href":"https:\/\/www.simonssearchlight.org\/pt-br\/wp-json\/wp\/v2\/users\/28"}],"replies":[{"embeddable":true,"href":"https:\/\/www.simonssearchlight.org\/pt-br\/wp-json\/wp\/v2\/comments?post=73718"}],"version-history":[{"count":0,"href":"https:\/\/www.simonssearchlight.org\/pt-br\/wp-json\/wp\/v2\/pages\/73718\/revisions"}],"up":[{"embeddable":true,"href":"https:\/\/www.simonssearchlight.org\/pt-br\/wp-json\/wp\/v2\/pages\/43355"}],"wp:attachment":[{"href":"https:\/\/www.simonssearchlight.org\/pt-br\/wp-json\/wp\/v2\/media?parent=73718"}],"curies":[{"name":"wp","href":"https:\/\/api.w.org\/{rel}","templated":true}]}}