{"id":73598,"date":"2025-11-13T16:29:40","date_gmt":"2025-11-13T21:29:40","guid":{"rendered":"https:\/\/www.simonssearchlight.org\/15-anos-de-simons-searchlight-comemorando-familias-pesquisas-e-progresso\/"},"modified":"2025-12-02T11:46:01","modified_gmt":"2025-12-02T16:46:01","slug":"15-anos-de-simons-searchlight-comemorando-familias-pesquisas-e-progresso","status":"publish","type":"page","link":"https:\/\/www.simonssearchlight.org\/pt-br\/15-anos-de-simons-searchlight-comemorando-familias-pesquisas-e-progresso\/","title":{"rendered":"15 anos de Simons Searchlight: Comemorando fam\u00edlias, pesquisas e progresso"},"content":{"rendered":"<h4><\/h4>\n<h4><img loading=\"lazy\" decoding=\"async\" class=\"alignnone wp-image-59301 size-large\" src=\"https:\/\/www.simonssearchlight.org\/wp-content\/uploads\/2025\/01\/Screenshot-2025-01-29-at-11.40.18%E2%80%AFAM-1024x548.png\" alt=\"\" width=\"1024\" height=\"548\" srcset=\"https:\/\/cdn.simonssearchlight.org\/wp-content\/uploads\/2025\/01\/29122637\/Screenshot-2025-01-29-at-11.40.18%E2%80%AFAM-1024x548.png 1024w, https:\/\/cdn.simonssearchlight.org\/wp-content\/uploads\/2025\/01\/29122637\/Screenshot-2025-01-29-at-11.40.18%E2%80%AFAM-300x160.png 300w, https:\/\/cdn.simonssearchlight.org\/wp-content\/uploads\/2025\/01\/29122637\/Screenshot-2025-01-29-at-11.40.18%E2%80%AFAM-768x411.png 768w, https:\/\/cdn.simonssearchlight.org\/wp-content\/uploads\/2025\/01\/29122637\/Screenshot-2025-01-29-at-11.40.18%E2%80%AFAM.png 1316w\" sizes=\"(max-width: 1024px) 100vw, 1024px\" \/><\/h4>\n<h4>Nos \u00faltimos 15 anos, o <span class=\"notranslate\">Simons Searchlight<\/span>, um programa financiado e apoiado pela Funda\u00e7\u00e3o Simons por meio da Iniciativa de Pesquisa sobre Autismo da Funda\u00e7\u00e3o Simons (SFARI), cresceu de um pequeno esfor\u00e7o comunit\u00e1rio para um dos maiores registros internacionais do mundo para doen\u00e7as gen\u00e9ticas raras de neurodesenvolvimento.<\/h4>\n<p><strong>O que come\u00e7ou em 2010 como um punhado de fam\u00edlias e pesquisadores se expandiu para uma comunidade vibrante de milhares de pessoas em mais de 90 pa\u00edses, representando mais de 184 doen\u00e7as gen\u00e9ticas.<\/strong><\/p>\n<p>Ao comemorarmos esse anivers\u00e1rio, refletimos sobre 15 marcos importantes que demonstram o quanto avan\u00e7amos juntos &#8211; desde as primeiras reuni\u00f5es familiares e o lan\u00e7amento da participa\u00e7\u00e3o on-line at\u00e9 a expans\u00e3o da coleta de dados e das colabora\u00e7\u00f5es globais.<\/p>\n<p>Essa jornada s\u00f3 foi poss\u00edvel gra\u00e7as \u00e0s fam\u00edlias, aos grupos de defesa dos pacientes e aos pesquisadores que continuam a compartilhar seu tempo, suas hist\u00f3rias e seus dados.<\/p>\n<h3><strong>Continue lendo enquanto destacamos os 15 momentos que moldaram a <span class=\"notranslate\">Simons Searchlight<\/span> e junte-se a n\u00f3s para ver o pr\u00f3ximo cap\u00edtulo de descobertas<\/strong>.<\/h3>\n","protected":false},"excerpt":{"rendered":"<p>Nos \u00faltimos 15 anos, o Simons Searchlight, um programa financiado e apoiado pela Funda\u00e7\u00e3o Simons por meio da Iniciativa de Pesquisa sobre Autismo da Funda\u00e7\u00e3o Simons (SFARI), cresceu de um pequeno esfor\u00e7o comunit\u00e1rio para um dos maiores registros internacionais do mundo para doen\u00e7as gen\u00e9ticas raras de neurodesenvolvimento. O que come\u00e7ou em 2010 como um punhado [&hellip;]<\/p>\n","protected":false},"author":18,"featured_media":0,"parent":0,"menu_order":0,"comment_status":"closed","ping_status":"closed","template":"","meta":{"_acf_changed":false,"_relevanssi_hide_post":"","_relevanssi_hide_content":"","_relevanssi_pin_for_all":"","_relevanssi_pin_keywords":"","_relevanssi_unpin_keywords":"","_relevanssi_related_keywords":"","_relevanssi_related_include_ids":"","_relevanssi_related_exclude_ids":"","_relevanssi_related_no_append":"","_relevanssi_related_not_related":"","_relevanssi_related_posts":"","_relevanssi_noindex_reason":"","footnotes":""},"acf":[],"_links":{"self":[{"href":"https:\/\/www.simonssearchlight.org\/pt-br\/wp-json\/wp\/v2\/pages\/73598"}],"collection":[{"href":"https:\/\/www.simonssearchlight.org\/pt-br\/wp-json\/wp\/v2\/pages"}],"about":[{"href":"https:\/\/www.simonssearchlight.org\/pt-br\/wp-json\/wp\/v2\/types\/page"}],"author":[{"embeddable":true,"href":"https:\/\/www.simonssearchlight.org\/pt-br\/wp-json\/wp\/v2\/users\/18"}],"replies":[{"embeddable":true,"href":"https:\/\/www.simonssearchlight.org\/pt-br\/wp-json\/wp\/v2\/comments?post=73598"}],"version-history":[{"count":3,"href":"https:\/\/www.simonssearchlight.org\/pt-br\/wp-json\/wp\/v2\/pages\/73598\/revisions"}],"predecessor-version":[{"id":74297,"href":"https:\/\/www.simonssearchlight.org\/pt-br\/wp-json\/wp\/v2\/pages\/73598\/revisions\/74297"}],"wp:attachment":[{"href":"https:\/\/www.simonssearchlight.org\/pt-br\/wp-json\/wp\/v2\/media?parent=73598"}],"curies":[{"name":"wp","href":"https:\/\/api.w.org\/{rel}","templated":true}]}}