{"id":65041,"date":"2025-11-04T09:47:53","date_gmt":"2025-11-04T14:47:53","guid":{"rendered":"https:\/\/www.simonssearchlight.org\/um-guia-para-a-familia-entendendo-os-diagnosticos-geneticos-e-clinicos\/"},"modified":"2025-11-24T12:46:19","modified_gmt":"2025-11-24T17:46:19","slug":"um-guia-para-a-familia-entendendo-os-diagnosticos-geneticos-e-clinicos","status":"publish","type":"page","link":"https:\/\/www.simonssearchlight.org\/pt-br\/um-guia-para-a-familia-entendendo-os-diagnosticos-geneticos-e-clinicos\/","title":{"rendered":"Um guia para a fam\u00edlia: Entendendo os diagn\u00f3sticos gen\u00e9ticos e cl\u00ednicos"},"content":{"rendered":"<p>&nbsp;<\/p>\n<p><img loading=\"lazy\" decoding=\"async\" class=\"alignnone wp-image-66315 \" src=\"https:\/\/cdn.simonssearchlight.org\/wp-content\/uploads\/2025\/11\/05044441\/FamilyGuide_graphics-09.svg\" alt=\"\" width=\"392\" height=\"392\"><\/p>\n<p>Escrito para as fam\u00edlias pelos conselheiros gen\u00e9ticos da <span class=\"notranslate\">Simons Searchlight<\/span><br \/>\n<em>Misia Kowanda, Emily Palen, Elisheva Dubin e Jamie Lundy<\/em><\/p>\n<h2><\/h2>\n<h2><b>Introdu\u00e7\u00e3o: Por que os diagn\u00f3sticos s\u00e3o importantes<\/b><\/h2>\n<p>Quando seu filho recebe um diagn\u00f3stico, seja de atraso no desenvolvimento, autismo, epilepsia ou uma condi\u00e7\u00e3o gen\u00e9tica rara, \u00e9 natural que voc\u00ea tenha d\u00favidas. As fam\u00edlias geralmente fazem perguntas como: <\/p>\n<ul>\n<li style=\"font-weight: 400;\" aria-level=\"1\">O problema m\u00e9dico do meu filho \u00e9 causado por sua variante gen\u00e9tica?<\/li>\n<li style=\"font-weight: 400;\" aria-level=\"1\">Se meu filho tiver uma doen\u00e7a gen\u00e9tica, isso explica tudo sobre sua sa\u00fade?<\/li>\n<li style=\"font-weight: 400;\" aria-level=\"1\">Por que os sintomas variam tanto, mesmo entre pessoas com o mesmo diagn\u00f3stico gen\u00e9tico?<\/li>\n<li style=\"font-weight: 400;\" aria-level=\"1\">Meu filho ainda &#8220;tem&#8221; autismo se uma condi\u00e7\u00e3o gen\u00e9tica o causou?<\/li>\n<\/ul>\n<h3><img loading=\"lazy\" decoding=\"async\" class=\"wp-image-66231 alignleft\" src=\"https:\/\/cdn.simonssearchlight.org\/wp-content\/uploads\/2025\/11\/05044424\/FamilyGuide_graphics-41.svg\" alt=\"\" width=\"93\" height=\"93\"><\/h3>\n<p><strong>Este guia ajudar\u00e1 a descrever a diferen\u00e7a entre um diagn\u00f3stico gen\u00e9tico e um diagn\u00f3stico cl\u00ednico, como eles s\u00e3o usados juntos e o que isso significa para voc\u00ea ou seu filho.<\/strong><\/p>\n<p><strong><a href=\"https:\/\/cdn.simonssearchlight.org\/wp-content\/uploads\/2025\/11\/05045128\/Simons-Searchlight-Family-Guide-Understanding-Genetic-and-Clinical-Diagnoses.pdf\" target=\"_blank\" rel=\"noopener\">Fa\u00e7a o download deste guia em PDF<\/a><\/strong><\/p>\n","protected":false},"excerpt":{"rendered":"<p>&nbsp; Escrito para as fam\u00edlias pelos conselheiros gen\u00e9ticos da Simons Searchlight Misia Kowanda, Emily Palen, Elisheva Dubin e Jamie Lundy Introdu\u00e7\u00e3o: Por que os diagn\u00f3sticos s\u00e3o importantes Quando seu filho recebe um diagn\u00f3stico, seja de atraso no desenvolvimento, autismo, epilepsia ou uma condi\u00e7\u00e3o gen\u00e9tica rara, \u00e9 natural que voc\u00ea tenha d\u00favidas. As fam\u00edlias geralmente fazem [&hellip;]<\/p>\n","protected":false},"author":18,"featured_media":66355,"parent":0,"menu_order":0,"comment_status":"closed","ping_status":"closed","template":"","meta":{"_acf_changed":false,"_relevanssi_hide_post":"","_relevanssi_hide_content":"","_relevanssi_pin_for_all":"","_relevanssi_pin_keywords":"","_relevanssi_unpin_keywords":"","_relevanssi_related_keywords":"","_relevanssi_related_include_ids":"","_relevanssi_related_exclude_ids":"","_relevanssi_related_no_append":"","_relevanssi_related_not_related":"","_relevanssi_related_posts":"","_relevanssi_noindex_reason":"","footnotes":""},"acf":[],"_links":{"self":[{"href":"https:\/\/www.simonssearchlight.org\/pt-br\/wp-json\/wp\/v2\/pages\/65041"}],"collection":[{"href":"https:\/\/www.simonssearchlight.org\/pt-br\/wp-json\/wp\/v2\/pages"}],"about":[{"href":"https:\/\/www.simonssearchlight.org\/pt-br\/wp-json\/wp\/v2\/types\/page"}],"author":[{"embeddable":true,"href":"https:\/\/www.simonssearchlight.org\/pt-br\/wp-json\/wp\/v2\/users\/18"}],"replies":[{"embeddable":true,"href":"https:\/\/www.simonssearchlight.org\/pt-br\/wp-json\/wp\/v2\/comments?post=65041"}],"version-history":[{"count":10,"href":"https:\/\/www.simonssearchlight.org\/pt-br\/wp-json\/wp\/v2\/pages\/65041\/revisions"}],"predecessor-version":[{"id":73757,"href":"https:\/\/www.simonssearchlight.org\/pt-br\/wp-json\/wp\/v2\/pages\/65041\/revisions\/73757"}],"wp:featuredmedia":[{"embeddable":true,"href":"https:\/\/www.simonssearchlight.org\/pt-br\/wp-json\/wp\/v2\/media\/66355"}],"wp:attachment":[{"href":"https:\/\/www.simonssearchlight.org\/pt-br\/wp-json\/wp\/v2\/media?parent=65041"}],"curies":[{"name":"wp","href":"https:\/\/api.w.org\/{rel}","templated":true}]}}