{"id":62476,"date":"2025-05-22T15:34:43","date_gmt":"2025-05-22T19:34:43","guid":{"rendered":"https:\/\/www.simonssearchlight.org\/por-que-participar-v2\/"},"modified":"2025-12-02T11:55:12","modified_gmt":"2025-12-02T16:55:12","slug":"por-que-participar-v2","status":"publish","type":"page","link":"https:\/\/www.simonssearchlight.org\/pt-br\/por-que-participar-v2\/","title":{"rendered":"Por que voc\u00ea se juntou \u00e0 Simons Searchlight?"},"content":{"rendered":"<h2><strong>Ajude a acelerar a pesquisa de dist\u00farbios gen\u00e9ticos raros do desenvolvimento neurol\u00f3gico.<\/strong><\/h2>\n<h4>O <span class=\"notranslate\">Simons Searchlight<\/span> \u00e9 um programa de pesquisa on-line de mais de 184 doen\u00e7as raras. Pesquisadores qualificados podem usar esse banco de dados para ajudar a avan\u00e7ar no conhecimento e desenvolver melhores terapias. <\/h4>\n<p><img loading=\"lazy\" decoding=\"async\" class=\"aligncenter wp-image-62539 size-large\" src=\"https:\/\/www.simonssearchlight.org\/wp-content\/uploads\/2025\/05\/WhyJoin-fam-round1.2-e1748630949833-1024x936.png\" alt=\"\" width=\"1024\" height=\"936\" srcset=\"https:\/\/www.simonssearchlight.org\/wp-content\/uploads\/2025\/05\/WhyJoin-fam-round1.2-e1748630949833-1024x936.png 1024w, https:\/\/www.simonssearchlight.org\/wp-content\/uploads\/2025\/05\/WhyJoin-fam-round1.2-e1748630949833-300x274.png 300w, https:\/\/www.simonssearchlight.org\/wp-content\/uploads\/2025\/05\/WhyJoin-fam-round1.2-e1748630949833-768x702.png 768w, https:\/\/www.simonssearchlight.org\/wp-content\/uploads\/2025\/05\/WhyJoin-fam-round1.2-e1748630949833-1536x1404.png 1536w\" sizes=\"(max-width: 1024px) 100vw, 1024px\" \/><\/p>\n<h2>Veja como sua fam\u00edlia pode fazer a diferen\u00e7a.<\/h2>\n<p>A <span class=\"notranslate\">Simons Searchlight<\/span> faz parcerias com fam\u00edlias, pesquisadores e comunidades de defesa de pacientes em todo o mundo para entender melhor as doen\u00e7as gen\u00e9ticas raras.<\/p>\n<p>Nossa miss\u00e3o \u00e9 acelerar a pesquisa coletando dados de hist\u00f3ria natural padronizados e de alta qualidade e fornecendo recursos \u00fateis ao longo do caminho.  <strong>A contribui\u00e7\u00e3o de cada fam\u00edlia \u00e9 importante, e temos o compromisso de tornar sua participa\u00e7\u00e3o significativa.<\/strong><\/p>\n","protected":false},"excerpt":{"rendered":"<p>Ajude a acelerar a pesquisa de dist\u00farbios gen\u00e9ticos raros do desenvolvimento neurol\u00f3gico. O Simons Searchlight \u00e9 um programa de pesquisa on-line de mais de 184 doen\u00e7as raras. Pesquisadores qualificados podem usar esse banco de dados para ajudar a avan\u00e7ar no conhecimento e desenvolver melhores terapias. Veja como sua fam\u00edlia pode fazer a diferen\u00e7a. A Simons [&hellip;]<\/p>\n","protected":false},"author":18,"featured_media":0,"parent":0,"menu_order":0,"comment_status":"closed","ping_status":"closed","template":"","meta":{"_acf_changed":false,"_relevanssi_hide_post":"","_relevanssi_hide_content":"","_relevanssi_pin_for_all":"","_relevanssi_pin_keywords":"","_relevanssi_unpin_keywords":"","_relevanssi_related_keywords":"","_relevanssi_related_include_ids":"","_relevanssi_related_exclude_ids":"","_relevanssi_related_no_append":"","_relevanssi_related_not_related":"","_relevanssi_related_posts":"","_relevanssi_noindex_reason":"","footnotes":""},"acf":[],"_links":{"self":[{"href":"https:\/\/www.simonssearchlight.org\/pt-br\/wp-json\/wp\/v2\/pages\/62476"}],"collection":[{"href":"https:\/\/www.simonssearchlight.org\/pt-br\/wp-json\/wp\/v2\/pages"}],"about":[{"href":"https:\/\/www.simonssearchlight.org\/pt-br\/wp-json\/wp\/v2\/types\/page"}],"author":[{"embeddable":true,"href":"https:\/\/www.simonssearchlight.org\/pt-br\/wp-json\/wp\/v2\/users\/18"}],"replies":[{"embeddable":true,"href":"https:\/\/www.simonssearchlight.org\/pt-br\/wp-json\/wp\/v2\/comments?post=62476"}],"version-history":[{"count":12,"href":"https:\/\/www.simonssearchlight.org\/pt-br\/wp-json\/wp\/v2\/pages\/62476\/revisions"}],"predecessor-version":[{"id":74305,"href":"https:\/\/www.simonssearchlight.org\/pt-br\/wp-json\/wp\/v2\/pages\/62476\/revisions\/74305"}],"wp:attachment":[{"href":"https:\/\/www.simonssearchlight.org\/pt-br\/wp-json\/wp\/v2\/media?parent=62476"}],"curies":[{"name":"wp","href":"https:\/\/api.w.org\/{rel}","templated":true}]}}