{"id":57357,"date":"2024-12-02T13:57:11","date_gmt":"2024-12-02T18:57:11","guid":{"rendered":"https:\/\/www.simonssearchlight.org\/57357-2\/"},"modified":"2025-11-13T09:42:37","modified_gmt":"2025-11-13T14:42:37","slug":"57357-2","status":"publish","type":"page","link":"https:\/\/www.simonssearchlight.org\/pt-br\/57357-2\/","title":{"rendered":""},"content":{"rendered":"<h1 data-renderer-start-pos=\"56\"><img loading=\"lazy\" decoding=\"async\" class=\"alignnone size-full wp-image-57343\" src=\"https:\/\/cdn.simonssearchlight.org\/wp-content\/uploads\/2024\/12\/02085624\/Searchlight-Banner-Image.png\" alt=\"\" width=\"2048\" height=\"353\" srcset=\"https:\/\/cdn.simonssearchlight.org\/wp-content\/uploads\/2024\/12\/02085624\/Searchlight-Banner-Image.png 2048w, https:\/\/cdn.simonssearchlight.org\/wp-content\/uploads\/2024\/12\/02085624\/Searchlight-Banner-Image-300x52.png 300w, https:\/\/cdn.simonssearchlight.org\/wp-content\/uploads\/2024\/12\/02085624\/Searchlight-Banner-Image-1024x177.png 1024w, https:\/\/cdn.simonssearchlight.org\/wp-content\/uploads\/2024\/12\/02085624\/Searchlight-Banner-Image-768x132.png 768w, https:\/\/cdn.simonssearchlight.org\/wp-content\/uploads\/2024\/12\/02085624\/Searchlight-Banner-Image-1536x265.png 1536w\" sizes=\"(max-width: 2048px) 100vw, 2048px\" \/><\/h1>\n<h1 data-renderer-start-pos=\"56\">Obrigado por assinar o <span class=\"notranslate\">Simons Searchlight<\/span><\/h1>\n<h4 data-renderer-start-pos=\"106\">Sua caixa de entrada acaba de ficar um pouco mais interessante. Juntos, estamos ampliando a conscientiza\u00e7\u00e3o sobre dist\u00farbios gen\u00e9ticos raros do neurodesenvolvimento, fortalecendo as fam\u00edlias e acelerando pesquisas inovadoras. <\/h4>\n<h3 data-renderer-start-pos=\"106\"><a href=\"https:\/\/www.simonssearchlight.org\/pt-br\/\" target=\"_blank\" rel=\"noopener\">Voltar para a p\u00e1gina inicial<\/a><\/h3>\n","protected":false},"excerpt":{"rendered":"<p>Obrigado por assinar o Simons Searchlight Sua caixa de entrada acaba de ficar um pouco mais interessante. Juntos, estamos ampliando a conscientiza\u00e7\u00e3o sobre dist\u00farbios gen\u00e9ticos raros do neurodesenvolvimento, fortalecendo as fam\u00edlias e acelerando pesquisas inovadoras. Voltar para a p\u00e1gina inicial<\/p>\n","protected":false},"author":18,"featured_media":0,"parent":0,"menu_order":0,"comment_status":"closed","ping_status":"closed","template":"","meta":{"_acf_changed":false,"_relevanssi_hide_post":"","_relevanssi_hide_content":"","_relevanssi_pin_for_all":"","_relevanssi_pin_keywords":"","_relevanssi_unpin_keywords":"","_relevanssi_related_keywords":"","_relevanssi_related_include_ids":"","_relevanssi_related_exclude_ids":"","_relevanssi_related_no_append":"","_relevanssi_related_not_related":"","_relevanssi_related_posts":"","_relevanssi_noindex_reason":"","footnotes":""},"acf":[],"_links":{"self":[{"href":"https:\/\/www.simonssearchlight.org\/pt-br\/wp-json\/wp\/v2\/pages\/57357"}],"collection":[{"href":"https:\/\/www.simonssearchlight.org\/pt-br\/wp-json\/wp\/v2\/pages"}],"about":[{"href":"https:\/\/www.simonssearchlight.org\/pt-br\/wp-json\/wp\/v2\/types\/page"}],"author":[{"embeddable":true,"href":"https:\/\/www.simonssearchlight.org\/pt-br\/wp-json\/wp\/v2\/users\/18"}],"replies":[{"embeddable":true,"href":"https:\/\/www.simonssearchlight.org\/pt-br\/wp-json\/wp\/v2\/comments?post=57357"}],"version-history":[{"count":1,"href":"https:\/\/www.simonssearchlight.org\/pt-br\/wp-json\/wp\/v2\/pages\/57357\/revisions"}],"predecessor-version":[{"id":60169,"href":"https:\/\/www.simonssearchlight.org\/pt-br\/wp-json\/wp\/v2\/pages\/57357\/revisions\/60169"}],"wp:attachment":[{"href":"https:\/\/www.simonssearchlight.org\/pt-br\/wp-json\/wp\/v2\/media?parent=57357"}],"curies":[{"name":"wp","href":"https:\/\/api.w.org\/{rel}","templated":true}]}}