{"id":45380,"date":"2021-04-20T11:34:12","date_gmt":"2021-04-20T15:34:12","guid":{"rendered":"https:\/\/www.simonssearchlight.org\/sobre\/programas-da-sfari\/"},"modified":"2026-01-14T13:34:22","modified_gmt":"2026-01-14T18:34:22","slug":"programas-da-sfari","status":"publish","type":"page","link":"https:\/\/www.simonssearchlight.org\/pt-br\/sobre\/programas-da-sfari\/","title":{"rendered":"Programas da SFARI"},"content":{"rendered":"<p>&nbsp;<\/p>\n<p><span style=\"font-weight: 400;\">A <a href=\"https:\/\/www.simonsfoundation.org\/\"><span class=\"notranslate\">Simons Foundation<\/span><\/a> \u00e9 uma funda\u00e7\u00e3o privada que promove pesquisas em v\u00e1rios campos diferentes. Fazemos isso apoiando o trabalho que <strong>avan\u00e7a as fronteiras da pesquisa em matem\u00e1tica e ci\u00eancias b\u00e1sicas<\/strong>.<\/span><\/p>\n<p><span style=\"font-weight: 400;\">A Funda\u00e7\u00e3o Simons fornece financiamento para pesquisas sobre autismo e neurodesenvolvimento por meio da <\/span><a href=\"https:\/\/www.sfari.org\/\">Iniciativa de Pesquisa sobre Autismo da Funda\u00e7\u00e3o Simons (SFARI)<\/a><span style=\"font-weight: 400;\">. A miss\u00e3o da SFARI \u00e9 promover a ci\u00eancia b\u00e1sica do autismo e dos dist\u00farbios de neurodesenvolvimento relacionados.  <\/span>Atualmente, a SFARI <strong>apoia mais de 300 pesquisadores em todo o mundo<\/strong> por meio de uma variedade de mecanismos de financiamento, incluindo bolsas para pesquisadores individuais, bolsas colaborativas e pr\u00eamios para in\u00edcio de carreira.<\/p>\n<p>O <span class=\"notranslate\">Simons Searchlight<\/span> \u00e9 um projeto apoiado pela Funda\u00e7\u00e3o Simons, por meio da Iniciativa de Pesquisa sobre Autismo da Funda\u00e7\u00e3o Simons (SFARI).<\/p>\n<p><span style=\"font-weight: 400;\">O breve v\u00eddeo abaixo explica a concess\u00e3o de subs\u00eddios e outros programas de pesquisa da SFARI, incluindo o <span class=\"notranslate\">Simons Searchlight<\/span>. Voc\u00ea pode achar esclarecedor entender o hist\u00f3rico e o pensamento que levaram ao lan\u00e7amento do <span class=\"notranslate\">Simons Searchlight<\/span>!<\/span><\/p>\n<iframe loading=\"lazy\" title=\"Reprodutor de v\u00eddeo do YouTube\" src=\"https:\/\/www.youtube.com\/embed\/IuZJ-5RXhCw\" width=\"560\" height=\"315\" frameborder=\"0\" allowfullscreen=\"allowfullscreen\"><\/iframe><\/p>\n<h3>Coortes de autismo da SFARI<\/h3>\n<p><strong><a href=\"https:\/\/www.sfari.org\/resource\/simons-searchlight\/\" target=\"_blank\" rel=\"noopener noreferrer\">Holofote Simons<\/a><\/strong><\/p>\n<p>O <span class=\"notranslate\">Simons Searchlight<\/span> \u00e9 um programa de pesquisa internacional para condi\u00e7\u00f5es gen\u00e9ticas associadas a dist\u00farbios raros de neurodesenvolvimento. Seu objetivo \u00e9 coletar informa\u00e7\u00f5es dos participantes para entender melhor o curso de vida desses indiv\u00edduos.  Esta \u00e9 uma coorte de &#8220;genes primeiro&#8221;. Notavelmente, apenas cerca de 1 em cada 3 registrantes tem um diagn\u00f3stico formal de autismo. A lista das <a href=\"https:\/\/www.simonssearchlight.org\/pt-br\/processo-de-pesquisa\/disturbios-geneticos-que-estudamos\/\"><span style=\"color: #0000ff;\">condi\u00e7\u00f5es gen\u00e9ticas<\/span><\/a> que eles estudam continua crescendo.<\/p>\n<p><strong><a href=\"https:\/\/www.sfari.org\/resource\/spark\/\" target=\"_blank\" rel=\"noopener noreferrer\"><span class=\"notranslate\">SPARK<\/span><\/a> e Funda\u00e7\u00e3o Simons impulsionam a pesquisa sobre o autismo<\/strong><\/p>\n<p><span style=\"font-weight: 400;\">A <span class=\"notranslate\">SPARK<\/span> recruta e envolve uma comunidade de pessoas com autismo e suas fam\u00edlias que vivem nos Estados Unidos para participar de estudos de pesquisa. Eles colaboram com 31 centros de autismo afiliados a universidades em todo o pa\u00eds. Algumas pessoas que receberem um diagn\u00f3stico gen\u00e9tico do <span class=\"notranslate\">SPARK<\/span> ser\u00e3o convidadas a participar do <span class=\"notranslate\">Simons Searchlight<\/span> para continuar sua jornada de pesquisa.  <\/span><span style=\"color: #0000ff;\"><br \/>\n  <a style=\"color: #0000ff;\" href=\"https:\/\/wp.sparkforautism.org\/simons-searchlight\/\"><br \/>\n    <span style=\"font-weight: 400;\">Saiba mais<\/span><br \/>\n  <\/a><br \/>\n<\/span> <span style=\"font-weight: 400;\">sobre como esse processo funciona.<\/span><\/p>\n<p><a href=\"https:\/\/www.sfari.org\/resource\/autism-inpatient-collection\/\" target=\"_blank\" rel=\"noopener\"><strong>Cole\u00e7\u00e3o de pacientes internados com autismo<\/strong><\/a><\/p>\n<p>O estudo Autism Inpatient Collection (AIC) foi realizado pela Autism and Developmental Disorders Inpatient Research Collaborative (ADDIRC), liderada por Matthew Siegel (PI) e Susan Santangelo (Co-I). Foi financiado pela <span class=\"notranslate\">Simons Foundation<\/span> Autism Research Initiative (SFARI) e pela Nancy Lurie Marks Family Foundation. <a href=\"https:\/\/www.sfari.org\/resource\/autism-inpatient-collection\/\" target=\"_blank\" rel=\"noopener\">Saiba mais<\/a> sobre esse programa e os dados dispon\u00edveis. <\/p>\n<p><strong><a href=\"https:\/\/www.sfari.org\/resource\/simons-simplex-collection\/\">Cole\u00e7\u00e3o Simons Simplex<\/a><\/strong><\/p>\n<p>A Cole\u00e7\u00e3o Simons Simplex (SSC) \u00e9 um projeto central e um recurso da Iniciativa de Pesquisa em Autismo da Funda\u00e7\u00e3o Simons (SFARI). A SSC alcan\u00e7ou seu objetivo principal de estabelecer um reposit\u00f3rio permanente de amostras gen\u00e9ticas de 2.600 fam\u00edlias simplex, cada uma com uma crian\u00e7a afetada por um transtorno do espectro do autismo, al\u00e9m de pais e irm\u00e3os n\u00e3o afetados. <a href=\"https:\/\/www.sfari.org\/resource\/simons-simplex-collection\/\">Saiba mais<\/a> sobre esse programa e os dados dispon\u00edveis. <\/p>\n<h3><strong>Recursos de pesquisa da SFARI<\/strong><\/h3>\n<p><span style=\"font-weight: 400;\">Desde o in\u00edcio de 2025, a SFARI contribuiu para mais de 2.100 publica\u00e7\u00f5es de pesquisa, forneceu financiamento de pesquisa para mais de 360 pesquisadores nos Estados Unidos e no exterior, e 411 pesquisadores ou empresas acessaram dados de coorte ou bioesp\u00e9cimes da SFARI.<\/span><\/p>\n<p><span style=\"font-weight: 400;\">A SFARI oferece <\/span><a href=\"https:\/\/www.sfari.org\/funding-opportunities\/\"><br \/>\n  <span style=\"font-weight: 400;\">financiamento<\/span><br \/>\n<\/a><span style=\"font-weight: 400;\">  para pesquisadores de todo o mundo para apoiar estudos relevantes para a nossa miss\u00e3o. Qualquer pesquisador que esteja estudando uma das condi\u00e7\u00f5es gen\u00e9ticas do <span class=\"notranslate\">Simons Searchlight<\/span> pode se candidatar. Veja abaixo mais recursos de pesquisa da SFARI.<\/span><\/p>\n<p><strong><a href=\"https:\/\/www.sfari.org\/resource\/ips-cells\/\">iPSCs<\/a>, c\u00e9lulas-tronco pluripotentes induzidas<\/strong><\/p>\n<ul>\n<li><span style=\"font-weight: 400;\">Usamos doa\u00e7\u00f5es de amostras de sangue de alguns de nossos participantes do <span class=\"notranslate\">Simons Searchlight<\/span> para criar um tipo de c\u00e9lulas-tronco chamado <\/span><a href=\"https:\/\/www.sfari.org\/resource\/ips-cells\/\"><span style=\"font-weight: 400;\">iPSCs<\/span><\/a><span style=\"font-weight: 400;\">. Todas as iPSCs est\u00e3o dispon\u00edveis para distribui\u00e7\u00e3o a pesquisadores aprovados por meio de  <\/span><a href=\"https:\/\/www.sfari.org\/resource\/sfari-base\/\"><span style=\"font-weight: 400;\">Base SFARI<\/span><\/a><span style=\"font-weight: 400;\">. Esse programa permite que os pesquisadores estudem doen\u00e7as humanas em um ambiente de laborat\u00f3rio para ajudar a desenvolver medicamentos personalizados.<\/span><\/li>\n<\/ul>\n<p><strong><a href=\"https:\/\/base.sfari.org\/\">Base SFARI<\/a><\/strong><\/p>\n<ul>\n<li><span style=\"font-weight: 400;\">A SFARI Base \u00e9 o portal de acesso a dados e bioesp\u00e9cimes, como tecido, sangue e plasma, das iniciativas de pesquisa da SFARI. O SFARI Base \u00e9 um portal on-line para o envio de solicita\u00e7\u00f5es de pesquisa. Todos os dados e informa\u00e7\u00f5es na Base SFARI promovem a pesquisa e est\u00e3o prontamente dispon\u00edveis por um custo baixo ou gratuito para todos os pesquisadores externos e empresas de biotecnologia ou farmac\u00eauticas. Os dados do <span class=\"notranslate\">Simons Searchlight<\/span> est\u00e3o dispon\u00edveis na Base SFARI.<\/span><\/li>\n<\/ul>\n<p><strong><a href=\"https:\/\/www.sfari.org\/resource\/research-match\/\" target=\"_blank\" rel=\"noopener\">Correspond\u00eancia de pesquisa<\/a><\/strong><\/p>\n<ul>\n<li><span style=\"font-weight: 400;\">O Research Match \u00e9 um programa criado para que os pesquisadores recrutem pessoas inscritas no <span class=\"notranslate\">Simons Searchlight<\/span> ou no <span class=\"notranslate\">SPARK<\/span> para novos estudos de pesquisa. Ele \u00e9 gratuito.<\/span><\/li>\n<li><a href=\"https:\/\/www.sfari.org\/resource\/research-match\/research-match-projects\/\">Visite esta p\u00e1gina<\/a> para ver exemplos de projetos viabilizados pelo Research Match. Voc\u00ea pode encontrar uma lista completa dos projetos do Research Match <a href=\"https:\/\/docs.google.com\/spreadsheets\/d\/18CZAAz5VbvRweSqK4LmePS-QQPEJOI9cVbfQQD9icZs\/edit?gid=0#gid=0\">aqui<\/a>.<\/li>\n<\/ul>\n<p><strong><a href=\"https:\/\/gene.sfari.org\/\">Gene SFARI<\/a><\/strong><\/p>\n<ul>\n<li><span style=\"font-weight: 400;\">O SFARI Gene \u00e9 um banco de dados de acesso aberto que fornece as informa\u00e7\u00f5es mais atualizadas sobre todos os genes humanos conhecidos que est\u00e3o ligados aos transtornos do espectro do autismo. Voc\u00ea pode usar esse banco de dados para acompanhar as \u00faltimas descobertas sobre os fatores de risco gen\u00e9ticos ligados ao autismo e verificar os genes individuais do <span class=\"notranslate\">Simons Searchlight<\/span>.<\/span><\/li>\n<\/ul>\n<p><strong><a href=\"https:\/\/www.sfari.org\/resource\/autism-brainnet\/\" target=\"_blank\" rel=\"noopener noreferrer\">Autismo BrainNet<\/a><\/strong><\/p>\n<p><span style=\"font-weight: 400;\">O Autism BrainNet \u00e9 um biorreposit\u00f3rio de tecido cerebral post-mortem que se tornou poss\u00edvel por meio de uma rede colaborativa de sites acad\u00eamicos que coletam, armazenam e distribuem tecido cerebral. A <span class=\"notranslate\">Simons Searchlight<\/span> e a Autism BrainNet compartilham dados para facilitar a pesquisa.<\/span><\/p>\n<p><strong>Reposit\u00f3rio de Organismos Modelo<\/strong><\/p>\n<ul>\n<li><span style=\"font-weight: 400;\">Por meio do financiamento da SFARI, os pesquisadores t\u00eam acesso a organismos modelo, especificamente <\/span><a href=\"https:\/\/www.sfari.org\/resource\/mouse-models\/\"><span style=\"font-weight: 400;\">camundongos<\/span><\/a><span style=\"font-weight: 400;\">, <\/span><a href=\"https:\/\/www.sfari.org\/resource\/rat-models\/\"><span style=\"font-weight: 400;\">ratos<\/span><\/a><span style=\"font-weight: 400;\">e <\/span><a href=\"https:\/\/www.sfari.org\/resource\/zebrafish-models\/\"><span style=\"font-weight: 400;\">zebrafish<\/span><\/a><span style=\"font-weight: 400;\">.<\/span><\/li>\n<\/ul>\n","protected":false},"excerpt":{"rendered":"<p>&nbsp; A Simons Foundation \u00e9 uma funda\u00e7\u00e3o privada que promove pesquisas em v\u00e1rios campos diferentes. Fazemos isso apoiando o trabalho que avan\u00e7a as fronteiras da pesquisa em matem\u00e1tica e ci\u00eancias b\u00e1sicas. A Funda\u00e7\u00e3o Simons fornece financiamento para pesquisas sobre autismo e neurodesenvolvimento por meio da Iniciativa de Pesquisa sobre Autismo da Funda\u00e7\u00e3o Simons (SFARI). A [&hellip;]<\/p>\n","protected":false},"author":13,"featured_media":0,"parent":43343,"menu_order":0,"comment_status":"closed","ping_status":"closed","template":"","meta":{"_acf_changed":false,"_relevanssi_hide_post":"","_relevanssi_hide_content":"","_relevanssi_pin_for_all":"","_relevanssi_pin_keywords":"","_relevanssi_unpin_keywords":"","_relevanssi_related_keywords":"","_relevanssi_related_include_ids":"","_relevanssi_related_exclude_ids":"","_relevanssi_related_no_append":"","_relevanssi_related_not_related":"","_relevanssi_related_posts":"","_relevanssi_noindex_reason":"","footnotes":""},"acf":[],"_links":{"self":[{"href":"https:\/\/www.simonssearchlight.org\/pt-br\/wp-json\/wp\/v2\/pages\/45380"}],"collection":[{"href":"https:\/\/www.simonssearchlight.org\/pt-br\/wp-json\/wp\/v2\/pages"}],"about":[{"href":"https:\/\/www.simonssearchlight.org\/pt-br\/wp-json\/wp\/v2\/types\/page"}],"author":[{"embeddable":true,"href":"https:\/\/www.simonssearchlight.org\/pt-br\/wp-json\/wp\/v2\/users\/13"}],"replies":[{"embeddable":true,"href":"https:\/\/www.simonssearchlight.org\/pt-br\/wp-json\/wp\/v2\/comments?post=45380"}],"version-history":[{"count":8,"href":"https:\/\/www.simonssearchlight.org\/pt-br\/wp-json\/wp\/v2\/pages\/45380\/revisions"}],"predecessor-version":[{"id":74901,"href":"https:\/\/www.simonssearchlight.org\/pt-br\/wp-json\/wp\/v2\/pages\/45380\/revisions\/74901"}],"up":[{"embeddable":true,"href":"https:\/\/www.simonssearchlight.org\/pt-br\/wp-json\/wp\/v2\/pages\/43343"}],"wp:attachment":[{"href":"https:\/\/www.simonssearchlight.org\/pt-br\/wp-json\/wp\/v2\/media?parent=45380"}],"curies":[{"name":"wp","href":"https:\/\/api.w.org\/{rel}","templated":true}]}}