{"id":45365,"date":"2020-10-22T14:38:02","date_gmt":"2020-10-22T18:38:02","guid":{"rendered":"https:\/\/www.simonssearchlight.org\/estatuto-do-comite-consultivo-comunitario-simons-searchlight\/"},"modified":"2024-03-21T15:21:09","modified_gmt":"2024-03-21T19:21:09","slug":"estatuto-do-comite-consultivo-comunitario-simons-searchlight","status":"publish","type":"page","link":"https:\/\/www.simonssearchlight.org\/pt-br\/estatuto-do-comite-consultivo-comunitario-simons-searchlight\/","title":{"rendered":"Estatuto do Comit\u00ea Consultivo Comunit\u00e1rio Simons Searchlight"},"content":{"rendered":"<h3 style=\"text-align: center;\"><strong>A miss\u00e3o da Simon Searchlight<\/strong><\/h3>\n<p>A <span class=\"notranslate\">Simons Searchlight<\/span> \u00e9 uma parceria entre os principais cientistas, m\u00e9dicos e fam\u00edlias, determinados a acelerar a ci\u00eancia das altera\u00e7\u00f5es gen\u00e9ticas relacionadas ao autismo e a outros dist\u00farbios do neurodesenvolvimento.<\/p>\n<h3 style=\"text-align: center;\"><strong>Objetivo do Comit\u00ea Consultivo Comunit\u00e1rio<\/strong><\/h3>\n<p>O objetivo do Comit\u00ea Consultivo Comunit\u00e1rio (CAC) \u00e9 aconselhar e orientar as atividades de pesquisa e da comunidade em nome de todos os participantes do <span class=\"notranslate\">Simons Searchlight<\/span> e grupos gen\u00e9ticos.<\/p>\n<h3 style=\"text-align: center;\"><strong>Associa\u00e7\u00e3o<\/strong><\/h3>\n<ul>\n<li style=\"list-style-type: none;\">\n<ul>\n<li>O CAC ter\u00e1 at\u00e9 20 membros.<\/li>\n<li>Os associados devem ter pelo menos 18 anos de idade.<\/li>\n<li>A equipe de estudo do <span class=\"notranslate\">Simons Searchlight<\/span> analisar\u00e1 os membros para garantir que o CAC seja representativo da comunidade do Searchlight.<\/li>\n<li>Os membros ser\u00e3o convidados a servir por mandatos de dois anos e poder\u00e3o se demitir a qualquer momento.<\/li>\n<li>A participa\u00e7\u00e3o dos membros ser\u00e1 revisada anualmente e alguns membros poder\u00e3o ser retirados do conselho, se necess\u00e1rio.<\/li>\n<li>Novos membros podem ser adicionados periodicamente.<\/li>\n<\/ul>\n<\/li>\n<\/ul>\n<p>No momento, os membros devem ser fluentes em ingl\u00eas devido \u00e0 estrutura das chamadas em confer\u00eancia e ao m\u00e9todo de divulga\u00e7\u00e3o de pesquisas e outras informa\u00e7\u00f5es.<\/p>\n<h3 style=\"text-align: center;\"><strong>Responsabilidades<\/strong><\/h3>\n<ul>\n<li>Doar aproximadamente 10 horas por ano para atividades relacionadas ao CAC. Os membros podem escolher entre v\u00e1rias atividades.<\/li>\n<li>Trabalhe com a equipe da <span class=\"notranslate\">Simons Searchlight<\/span> para fornecer feedback sobre a plataforma de registro, ajudar a priorizar e testar pesquisas, participar de grupos de foco on-line, responder a pesquisas e enquetes informais e participar de reuni\u00f5es on-line do CAC.<\/li>\n<li>Compartilhar o resultado das decis\u00f5es do CAC com seu grupo gen\u00e9tico familiar maior, quando aplic\u00e1vel.<\/li>\n<li>A equipe garantir\u00e1 que as atividades sejam planejadas para que os membros possam participar quando e onde for mais conveniente.<\/li>\n<\/ul>\n<h3 style=\"text-align: center;\"><strong>Reuni\u00f5es<\/strong><\/h3>\n<p>Uma teleconfer\u00eancia geral on-line ocorrer\u00e1 pelo menos duas vezes por ano. Essas reuni\u00f5es ser\u00e3o gravadas para aqueles que n\u00e3o puderem comparecer no momento da chamada. A equipe convocar\u00e1 reuni\u00f5es ad hoc com subgrupos do CAC, conforme necess\u00e1rio. A equipe fornecer\u00e1 a todos os membros um relat\u00f3rio anual que inclui informa\u00e7\u00f5es sobre como a sua participa\u00e7\u00e3o no CAC contribuiu para o <span class=\"notranslate\">Simons Searchlight<\/span>.<\/p>\n<h3 style=\"text-align: center;\"><strong>Compensa\u00e7\u00e3o<\/strong><\/h3>\n<p>Os participantes ativos receber\u00e3o um cart\u00e3o-presente como agradecimento durante seu per\u00edodo de servi\u00e7o.<\/p>\n<h3 style=\"text-align: center;\"><strong>Responsabilidade civil<\/strong><\/h3>\n<p>Os membros do CAC n\u00e3o ser\u00e3o responsabilizados por quaisquer a\u00e7\u00f5es tomadas por eles em suas capacidades como membros.<\/p>\n","protected":false},"excerpt":{"rendered":"<p>A miss\u00e3o da Simon Searchlight A Simons Searchlight \u00e9 uma parceria entre os principais cientistas, m\u00e9dicos e fam\u00edlias, determinados a acelerar a ci\u00eancia das altera\u00e7\u00f5es gen\u00e9ticas relacionadas ao autismo e a outros dist\u00farbios do neurodesenvolvimento. Objetivo do Comit\u00ea Consultivo Comunit\u00e1rio O objetivo do Comit\u00ea Consultivo Comunit\u00e1rio (CAC) \u00e9 aconselhar e orientar as atividades de pesquisa [&hellip;]<\/p>\n","protected":false},"author":14,"featured_media":0,"parent":0,"menu_order":0,"comment_status":"closed","ping_status":"closed","template":"","meta":{"_acf_changed":false,"_relevanssi_hide_post":"","_relevanssi_hide_content":"","_relevanssi_pin_for_all":"","_relevanssi_pin_keywords":"","_relevanssi_unpin_keywords":"","_relevanssi_related_keywords":"","_relevanssi_related_include_ids":"","_relevanssi_related_exclude_ids":"","_relevanssi_related_no_append":"","_relevanssi_related_not_related":"","_relevanssi_related_posts":"","_relevanssi_noindex_reason":"","footnotes":""},"acf":[],"_links":{"self":[{"href":"https:\/\/www.simonssearchlight.org\/pt-br\/wp-json\/wp\/v2\/pages\/45365"}],"collection":[{"href":"https:\/\/www.simonssearchlight.org\/pt-br\/wp-json\/wp\/v2\/pages"}],"about":[{"href":"https:\/\/www.simonssearchlight.org\/pt-br\/wp-json\/wp\/v2\/types\/page"}],"author":[{"embeddable":true,"href":"https:\/\/www.simonssearchlight.org\/pt-br\/wp-json\/wp\/v2\/users\/14"}],"replies":[{"embeddable":true,"href":"https:\/\/www.simonssearchlight.org\/pt-br\/wp-json\/wp\/v2\/comments?post=45365"}],"version-history":[{"count":1,"href":"https:\/\/www.simonssearchlight.org\/pt-br\/wp-json\/wp\/v2\/pages\/45365\/revisions"}],"predecessor-version":[{"id":45366,"href":"https:\/\/www.simonssearchlight.org\/pt-br\/wp-json\/wp\/v2\/pages\/45365\/revisions\/45366"}],"wp:attachment":[{"href":"https:\/\/www.simonssearchlight.org\/pt-br\/wp-json\/wp\/v2\/media?parent=45365"}],"curies":[{"name":"wp","href":"https:\/\/api.w.org\/{rel}","templated":true}]}}