{"id":45302,"date":"2021-08-26T11:02:48","date_gmt":"2021-08-26T15:02:48","guid":{"rendered":"https:\/\/www.simonssearchlight.org\/recapitulacao-da-conferencia-virtual-de-2021\/"},"modified":"2024-03-21T15:21:03","modified_gmt":"2024-03-21T19:21:03","slug":"recapitulacao-da-conferencia-virtual-de-2021","status":"publish","type":"page","link":"https:\/\/www.simonssearchlight.org\/pt-br\/recapitulacao-da-conferencia-virtual-de-2021\/","title":{"rendered":"Recapitula\u00e7\u00e3o da Confer\u00eancia Virtual de 2021"},"content":{"rendered":"<p><span style=\"font-weight: 400;\">Agradecemos sua participa\u00e7\u00e3o na <\/span><b>Confer\u00eancia Virtual de Pesquisa e Fam\u00edlia <span class=\"notranslate\">Simons Searchlight<\/span> 2021<\/b><span style=\"font-weight: 400;\">. Esperamos que as informa\u00e7\u00f5es obtidas ao longo dos dias tenham sido de valor e interesse para voc\u00ea e sua fam\u00edlia. Veja abaixo algumas informa\u00e7\u00f5es \u00fateis p\u00f3s-confer\u00eancia.<\/span><\/p>\n<h4><strong>Apresenta\u00e7\u00f5es de confer\u00eancias e v\u00eddeos<\/strong><\/h4>\n<p><span style=\"font-weight: 400;\">Se voc\u00ea perdeu a confer\u00eancia ou uma sess\u00e3o, ou se quiser assistir novamente \u00e0s apresenta\u00e7\u00f5es, fizemos o upload de todos os v\u00eddeos da confer\u00eancia em nossa<\/span><a href=\"https:\/\/youtube.com\/playlist?list=PLCCQtjvUGWRJLspd5K67K4ZqldXPmVHoD\"> <span style=\"font-weight: 400;\">p\u00e1gina do YouTube<\/span><\/a><span style=\"font-weight: 400;\">. A lista de reprodu\u00e7\u00e3o completa est\u00e1 abaixo.<\/span><\/p>\n<iframe loading=\"lazy\" title=\"Reprodutor de v\u00eddeo do YouTube\" src=\"https:\/\/www.youtube.com\/embed\/videoseries?list=PLCCQtjvUGWRJLspd5K67K4ZqldXPmVHoD\" width=\"560\" height=\"315\" frameborder=\"0\" allowfullscreen=\"allowfullscreen\"><\/iframe><\/p>\n<h4><strong>Pesquisa da confer\u00eancia<\/strong><\/h4>\n<p><span style=\"font-weight: 400;\">N\u00f3s o convidamos a<\/span> <a href=\"https:\/\/bit.ly\/ConferenceFeedbackSurvey\"><br \/>\n  <span style=\"font-weight: 400;\">enviar esta breve pesquisa<\/span><br \/>\n<\/a><span style=\"font-weight: 400;\"> para compartilhar seus coment\u00e1rios sobre sua experi\u00eancia na confer\u00eancia.<\/span><\/p>\n<h4><strong>Documento: Brainstorm interativo liderado pelos pais sobre o que est\u00e1 funcionando para o desenvolvimento de seu filho<\/strong><\/h4>\n<p>Este <a href=\"https:\/\/docs.google.com\/document\/d\/e\/2PACX-1vT0kraHnghYGZmZJGAa7At78bXRoWvWgbTVpEguw0QW43y4ZWk6cNNsXRcTgSnb-E3fAyfuNHWQm2HU\/pub\">documento \u00e9 uma cole\u00e7\u00e3o de recursos, ideias e ferramentas compartilhadas pelas fam\u00edlias<\/a>. Este documento n\u00e3o tem o objetivo de substituir a orienta\u00e7\u00e3o m\u00e9dica. A <span class=\"notranslate\">Simons Searchlight<\/span> n\u00e3o endossa as sugest\u00f5es feitas durante esta sess\u00e3o interativa de brainstorming. Sempre consulte seu m\u00e9dico sobre sua condi\u00e7\u00e3o gen\u00e9tica e suas op\u00e7\u00f5es de cuidados com a sa\u00fade. As sugest\u00f5es encontradas aqui s\u00e3o de pais e cuidadores sobre o que funcionou para eles em v\u00e1rios t\u00f3picos.<\/p>\n<h4><strong>Perguntas restantes das palestras de perguntas e respostas<\/strong><\/h4>\n<p><span style=\"font-weight: 400;\">Entendemos que nem todas as perguntas foram respondidas durante as conversas de perguntas e respostas. Criamos este <a href=\"https:\/\/docs.google.com\/document\/d\/e\/2PACX-1vTbA4ouVkPw7VvHi-hrgc1ngaMBYx2OYTtTqR88h8mH1ncLDEGPRmq1QC7-y4bZiJOwrHUPMhL3DTKY\/pub\"> documento &#8220;Perguntas n\u00e3o respondidas das palestras de perguntas e respostas&#8221;<\/a> que lista o nome da sess\u00e3o, as perguntas e as respostas. Esperamos que este seja um recurso \u00fatil.<\/span><\/p>\n<h4><strong>Cabine fotogr\u00e1fica virtual da confer\u00eancia<\/strong><\/h4>\n<p><a href=\"https:\/\/www.simonssearchlight.org\/pt-br\/recapitulacao-da-conferencia-virtual-de-2021\/thank-you-3\/\" rel=\"attachment wp-att-11056\"><img loading=\"lazy\" decoding=\"async\" class=\"alignnone wp-image-11056 size-large\" src=\"https:\/\/cdn.simonssearchlight.org\/wp-content\/uploads\/2021\/08\/26070459\/Thank-you-3-1024x819.png\" alt=\"\" width=\"1024\" height=\"819\" srcset=\"https:\/\/cdn.simonssearchlight.org\/wp-content\/uploads\/2021\/08\/26070459\/Thank-you-3-1024x819.png 1024w, https:\/\/cdn.simonssearchlight.org\/wp-content\/uploads\/2021\/08\/26070459\/Thank-you-3-300x240.png 300w, https:\/\/cdn.simonssearchlight.org\/wp-content\/uploads\/2021\/08\/26070459\/Thank-you-3-768x614.png 768w, https:\/\/cdn.simonssearchlight.org\/wp-content\/uploads\/2021\/08\/26070459\/Thank-you-3.png 2000w\" sizes=\"(max-width: 1024px) 100vw, 1024px\" \/><\/a><\/p>\n<p><a href=\"https:\/\/www.simonssearchlight.org\/pt-br\/recapitulacao-da-conferencia-virtual-de-2021\/thank-you-4\/\" rel=\"attachment wp-att-11058\"><img loading=\"lazy\" decoding=\"async\" class=\"alignnone size-large wp-image-11058\" src=\"https:\/\/cdn.simonssearchlight.org\/wp-content\/uploads\/2021\/08\/26070656\/Thank-you-4-1024x819.png\" alt=\"\" width=\"1024\" height=\"819\" srcset=\"https:\/\/cdn.simonssearchlight.org\/wp-content\/uploads\/2021\/08\/26070656\/Thank-you-4-1024x819.png 1024w, https:\/\/cdn.simonssearchlight.org\/wp-content\/uploads\/2021\/08\/26070656\/Thank-you-4-300x240.png 300w, https:\/\/cdn.simonssearchlight.org\/wp-content\/uploads\/2021\/08\/26070656\/Thank-you-4-768x614.png 768w, https:\/\/cdn.simonssearchlight.org\/wp-content\/uploads\/2021\/08\/26070656\/Thank-you-4.png 2000w\" sizes=\"(max-width: 1024px) 100vw, 1024px\" \/><\/a><\/p>\n","protected":false},"excerpt":{"rendered":"<p>Agradecemos sua participa\u00e7\u00e3o na Confer\u00eancia Virtual de Pesquisa e Fam\u00edlia Simons Searchlight 2021. Esperamos que as informa\u00e7\u00f5es obtidas ao longo dos dias tenham sido de valor e interesse para voc\u00ea e sua fam\u00edlia. Veja abaixo algumas informa\u00e7\u00f5es \u00fateis p\u00f3s-confer\u00eancia. Apresenta\u00e7\u00f5es de confer\u00eancias e v\u00eddeos Se voc\u00ea perdeu a confer\u00eancia ou uma sess\u00e3o, ou se quiser [&hellip;]<\/p>\n","protected":false},"author":18,"featured_media":0,"parent":0,"menu_order":0,"comment_status":"closed","ping_status":"closed","template":"","meta":{"_acf_changed":false,"_relevanssi_hide_post":"","_relevanssi_hide_content":"","_relevanssi_pin_for_all":"","_relevanssi_pin_keywords":"","_relevanssi_unpin_keywords":"","_relevanssi_related_keywords":"","_relevanssi_related_include_ids":"","_relevanssi_related_exclude_ids":"","_relevanssi_related_no_append":"","_relevanssi_related_not_related":"","_relevanssi_related_posts":"","_relevanssi_noindex_reason":"","footnotes":""},"acf":[],"_links":{"self":[{"href":"https:\/\/www.simonssearchlight.org\/pt-br\/wp-json\/wp\/v2\/pages\/45302"}],"collection":[{"href":"https:\/\/www.simonssearchlight.org\/pt-br\/wp-json\/wp\/v2\/pages"}],"about":[{"href":"https:\/\/www.simonssearchlight.org\/pt-br\/wp-json\/wp\/v2\/types\/page"}],"author":[{"embeddable":true,"href":"https:\/\/www.simonssearchlight.org\/pt-br\/wp-json\/wp\/v2\/users\/18"}],"replies":[{"embeddable":true,"href":"https:\/\/www.simonssearchlight.org\/pt-br\/wp-json\/wp\/v2\/comments?post=45302"}],"version-history":[{"count":1,"href":"https:\/\/www.simonssearchlight.org\/pt-br\/wp-json\/wp\/v2\/pages\/45302\/revisions"}],"predecessor-version":[{"id":45307,"href":"https:\/\/www.simonssearchlight.org\/pt-br\/wp-json\/wp\/v2\/pages\/45302\/revisions\/45307"}],"wp:attachment":[{"href":"https:\/\/www.simonssearchlight.org\/pt-br\/wp-json\/wp\/v2\/media?parent=45302"}],"curies":[{"name":"wp","href":"https:\/\/api.w.org\/{rel}","templated":true}]}}