{"id":45301,"date":"2020-04-01T14:46:12","date_gmt":"2020-04-01T18:46:12","guid":{"rendered":"https:\/\/www.simonssearchlight.org\/suporte-ao-cuidador\/"},"modified":"2025-11-05T14:23:03","modified_gmt":"2025-11-05T19:23:03","slug":"suporte-ao-cuidador","status":"publish","type":"page","link":"https:\/\/www.simonssearchlight.org\/pt-br\/suporte-ao-cuidador\/","title":{"rendered":"Suporte ao cuidador"},"content":{"rendered":"<p>Em alguns lugares, as escolas podem ainda n\u00e3o estar completamente abertas e acompanhar a educa\u00e7\u00e3o de crian\u00e7as com necessidades especiais pode ser assustador. Os pais est\u00e3o tentando descobrir como equilibrar trabalho, ensino, supervis\u00e3o e terapias para seus filhos. Para os cuidadores, aqui est\u00e3o algumas dicas \u00fateis.<\/p>\n<ul>\n<li>Crie uma rotina ou cronograma. Voc\u00ea pode pedir ajuda \u00e0 escola de seus filhos para criar um cronograma com base no dia t\u00edpico de aula deles.<\/li>\n<li>Use imagens para ajudar a explicar a programa\u00e7\u00e3o. As programa\u00e7\u00f5es visuais podem ajudar as crian\u00e7as a saber o que esperar e podem ser \u00fateis para crian\u00e7as que t\u00eam dificuldade em entender as instru\u00e7\u00f5es verbais.<\/li>\n<li>Seja flex\u00edvel.<\/li>\n<li>Cuide de voc\u00ea.<\/li>\n<\/ul>\n<p><strong>Veja nossa entrevista com uma terapeuta ocupacional e m\u00e3e de <span class=\"notranslate\">Simons Searchlight<\/span> sobre como ela est\u00e1 lidando com as terapias de seu filho em casa.<\/strong><\/p>\n<p style=\"text-align: center;\"><iframe loading=\"lazy\" src=\"https:\/\/www.youtube.com\/embed\/_FHzLZGXuK0\" width=\"560\" height=\"315\" frameborder=\"0\" allowfullscreen=\"allowfullscreen\"><\/iframe><\/p>\n<p>Abaixo est\u00e3o v\u00e1rios sites com atividades voltadas para o desenvolvimento infantil.<\/p>\n<p>O <a href=\"https:\/\/nam05.safelinks.protection.outlook.com\/?url=https%3A%2F%2Fpathways.org%2F&amp;data=02%7C01%7Cshsmith1%40geisinger.edu%7C82785fb321784c76663908d7f82b5671%7C37d46c567c664402a16055c2313b910d%7C0%7C0%7C637250737345055469&amp;sdata=CP4OoOLvixmYAZjrJn5sqJUTj6kzOVJdMlJ08k5qjHU%3D&amp;reserved=0\">Pathways<\/a> \u00e9 um recurso para os pais que ajuda a descrever os est\u00e1gios de desenvolvimento das crian\u00e7as e lista jogos, v\u00eddeos e outros recursos com base nas diferentes habilidades de seu filho.<\/p>\n<p>O <a href=\"https:\/\/nam05.safelinks.protection.outlook.com\/?url=https%3A%2F%2Fotplan.com%2Factivities%2F&amp;data=02%7C01%7Cshsmith1%40geisinger.edu%7C82785fb321784c76663908d7f82b5671%7C37d46c567c664402a16055c2313b910d%7C0%7C0%7C637250737345065464&amp;sdata=YL0ZPRZOq9RWKS%2FzrXLZJssPWozeoS%2F6SuF%2BsTvmISE%3D&amp;reserved=0\">OT Plan<\/a> tem ideias de terapia ocupacional que podem ser feitas em casa.<\/p>\n<p>A <a href=\"https:\/\/nam05.safelinks.protection.outlook.com\/?url=https%3A%2F%2Fteisinc.com%2F30-days-activities-infants-toddlers%2F&amp;data=02%7C01%7Cshsmith1%40geisinger.edu%7C82785fb321784c76663908d7f82b5671%7C37d46c567c664402a16055c2313b910d%7C0%7C0%7C637250737345065464&amp;sdata=YlTV6tgprsY6OdwxicRhY563HZ7yL%2F9jma43w%2FtRsPM%3D&amp;reserved=0\">TEIS Early Intervention<\/a> e a <a href=\"https:\/\/nam05.safelinks.protection.outlook.com\/?url=https%3A%2F%2Fwww.vroom.org%2F&amp;data=02%7C01%7Cshsmith1%40geisinger.edu%7C82785fb321784c76663908d7f82b5671%7C37d46c567c664402a16055c2313b910d%7C0%7C0%7C637250737345075460&amp;sdata=D3uom3gdPx3xul9LwuiFXJHNfJLe9cmMcFzVkZRPY6g%3D&amp;reserved=0\">Vroom<\/a> t\u00eam atividades que as crian\u00e7as podem realizar para ajudar a desenvolver diferentes habilidades em casa.<\/p>\n<p><a href=\"https:\/\/nam05.safelinks.protection.outlook.com\/?url=https%3A%2F%2Ffamily.gonoodle.com%2F&amp;data=02%7C01%7Cshsmith1%40geisinger.edu%7C82785fb321784c76663908d7f82b5671%7C37d46c567c664402a16055c2313b910d%7C0%7C0%7C637250737345075460&amp;sdata=3hs%2FQnf3FiBiusHVFlGpego2V2TInnnHlADUijEPj8E%3D&amp;reserved=0\">O Go Noodle<\/a> tem uma cole\u00e7\u00e3o de v\u00eddeos de movimento e aten\u00e7\u00e3o plena voltados para crian\u00e7as e criados por especialistas em desenvolvimento infantil.<\/p>\n<p>&nbsp;<\/p>\n<p><strong>Assista ao nosso breve webinar sobre programa\u00e7\u00f5es visuais e como isso pode ajudar seu filho a organizar o dia em casa.<\/strong><\/p>\n<p style=\"text-align: center;\"><iframe loading=\"lazy\" src=\"https:\/\/www.youtube.com\/embed\/nAWjyK2ddB4\" width=\"560\" height=\"315\" frameborder=\"0\" allowfullscreen=\"allowfullscreen\"><\/iframe><\/p>\n<p>Clique <a href=\"https:\/\/do2learn.com\/picturecards\/howtouse\/story.htm\">aqui<\/a> para obter mais informa\u00e7\u00f5es sobre como uma programa\u00e7\u00e3o visual pode ajudar na comunica\u00e7\u00e3o entre voc\u00ea e seu filho, como voc\u00ea pode fazer tiras de hist\u00f3rias para seu filho e ajud\u00e1-lo na comunica\u00e7\u00e3o rec\u00edproca.<\/p>\n<h2 style=\"text-align: center;\">Recursos \u00fateis<\/h2>\n<div class=\"simons-accordion-wrap\"><div class=\"acc-item\"><div class=\"acc-top\"><span class=\"acc-icon\">+<\/span><p>Suporte geral<\/p>\n<\/div><div class=\"acc-bottom\"><p><a href=\"https:\/\/afirm.fpg.unc.edu\/node\/137\" target=\"_blank\" rel=\"noopener\">AFIRM<\/a> ou Autism Focused Intervention Resources &#038; Modules (Recursos e M\u00f3dulos de Interven\u00e7\u00e3o Focada no Autismo)<br \/>\nAFIRM tem estrat\u00e9gias para apoiar pessoas com autismo em momentos de incerteza.<\/p>\n<p><a href=\"https:\/\/www.semel.ucla.edu\/autism\/covid-19-information?fbclid=IwAR1T-IKtBuMXcbpsR-426_3p_sXK8eP5ch-5iZf-0ab2vhry7jMqud_Rw2I\">CART<\/a> ou Center for Autism Research &#038; Treatment<br \/>\nO CART mant\u00e9m uma ampla lista de recursos atualizados, incluindo t\u00f3picos como sa\u00fade mental e gerenciamento do tempo livre da crian\u00e7a.<\/p>\n<p><a href=\"https:\/\/www.cdc.gov\/coronavirus\/2019-ncov\/index.html\">CDC<\/a> ou Centers for Disease Control and Prevention (Centros de Controle e Preven\u00e7\u00e3o de Doen\u00e7as)<br \/>\nO CDC fornece diretrizes para indiv\u00edduos em risco com base nas informa\u00e7\u00f5es dispon\u00edveis no momento e as atualizar\u00e1 \u00e0 medida que receber novas informa\u00e7\u00f5es.<\/p>\n<p><a href=\"https:\/\/www.epilepsy.com\/article\/2020\/3\/concerns-about-covid-19-coronavirus-and-epilepsy\">Epilepsy Foundation<\/a><br \/>\nA Epilepsy Foundation atualiza continuamente as informa\u00e7\u00f5es sobre a contrata\u00e7\u00e3o da COVID-19 para pessoas que t\u00eam epilepsia.<\/p>\n<p><a href=\"https:\/\/www.rarechromo.org\/covid19update\">Unique<\/a><br \/>\nUnique oferece orienta\u00e7\u00e3o para pessoas com doen\u00e7as gen\u00e9ticas raras relacionadas \u00e0 COVID-19.<\/p>\n<\/div><div class=\"clear\"><\/div><\/div><div class=\"acc-item\"><div class=\"acc-top\"><span class=\"acc-icon\">+<\/span><p>Suporte psicol\u00f3gico<\/p>\n<\/div><div class=\"acc-bottom\"><p><a href=\"https:\/\/childmind.org\/coping-during-covid-19-resources-for-parents\/\">Child Mind Institute<\/a><br \/>\nO Child Mind Institute est\u00e1 ajudando a n\u00f3s e a nossos filhos a lidar com a COVID-19, oferecendo bate-papos por v\u00eddeo no Facebook Live com m\u00e9dicos especialistas todos os dias \u00e0s 10h e \u00e0s 16h30min. EST.<\/p>\n<p><a href=\"https:\/\/mhanational.org\/covid19?fbclid=IwAR1D2CHtzjf7b5JVnnI5azTMqK1mYydB6d4W4nB06yW9wdHDD-O_frNcPR4\">Mental Health America<\/a><br \/>\nA sa\u00fade mental durante esse per\u00edodo \u00e9 t\u00e3o importante quanto a nossa sa\u00fade f\u00edsica. Visite a Mental Health America para obter recursos que podem ajudar, incluindo linhas de apoio que podem oferecer suporte imediato \u00e0 sa\u00fade mental.<\/p>\n<\/div><div class=\"clear\"><\/div><\/div><div class=\"acc-item\"><div class=\"acc-top\"><span class=\"acc-icon\">+<\/span><p>Suporte educacional<\/p>\n<\/div><div class=\"acc-bottom\"><p><a href=\"http:\/\/info.stageslearning.com\/covid-19_emergency_autism_education_curriculum\">Recursos do Stages Learning<\/a><br \/>\nO Stages Learning est\u00e1 oferecendo o Kit de Recursos ARIS do Language Builder GRATUITAMENTE. Esse kit inclui li\u00e7\u00f5es, materiais, folhas de atividades, folhas de controle de dados, ferramentas de gerenciamento de comportamento e uma vis\u00e3o geral b\u00e1sica de como usar o sistema.<\/p>\n<\/div><div class=\"clear\"><\/div><\/div><div class=\"clear\"><\/div><\/div>\n","protected":false},"excerpt":{"rendered":"<p>Em alguns lugares, as escolas podem ainda n\u00e3o estar completamente abertas e acompanhar a educa\u00e7\u00e3o de crian\u00e7as com necessidades especiais pode ser assustador. Os pais est\u00e3o tentando descobrir como equilibrar trabalho, ensino, supervis\u00e3o e terapias para seus filhos. Para os cuidadores, aqui est\u00e3o algumas dicas \u00fateis. Crie uma rotina ou cronograma. Voc\u00ea pode pedir ajuda [&hellip;]<\/p>\n","protected":false},"author":6,"featured_media":0,"parent":0,"menu_order":0,"comment_status":"closed","ping_status":"closed","template":"","meta":{"_acf_changed":false,"_relevanssi_hide_post":"","_relevanssi_hide_content":"","_relevanssi_pin_for_all":"","_relevanssi_pin_keywords":"","_relevanssi_unpin_keywords":"","_relevanssi_related_keywords":"","_relevanssi_related_include_ids":"","_relevanssi_related_exclude_ids":"","_relevanssi_related_no_append":"","_relevanssi_related_not_related":"","_relevanssi_related_posts":"","_relevanssi_noindex_reason":"","footnotes":""},"acf":[],"_links":{"self":[{"href":"https:\/\/www.simonssearchlight.org\/pt-br\/wp-json\/wp\/v2\/pages\/45301"}],"collection":[{"href":"https:\/\/www.simonssearchlight.org\/pt-br\/wp-json\/wp\/v2\/pages"}],"about":[{"href":"https:\/\/www.simonssearchlight.org\/pt-br\/wp-json\/wp\/v2\/types\/page"}],"author":[{"embeddable":true,"href":"https:\/\/www.simonssearchlight.org\/pt-br\/wp-json\/wp\/v2\/users\/6"}],"replies":[{"embeddable":true,"href":"https:\/\/www.simonssearchlight.org\/pt-br\/wp-json\/wp\/v2\/comments?post=45301"}],"version-history":[{"count":1,"href":"https:\/\/www.simonssearchlight.org\/pt-br\/wp-json\/wp\/v2\/pages\/45301\/revisions"}],"predecessor-version":[{"id":45305,"href":"https:\/\/www.simonssearchlight.org\/pt-br\/wp-json\/wp\/v2\/pages\/45301\/revisions\/45305"}],"wp:attachment":[{"href":"https:\/\/www.simonssearchlight.org\/pt-br\/wp-json\/wp\/v2\/media?parent=45301"}],"curies":[{"name":"wp","href":"https:\/\/api.w.org\/{rel}","templated":true}]}}