{"id":44851,"date":"2023-06-01T06:43:06","date_gmt":"2023-06-01T10:43:06","guid":{"rendered":"https:\/\/www.simonssearchlight.org\/processo-de-pesquisa\/disturbios-geneticos-que-estudamos\/hnrnpr\/"},"modified":"2025-11-05T14:59:23","modified_gmt":"2025-11-05T19:59:23","slug":"hnrnpr","status":"publish","type":"page","link":"https:\/\/www.simonssearchlight.org\/pt-br\/processo-de-pesquisa\/disturbios-geneticos-que-estudamos\/hnrnpr\/","title":{"rendered":"HNRNPR"},"content":{"rendered":"<p><span style=\"font-weight: 400;\">As informa\u00e7\u00f5es para este resumo da <\/span><strong>S\u00edndrome relacionada \u00e0 HNRNPR<\/strong><span style=\"font-weight: 400;\">  vem de publica\u00e7\u00f5es de pesquisa. N\u00e3o se trata de substituir a orienta\u00e7\u00e3o m\u00e9dica. <\/span><\/p>\n<p><a href=\"https:\/\/www.simonssearchlight.org\/pt-br\/gene-guide\/sindrome-relacionada-a-hnrnpr\/\" target=\"_blank\" rel=\"noopener\"><strong>Clique aqui para ver nosso guia completo do gene HNRNPR<\/strong><\/a><\/p>\n<p>O Gene Guide on-line inclui mais informa\u00e7\u00f5es sobre a <span class=\"notranslate\">HNRNPR<\/span>, como a chance de voc\u00ea ter outro filho com essa condi\u00e7\u00e3o, problemas de comportamento e desenvolvimento ligados \u00e0 s\u00edndrome <span class=\"notranslate\">relacionada \u00e0 HNRNPR<\/span> ou especialistas a serem considerados por pessoas com essa condi\u00e7\u00e3o. Compartilhe este recurso com os membros da fam\u00edlia ou com seus provedores cl\u00ednicos.<\/p>\n<p><strong>S\u00edndrome relacionada \u00e0 HNRNPR<\/strong><span style=\"font-weight: 400;\"> tamb\u00e9m \u00e9 chamada de <\/span><strong>dist\u00farbio do neurodesenvolvimento com f\u00e1cies dism\u00f3rficas e anormalidades esquel\u00e9ticas e cerebrais<\/strong><span style=\"font-weight: 400;\">.<\/span> <span style=\"font-weight: 400;\">Para esta p\u00e1gina da Web, usaremos o nome <\/span><strong>s\u00edndrome relacionada \u00e0 HNRNPR<\/strong> <span style=\"font-weight: 400;\">para abranger a ampla gama de variantes observadas nas pessoas identificadas.<\/span><\/p>\n","protected":false},"excerpt":{"rendered":"<p>As informa\u00e7\u00f5es para este resumo da S\u00edndrome relacionada \u00e0 HNRNPR vem de publica\u00e7\u00f5es de pesquisa. N\u00e3o se trata de substituir a orienta\u00e7\u00e3o m\u00e9dica. Clique aqui para ver nosso guia completo do gene HNRNPR O Gene Guide on-line inclui mais informa\u00e7\u00f5es sobre a HNRNPR, como a chance de voc\u00ea ter outro filho com essa condi\u00e7\u00e3o, problemas [&hellip;]<\/p>\n","protected":false},"author":14,"featured_media":0,"parent":43355,"menu_order":0,"comment_status":"closed","ping_status":"closed","template":"page-gene-card.php","meta":{"_acf_changed":false,"_relevanssi_hide_post":"","_relevanssi_hide_content":"","_relevanssi_pin_for_all":"","_relevanssi_pin_keywords":"","_relevanssi_unpin_keywords":"","_relevanssi_related_keywords":"","_relevanssi_related_include_ids":"","_relevanssi_related_exclude_ids":"","_relevanssi_related_no_append":"","_relevanssi_related_not_related":"","_relevanssi_related_posts":"","_relevanssi_noindex_reason":"","footnotes":""},"acf":[],"_links":{"self":[{"href":"https:\/\/www.simonssearchlight.org\/pt-br\/wp-json\/wp\/v2\/pages\/44851"}],"collection":[{"href":"https:\/\/www.simonssearchlight.org\/pt-br\/wp-json\/wp\/v2\/pages"}],"about":[{"href":"https:\/\/www.simonssearchlight.org\/pt-br\/wp-json\/wp\/v2\/types\/page"}],"author":[{"embeddable":true,"href":"https:\/\/www.simonssearchlight.org\/pt-br\/wp-json\/wp\/v2\/users\/14"}],"replies":[{"embeddable":true,"href":"https:\/\/www.simonssearchlight.org\/pt-br\/wp-json\/wp\/v2\/comments?post=44851"}],"version-history":[{"count":2,"href":"https:\/\/www.simonssearchlight.org\/pt-br\/wp-json\/wp\/v2\/pages\/44851\/revisions"}],"predecessor-version":[{"id":65162,"href":"https:\/\/www.simonssearchlight.org\/pt-br\/wp-json\/wp\/v2\/pages\/44851\/revisions\/65162"}],"up":[{"embeddable":true,"href":"https:\/\/www.simonssearchlight.org\/pt-br\/wp-json\/wp\/v2\/pages\/43355"}],"wp:attachment":[{"href":"https:\/\/www.simonssearchlight.org\/pt-br\/wp-json\/wp\/v2\/media?parent=44851"}],"curies":[{"name":"wp","href":"https:\/\/api.w.org\/{rel}","templated":true}]}}