{"id":44823,"date":"2022-12-20T15:50:18","date_gmt":"2022-12-20T20:50:18","guid":{"rendered":"https:\/\/www.simonssearchlight.org\/faca-seu-holofote-brilhar-%e2%9c%a8-campanha-de-divulgacao\/"},"modified":"2025-11-05T15:07:26","modified_gmt":"2025-11-05T20:07:26","slug":"faca-seu-holofote-brilhar-%e2%9c%a8-campanha-de-divulgacao","status":"publish","type":"page","link":"https:\/\/www.simonssearchlight.org\/pt-br\/faca-seu-holofote-brilhar-%e2%9c%a8-campanha-de-divulgacao\/","title":{"rendered":"Fa\u00e7a seu holofote brilhar \u2728 Campanha de divulga\u00e7\u00e3o"},"content":{"rendered":"<p>&nbsp;<\/p>\n<p><span style=\"font-weight: 400;\">A equipe do <span class=\"notranslate\">Simons Searchlight<\/span> lan\u00e7ou um novo e empolgante projeto de divulga\u00e7\u00e3o colaborativa chamado <\/span><b>Shine Your Searchlight\u2728.<\/b> <span style=\"font-weight: 400;\">Com a ajuda do nosso Comit\u00ea Consultivo da Comunidade, desenvolvemos uma s\u00e9rie de infogr\u00e1ficos destinados a apoiar nossas comunidades de defesa de pacientes com esfor\u00e7os de recrutamento e envolvimento no <span class=\"notranslate\">Simons Searchlight<\/span>. <\/span> <\/p>\n<style>\n.iframe-container {overflow: hidden;padding-top: 129%;position: relative;} .iframe-container iframe {position: absolute;top: 0;left: 0;border: 0;width: 100%;height: 100%;}<\/style>\n<div class=\"iframe-container\"><iframe src=\"https:\/\/cdn.simonssearchlight.org\/wp-content\/uploads\/2024\/02\/08041634\/Internal-Use-Only_ShineYourSearchlight-Campaign-PAG-Infographics-English-Spanish-Dutch-and-French.pdf#toolbar=0&amp;navpanes=0&amp;scrollbar=0\"><\/iframe><\/div>\n","protected":false},"excerpt":{"rendered":"<p>&nbsp; A equipe do Simons Searchlight lan\u00e7ou um novo e empolgante projeto de divulga\u00e7\u00e3o colaborativa chamado Shine Your Searchlight\u2728. Com a ajuda do nosso Comit\u00ea Consultivo da Comunidade, desenvolvemos uma s\u00e9rie de infogr\u00e1ficos destinados a apoiar nossas comunidades de defesa de pacientes com esfor\u00e7os de recrutamento e envolvimento no Simons Searchlight.<\/p>\n","protected":false},"author":18,"featured_media":0,"parent":0,"menu_order":0,"comment_status":"closed","ping_status":"closed","template":"","meta":{"_acf_changed":false,"_relevanssi_hide_post":"","_relevanssi_hide_content":"","_relevanssi_pin_for_all":"","_relevanssi_pin_keywords":"","_relevanssi_unpin_keywords":"","_relevanssi_related_keywords":"","_relevanssi_related_include_ids":"","_relevanssi_related_exclude_ids":"","_relevanssi_related_no_append":"","_relevanssi_related_not_related":"","_relevanssi_related_posts":"","_relevanssi_noindex_reason":"","footnotes":""},"acf":[],"_links":{"self":[{"href":"https:\/\/www.simonssearchlight.org\/pt-br\/wp-json\/wp\/v2\/pages\/44823"}],"collection":[{"href":"https:\/\/www.simonssearchlight.org\/pt-br\/wp-json\/wp\/v2\/pages"}],"about":[{"href":"https:\/\/www.simonssearchlight.org\/pt-br\/wp-json\/wp\/v2\/types\/page"}],"author":[{"embeddable":true,"href":"https:\/\/www.simonssearchlight.org\/pt-br\/wp-json\/wp\/v2\/users\/18"}],"replies":[{"embeddable":true,"href":"https:\/\/www.simonssearchlight.org\/pt-br\/wp-json\/wp\/v2\/comments?post=44823"}],"version-history":[{"count":1,"href":"https:\/\/www.simonssearchlight.org\/pt-br\/wp-json\/wp\/v2\/pages\/44823\/revisions"}],"predecessor-version":[{"id":44831,"href":"https:\/\/www.simonssearchlight.org\/pt-br\/wp-json\/wp\/v2\/pages\/44823\/revisions\/44831"}],"wp:attachment":[{"href":"https:\/\/www.simonssearchlight.org\/pt-br\/wp-json\/wp\/v2\/media?parent=44823"}],"curies":[{"name":"wp","href":"https:\/\/api.w.org\/{rel}","templated":true}]}}