{"id":44762,"date":"2021-08-25T14:38:06","date_gmt":"2021-08-25T18:38:06","guid":{"rendered":"https:\/\/www.simonssearchlight.org\/declaracao-da-vacina-contra-a-covid-19\/"},"modified":"2024-03-21T15:19:54","modified_gmt":"2024-03-21T19:19:54","slug":"declaracao-da-vacina-contra-a-covid-19","status":"publish","type":"page","link":"https:\/\/www.simonssearchlight.org\/pt-br\/declaracao-da-vacina-contra-a-covid-19\/","title":{"rendered":"Declara\u00e7\u00e3o da vacina contra a COVID-19"},"content":{"rendered":"<p><style> li > ul { margin: 0 0 0 25px; } <\/style>\n<\/p>\n<p>Wendy Chung, M.D., Ph.D., pesquisadora principal da <span class=\"notranslate\">Simons Searchlight<\/span><br \/><strong><em>Data de publica\u00e7\u00e3o: 26 de agosto de 2021<br \/>Revisado: 3 de dezembro de 2021<\/em><\/strong><\/p>\n<p><a href=\"https:\/\/www.simonssearchlight.org\/?attachment_id=11045\" rel=\"attachment wp-att-58\"><img loading=\"lazy\" decoding=\"async\" class=\"wp-image-11045 aligncenter\" src=\"https:\/\/cdn.simonssearchlight.org\/wp-content\/uploads\/2021\/08\/25095837\/Screen-Shot-2021-08-25-at-1.49.52-PM-1024x573.png\" alt=\"\" width=\"518\" height=\"290\" srcset=\"https:\/\/cdn.simonssearchlight.org\/wp-content\/uploads\/2021\/08\/25095837\/Screen-Shot-2021-08-25-at-1.49.52-PM-1024x573.png 1024w, https:\/\/cdn.simonssearchlight.org\/wp-content\/uploads\/2021\/08\/25095837\/Screen-Shot-2021-08-25-at-1.49.52-PM-300x168.png 300w, https:\/\/cdn.simonssearchlight.org\/wp-content\/uploads\/2021\/08\/25095837\/Screen-Shot-2021-08-25-at-1.49.52-PM-768x429.png 768w, https:\/\/cdn.simonssearchlight.org\/wp-content\/uploads\/2021\/08\/25095837\/Screen-Shot-2021-08-25-at-1.49.52-PM.png 1756w\" sizes=\"(max-width: 518px) 100vw, 518px\" \/><\/a><\/p>\n<p><span style=\"font-weight: 400;\">Como a COVID-19 continua a se espalhar pelo mundo, \u00e9 importante manter-se informado sobre as informa\u00e7\u00f5es e recomenda\u00e7\u00f5es atualizadas.<\/span><\/p>\n<p><strong>N\u00e3o se constatou que pessoas com dist\u00farbios raros de neurodesenvolvimento apresentem mais efeitos colaterais das vacinas contra a COVID-19 do que a popula\u00e7\u00e3o em geral.<\/strong><\/p>\n<p><span style=\"font-weight: 400;\">As vacinas contra a COVID-19 s\u00e3o seguras e eficazes na preven\u00e7\u00e3o da COVID-19 e de doen\u00e7as graves associadas. A vacina\u00e7\u00e3o ajuda a evitar doen\u00e7as graves com a infec\u00e7\u00e3o, reduz a dissemina\u00e7\u00e3o do v\u00edrus e protege os membros da fam\u00edlia e da comunidade, incluindo aqueles que n\u00e3o se qualificam para a vacina\u00e7\u00e3o e aqueles que t\u00eam um risco maior de ficar muito doentes se forem infectados. No momento, os benef\u00edcios da vacina\u00e7\u00e3o para reduzir a gravidade da infec\u00e7\u00e3o por COVID-19 superam os pequenos riscos associados \u00e0 vacina\u00e7\u00e3o.<\/span><\/p>\n<p><span style=\"font-weight: 400;\">A partir de novembro de 2021, os Centros de Controle e Preven\u00e7\u00e3o de Doen\u00e7as (CDC) dos Estados Unidos recomendam que todas as pessoas com 5 anos de idade ou mais tomem a vacina contra a COVID-19 para ajudar a proteger contra a infec\u00e7\u00e3o. Al\u00e9m disso, o CDC recomenda que qualquer pessoa com 18 anos ou mais possa receber um refor\u00e7o da vacina.<\/span><\/p>\n<p><span style=\"font-weight: 400;\">Mais informa\u00e7\u00f5es podem ser encontradas neste <\/span><a href=\"https:\/\/www.youtube.com\/watch?v=WKHPsQXBRmk\"><br \/>\n  <span style=\"font-weight: 400;\">webinar<\/span><br \/>\n<\/a> <span style=\"font-weight: 400;\">organizada pela Organiza\u00e7\u00e3o Nacional para Doen\u00e7as Raras (NORD). Os membros do CDC e da Food and Drug Administration (FDA) dos EUA abordam muitas quest\u00f5es, inclusive a efic\u00e1cia da vacina entre pessoas imunocomprometidas e a necessidade de doses de refor\u00e7o.<\/span><\/p>\n<p><span style=\"font-weight: 400;\">Al\u00e9m disso, se voc\u00ea estiver se perguntando como os outros membros da comunidade <span class=\"notranslate\">Simons Searchlight<\/span> se sentem em rela\u00e7\u00e3o \u00e0 vacina contra a COVID-19, resumimos os resultados nesta<\/span><a href=\"https:\/\/www.simonssearchlight.org\/pt-br\/pesquisa-5-atualizacoes-um-ano-apos-o-inicio-da-pandemia-de-covid-19\/\"> <span style=\"font-weight: 400;\">pesquisa sobre a COVID-19<\/span><\/a><span style=\"font-weight: 400;\"> realizada no in\u00edcio desta primavera<\/span><span style=\"font-weight: 400;\">. <\/span><span style=\"font-weight: 400;\">Se tiver d\u00favidas ou coment\u00e1rios, entre em contato com a equipe do <span class=\"notranslate\">Simons Searchlight<\/span> pelo e-mail <\/span><a href=\"mailto:coordinator@simonssearchlight.org\"><br \/>\n  <span style=\"font-weight: 400;\">coordinator@simonssearchlight.org<\/span><br \/>\n<\/a><span style=\"font-weight: 400;\">.<\/span><\/p>\n<p><span style=\"font-weight: 400;\">Como sempre, ao tomar a decis\u00e3o de vacinar seu filho ou dependente contra a COVID-19, consulte seu m\u00e9dico.<\/span><\/p>\n<p><span style=\"font-weight: 400;\">Atenciosamente,<\/span><\/p>\n<p><span style=\"font-weight: 400;\">Wendy Chung, M.D., Ph.D.<\/span><span style=\"font-weight: 400;\"><br \/><\/span><span style=\"font-weight: 400;\">Pesquisador principal, <span class=\"notranslate\">Simons Searchlight<\/span><\/span><\/p>\n\n<hr class=\"wp-block-separator\"\/>\n\n<h4 class=\"wp-block-heading\"><strong>Sobre esta declara\u00e7\u00e3o<\/strong><\/h4>\n\n<p>O Dr. Chung n\u00e3o tem conflitos de interesse com rela\u00e7\u00e3o \u00e0s vacinas contra a COVID-19 ou qualquer coisa relacionada \u00e0 COVID-19. O Dr. Chung tem experi\u00eancia em uma s\u00e9rie de condi\u00e7\u00f5es gen\u00e9ticas raras que causam problemas de neurodesenvolvimento.<\/p>\n\n<p>Essa declara\u00e7\u00e3o foi baseada na pesquisa atual da vacina contra a COVID em crian\u00e7as com dist\u00farbios do neurodesenvolvimento e condi\u00e7\u00f5es gen\u00e9ticas raras nas quais n\u00e3o h\u00e1 contraindica\u00e7\u00f5es conhecidas. Essa declara\u00e7\u00e3o est\u00e1 alinhada com declara\u00e7\u00f5es semelhantes de outras organiza\u00e7\u00f5es, incluindo a <a href=\"https:\/\/www.youtube.com\/watch?v=WKHPsQXBRmk\">National Organization for Rare Disorders (Organiza\u00e7\u00e3o Nacional para Doen\u00e7as Raras<\/a> ) e a <a href=\"https:\/\/www.aappublications.org\/news\/2021\/05\/12\/cdc-aap-pfizer-covid-vaccine-teens-051221#:~:text=The%20AAP%20recommends%20adolescents%20ages,BioNTech%20vaccine%20for%20these%20ages.\">American Academy of Pediatrics (Academia Americana de Pediatria<\/a>).<\/p>\n\n<hr class=\"wp-block-separator\"\/>\n\n<h4 class=\"wp-block-heading\"><strong>Fontes e cita\u00e7\u00f5es<\/strong><\/h4>\n\n<p>Declara\u00e7\u00f5es de organiza\u00e7\u00f5es para a comunidade de neurodesenvolvimento raro:  <\/p>\n\n<div class=\"wp-block-group\"><div class=\"wp-block-group__inner-container is-layout-flow wp-block-group-is-layout-flow\">\n<ul><li><a href=\"https:\/\/www.aappublications.org\/news\/2021\/05\/12\/cdc-aap-pfizer-covid-vaccine-teens-051221#:~:text=The%20AAP%20recommends%20adolescents%20ages,BioNTech%20vaccine%20for%20these%20ages.\">Academia Americana de Pediatria<\/a><\/li><li><a href=\"https:\/\/www.autism-society.org\/releases\/autism-society-of-america-encourages-autism-community-to-vaccinate-eligible-adolescents-as-the-pfizer-covid-19-vaccine-receives-eua\/\">Sociedade Americana de Autismo<\/a><\/li><li>Academia Americana de Pediatria (AAP)<ul><li><a href=\"https:\/\/www.youtube.com\/watch?v=YOlrNlvEiMw&amp;list=PLKYV5259WcZ0dQPiGaPzP_kPJ3G3Dyd7u&amp;index=3\">COVID-19 e crian\u00e7as: Como funcionam as vacinas de mRNA (v\u00eddeo)<\/a><\/li><li><a href=\"https:\/\/www.aap.org\/en\/news-room\/news-releases\/aap\/2021\/american-academy-of-pediatrics-applauds-cdc-approval-of-safe-effective-covid-19-vaccine-for-children-ages-5-11\/\">Declara\u00e7\u00e3o atualizada<\/a><\/li><\/ul><\/li><li>A Academia Americana de Medicina e Odontologia do Desenvolvimento (AADMD)<ul><li><a href=\"https:\/\/www.aadmd.org\/vaccine\">Declara\u00e7\u00e3o atualizada (17\/9\/2021)<\/a><\/li><\/ul><\/li><li>Centros de Controle e Preven\u00e7\u00e3o de Doen\u00e7as &#8211; Vacinas contra a COVID-19 para crian\u00e7as e adolescentes<ul><li><a href=\"https:\/\/www.cdc.gov\/coronavirus\/2019-ncov\/vaccines\/recommendations\/children-teens.html?CDC_AA_refVal=https%3A%2F%2Fwww.cdc.gov%2Fcoronavirus%2F2019-ncov%2Fvaccines%2Frecommendations%2Fadolescents.html\">Vis\u00e3o geral<\/a><\/li><li><a href=\"https:\/\/www.cdc.gov\/coronavirus\/2019-ncov\/vaccines\/fully-vaccinated.html\">O que voc\u00ea e seu filho podem fazer quando estiverem totalmente vacinados<\/a><\/li><li><a href=\"https:\/\/www.cdc.gov\/coronavirus\/2019-ncov\/vaccines\/distributing\/steps-ensure-safety.html\">Processo de desenvolvimento, autoriza\u00e7\u00e3o e aprova\u00e7\u00e3o de vacinas contra a COVID-19<\/a><\/li><li><a href=\"https:\/\/www.cdc.gov\/coronavirus\/2019-ncov\/vaccines\/expect.html\">O que esperar ao tomar a vacina<\/a><\/li><li><a href=\"https:\/\/www.cdc.gov\/coronavirus\/2019-ncov\/vaccines\/facts.html\">Mitos e fatos sobre as vacinas contra a COVID-19<\/a><\/li><li><a href=\"https:\/\/www.cdc.gov\/ncbddd\/humandevelopment\/covid-19\/people-with-disabilities.html?CDC_AA_refVal=https%3A%2F%2Fwww.cdc.gov%2Fcoronavirus%2F2019-ncov%2Fneed-extra-precautions%2Fpeople-with-disabilities.html\">Pessoas com defici\u00eancia<\/a><\/li><li><a href=\"https:\/\/www.cdc.gov\/vaccines\/acip\/meetings\/downloads\/slides-2021-9-23\/03-COVID-Oliver.pdf\">Dados que comprovam a necessidade de uma vacina de refor\u00e7o<\/a><\/li><li><a href=\"https:\/\/www.cdc.gov\/vaccines\/acip\/meetings\/downloads\/slides-2021-10-20-21\/02-COVID-Miller-508.pdf\">Informa\u00e7\u00f5es sobre a dose de refor\u00e7o do Moderna<\/a><\/li><li><a href=\"https:\/\/www.cdc.gov\/vaccines\/acip\/meetings\/downloads\/slides-2021-10-20-21\/03-COVID-Heaton-Douoguih-508.pdf\">Informa\u00e7\u00f5es sobre a dose de refor\u00e7o da Johnson &amp; Johnson<\/a><\/li><li><a href=\"https:\/\/www.cdc.gov\/vaccines\/acip\/meetings\/downloads\/slides-2021-10-20-21\/02-influenza-izikson-508.pdf\">Apresenta\u00e7\u00e3o sobre a seguran\u00e7a de receber a vacina contra a gripe e a vacina contra a COVID-19<\/a><\/li><\/ul><\/li><li>Organiza\u00e7\u00e3o Nacional para Doen\u00e7as Raras (NORD)<ul><li><a href=\"https:\/\/rarediseases.org\/covid-19\/\">Diversos webinars e recursos<\/a><\/li><\/ul><\/li><li><a href=\"https:\/\/health.ucdavis.edu\/health-news\/newsroom\/new-covid-19-vaccine-clinic-for-people-with-autism-other-neurodevelopmental-conditions-video\/2021\/06\">Instituto MIND da UC Davis<\/a><\/li><\/ul>\n<\/div><\/div>\n\n<p>Resumo das publica\u00e7\u00f5es:<\/p>\n\n<ul><li><a href=\"https:\/\/pubmed.ncbi.nlm.nih.gov\/34758012\/\">Novembro de 2021<\/a> &#8211; Recomenda\u00e7\u00e3o provis\u00f3ria do Comit\u00ea Consultivo sobre Pr\u00e1ticas de Imuniza\u00e7\u00e3o para o uso da vacina Pfizer-BioNTech contra a COVID-19 em crian\u00e7as de 5 a 11 anos de idade &#8211; Estados Unidos, novembro de 2021<\/li><li><a href=\"https:\/\/pubmed.ncbi.nlm.nih.gov\/34752019\/\">Novembro de 2021<\/a> &#8211; Avalia\u00e7\u00e3o da vacina BNT162b2 contra a COVID-19 em crian\u00e7as de 5 a 11 anos de idade<\/li><li><a href=\"https:\/\/pubmed.ncbi.nlm.nih.gov\/34740956\/\">Novembro de 2021<\/a> &#8211; Vacinas contra a COVID-19 em crian\u00e7as e adolescentes<\/li><li><a href=\"https:\/\/pubmed.ncbi.nlm.nih.gov\/34735422\/\">Novembro de 2021<\/a> &#8211; Recomenda\u00e7\u00f5es provis\u00f3rias do Comit\u00ea Consultivo sobre Pr\u00e1ticas de Imuniza\u00e7\u00e3o para doses adicionais prim\u00e1rias e de refor\u00e7o das vacinas contra a COVID-19 &#8211; Estados Unidos, 2021<\/li><li><a href=\"https:\/\/pubmed.ncbi.nlm.nih.gov\/34375861\/\">Ago 2021<\/a> &#8211; Seguran\u00e7a e tolerabilidade relatadas pelo paciente das vacinas contra a COVID-19 em pessoas com doen\u00e7as neuroimunol\u00f3gicas raras<\/li><li><a href=\"https:\/\/www.ncbi.nlm.nih.gov\/pmc\/articles\/PMC8349442\/\">Aug 2021<\/a> &#8211; Miocardite e pericardite ap\u00f3s a vacina\u00e7\u00e3o com mRNA da COVID-19: Considera\u00e7\u00f5es pr\u00e1ticas para os prestadores de cuidados<\/li><li><a href=\"https:\/\/pubmed.ncbi.nlm.nih.gov\/34351881\/\">Aug 2021<\/a> &#8211; Seguran\u00e7a da vacina contra a COVID-19 em adolescentes de 12 a 17 anos de idade &#8211; Estados Unidos, 14 de dezembro de 2020 a 16 de julho de 2021  <\/li><li><a href=\"https:\/\/pubmed.ncbi.nlm.nih.gov\/34326180\/\">Julho de 2021<\/a> &#8211; COVID-19 e vacina\u00e7\u00e3o no contexto de doen\u00e7as neurol\u00f3gicas: Uma quest\u00e3o emergente em neurologia<\/li><li><a href=\"https:\/\/pubmed.ncbi.nlm.nih.gov\/34393075\/\">Julho de 2021<\/a> &#8211; O teste cut\u00e2neo com PEG\/Polissorbato n\u00e3o tem utilidade na avalia\u00e7\u00e3o de suspeitas de rea\u00e7\u00f5es al\u00e9rgicas a vacinas contra SARS-CoV-2<\/li><li><a href=\"https:\/\/www.ncbi.nlm.nih.gov\/pmc\/articles\/PMC8344528\/\">Julho de 2021<\/a> &#8211; Perimiocardite em adolescentes ap\u00f3s a vacina contra a COVID-19 da Pfizer-BioNTech<\/li><li><a href=\"https:\/\/www.ncbi.nlm.nih.gov\/pmc\/articles\/PMC8304769\/\">Julho de 2021<\/a> &#8211; Desenvolvimento de um livro de c\u00f3digos de ret\u00f3rica on-line antivacina\u00e7\u00e3o para gerenciar a desinforma\u00e7\u00e3o sobre vacinas contra a COVID-19<\/li><li>Preprint <a href=\"https:\/\/www.ncbi.nlm.nih.gov\/pmc\/articles\/PMC8010764\/\">April 2021<\/a> &#8211; Caracteriza\u00e7\u00e3o da incid\u00eancia de eventos adversos de interesse especial para as vacinas contra a COVID-19 em oito pa\u00edses: um estudo de coorte de rede multinacional<\/li><\/ul>\n\n<hr class=\"wp-block-separator\"\/>\n\n<h4 class=\"wp-block-heading\"><strong>Sobre Wendy Chung, M.D., Ph.D.<\/strong><\/h4>\n\n<p>Wendy Chung \u00e9 diretora de pesquisa cl\u00ednica da SFARI (<span class=\"notranslate\">Simons Foundation<\/span> Autism Research Initiative) e pesquisadora principal do <span class=\"notranslate\">Simons Searchlight<\/span> e do <a href=\"https:\/\/nam05.safelinks.protection.outlook.com\/?url=https%3A%2F%2Fwww.sfari.org%2Fresource%2Fspark%2F&amp;data=02%7C01%7Cshsmith1%40geisinger.edu%7C4bbf8140e26e4f50a46508d6d4bc24b6%7C37d46c567c664402a16055c2313b910d%7C0%7C0%7C636930301877164332&amp;sdata=w2T3unerKp5zdWMGmzo7pUifj%2BcBXe7ZSkbb5iLCGvs%3D&amp;reserved=0\"><span class=\"notranslate\">SPARK<\/span><\/a>. Ela ingressou na funda\u00e7\u00e3o em 2012, depois de atuar no Conselho Consultivo Cient\u00edfico da SFARI. Sua fun\u00e7\u00e3o inclui gerenciar o programa de pesquisa em indiv\u00edduos com autismo e outros dist\u00farbios do neurodesenvolvimento, avaliar oportunidades para desenvolver novos tratamentos, incluindo medicamentos como o arbaclofeno, e desenvolver novas medidas de resultados para avaliar a efic\u00e1cia desses tratamentos. Ela est\u00e1 envolvida na identifica\u00e7\u00e3o de novos genes para o autismo e na caracteriza\u00e7\u00e3o das caracter\u00edsticas cl\u00ednicas associadas a esses novos genes. Chung apresentou uma palestra TED, &#8220;<a href=\"https:\/\/nam05.safelinks.protection.outlook.com\/?url=https%3A%2F%2Fwww.ted.com%2Ftalks%2Fwendy_chung_autism_what_we_know_and_what_we_don_t_know_yet%3Flanguage%3Den&amp;data=02%7C01%7Cshsmith1%40geisinger.edu%7C4bbf8140e26e4f50a46508d6d4bc24b6%7C37d46c567c664402a16055c2313b910d%7C0%7C0%7C636930301877174328&amp;sdata=jHxjOXL%2BI14kseyyGObz1YdWlPq%2FbbIObP6wytoR5L8%3D&amp;reserved=0\">What We Know About Autism<\/a>&#8221; (<a href=\"https:\/\/nam05.safelinks.protection.outlook.com\/?url=https%3A%2F%2Fwww.ted.com%2Ftalks%2Fwendy_chung_autism_what_we_know_and_what_we_don_t_know_yet%3Flanguage%3Den&amp;data=02%7C01%7Cshsmith1%40geisinger.edu%7C4bbf8140e26e4f50a46508d6d4bc24b6%7C37d46c567c664402a16055c2313b910d%7C0%7C0%7C636930301877174328&amp;sdata=jHxjOXL%2BI14kseyyGObz1YdWlPq%2FbbIObP6wytoR5L8%3D&amp;reserved=0\">O que sabemos sobre o autismo<\/a>).<\/p>\n\n<p>Chung obteve seu diploma de gradua\u00e7\u00e3o em bioqu\u00edmica e economia pela Cornell University, seu M.D. pela Cornell University Medical College e seu Ph.D. pela Rockefeller University em gen\u00e9tica humana. Concluiu sua resid\u00eancia em pediatria e bolsas de estudo em gen\u00e9tica m\u00e9dica e molecular na Universidade de Columbia. Chung tamb\u00e9m \u00e9 Professora Kennedy de Pediatria e Medicina na Universidade de Columbia, onde dirige o programa de gen\u00e9tica cl\u00ednica e realiza pesquisas sobre gen\u00e9tica humana.<\/p>\n","protected":false},"excerpt":{"rendered":"<p>Wendy Chung, M.D., Ph.D., pesquisadora principal da Simons SearchlightData de publica\u00e7\u00e3o: 26 de agosto de 2021Revisado: 3 de dezembro de 2021 Como a COVID-19 continua a se espalhar pelo mundo, \u00e9 importante manter-se informado sobre as informa\u00e7\u00f5es e recomenda\u00e7\u00f5es atualizadas. N\u00e3o se constatou que pessoas com dist\u00farbios raros de neurodesenvolvimento apresentem mais efeitos colaterais das [&hellip;]<\/p>\n","protected":false},"author":18,"featured_media":0,"parent":0,"menu_order":0,"comment_status":"closed","ping_status":"closed","template":"","meta":{"_acf_changed":false,"_relevanssi_hide_post":"","_relevanssi_hide_content":"","_relevanssi_pin_for_all":"","_relevanssi_pin_keywords":"","_relevanssi_unpin_keywords":"","_relevanssi_related_keywords":"","_relevanssi_related_include_ids":"","_relevanssi_related_exclude_ids":"","_relevanssi_related_no_append":"","_relevanssi_related_not_related":"","_relevanssi_related_posts":"","_relevanssi_noindex_reason":"","footnotes":""},"acf":[],"_links":{"self":[{"href":"https:\/\/www.simonssearchlight.org\/pt-br\/wp-json\/wp\/v2\/pages\/44762"}],"collection":[{"href":"https:\/\/www.simonssearchlight.org\/pt-br\/wp-json\/wp\/v2\/pages"}],"about":[{"href":"https:\/\/www.simonssearchlight.org\/pt-br\/wp-json\/wp\/v2\/types\/page"}],"author":[{"embeddable":true,"href":"https:\/\/www.simonssearchlight.org\/pt-br\/wp-json\/wp\/v2\/users\/18"}],"replies":[{"embeddable":true,"href":"https:\/\/www.simonssearchlight.org\/pt-br\/wp-json\/wp\/v2\/comments?post=44762"}],"version-history":[{"count":2,"href":"https:\/\/www.simonssearchlight.org\/pt-br\/wp-json\/wp\/v2\/pages\/44762\/revisions"}],"predecessor-version":[{"id":44805,"href":"https:\/\/www.simonssearchlight.org\/pt-br\/wp-json\/wp\/v2\/pages\/44762\/revisions\/44805"}],"wp:attachment":[{"href":"https:\/\/www.simonssearchlight.org\/pt-br\/wp-json\/wp\/v2\/media?parent=44762"}],"curies":[{"name":"wp","href":"https:\/\/api.w.org\/{rel}","templated":true}]}}