{"id":44595,"date":"2020-08-19T13:17:35","date_gmt":"2020-08-19T17:17:35","guid":{"rendered":"https:\/\/www.simonssearchlight.org\/pesquisa-2-impacto-da-covid-19-nos-suportes-medicos-e-na-saude-mental-do-cuidador\/"},"modified":"2024-03-21T15:19:34","modified_gmt":"2024-03-21T19:19:34","slug":"pesquisa-2-impacto-da-covid-19-nos-suportes-medicos-e-na-saude-mental-do-cuidador","status":"publish","type":"page","link":"https:\/\/www.simonssearchlight.org\/pt-br\/pesquisa-2-impacto-da-covid-19-nos-suportes-medicos-e-na-saude-mental-do-cuidador\/","title":{"rendered":"Pesquisa 2: Impacto da COVID-19 nos suportes m\u00e9dicos e na sa\u00fade mental do cuidador"},"content":{"rendered":"<p>Wendy Chung, M.D., Ph.D., pesquisadora principal da <span class=\"notranslate\">Simons Searchlight<\/span><br \/>\n<strong><br \/>\n  <em>Data de publica\u00e7\u00e3o<\/em><br \/>\n<\/strong><strong><br \/>\n  <em>: 21 de agosto de 2020<\/em><br \/>\n<\/strong><\/p>\n<p>Obrigado a todas as fam\u00edlias do <span class=\"notranslate\">Simons Searchlight<\/span> que, mais uma vez, dedicaram seu tempo para compartilhar como a COVID-19 tem afetado suas vidas di\u00e1rias. Continuaremos acompanhando nossa comunidade por meio de pesquisas \u00e0 medida que essa situa\u00e7\u00e3o evolui.<\/p>\n<p>Nossas descobertas est\u00e3o resumidas abaixo. O documento pode ser baixado como uma <a href=\"https:\/\/cdn.simonssearchlight.org\/wp-content\/uploads\/2020\/08\/31071101\/Simons-Searchlight-Survey-2-summary-v2.png\" target=\"_blank\" rel=\"noopener\"><br \/>\n  <strong><br \/>\n    <u>imagem (PNG)<\/u><br \/>\n  <\/strong><br \/>\n<\/a> ou como um <a href=\"https:\/\/cdn.simonssearchlight.org\/wp-content\/uploads\/2020\/08\/31071113\/Simons-Searchlight-COVID-19-Survey-II-Summary-Print-1.pdf\" target=\"_blank\" rel=\"noopener\"><br \/>\n  <strong><br \/>\n    <u>documento para impress\u00e3o (PDF)<\/u><br \/>\n  <\/strong><br \/>\n<\/a>.<\/p>\n<p><img loading=\"lazy\" decoding=\"async\" class=\"wp-image-8659 size-full aligncenter\" src=\"https:\/\/cdn.simonssearchlight.org\/wp-content\/uploads\/2020\/08\/31071101\/Simons-Searchlight-Survey-2-summary-v2.png\" alt=\"\" width=\"3333\" height=\"15761\" srcset=\"https:\/\/cdn.simonssearchlight.org\/wp-content\/uploads\/2020\/08\/31071101\/Simons-Searchlight-Survey-2-summary-v2.png 3333w, https:\/\/cdn.simonssearchlight.org\/wp-content\/uploads\/2020\/08\/31071101\/Simons-Searchlight-Survey-2-summary-v2-768x3632.png 768w\" sizes=\"(max-width: 3333px) 100vw, 3333px\" \/><\/p>\n<h4><strong>Quem participou da Pesquisa 2?<\/strong><\/h4>\n<p><strong>391<\/strong> cuidadores do <span class=\"notranslate\">Simons Searchlight<\/span> conclu\u00edram a pesquisa de acompanhamento, que foi lan\u00e7ada em maio de 2020. A maioria dos cuidadores era do sexo feminino, morava nos EUA com dependentes, em sua maioria homens, e tinha entre 7 meses e 45 anos de idade. Os entrevistados da pesquisa moravam em 28 pa\u00edses diferentes, e 60 condi\u00e7\u00f5es gen\u00e9ticas diferentes foram representadas.<\/p>\n<h4><strong>O que foi diferente em maio de 2020?<\/strong><\/h4>\n<p>Descobrimos que a maioria das fam\u00edlias em todo o mundo ainda estava sofrendo interrup\u00e7\u00f5es nos servi\u00e7os para seus filhos e, na \u00e9poca da pesquisa, a maioria das fam\u00edlias tinha, em m\u00e9dia, 47 dias de interrup\u00e7\u00e3o dos servi\u00e7os. Os servi\u00e7os espec\u00edficos est\u00e3o listados na imagem acima. A maioria dos cuidadores disse que agora era respons\u00e1vel por fornecer pelo menos uma parte da terapia para seus dependentes. Poucos cuidadores achavam que as terapias on-line eram ben\u00e9ficas para seus dependentes, exceto para servi\u00e7os m\u00e9dicos espec\u00edficos. Apenas 57% dos dependentes estavam recebendo servi\u00e7os remotamente em abril de 2020, mas em maio de 2020, 70% dos dependentes estavam recebendo terapias, servi\u00e7os ou suporte m\u00e9dico on-line.<\/p>\n<h4><strong>Sa\u00fade mental dos pais e respons\u00e1veis<\/strong><\/h4>\n<p>Apesar de muitos cuidadores se sentirem sobrecarregados e preocupados com as interrup\u00e7\u00f5es do servi\u00e7o, a maioria descreveu sua sa\u00fade mental geral como boa a excelente e relatou que se sentia esperan\u00e7osa. Por fim, os sentimentos de nervosismo, ansiedade ou nervosismo dos cuidadores diminu\u00edram desde a primeira pesquisa.<\/p>\n<p><strong>A <span class=\"notranslate\">Simons Searchlight<\/span> publicar\u00e1 em breve os resultados dessa pesquisa.<\/strong><\/p>\n<p>&nbsp;<\/p>\n<p>O <strong>resumo da pesquisa 1 &#8220;Impact of COVID-19 on Therapies, Services, and Medical Supports&#8221; pode ser encontrado <a href=\"https:\/\/www.simonssearchlight.org\/pt-br\/impacto-da-covid-19-em-terapias-servicos-e-suportes-medicos\/\" target=\"_blank\" rel=\"noopener\">aqui<\/a><\/strong>.<\/p>\n","protected":false},"excerpt":{"rendered":"<p>Wendy Chung, M.D., Ph.D., pesquisadora principal da Simons Searchlight Data de publica\u00e7\u00e3o : 21 de agosto de 2020 Obrigado a todas as fam\u00edlias do Simons Searchlight que, mais uma vez, dedicaram seu tempo para compartilhar como a COVID-19 tem afetado suas vidas di\u00e1rias. Continuaremos acompanhando nossa comunidade por meio de pesquisas \u00e0 medida que essa [&hellip;]<\/p>\n","protected":false},"author":6,"featured_media":0,"parent":0,"menu_order":0,"comment_status":"closed","ping_status":"closed","template":"","meta":{"_acf_changed":false,"_relevanssi_hide_post":"","_relevanssi_hide_content":"","_relevanssi_pin_for_all":"","_relevanssi_pin_keywords":"","_relevanssi_unpin_keywords":"","_relevanssi_related_keywords":"","_relevanssi_related_include_ids":"","_relevanssi_related_exclude_ids":"","_relevanssi_related_no_append":"","_relevanssi_related_not_related":"","_relevanssi_related_posts":"","_relevanssi_noindex_reason":"","footnotes":""},"acf":[],"_links":{"self":[{"href":"https:\/\/www.simonssearchlight.org\/pt-br\/wp-json\/wp\/v2\/pages\/44595"}],"collection":[{"href":"https:\/\/www.simonssearchlight.org\/pt-br\/wp-json\/wp\/v2\/pages"}],"about":[{"href":"https:\/\/www.simonssearchlight.org\/pt-br\/wp-json\/wp\/v2\/types\/page"}],"author":[{"embeddable":true,"href":"https:\/\/www.simonssearchlight.org\/pt-br\/wp-json\/wp\/v2\/users\/6"}],"replies":[{"embeddable":true,"href":"https:\/\/www.simonssearchlight.org\/pt-br\/wp-json\/wp\/v2\/comments?post=44595"}],"version-history":[{"count":1,"href":"https:\/\/www.simonssearchlight.org\/pt-br\/wp-json\/wp\/v2\/pages\/44595\/revisions"}],"predecessor-version":[{"id":44606,"href":"https:\/\/www.simonssearchlight.org\/pt-br\/wp-json\/wp\/v2\/pages\/44595\/revisions\/44606"}],"wp:attachment":[{"href":"https:\/\/www.simonssearchlight.org\/pt-br\/wp-json\/wp\/v2\/media?parent=44595"}],"curies":[{"name":"wp","href":"https:\/\/api.w.org\/{rel}","templated":true}]}}