{"id":44591,"date":"2020-10-02T10:15:04","date_gmt":"2020-10-02T14:15:04","guid":{"rendered":"https:\/\/www.simonssearchlight.org\/processo-de-pesquisa\/disturbios-geneticos-que-estudamos\/grin2b\/"},"modified":"2026-04-06T15:45:37","modified_gmt":"2026-04-06T19:45:37","slug":"grin2b","status":"publish","type":"page","link":"https:\/\/www.simonssearchlight.org\/pt-br\/processo-de-pesquisa\/disturbios-geneticos-que-estudamos\/grin2b\/","title":{"rendered":"GRIN2B"},"content":{"rendered":"<p><span style=\"font-weight: 400;\">As informa\u00e7\u00f5es para este resumo da <\/span><strong>S\u00edndrome relacionada ao <span class=\"notranslate\">GRIN2B<\/span><\/strong><span style=\"font-weight: 400;\">  vem de publica\u00e7\u00f5es de pesquisa. N\u00e3o se trata de substituir a orienta\u00e7\u00e3o m\u00e9dica. <\/span><\/p>\n<p><a href=\"https:\/\/www.simonssearchlight.org\/es\/gene-guide\/sindrome-relacionado-con-grin2b\/\" target=\"_blank\" rel=\"noopener\"><strong>Clique aqui para ver nosso guia completo do gene GRIN2B<\/strong><\/a><\/p>\n<p>O Gene Guide on-line inclui mais informa\u00e7\u00f5es sobre o <span class=\"notranslate\">GRIN2B<\/span>, como a chance de ter outro filho com essa condi\u00e7\u00e3o, problemas de comportamento e desenvolvimento ligados \u00e0 s\u00edndrome relacionada ao <span class=\"notranslate\">GRIN2B<\/span> ou especialistas a serem considerados por pessoas com essa condi\u00e7\u00e3o. Compartilhe este recurso com os membros da fam\u00edlia ou com seus provedores cl\u00ednicos. <\/p>\n<p><strong>A s\u00edndrome relacionada ao <span class=\"notranslate\">GRIN2B<\/span><\/strong><span style=\"font-weight: 400;\"> tamb\u00e9m \u00e9 chamada de <\/span><strong>transtorno do desenvolvimento neurol\u00f3gico relacionado ao <span class=\"notranslate\">GRIN2B<\/span>, encefalopatia epil\u00e9ptica e <\/strong><strong> do desenvolvimento<\/strong><strong>27 <\/strong>e<strong> transtorno do desenvolvimento intelectual, autoss\u00f4mico dominante 6, com ou sem convuls\u00f5es.<\/strong> <span style=\"font-weight: 400;\">Nesta p\u00e1gina da Web, usaremos o nome <\/span><strong>s\u00edndrome relacionada ao <span class=\"notranslate\">GRIN2B<\/span><\/strong><span style=\"font-weight: 400;\"> para abranger a ampla gama de variantes observadas nas pessoas identificadas.<\/span><\/p>\n","protected":false},"excerpt":{"rendered":"<p>As informa\u00e7\u00f5es para este resumo da S\u00edndrome relacionada ao GRIN2B vem de publica\u00e7\u00f5es de pesquisa. N\u00e3o se trata de substituir a orienta\u00e7\u00e3o m\u00e9dica. Clique aqui para ver nosso guia completo do gene GRIN2B O Gene Guide on-line inclui mais informa\u00e7\u00f5es sobre o GRIN2B, como a chance de ter outro filho com essa condi\u00e7\u00e3o, problemas de [&hellip;]<\/p>\n","protected":false},"author":13,"featured_media":0,"parent":43355,"menu_order":0,"comment_status":"closed","ping_status":"closed","template":"page-gene-card.php","meta":{"_acf_changed":false,"_relevanssi_hide_post":"","_relevanssi_hide_content":"","_relevanssi_pin_for_all":"","_relevanssi_pin_keywords":"","_relevanssi_unpin_keywords":"","_relevanssi_related_keywords":"","_relevanssi_related_include_ids":"","_relevanssi_related_exclude_ids":"","_relevanssi_related_no_append":"","_relevanssi_related_not_related":"","_relevanssi_related_posts":"","_relevanssi_noindex_reason":"","footnotes":""},"acf":[],"_links":{"self":[{"href":"https:\/\/www.simonssearchlight.org\/pt-br\/wp-json\/wp\/v2\/pages\/44591"}],"collection":[{"href":"https:\/\/www.simonssearchlight.org\/pt-br\/wp-json\/wp\/v2\/pages"}],"about":[{"href":"https:\/\/www.simonssearchlight.org\/pt-br\/wp-json\/wp\/v2\/types\/page"}],"author":[{"embeddable":true,"href":"https:\/\/www.simonssearchlight.org\/pt-br\/wp-json\/wp\/v2\/users\/13"}],"replies":[{"embeddable":true,"href":"https:\/\/www.simonssearchlight.org\/pt-br\/wp-json\/wp\/v2\/comments?post=44591"}],"version-history":[{"count":9,"href":"https:\/\/www.simonssearchlight.org\/pt-br\/wp-json\/wp\/v2\/pages\/44591\/revisions"}],"predecessor-version":[{"id":61885,"href":"https:\/\/www.simonssearchlight.org\/pt-br\/wp-json\/wp\/v2\/pages\/44591\/revisions\/61885"}],"up":[{"embeddable":true,"href":"https:\/\/www.simonssearchlight.org\/pt-br\/wp-json\/wp\/v2\/pages\/43355"}],"wp:attachment":[{"href":"https:\/\/www.simonssearchlight.org\/pt-br\/wp-json\/wp\/v2\/media?parent=44591"}],"curies":[{"name":"wp","href":"https:\/\/api.w.org\/{rel}","templated":true}]}}