{"id":44421,"date":"2020-03-20T09:44:05","date_gmt":"2020-03-20T13:44:05","guid":{"rendered":"https:\/\/www.simonssearchlight.org\/simons-searchlight-responde-a-covid-19\/"},"modified":"2024-03-21T15:19:20","modified_gmt":"2024-03-21T19:19:20","slug":"simons-searchlight-responde-a-covid-19","status":"publish","type":"page","link":"https:\/\/www.simonssearchlight.org\/pt-br\/simons-searchlight-responde-a-covid-19\/","title":{"rendered":"Simons Searchlight responde \u00e0 COVID-19"},"content":{"rendered":"<p><img loading=\"lazy\" decoding=\"async\" class=\"size-full wp-image-7536 aligncenter\" src=\"https:\/\/cdn.simonssearchlight.org\/wp-content\/uploads\/2020\/03\/20053300\/searchlight-covid19-update-01.png\" alt=\"\" width=\"600\" height=\"333\" srcset=\"https:\/\/cdn.simonssearchlight.org\/wp-content\/uploads\/2020\/03\/20053300\/searchlight-covid19-update-01.png 600w, https:\/\/cdn.simonssearchlight.org\/wp-content\/uploads\/2020\/03\/20053300\/searchlight-covid19-update-01-300x167.png 300w\" sizes=\"(max-width: 600px) 100vw, 600px\" \/><\/p>\n<p style=\"page-break-before: always;\">Dra. Wendy Chung<\/p>\n<p style=\"page-break-before: always;\"><em>Data de publica\u00e7\u00e3o: 20 de mar\u00e7o de 2020<\/em><\/p>\n<p style=\"page-break-before: always;\">Estes s\u00e3o tempos estressantes, e as coisas est\u00e3o mudando diariamente em face da COVID-19. Nossas rotinas foram interrompidas e estamos rapidamente tentando nos ajustar e manter a n\u00f3s mesmos e nossas fam\u00edlias seguros e saud\u00e1veis. As mudan\u00e7as podem ser especialmente perturbadoras para a nossa comunidade <span class=\"notranslate\">Simons Searchlight<\/span>, pois estamos perdendo a rotina que proporciona estabilidade e o apoio de terapeutas, educadores, provedores de servi\u00e7os m\u00e9dicos e profissionais de sa\u00fade comportamental que s\u00e3o partes integrantes de nossas vidas.<\/p>\n<p style=\"page-break-before: always;\">Muitas fam\u00edlias tamb\u00e9m est\u00e3o enfrentando encargos financeiros adicionais e incertezas que geram ansiedade e preocupa\u00e7\u00e3o. No entanto, momentos como esse nos definem e s\u00e3o o verdadeiro teste de nossa coragem. Como comunidade, somos fortes e resilientes.<\/p>\n<p style=\"page-break-before: always;\">Criamos o <span class=\"notranslate\">Simons Searchlight<\/span> para oferecer a capacidade de aprender uns com os outros em tempo real e compartilhar essas informa\u00e7\u00f5es. Nosso grande n\u00famero de inscritos no <span class=\"notranslate\">Simons Searchlight<\/span> em todo o mundo nos permitir\u00e1 aprender rapidamente, ser \u00e1geis e aplicar o que aprendemos. Temos a oportunidade de contribuir e ajudar uns aos outros a se unirem, em um momento em que estamos fisicamente mantendo dist\u00e2ncia.<\/p>\n<p style=\"page-break-before: always;\">Convido-o a preencher as breves pesquisas que ser\u00e3o enviadas para sua caixa de entrada. Isso n\u00e3o deve levar mais de 5 minutos e nos permitir\u00e1 ver como a COVID-19 est\u00e1 afetando nossa comunidade <span class=\"notranslate\">Simons Searchlight<\/span> e, principalmente, quais estrat\u00e9gias voc\u00ea descobriu que aliviaram a carga, abriram seus olhos para novas oportunidades ou permitiram que voc\u00ea trabalhasse remotamente com sua equipe de suporte.<\/p>\n<p style=\"page-break-before: always;\">Queremos divulgar o que est\u00e1 funcionando o mais r\u00e1pido poss\u00edvel e documentar rigorosamente o impacto em nossa comunidade. Pretendemos fazer pesquisas repetidas com a comunidade para continuar a monitorar o impacto ao longo do tempo.  <strong>Com cada pesquisa, n\u00f3s rapidamente retornaremos os resultados e os compartilharemos com voc\u00ea.  <\/strong><\/p>\n<p style=\"page-break-before: always;\">Fique bem e lave suas m\u00e3os.<\/p>\n<p>Dra. Wendy Chung<\/p>\n<p style=\"page-break-before: always;\">Pesquisador principal, <span class=\"notranslate\">Simons Searchlight<\/span><\/p>\n<h3>Informa\u00e7\u00f5es de emerg\u00eancia<\/h3>\n<p><strong>Para emerg\u00eancias de sa\u00fade mental<\/strong><\/p>\n<p>Se estiver preocupado com o fato de algu\u00e9m em casa estar deprimido ou pensando em se machucar, ajude-o a ligar para a <a href=\"https:\/\/suicidepreventionlifeline.org\/chat\/\">Lifeline<\/a> no n\u00famero 1-800-273-8255 ou use o Chat da Lifeline.<\/p>\n<p>Se tiver d\u00favidas de que algu\u00e9m est\u00e1 correndo risco imediato de prejudicar a si mesmo ou a outros, ligue para o 911 ou leve-o ao pronto-socorro mais pr\u00f3ximo.<\/p>\n<p><strong>Para emerg\u00eancias m\u00e9dicas<\/strong><\/p>\n<p>Se estiver enfrentando a COVID-19 ou outra emerg\u00eancia m\u00e9dica, acesse as diretrizes <a href=\"https:\/\/www.cdc.gov\/coronavirus\/2019-ncov\/if-you-are-sick\/steps-when-sick.html#warning-signs\">do CDC What to Do if You are Sick (O que fazer se voc\u00ea estiver doente<\/a> ).<\/p>\n","protected":false},"excerpt":{"rendered":"<p>Dra. Wendy Chung Data de publica\u00e7\u00e3o: 20 de mar\u00e7o de 2020 Estes s\u00e3o tempos estressantes, e as coisas est\u00e3o mudando diariamente em face da COVID-19. Nossas rotinas foram interrompidas e estamos rapidamente tentando nos ajustar e manter a n\u00f3s mesmos e nossas fam\u00edlias seguros e saud\u00e1veis. As mudan\u00e7as podem ser especialmente perturbadoras para a nossa [&hellip;]<\/p>\n","protected":false},"author":6,"featured_media":0,"parent":0,"menu_order":0,"comment_status":"closed","ping_status":"closed","template":"","meta":{"_acf_changed":false,"_relevanssi_hide_post":"","_relevanssi_hide_content":"","_relevanssi_pin_for_all":"","_relevanssi_pin_keywords":"","_relevanssi_unpin_keywords":"","_relevanssi_related_keywords":"","_relevanssi_related_include_ids":"","_relevanssi_related_exclude_ids":"","_relevanssi_related_no_append":"","_relevanssi_related_not_related":"","_relevanssi_related_posts":"","_relevanssi_noindex_reason":"","footnotes":""},"acf":[],"_links":{"self":[{"href":"https:\/\/www.simonssearchlight.org\/pt-br\/wp-json\/wp\/v2\/pages\/44421"}],"collection":[{"href":"https:\/\/www.simonssearchlight.org\/pt-br\/wp-json\/wp\/v2\/pages"}],"about":[{"href":"https:\/\/www.simonssearchlight.org\/pt-br\/wp-json\/wp\/v2\/types\/page"}],"author":[{"embeddable":true,"href":"https:\/\/www.simonssearchlight.org\/pt-br\/wp-json\/wp\/v2\/users\/6"}],"replies":[{"embeddable":true,"href":"https:\/\/www.simonssearchlight.org\/pt-br\/wp-json\/wp\/v2\/comments?post=44421"}],"version-history":[{"count":1,"href":"https:\/\/www.simonssearchlight.org\/pt-br\/wp-json\/wp\/v2\/pages\/44421\/revisions"}],"predecessor-version":[{"id":44427,"href":"https:\/\/www.simonssearchlight.org\/pt-br\/wp-json\/wp\/v2\/pages\/44421\/revisions\/44427"}],"wp:attachment":[{"href":"https:\/\/www.simonssearchlight.org\/pt-br\/wp-json\/wp\/v2\/media?parent=44421"}],"curies":[{"name":"wp","href":"https:\/\/api.w.org\/{rel}","templated":true}]}}