{"id":44412,"date":"2020-03-02T08:21:12","date_gmt":"2020-03-02T13:21:12","guid":{"rendered":"https:\/\/www.simonssearchlight.org\/processo-de-pesquisa\/disturbios-geneticos-que-estudamos\/delecao-de-2q37\/"},"modified":"2025-11-24T13:00:53","modified_gmt":"2025-11-24T18:00:53","slug":"delecao-de-2q37","status":"publish","type":"page","link":"https:\/\/www.simonssearchlight.org\/pt-br\/processo-de-pesquisa\/disturbios-geneticos-que-estudamos\/delecao-de-2q37\/","title":{"rendered":"Dele\u00e7\u00e3o de 2q37"},"content":{"rendered":"<p><span style=\"font-weight: 400;\">As informa\u00e7\u00f5es para este resumo da <\/span><strong>S\u00edndrome de dele\u00e7\u00e3o 2q37<\/strong><span style=\"font-weight: 400;\">  vem de publica\u00e7\u00f5es de pesquisa. N\u00e3o se trata de substituir a orienta\u00e7\u00e3o m\u00e9dica. <\/span><\/p>\n<p><a href=\"https:\/\/www.simonssearchlight.org\/pt-br\/gene-guide\/sindrome-de-delecao-2q37\/\" target=\"_blank\" rel=\"noopener\"><strong>Clique aqui para ver nosso guia completo do gene 2q37<\/strong><\/a><\/p>\n<p><span style=\"font-weight: 400;\">O Gene Guide on-line inclui mais informa\u00e7\u00f5es sobre as dele\u00e7\u00f5es 2q37, como a chance de ter outro filho com essa condi\u00e7\u00e3o, problemas de comportamento e desenvolvimento relacionados \u00e0 s\u00edndrome de dele\u00e7\u00e3o 2q37 ou especialistas a serem considerados para pessoas com essa condi\u00e7\u00e3o. Compartilhe este recurso com os membros da fam\u00edlia ou com seus provedores cl\u00ednicos.<\/span><\/p>\n<p><strong>S\u00edndrome de dele\u00e7\u00e3o 2q37<\/strong><span style=\"font-weight: 400;\"> tamb\u00e9m \u00e9 chamada de <\/span><strong>microdele\u00e7\u00e3o 2q37<\/strong><span style=\"font-weight: 400;\">.<\/span> <span style=\"font-weight: 400;\">Para esta p\u00e1gina da Web, usaremos o nome <\/span><strong>s\u00edndrome de dele\u00e7\u00e3o 2q37<\/strong><span style=\"font-weight: 400;\"> para abranger a ampla gama de variantes observadas nas pessoas identificadas.<\/span><\/p>\n","protected":false},"excerpt":{"rendered":"<p>As informa\u00e7\u00f5es para este resumo da S\u00edndrome de dele\u00e7\u00e3o 2q37 vem de publica\u00e7\u00f5es de pesquisa. N\u00e3o se trata de substituir a orienta\u00e7\u00e3o m\u00e9dica. Clique aqui para ver nosso guia completo do gene 2q37 O Gene Guide on-line inclui mais informa\u00e7\u00f5es sobre as dele\u00e7\u00f5es 2q37, como a chance de ter outro filho com essa condi\u00e7\u00e3o, problemas [&hellip;]<\/p>\n","protected":false},"author":13,"featured_media":0,"parent":43355,"menu_order":0,"comment_status":"closed","ping_status":"closed","template":"page-gene-card.php","meta":{"_acf_changed":false,"_relevanssi_hide_post":"","_relevanssi_hide_content":"","_relevanssi_pin_for_all":"","_relevanssi_pin_keywords":"","_relevanssi_unpin_keywords":"","_relevanssi_related_keywords":"","_relevanssi_related_include_ids":"","_relevanssi_related_exclude_ids":"","_relevanssi_related_no_append":"","_relevanssi_related_not_related":"","_relevanssi_related_posts":"","_relevanssi_noindex_reason":"","footnotes":""},"acf":[],"_links":{"self":[{"href":"https:\/\/www.simonssearchlight.org\/pt-br\/wp-json\/wp\/v2\/pages\/44412"}],"collection":[{"href":"https:\/\/www.simonssearchlight.org\/pt-br\/wp-json\/wp\/v2\/pages"}],"about":[{"href":"https:\/\/www.simonssearchlight.org\/pt-br\/wp-json\/wp\/v2\/types\/page"}],"author":[{"embeddable":true,"href":"https:\/\/www.simonssearchlight.org\/pt-br\/wp-json\/wp\/v2\/users\/13"}],"replies":[{"embeddable":true,"href":"https:\/\/www.simonssearchlight.org\/pt-br\/wp-json\/wp\/v2\/comments?post=44412"}],"version-history":[{"count":3,"href":"https:\/\/www.simonssearchlight.org\/pt-br\/wp-json\/wp\/v2\/pages\/44412\/revisions"}],"predecessor-version":[{"id":73960,"href":"https:\/\/www.simonssearchlight.org\/pt-br\/wp-json\/wp\/v2\/pages\/44412\/revisions\/73960"}],"up":[{"embeddable":true,"href":"https:\/\/www.simonssearchlight.org\/pt-br\/wp-json\/wp\/v2\/pages\/43355"}],"wp:attachment":[{"href":"https:\/\/www.simonssearchlight.org\/pt-br\/wp-json\/wp\/v2\/media?parent=44412"}],"curies":[{"name":"wp","href":"https:\/\/api.w.org\/{rel}","templated":true}]}}