{"id":44404,"date":"2020-04-24T13:39:04","date_gmt":"2020-04-24T17:39:04","guid":{"rendered":"https:\/\/www.simonssearchlight.org\/recursos\/artigos\/"},"modified":"2024-03-21T15:19:21","modified_gmt":"2024-03-21T19:19:21","slug":"artigos","status":"publish","type":"page","link":"https:\/\/www.simonssearchlight.org\/pt-br\/recursos\/artigos\/","title":{"rendered":"Artigos"},"content":{"rendered":"<p>Receba as \u00faltimas atualiza\u00e7\u00f5es do Simons Searchlight, incluindo artigos sobre nossos participantes, cientistas e outros para nossa comunidade.<\/p>\n<table style=\"width: 100%;\">\n<tbody>\n<tr>\n<td style=\"padding: 10px;\"><a href=\"https:\/\/www.simonssearchlight.org\/pt-br\/recursos\/artigos\/spark_braxton-2\/\"><img loading=\"lazy\" decoding=\"async\" class=\"alignright wp-image-11616 size-full\" src=\"https:\/\/cdn.simonssearchlight.org\/wp-content\/uploads\/2022\/01\/20030422\/SPARK_Braxton.jpeg\" alt=\"\" width=\"888\" height=\"466\"><\/a><\/td>\n<td style=\"padding: 10px; vertical-align: top;\"><strong>Um diagn\u00f3stico de autismo na idade adulta leva a uma nova meta de carreira<\/strong><\/p>\n<p>A SPARK for Autism compartilhou recentemente a experi\u00eancia de Braxton Webb ao receber um diagn\u00f3stico gen\u00e9tico, DYRK1A.<\/p>\n<p><span style=\"color: #0000ff;\"><a style=\"color: #0000ff;\" href=\"https:\/\/bit.ly\/SPARK_Braxton\" target=\"_blank\" rel=\"noopener noreferrer\">Leia mais<\/a><\/span><\/td>\n<\/tr>\n<tr>\n<td style=\"padding: 10px;\"><a href=\"https:\/\/www.simonssearchlight.org\/pt-br\/recursos\/perfis-de-pesquisadores\/roni-yamane-msc-e-tzofia-drori-msc\/researcher-article-with-genetic-counselors-2\/\"><img loading=\"lazy\" decoding=\"async\" class=\"alignright wp-image-11294 size-large\" src=\"https:\/\/cdn.simonssearchlight.org\/wp-content\/uploads\/2021\/10\/19120328\/Researcher-article-with-genetic-counselors-1024x635.png\" alt=\"\" width=\"1024\" height=\"635\" srcset=\"https:\/\/cdn.simonssearchlight.org\/wp-content\/uploads\/2021\/10\/19120328\/Researcher-article-with-genetic-counselors-1024x635.png 1024w, https:\/\/cdn.simonssearchlight.org\/wp-content\/uploads\/2021\/10\/19120328\/Researcher-article-with-genetic-counselors-300x186.png 300w, https:\/\/cdn.simonssearchlight.org\/wp-content\/uploads\/2021\/10\/19120328\/Researcher-article-with-genetic-counselors-768x476.png 768w, https:\/\/cdn.simonssearchlight.org\/wp-content\/uploads\/2021\/10\/19120328\/Researcher-article-with-genetic-counselors.png 1058w\" sizes=\"(max-width: 1024px) 100vw, 1024px\" \/><\/a><\/td>\n<td style=\"padding: 10px; vertical-align: top;\"><strong><span style=\"color: #333333;\">Perfil do pesquisador: Roni Yamane, MSc. e Tzofia Drori, MSc.<\/span><\/strong><\/p>\n<p>Drori e Yamane usaram o programa Research Match do Simons Searchlight para lan\u00e7ar uma pesquisa para os participantes do Searchlight.<\/p>\n<p><span style=\"color: #0000ff;\"><a style=\"color: #0000ff;\" href=\"https:\/\/www.simonssearchlight.org\/pt-br\/recursos\/perfis-de-pesquisadores\/roni-yamane-msc-e-tzofia-drori-msc\/\" target=\"_blank\" rel=\"noopener noreferrer\">Leia mais<\/a><\/span><\/td>\n<\/tr>\n<tr>\n<td style=\"padding: 10px;\"><a href=\"https:\/\/www.simonssearchlight.org\/pt-br\/recursos\/artigos\/screen-shot-2021-09-24-at-9-42-09-am-2\/\"><img loading=\"lazy\" decoding=\"async\" class=\"alignnone wp-image-11187 size-medium\" src=\"https:\/\/cdn.simonssearchlight.org\/wp-content\/uploads\/2021\/09\/24054226\/Screen-Shot-2021-09-24-at-9.42.09-AM-300x176.png\" alt=\"\" width=\"300\" height=\"176\" srcset=\"https:\/\/cdn.simonssearchlight.org\/wp-content\/uploads\/2021\/09\/24054226\/Screen-Shot-2021-09-24-at-9.42.09-AM-300x176.png 300w, https:\/\/cdn.simonssearchlight.org\/wp-content\/uploads\/2021\/09\/24054226\/Screen-Shot-2021-09-24-at-9.42.09-AM-768x449.png 768w, https:\/\/cdn.simonssearchlight.org\/wp-content\/uploads\/2021\/09\/24054226\/Screen-Shot-2021-09-24-at-9.42.09-AM-1024x599.png 1024w, https:\/\/cdn.simonssearchlight.org\/wp-content\/uploads\/2021\/09\/24054226\/Screen-Shot-2021-09-24-at-9.42.09-AM.png 1200w\" sizes=\"(max-width: 300px) 100vw, 300px\" \/><\/a><\/td>\n<td style=\"padding: 10px; vertical-align: top;\"><strong>Pesquisa 5: Atualiza\u00e7\u00f5es, um ano ap\u00f3s o in\u00edcio da pandemia de COVID-19<\/strong><\/p>\n<p>Nossas conclus\u00f5es sobre como os cuidadores do <span class=\"notranslate\">Simons Searchlight<\/span> se sentem em rela\u00e7\u00e3o \u00e0 vacina contra a COVID-19 est\u00e3o resumidas abaixo.<\/p>\n<p><span style=\"color: #0000ff;\"><a style=\"color: #0000ff;\" href=\"https:\/\/www.simonssearchlight.org\/pt-br\/pesquisa-5-atualizacoes-um-ano-apos-o-inicio-da-pandemia-de-covid-19\/\" target=\"_blank\" rel=\"noopener noreferrer\">Leia mais<\/a><\/span><\/td>\n<\/tr>\n<tr>\n<td style=\"padding: 10px;\"><a href=\"https:\/\/www.simonssearchlight.org\/pt-br\/recursos\/artigos\/gleeson_horizontal-2\/\"><span style=\"color: #333333;\"><img loading=\"lazy\" decoding=\"async\" class=\"alignnone wp-image-11013 size-medium\" src=\"https:\/\/cdn.simonssearchlight.org\/wp-content\/uploads\/2021\/08\/17115948\/Gleeson_horizontal-300x200.jpg\" alt=\"\" width=\"300\" height=\"200\"><\/span><\/a><\/td>\n<td style=\"padding: 10px; vertical-align: top;\"><span style=\"color: #333333;\"><strong>Perfil do pesquisador: Joseph Gleeson, M.D.<\/strong><\/span><\/p>\n<p>Entrevistamos o Dr. Joseph Gleeson sobre seu projeto Research Match, que est\u00e1 aberto \u00e0 comunidade Simons Searchlight.<\/p>\n<p><span style=\"color: #0000ff;\"><a style=\"color: #0000ff;\" href=\"https:\/\/www.simonssearchlight.org\/pt-br\/recursos\/perfis-de-pesquisadores\/joseph-gleeson-m-d\/\" target=\"_blank\" rel=\"noopener noreferrer\">Leia mais<\/a><\/span><\/td>\n<\/tr>\n<tr>\n<td style=\"padding: 10px;\"><img loading=\"lazy\" decoding=\"async\" class=\"alignnone size-medium wp-image-11007\" src=\"https:\/\/cdn.simonssearchlight.org\/wp-content\/uploads\/2021\/08\/16101542\/covid_survey_4-300x169.png\" alt=\"\" width=\"300\" height=\"169\" srcset=\"https:\/\/cdn.simonssearchlight.org\/wp-content\/uploads\/2021\/08\/16101542\/covid_survey_4-300x169.png 300w, https:\/\/cdn.simonssearchlight.org\/wp-content\/uploads\/2021\/08\/16101542\/covid_survey_4-768x432.png 768w, https:\/\/cdn.simonssearchlight.org\/wp-content\/uploads\/2021\/08\/16101542\/covid_survey_4-1024x576.png 1024w, https:\/\/cdn.simonssearchlight.org\/wp-content\/uploads\/2021\/08\/16101542\/covid_survey_4.png 1280w\" sizes=\"(max-width: 300px) 100vw, 300px\" \/><\/td>\n<td style=\"padding: 10px; vertical-align: top;\"><strong><span style=\"color: #333333;\">Pesquisa 4: Acesso \u00e0 educa\u00e7\u00e3o, terapias e servi\u00e7os durante a COVID-19<\/span><\/strong><\/p>\n<p>Os resultados da quarta pesquisa da Simons Searchlight sobre a COVID-19 est\u00e3o resumidos neste artigo.<\/p>\n<p><span style=\"color: #0000ff;\"><a style=\"color: #0000ff;\" href=\"https:\/\/www.simonssearchlight.org\/pt-br\/pesquisa-4-acesso-a-educacao-terapias-e-servicos-durante-a-covid-19\/\" target=\"_blank\" rel=\"noopener noreferrer\">Leia mais<\/a><\/span><\/td>\n<\/tr>\n<tr>\n<td style=\"padding: 10px;\"><a href=\"https:\/\/www.simonssearchlight.org\/pt-br\/recursos\/artigos\/screen-shot-2021-08-17-at-4-36-39-pm-2\/\"><span style=\"color: #333333;\"><img loading=\"lazy\" decoding=\"async\" class=\"wp-image-11015 size-medium alignnone\" src=\"https:\/\/cdn.simonssearchlight.org\/wp-content\/uploads\/2021\/08\/17123745\/Screen-Shot-2021-08-17-at-4.36.39-PM-300x169.jpg\" alt=\"\" width=\"300\" height=\"169\" srcset=\"https:\/\/cdn.simonssearchlight.org\/wp-content\/uploads\/2021\/08\/17123745\/Screen-Shot-2021-08-17-at-4.36.39-PM-300x169.jpg 300w, https:\/\/cdn.simonssearchlight.org\/wp-content\/uploads\/2021\/08\/17123745\/Screen-Shot-2021-08-17-at-4.36.39-PM-768x432.jpg 768w, https:\/\/cdn.simonssearchlight.org\/wp-content\/uploads\/2021\/08\/17123745\/Screen-Shot-2021-08-17-at-4.36.39-PM-1024x576.jpg 1024w\" sizes=\"(max-width: 300px) 100vw, 300px\" \/><\/span><\/a><\/td>\n<td style=\"padding: 10px; vertical-align: top;\"><strong><span style=\"color: #333333;\">Perfil do pesquisador: Siddharth Srivastava, M.D.<\/span><\/strong><\/p>\n<p><span style=\"color: #333333;\">Entrevistamos Siddharth Srivastava, M.D., neurologista pedi\u00e1trico do Boston Children&#8217;s Hospital, especializado em neurogen\u00e9tica.<\/span><\/p>\n<p><span style=\"color: #0000ff;\"><a style=\"color: #0000ff;\" href=\"https:\/\/www.simonssearchlight.org\/pt-br\/recursos\/perfis-de-pesquisadores\/siddharth-srivastava-m-d\/\" target=\"_blank\" rel=\"noopener noreferrer\">Leia mais<\/a><\/span><\/td>\n<\/tr>\n<tr>\n<td style=\"padding: 10px;\"><img loading=\"lazy\" decoding=\"async\" class=\"alignnone wp-image-9792 size-full\" src=\"https:\/\/cdn.simonssearchlight.org\/wp-content\/uploads\/2021\/02\/02084901\/FB-10yrsC.png\" alt=\"\" width=\"600\" height=\"925\"><\/td>\n<td style=\"padding: 10px; vertical-align: top;\"><span style=\"color: #333333;\"><strong>10 conquistas marcantes para a Simons Searchlight nos \u00faltimos 10 anos<\/strong><\/span><\/p>\n<p>O Simons Searchlight tem feito progressos em condi\u00e7\u00f5es gen\u00e9ticas de neurodesenvolvimento desde seu lan\u00e7amento em dezembro de 2010.<\/p>\n<p><span style=\"color: #0000ff;\"><a style=\"color: #0000ff;\" href=\"https:\/\/www.simonssearchlight.org\/pt-br\/10-conquistas-marcantes-para-a-simons-searchlight-nos-ultimos-10-anos\/\">Leia mais<\/a><\/span><\/td>\n<\/tr>\n<tr>\n<td style=\"padding: 10px;\"><img loading=\"lazy\" decoding=\"async\" class=\"alignnone wp-image-7536 size-full\" src=\"https:\/\/cdn.simonssearchlight.org\/wp-content\/uploads\/2020\/03\/20053300\/searchlight-covid19-update-01.png\" alt=\"\" width=\"600\" height=\"333\" srcset=\"https:\/\/cdn.simonssearchlight.org\/wp-content\/uploads\/2020\/03\/20053300\/searchlight-covid19-update-01.png 600w, https:\/\/cdn.simonssearchlight.org\/wp-content\/uploads\/2020\/03\/20053300\/searchlight-covid19-update-01-300x167.png 300w\" sizes=\"(max-width: 600px) 100vw, 600px\" \/><\/td>\n<td style=\"padding: 10px; vertical-align: top;\"><span style=\"color: #333333;\"><strong>Infec\u00e7\u00e3o por COVID-19 e a popula\u00e7\u00e3o com neurodesenvolvimento<\/strong><\/span><\/p>\n<p>A Dra. Wendy Chung tem uma atualiza\u00e7\u00e3o sobre a COVID-19 para a comunidade Simons Searchlight.<\/p>\n<p><span style=\"color: #0000ff;\"><a style=\"color: #0000ff;\" href=\"https:\/\/www.simonssearchlight.org\/pt-br\/infeccao-por-covid-19-e-a-populacao-com-neurodesenvolvimento\/\">Leia mais<\/a><\/span><\/td>\n<\/tr>\n<tr>\n<td style=\"padding: 10px;\"><img loading=\"lazy\" decoding=\"async\" class=\"alignnone wp-image-9432 size-full\" src=\"https:\/\/cdn.simonssearchlight.org\/wp-content\/uploads\/2020\/11\/23074053\/Covid-3-Thumbnail.png\" alt=\"\" width=\"450\" height=\"248\"><\/td>\n<td style=\"padding: 10px; vertical-align: top;\"><strong><span style=\"color: #333333;\">Pesquisa 3: Desenvolvimento e sa\u00fade mental durante a COVID-19<\/span><\/strong><\/p>\n<p>Os resultados da terceira pesquisa da Simons Searchlight sobre a COVID-19 est\u00e3o resumidos neste artigo.<\/p>\n<p><span style=\"color: #0000ff;\"><a style=\"color: #0000ff;\" href=\"https:\/\/www.simonssearchlight.org\/pt-br\/pesquisa-3-desenvolvimento-e-saude-mental-durante-a-covid-19\/\">Leia mais<\/a><\/span><\/td>\n<\/tr>\n<tr>\n<td style=\"padding: 10px;\"><img loading=\"lazy\" decoding=\"async\" class=\"alignnone wp-image-8601 \" src=\"https:\/\/cdn.simonssearchlight.org\/wp-content\/uploads\/2020\/08\/24053413\/covid-2-survey.png.png\" alt=\"\" width=\"449\" height=\"248\" srcset=\"https:\/\/cdn.simonssearchlight.org\/wp-content\/uploads\/2020\/08\/24053413\/covid-2-survey.png.png 1164w, https:\/\/cdn.simonssearchlight.org\/wp-content\/uploads\/2020\/08\/24053413\/covid-2-survey.png-300x166.png 300w, https:\/\/cdn.simonssearchlight.org\/wp-content\/uploads\/2020\/08\/24053413\/covid-2-survey.png-768x425.png 768w, https:\/\/cdn.simonssearchlight.org\/wp-content\/uploads\/2020\/08\/24053413\/covid-2-survey.png-1024x567.png 1024w\" sizes=\"(max-width: 449px) 100vw, 449px\" \/><\/td>\n<td style=\"padding: 10px; vertical-align: top;\"><strong><span style=\"color: #333333;\">Pesquisa 2: Impacto da COVID-19 nos suportes m\u00e9dicos e na sa\u00fade mental do cuidador<\/span><\/strong><\/p>\n<p>Os resultados da segunda pesquisa da Simons Searchlight sobre a COVID-19 est\u00e3o resumidos neste artigo.<\/p>\n<p><span style=\"color: #0000ff;\"><a style=\"color: #0000ff;\" href=\"https:\/\/www.simonssearchlight.org\/pt-br\/pesquisa-2-impacto-da-covid-19-nos-suportes-medicos-e-na-saude-mental-do-cuidador\/\">Leia mais<\/a><\/span><\/td>\n<\/tr>\n<tr>\n<td style=\"padding: 10px;\"><img loading=\"lazy\" decoding=\"async\" class=\"alignleft wp-image-7771\" src=\"https:\/\/cdn.simonssearchlight.org\/wp-content\/uploads\/2020\/04\/27105437\/IMG_0357_Thumbnail.jpg\" alt=\"\" width=\"450\" height=\"264\" srcset=\"https:\/\/cdn.simonssearchlight.org\/wp-content\/uploads\/2020\/04\/27105437\/IMG_0357_Thumbnail.jpg 844w, https:\/\/cdn.simonssearchlight.org\/wp-content\/uploads\/2020\/04\/27105437\/IMG_0357_Thumbnail-300x176.jpg 300w, https:\/\/cdn.simonssearchlight.org\/wp-content\/uploads\/2020\/04\/27105437\/IMG_0357_Thumbnail-768x450.jpg 768w\" sizes=\"(max-width: 450px) 100vw, 450px\" \/><\/td>\n<td style=\"padding: 10px; vertical-align: top;\"><strong><span style=\"color: #333333;\">Amber Freed, membro do Simons Searchlight, busca um &#8220;milagre&#8221; da terapia g\u00eanica<\/span><\/strong><\/p>\n<p>Amber Freed compartilha como ela ajuda a levar adiante a pesquisa para seu filho com a s\u00edndrome relacionada ao SLC6A1.<\/p>\n<p><span style=\"color: #0000ff;\"><a style=\"color: #0000ff;\" href=\"https:\/\/www.simonssearchlight.org\/pt-br\/amber-freed-membro-do-simons-searchlight-busca-um-milagre-da-terapia-genica\/\">Leia mais<\/a><\/span><\/td>\n<\/tr>\n<tr>\n<td style=\"padding: 10px;\"><img loading=\"lazy\" decoding=\"async\" class=\"alignnone wp-image-7789\" src=\"https:\/\/cdn.simonssearchlight.org\/wp-content\/uploads\/2020\/04\/28093121\/FB_Survey-Image.png.png\" alt=\"\" width=\"450\" height=\"239\" srcset=\"https:\/\/cdn.simonssearchlight.org\/wp-content\/uploads\/2020\/04\/28093121\/FB_Survey-Image.png.png 1605w, https:\/\/cdn.simonssearchlight.org\/wp-content\/uploads\/2020\/04\/28093121\/FB_Survey-Image.png-300x160.png 300w, https:\/\/cdn.simonssearchlight.org\/wp-content\/uploads\/2020\/04\/28093121\/FB_Survey-Image.png-768x409.png 768w, https:\/\/cdn.simonssearchlight.org\/wp-content\/uploads\/2020\/04\/28093121\/FB_Survey-Image.png-1024x545.png 1024w\" sizes=\"(max-width: 450px) 100vw, 450px\" \/><\/td>\n<td style=\"padding: 10px; vertical-align: top;\"><strong><span style=\"color: #333333;\">Impacto da COVID-19 em terapias, servi\u00e7os e suportes m\u00e9dicos<\/span><\/strong><\/p>\n<p>A Simons Searchlight queria saber como nossos participantes est\u00e3o sendo afetados pela COVID-19. Os resultados da pesquisa j\u00e1 chegaram.<\/p>\n<p><span style=\"color: #0000ff;\"><a style=\"color: #0000ff;\" href=\"https:\/\/www.simonssearchlight.org\/pt-br\/impacto-da-covid-19-em-terapias-servicos-e-suportes-medicos\/\">Leia mais<\/a><\/span><\/td>\n<\/tr>\n<tr>\n<td style=\"padding: 10px;\"><img loading=\"lazy\" decoding=\"async\" class=\"alignnone wp-image-7536\" src=\"https:\/\/cdn.simonssearchlight.org\/wp-content\/uploads\/2020\/03\/20053300\/searchlight-covid19-update-01.png\" alt=\"\" width=\"450\" height=\"250\" srcset=\"https:\/\/cdn.simonssearchlight.org\/wp-content\/uploads\/2020\/03\/20053300\/searchlight-covid19-update-01.png 600w, https:\/\/cdn.simonssearchlight.org\/wp-content\/uploads\/2020\/03\/20053300\/searchlight-covid19-update-01-300x167.png 300w\" sizes=\"(max-width: 450px) 100vw, 450px\" \/><\/td>\n<td style=\"padding: 10px; vertical-align: top;\"><strong><span style=\"color: #333333;\">Simons Searchlight responde \u00e0 COVID-19<\/span><\/strong><\/p>\n<p>A Dra. Wendy Chung se aproxima da comunidade Simons Searchlight.<\/p>\n<p><span style=\"color: #0000ff;\"><a style=\"color: #0000ff;\" href=\"https:\/\/www.simonssearchlight.org\/pt-br\/simons-searchlight-responde-a-covid-19\/\">Leia mais<\/a><\/span><\/td>\n<\/tr>\n<\/tbody>\n<\/table>\n","protected":false},"excerpt":{"rendered":"<p>Receba as \u00faltimas atualiza\u00e7\u00f5es do Simons Searchlight, incluindo artigos sobre nossos participantes, cientistas e outros para nossa comunidade. Um diagn\u00f3stico de autismo na idade adulta leva a uma nova meta de carreira A SPARK for Autism compartilhou recentemente a experi\u00eancia de Braxton Webb ao receber um diagn\u00f3stico gen\u00e9tico, DYRK1A. Leia mais Perfil do pesquisador: Roni [&hellip;]<\/p>\n","protected":false},"author":6,"featured_media":0,"parent":43324,"menu_order":0,"comment_status":"closed","ping_status":"closed","template":"","meta":{"_acf_changed":false,"_relevanssi_hide_post":"","_relevanssi_hide_content":"","_relevanssi_pin_for_all":"","_relevanssi_pin_keywords":"","_relevanssi_unpin_keywords":"","_relevanssi_related_keywords":"","_relevanssi_related_include_ids":"","_relevanssi_related_exclude_ids":"","_relevanssi_related_no_append":"","_relevanssi_related_not_related":"","_relevanssi_related_posts":"","_relevanssi_noindex_reason":"","footnotes":""},"acf":[],"_links":{"self":[{"href":"https:\/\/www.simonssearchlight.org\/pt-br\/wp-json\/wp\/v2\/pages\/44404"}],"collection":[{"href":"https:\/\/www.simonssearchlight.org\/pt-br\/wp-json\/wp\/v2\/pages"}],"about":[{"href":"https:\/\/www.simonssearchlight.org\/pt-br\/wp-json\/wp\/v2\/types\/page"}],"author":[{"embeddable":true,"href":"https:\/\/www.simonssearchlight.org\/pt-br\/wp-json\/wp\/v2\/users\/6"}],"replies":[{"embeddable":true,"href":"https:\/\/www.simonssearchlight.org\/pt-br\/wp-json\/wp\/v2\/comments?post=44404"}],"version-history":[{"count":1,"href":"https:\/\/www.simonssearchlight.org\/pt-br\/wp-json\/wp\/v2\/pages\/44404\/revisions"}],"predecessor-version":[{"id":44465,"href":"https:\/\/www.simonssearchlight.org\/pt-br\/wp-json\/wp\/v2\/pages\/44404\/revisions\/44465"}],"up":[{"embeddable":true,"href":"https:\/\/www.simonssearchlight.org\/pt-br\/wp-json\/wp\/v2\/pages\/43324"}],"wp:attachment":[{"href":"https:\/\/www.simonssearchlight.org\/pt-br\/wp-json\/wp\/v2\/media?parent=44404"}],"curies":[{"name":"wp","href":"https:\/\/api.w.org\/{rel}","templated":true}]}}