{"id":44306,"date":"2019-11-13T12:06:35","date_gmt":"2019-11-13T17:06:35","guid":{"rendered":"https:\/\/www.simonssearchlight.org\/processo-de-pesquisa\/disturbios-geneticos-que-estudamos\/delecao-de-2p16-3\/"},"modified":"2026-04-06T12:56:44","modified_gmt":"2026-04-06T16:56:44","slug":"delecao-de-2p16-3","status":"publish","type":"page","link":"https:\/\/www.simonssearchlight.org\/pt-br\/processo-de-pesquisa\/disturbios-geneticos-que-estudamos\/delecao-de-2p16-3\/","title":{"rendered":"Dele\u00e7\u00e3o de 2p16.3"},"content":{"rendered":"<p><strong><span style=\"font-weight: 400;\">As informa\u00e7\u00f5es para este resumo da <\/span>s\u00edndrome de dele\u00e7\u00e3o 2p16.3 <\/strong>ou <strong>dist\u00farbio relacionado ao NRXN1<\/strong> foram observadas em publica\u00e7\u00f5es de pesquisa. N\u00e3o se trata de substituir a orienta\u00e7\u00e3o m\u00e9dica.<\/p>\n<p><strong><a href=\"https:\/\/www.simonssearchlight.org\/es\/gene-guide\/sindrome-de-delecion-2p16-3\/\" target=\"_blank\" rel=\"noopener\">Clique aqui para ver nosso Guia do gene de dele\u00e7\u00e3o 2p16.3<\/a><\/strong><\/p>\n<p>O Gene Guide on-line inclui mais informa\u00e7\u00f5es sobre a <span class=\"notranslate\">dele\u00e7\u00e3o 2p16.3<\/span>, como a chance de voc\u00ea ter outro filho com essa condi\u00e7\u00e3o, preocupa\u00e7\u00f5es com o comportamento e o desenvolvimento ligadas \u00e0 <span class=\"notranslate\">dele\u00e7\u00e3o 2p16.3<\/span> ou especialistas a serem considerados para pessoas com essa condi\u00e7\u00e3o. Compartilhe este recurso com os membros da fam\u00edlia ou com seus provedores cl\u00ednicos.<\/p>\n","protected":false},"excerpt":{"rendered":"<p>As informa\u00e7\u00f5es para este resumo da s\u00edndrome de dele\u00e7\u00e3o 2p16.3 ou dist\u00farbio relacionado ao NRXN1 foram observadas em publica\u00e7\u00f5es de pesquisa. N\u00e3o se trata de substituir a orienta\u00e7\u00e3o m\u00e9dica. Clique aqui para ver nosso Guia do gene de dele\u00e7\u00e3o 2p16.3 O Gene Guide on-line inclui mais informa\u00e7\u00f5es sobre a dele\u00e7\u00e3o 2p16.3, como a chance de [&hellip;]<\/p>\n","protected":false},"author":13,"featured_media":0,"parent":43355,"menu_order":0,"comment_status":"closed","ping_status":"closed","template":"page-gene-card.php","meta":{"_acf_changed":false,"_relevanssi_hide_post":"","_relevanssi_hide_content":"","_relevanssi_pin_for_all":"","_relevanssi_pin_keywords":"","_relevanssi_unpin_keywords":"","_relevanssi_related_keywords":"","_relevanssi_related_include_ids":"","_relevanssi_related_exclude_ids":"","_relevanssi_related_no_append":"","_relevanssi_related_not_related":"","_relevanssi_related_posts":"","_relevanssi_noindex_reason":"","footnotes":""},"acf":[],"_links":{"self":[{"href":"https:\/\/www.simonssearchlight.org\/pt-br\/wp-json\/wp\/v2\/pages\/44306"}],"collection":[{"href":"https:\/\/www.simonssearchlight.org\/pt-br\/wp-json\/wp\/v2\/pages"}],"about":[{"href":"https:\/\/www.simonssearchlight.org\/pt-br\/wp-json\/wp\/v2\/types\/page"}],"author":[{"embeddable":true,"href":"https:\/\/www.simonssearchlight.org\/pt-br\/wp-json\/wp\/v2\/users\/13"}],"replies":[{"embeddable":true,"href":"https:\/\/www.simonssearchlight.org\/pt-br\/wp-json\/wp\/v2\/comments?post=44306"}],"version-history":[{"count":5,"href":"https:\/\/www.simonssearchlight.org\/pt-br\/wp-json\/wp\/v2\/pages\/44306\/revisions"}],"predecessor-version":[{"id":76038,"href":"https:\/\/www.simonssearchlight.org\/pt-br\/wp-json\/wp\/v2\/pages\/44306\/revisions\/76038"}],"up":[{"embeddable":true,"href":"https:\/\/www.simonssearchlight.org\/pt-br\/wp-json\/wp\/v2\/pages\/43355"}],"wp:attachment":[{"href":"https:\/\/www.simonssearchlight.org\/pt-br\/wp-json\/wp\/v2\/media?parent=44306"}],"curies":[{"name":"wp","href":"https:\/\/api.w.org\/{rel}","templated":true}]}}