{"id":44234,"date":"2019-11-13T11:21:21","date_gmt":"2019-11-13T16:21:21","guid":{"rendered":"https:\/\/www.simonssearchlight.org\/processo-de-pesquisa\/disturbios-geneticos-que-estudamos\/delecao-de-16p13-3\/"},"modified":"2026-01-22T12:02:42","modified_gmt":"2026-01-22T17:02:42","slug":"delecao-de-16p13-3","status":"publish","type":"page","link":"https:\/\/www.simonssearchlight.org\/pt-br\/processo-de-pesquisa\/disturbios-geneticos-que-estudamos\/delecao-de-16p13-3\/","title":{"rendered":"Dele\u00e7\u00e3o de 16p13.3"},"content":{"rendered":"<p><span style=\"font-weight: 400;\">As informa\u00e7\u00f5es para este resumo da <\/span><strong>S\u00edndrome de dele\u00e7\u00e3o 16p13.3<\/strong><span style=\"font-weight: 400;\">  vem de publica\u00e7\u00f5es de pesquisa. N\u00e3o se trata de substituir a orienta\u00e7\u00e3o m\u00e9dica. <\/span><\/p>\n<p><a href=\"https:\/\/www.simonssearchlight.org\/pt-br\/gene-guide\/sindrome-de-delecao-16p13-3\/\" target=\"_blank\" rel=\"noopener\"><strong>Clique aqui para ver nosso guia completo do gene da s\u00edndrome de dele\u00e7\u00e3o 16p13.3  <\/strong><\/a><\/p>\n<p>O Gene Guide on-line inclui mais informa\u00e7\u00f5es sobre a <span class=\"notranslate\">dele\u00e7\u00e3o 16p13.3<\/span>, como a chance de voc\u00ea ter outro filho com essa condi\u00e7\u00e3o, problemas de comportamento e desenvolvimento relacionados \u00e0 <span class=\"notranslate\">dele\u00e7\u00e3o 16p13.3<\/span> ou especialistas a serem considerados para pessoas com essa condi\u00e7\u00e3o. Compartilhe este recurso com os membros da fam\u00edlia ou com seus provedores cl\u00ednicos.<\/p>\n","protected":false},"excerpt":{"rendered":"<p>As informa\u00e7\u00f5es para este resumo da S\u00edndrome de dele\u00e7\u00e3o 16p13.3 vem de publica\u00e7\u00f5es de pesquisa. N\u00e3o se trata de substituir a orienta\u00e7\u00e3o m\u00e9dica. Clique aqui para ver nosso guia completo do gene da s\u00edndrome de dele\u00e7\u00e3o 16p13.3 O Gene Guide on-line inclui mais informa\u00e7\u00f5es sobre a dele\u00e7\u00e3o 16p13.3, como a chance de voc\u00ea ter outro [&hellip;]<\/p>\n","protected":false},"author":13,"featured_media":0,"parent":43355,"menu_order":0,"comment_status":"closed","ping_status":"closed","template":"page-gene-card.php","meta":{"_acf_changed":false,"_relevanssi_hide_post":"","_relevanssi_hide_content":"","_relevanssi_pin_for_all":"","_relevanssi_pin_keywords":"","_relevanssi_unpin_keywords":"","_relevanssi_related_keywords":"","_relevanssi_related_include_ids":"","_relevanssi_related_exclude_ids":"","_relevanssi_related_no_append":"","_relevanssi_related_not_related":"","_relevanssi_related_posts":"","_relevanssi_noindex_reason":"","footnotes":""},"acf":[],"_links":{"self":[{"href":"https:\/\/www.simonssearchlight.org\/pt-br\/wp-json\/wp\/v2\/pages\/44234"}],"collection":[{"href":"https:\/\/www.simonssearchlight.org\/pt-br\/wp-json\/wp\/v2\/pages"}],"about":[{"href":"https:\/\/www.simonssearchlight.org\/pt-br\/wp-json\/wp\/v2\/types\/page"}],"author":[{"embeddable":true,"href":"https:\/\/www.simonssearchlight.org\/pt-br\/wp-json\/wp\/v2\/users\/13"}],"replies":[{"embeddable":true,"href":"https:\/\/www.simonssearchlight.org\/pt-br\/wp-json\/wp\/v2\/comments?post=44234"}],"version-history":[{"count":3,"href":"https:\/\/www.simonssearchlight.org\/pt-br\/wp-json\/wp\/v2\/pages\/44234\/revisions"}],"predecessor-version":[{"id":76055,"href":"https:\/\/www.simonssearchlight.org\/pt-br\/wp-json\/wp\/v2\/pages\/44234\/revisions\/76055"}],"up":[{"embeddable":true,"href":"https:\/\/www.simonssearchlight.org\/pt-br\/wp-json\/wp\/v2\/pages\/43355"}],"wp:attachment":[{"href":"https:\/\/www.simonssearchlight.org\/pt-br\/wp-json\/wp\/v2\/media?parent=44234"}],"curies":[{"name":"wp","href":"https:\/\/api.w.org\/{rel}","templated":true}]}}