{"id":44225,"date":"2019-11-12T13:11:39","date_gmt":"2019-11-12T18:11:39","guid":{"rendered":"https:\/\/www.simonssearchlight.org\/processo-de-pesquisa\/disturbios-geneticos-que-estudamos\/wac\/"},"modified":"2025-09-17T09:48:03","modified_gmt":"2025-09-17T13:48:03","slug":"wac","status":"publish","type":"page","link":"https:\/\/www.simonssearchlight.org\/pt-br\/processo-de-pesquisa\/disturbios-geneticos-que-estudamos\/wac\/","title":{"rendered":"WAC"},"content":{"rendered":"<p><span style=\"font-weight: 400;\">As informa\u00e7\u00f5es para este resumo da <\/span><strong>s\u00edndrome relacionada \u00e0 WAC<\/strong><span style=\"font-weight: 400;\">  vem de publica\u00e7\u00f5es de pesquisa. N\u00e3o se trata de substituir a orienta\u00e7\u00e3o m\u00e9dica. <\/span><\/p>\n<p><a href=\"https:\/\/www.simonssearchlight.org\/es\/gene-guide\/sindrome-relacionado-con-el-wac\/\" target=\"_blank\" rel=\"noopener\"><strong>Clique aqui para ver nosso guia completo de genes da WAC<\/strong><\/a><\/p>\n<p>O Gene Guide on-line inclui mais informa\u00e7\u00f5es sobre <span class=\"notranslate\">a WAC<\/span>, como a chance de voc\u00ea ter outro filho com essa condi\u00e7\u00e3o, problemas de comportamento e desenvolvimento ligados \u00e0 s\u00edndrome <span class=\"notranslate\">relacionada \u00e0 WAC<\/span> ou especialistas a serem considerados para pessoas com essa condi\u00e7\u00e3o. Compartilhe este recurso com os membros da fam\u00edlia ou com seus provedores cl\u00ednicos.<\/p>\n<p><strong>S\u00edndrome relacionada ao WAC<\/strong><span style=\"font-weight: 400;\"> tamb\u00e9m \u00e9 chamada de <\/span><strong>s\u00edndrome de DeSanto-Shinawi<\/strong> <span style=\"font-weight: 400;\">ou<\/span> <strong>defici\u00eancia intelectual relacionada \u00e0 WAC<\/strong><span style=\"font-weight: 400;\">.<\/span> <span style=\"font-weight: 400;\">Para esta p\u00e1gina da web, usaremos o nome <\/span><strong>s\u00edndrome relacionada \u00e0 WAC<\/strong> <span style=\"font-weight: 400;\">para abranger a ampla gama de variantes observadas nas pessoas identificadas.<\/span><\/p>\n","protected":false},"excerpt":{"rendered":"<p>As informa\u00e7\u00f5es para este resumo da s\u00edndrome relacionada \u00e0 WAC vem de publica\u00e7\u00f5es de pesquisa. N\u00e3o se trata de substituir a orienta\u00e7\u00e3o m\u00e9dica. Clique aqui para ver nosso guia completo de genes da WAC O Gene Guide on-line inclui mais informa\u00e7\u00f5es sobre a WAC, como a chance de voc\u00ea ter outro filho com essa condi\u00e7\u00e3o, [&hellip;]<\/p>\n","protected":false},"author":13,"featured_media":0,"parent":43355,"menu_order":0,"comment_status":"closed","ping_status":"closed","template":"page-gene-card.php","meta":{"_acf_changed":false,"_relevanssi_hide_post":"","_relevanssi_hide_content":"","_relevanssi_pin_for_all":"","_relevanssi_pin_keywords":"","_relevanssi_unpin_keywords":"","_relevanssi_related_keywords":"","_relevanssi_related_include_ids":"","_relevanssi_related_exclude_ids":"","_relevanssi_related_no_append":"","_relevanssi_related_not_related":"","_relevanssi_related_posts":"","_relevanssi_noindex_reason":"","footnotes":""},"acf":[],"_links":{"self":[{"href":"https:\/\/www.simonssearchlight.org\/pt-br\/wp-json\/wp\/v2\/pages\/44225"}],"collection":[{"href":"https:\/\/www.simonssearchlight.org\/pt-br\/wp-json\/wp\/v2\/pages"}],"about":[{"href":"https:\/\/www.simonssearchlight.org\/pt-br\/wp-json\/wp\/v2\/types\/page"}],"author":[{"embeddable":true,"href":"https:\/\/www.simonssearchlight.org\/pt-br\/wp-json\/wp\/v2\/users\/13"}],"replies":[{"embeddable":true,"href":"https:\/\/www.simonssearchlight.org\/pt-br\/wp-json\/wp\/v2\/comments?post=44225"}],"version-history":[{"count":2,"href":"https:\/\/www.simonssearchlight.org\/pt-br\/wp-json\/wp\/v2\/pages\/44225\/revisions"}],"predecessor-version":[{"id":65142,"href":"https:\/\/www.simonssearchlight.org\/pt-br\/wp-json\/wp\/v2\/pages\/44225\/revisions\/65142"}],"up":[{"embeddable":true,"href":"https:\/\/www.simonssearchlight.org\/pt-br\/wp-json\/wp\/v2\/pages\/43355"}],"wp:attachment":[{"href":"https:\/\/www.simonssearchlight.org\/pt-br\/wp-json\/wp\/v2\/media?parent=44225"}],"curies":[{"name":"wp","href":"https:\/\/api.w.org\/{rel}","templated":true}]}}