{"id":44174,"date":"2019-10-15T10:30:26","date_gmt":"2019-10-15T14:30:26","guid":{"rendered":"https:\/\/www.simonssearchlight.org\/processo-de-pesquisa\/disturbios-geneticos-que-estudamos\/delecao-de-5q35\/"},"modified":"2026-01-22T12:07:21","modified_gmt":"2026-01-22T17:07:21","slug":"delecao-de-5q35","status":"publish","type":"page","link":"https:\/\/www.simonssearchlight.org\/pt-br\/processo-de-pesquisa\/disturbios-geneticos-que-estudamos\/delecao-de-5q35\/","title":{"rendered":"Dele\u00e7\u00e3o de 5q35"},"content":{"rendered":"<p>As informa\u00e7\u00f5es para este resumo da <strong>s\u00edndrome de dele\u00e7\u00e3o 5q35<\/strong> s\u00e3o provenientes de publica\u00e7\u00f5es de pesquisas. N\u00e3o se trata de substituir a orienta\u00e7\u00e3o m\u00e9dica.<\/p>\n<p><a href=\"https:\/\/www.simonssearchlight.org\/es\/gene-guide\/sindrome-de-delecion-5q35\/\" target=\"_blank\" rel=\"noopener\"><strong>Clique aqui para ver nosso guia completo do gene de dele\u00e7\u00e3o 5q35<\/strong><\/a><\/p>\n<p>O Gene Guide on-line inclui mais informa\u00e7\u00f5es sobre a dele\u00e7\u00e3o 5q35, como a chance de ter outro filho com essa condi\u00e7\u00e3o, preocupa\u00e7\u00f5es com o comportamento e o desenvolvimento ligadas \u00e0 dele\u00e7\u00e3o 5q35 ou especialistas a serem considerados para pessoas com essa condi\u00e7\u00e3o. Compartilhe este recurso com os membros da fam\u00edlia ou com seus provedores cl\u00ednicos.<\/p>\n<p><strong>A s\u00edndrome de dele\u00e7\u00e3o 5q35<\/strong> tamb\u00e9m \u00e9 chamada de <strong>s\u00edndrome de Sotos<\/strong>. Nesta p\u00e1gina da Web, usaremos o nome <strong>s\u00edndrome de dele\u00e7\u00e3o 5q35<\/strong> para englobar a ampla gama de variantes observadas nas pessoas identificadas.<\/p>\n","protected":false},"excerpt":{"rendered":"<p>As informa\u00e7\u00f5es para este resumo da s\u00edndrome de dele\u00e7\u00e3o 5q35 s\u00e3o provenientes de publica\u00e7\u00f5es de pesquisas. N\u00e3o se trata de substituir a orienta\u00e7\u00e3o m\u00e9dica. Clique aqui para ver nosso guia completo do gene de dele\u00e7\u00e3o 5q35 O Gene Guide on-line inclui mais informa\u00e7\u00f5es sobre a dele\u00e7\u00e3o 5q35, como a chance de ter outro filho com [&hellip;]<\/p>\n","protected":false},"author":13,"featured_media":0,"parent":43355,"menu_order":0,"comment_status":"closed","ping_status":"closed","template":"page-gene-card.php","meta":{"_acf_changed":false,"_relevanssi_hide_post":"","_relevanssi_hide_content":"","_relevanssi_pin_for_all":"","_relevanssi_pin_keywords":"","_relevanssi_unpin_keywords":"","_relevanssi_related_keywords":"","_relevanssi_related_include_ids":"","_relevanssi_related_exclude_ids":"","_relevanssi_related_no_append":"","_relevanssi_related_not_related":"","_relevanssi_related_posts":"","_relevanssi_noindex_reason":"","footnotes":""},"acf":[],"_links":{"self":[{"href":"https:\/\/www.simonssearchlight.org\/pt-br\/wp-json\/wp\/v2\/pages\/44174"}],"collection":[{"href":"https:\/\/www.simonssearchlight.org\/pt-br\/wp-json\/wp\/v2\/pages"}],"about":[{"href":"https:\/\/www.simonssearchlight.org\/pt-br\/wp-json\/wp\/v2\/types\/page"}],"author":[{"embeddable":true,"href":"https:\/\/www.simonssearchlight.org\/pt-br\/wp-json\/wp\/v2\/users\/13"}],"replies":[{"embeddable":true,"href":"https:\/\/www.simonssearchlight.org\/pt-br\/wp-json\/wp\/v2\/comments?post=44174"}],"version-history":[{"count":3,"href":"https:\/\/www.simonssearchlight.org\/pt-br\/wp-json\/wp\/v2\/pages\/44174\/revisions"}],"predecessor-version":[{"id":76315,"href":"https:\/\/www.simonssearchlight.org\/pt-br\/wp-json\/wp\/v2\/pages\/44174\/revisions\/76315"}],"up":[{"embeddable":true,"href":"https:\/\/www.simonssearchlight.org\/pt-br\/wp-json\/wp\/v2\/pages\/43355"}],"wp:attachment":[{"href":"https:\/\/www.simonssearchlight.org\/pt-br\/wp-json\/wp\/v2\/media?parent=44174"}],"curies":[{"name":"wp","href":"https:\/\/api.w.org\/{rel}","templated":true}]}}