{"id":44003,"date":"2019-09-24T14:39:31","date_gmt":"2019-09-24T18:39:31","guid":{"rendered":"https:\/\/www.simonssearchlight.org\/44003-2\/"},"modified":"2024-03-21T15:17:55","modified_gmt":"2024-03-21T19:17:55","slug":"44003-2","status":"publish","type":"page","link":"https:\/\/www.simonssearchlight.org\/pt-br\/processo-de-pesquisa\/disturbios-geneticos-que-estudamos\/dst\/44003-2\/","title":{"rendered":""},"content":{"rendered":"<h2><strong>Interrup\u00e7\u00f5es gen\u00e9ticas de novo em crian\u00e7as no espectro autista<\/strong><\/h2>\n<p>Artigo de pesquisa original de E.M. Iossifov <em>et al.<\/em> (2012).<\/p>\n<p>Leia o resumo <a href=\"https:\/\/www.nature.com\/articles\/mp2013127\">aqui<\/a><\/p>\n<p>Nesse estudo, 343 fam\u00edlias da Cole\u00e7\u00e3o Simons Simplex da Funda\u00e7\u00e3o Simons, que t\u00eam pelo menos um filho com diagn\u00f3stico de autismo, foram testadas com o sequenciamento do exoma completo. O estudo identificou de 350 a 400 novos genes &#8220;candidatos&#8221;, incluindo o DST, que podem estar relacionados a caracter\u00edsticas do autismo. Uma altera\u00e7\u00e3o que, segundo a previs\u00e3o, faz com que o gene n\u00e3o funcione corretamente foi encontrada em uma pessoa que n\u00e3o a herdou de nenhum dos pais (de novo).<\/p>\n<p>.<\/p>\n","protected":false},"excerpt":{"rendered":"<p>Interrup\u00e7\u00f5es gen\u00e9ticas de novo em crian\u00e7as no espectro autista Artigo de pesquisa original de E.M. Iossifov et al. (2012). Leia o resumo aqui Nesse estudo, 343 fam\u00edlias da Cole\u00e7\u00e3o Simons Simplex da Funda\u00e7\u00e3o Simons, que t\u00eam pelo menos um filho com diagn\u00f3stico de autismo, foram testadas com o sequenciamento do exoma completo. O estudo identificou [&hellip;]<\/p>\n","protected":false},"author":13,"featured_media":0,"parent":76917,"menu_order":0,"comment_status":"closed","ping_status":"closed","template":"","meta":{"_acf_changed":false,"_relevanssi_hide_post":"","_relevanssi_hide_content":"","_relevanssi_pin_for_all":"","_relevanssi_pin_keywords":"","_relevanssi_unpin_keywords":"","_relevanssi_related_keywords":"","_relevanssi_related_include_ids":"","_relevanssi_related_exclude_ids":"","_relevanssi_related_no_append":"","_relevanssi_related_not_related":"","_relevanssi_related_posts":"","_relevanssi_noindex_reason":"","footnotes":""},"acf":[],"_links":{"self":[{"href":"https:\/\/www.simonssearchlight.org\/pt-br\/wp-json\/wp\/v2\/pages\/44003"}],"collection":[{"href":"https:\/\/www.simonssearchlight.org\/pt-br\/wp-json\/wp\/v2\/pages"}],"about":[{"href":"https:\/\/www.simonssearchlight.org\/pt-br\/wp-json\/wp\/v2\/types\/page"}],"author":[{"embeddable":true,"href":"https:\/\/www.simonssearchlight.org\/pt-br\/wp-json\/wp\/v2\/users\/13"}],"replies":[{"embeddable":true,"href":"https:\/\/www.simonssearchlight.org\/pt-br\/wp-json\/wp\/v2\/comments?post=44003"}],"version-history":[{"count":1,"href":"https:\/\/www.simonssearchlight.org\/pt-br\/wp-json\/wp\/v2\/pages\/44003\/revisions"}],"predecessor-version":[{"id":44013,"href":"https:\/\/www.simonssearchlight.org\/pt-br\/wp-json\/wp\/v2\/pages\/44003\/revisions\/44013"}],"up":[{"embeddable":true,"href":"https:\/\/www.simonssearchlight.org\/pt-br\/wp-json\/wp\/v2\/pages\/76917"}],"wp:attachment":[{"href":"https:\/\/www.simonssearchlight.org\/pt-br\/wp-json\/wp\/v2\/media?parent=44003"}],"curies":[{"name":"wp","href":"https:\/\/api.w.org\/{rel}","templated":true}]}}