{"id":43982,"date":"2019-09-24T14:37:37","date_gmt":"2019-09-24T18:37:37","guid":{"rendered":"https:\/\/www.simonssearchlight.org\/43982-2\/"},"modified":"2024-03-21T15:17:53","modified_gmt":"2024-03-21T19:17:53","slug":"43982-2","status":"publish","type":"page","link":"https:\/\/www.simonssearchlight.org\/pt-br\/processo-de-pesquisa\/disturbios-geneticos-que-estudamos\/dst\/43982-2\/","title":{"rendered":""},"content":{"rendered":"<h1 style=\"text-align: left;\"><strong>Excesso de novas variantes raras de perda de fun\u00e7\u00e3o em genes sin\u00e1pticos na esquizofrenia e em transtornos do espectro do autismo<\/strong><\/h1>\n<p>Artigo de pesquisa original de E.M. Kenny <em>et al.<\/em> (2014).<\/p>\n<p>Leia o artigo <a href=\"https:\/\/www.nature.com\/articles\/mp2013127\">aqui<\/a>.<\/p>\n<p>Mais de 400 pessoas com esquizofrenia e transtorno do espectro do autismo foram testadas quanto a altera\u00e7\u00f5es em 215 poss\u00edveis genes de risco. Foram identificadas altera\u00e7\u00f5es gen\u00e9ticas no DST em quatro pessoas com autismo e cinco pessoas com esquizofrenia, mas tamb\u00e9m em tr\u00eas pessoas sem diferen\u00e7as sociais ou de sa\u00fade mental. Os autores desse estudo observam que n\u00e3o h\u00e1 evid\u00eancias na literatura que apoiem altera\u00e7\u00f5es raras na DST em pessoas com esquizofrenia ou autismo.<\/p>\n","protected":false},"excerpt":{"rendered":"<p>Excesso de novas variantes raras de perda de fun\u00e7\u00e3o em genes sin\u00e1pticos na esquizofrenia e em transtornos do espectro do autismo Artigo de pesquisa original de E.M. Kenny et al. (2014). Leia o artigo aqui. Mais de 400 pessoas com esquizofrenia e transtorno do espectro do autismo foram testadas quanto a altera\u00e7\u00f5es em 215 poss\u00edveis [&hellip;]<\/p>\n","protected":false},"author":13,"featured_media":0,"parent":76917,"menu_order":0,"comment_status":"closed","ping_status":"closed","template":"","meta":{"_acf_changed":false,"_relevanssi_hide_post":"","_relevanssi_hide_content":"","_relevanssi_pin_for_all":"","_relevanssi_pin_keywords":"","_relevanssi_unpin_keywords":"","_relevanssi_related_keywords":"","_relevanssi_related_include_ids":"","_relevanssi_related_exclude_ids":"","_relevanssi_related_no_append":"","_relevanssi_related_not_related":"","_relevanssi_related_posts":"","_relevanssi_noindex_reason":"","footnotes":""},"acf":[],"_links":{"self":[{"href":"https:\/\/www.simonssearchlight.org\/pt-br\/wp-json\/wp\/v2\/pages\/43982"}],"collection":[{"href":"https:\/\/www.simonssearchlight.org\/pt-br\/wp-json\/wp\/v2\/pages"}],"about":[{"href":"https:\/\/www.simonssearchlight.org\/pt-br\/wp-json\/wp\/v2\/types\/page"}],"author":[{"embeddable":true,"href":"https:\/\/www.simonssearchlight.org\/pt-br\/wp-json\/wp\/v2\/users\/13"}],"replies":[{"embeddable":true,"href":"https:\/\/www.simonssearchlight.org\/pt-br\/wp-json\/wp\/v2\/comments?post=43982"}],"version-history":[{"count":1,"href":"https:\/\/www.simonssearchlight.org\/pt-br\/wp-json\/wp\/v2\/pages\/43982\/revisions"}],"predecessor-version":[{"id":43992,"href":"https:\/\/www.simonssearchlight.org\/pt-br\/wp-json\/wp\/v2\/pages\/43982\/revisions\/43992"}],"up":[{"embeddable":true,"href":"https:\/\/www.simonssearchlight.org\/pt-br\/wp-json\/wp\/v2\/pages\/76917"}],"wp:attachment":[{"href":"https:\/\/www.simonssearchlight.org\/pt-br\/wp-json\/wp\/v2\/media?parent=43982"}],"curies":[{"name":"wp","href":"https:\/\/api.w.org\/{rel}","templated":true}]}}