{"id":43915,"date":"2019-10-01T09:42:41","date_gmt":"2019-10-01T13:42:41","guid":{"rendered":"https:\/\/www.simonssearchlight.org\/compartilhe-sua-historia-historias-anonimas\/"},"modified":"2024-03-21T15:17:07","modified_gmt":"2024-03-21T19:17:07","slug":"compartilhe-sua-historia-historias-anonimas","status":"publish","type":"page","link":"https:\/\/www.simonssearchlight.org\/pt-br\/compartilhe-sua-historia-historias-anonimas\/","title":{"rendered":"Compartilhe sua hist\u00f3ria &#8211; Hist\u00f3rias an\u00f4nimas"},"content":{"rendered":"<p>As hist\u00f3rias a seguir foram enviadas sem nomes e\/ou informa\u00e7\u00f5es sobre o diagn\u00f3stico gen\u00e9tico. Se voc\u00ea enviou sua hist\u00f3ria dando-nos permiss\u00e3o para incluir o diagn\u00f3stico gen\u00e9tico, sua hist\u00f3ria ser\u00e1 publicada na p\u00e1gina que criamos especificamente para esse gene. Os links para essas p\u00e1ginas podem ser encontrados <a href=\"https:\/\/www.simonssearchlight.org\/pt-br\/processo-de-pesquisa\/disturbios-geneticos-que-estudamos\/\">aqui<\/a>.<\/p>\n<h3>Hist\u00f3rias an\u00f4nimas:<\/h3>\n<ul>\n<li><a href=\"https:\/\/www.simonssearchlight.org\/pt-br\/compartilhe-sua-historia-historias-anonimas\/historia-anonima-no-1\/\">Hist\u00f3ria an\u00f4nima n\u00ba 1<\/a><\/li>\n<li><a href=\"https:\/\/www.simonssearchlight.org\/pt-br\/compartilhe-sua-historia-historias-anonimas\/historia-anonima-no-2\/\">Hist\u00f3ria an\u00f4nima n\u00ba 2<\/a><\/li>\n<li><a href=\"https:\/\/www.simonssearchlight.org\/pt-br\/compartilhe-sua-historia-historias-anonimas\/historia-anonima-no-3\/\">Hist\u00f3ria an\u00f4nima n\u00ba 3  <\/a><\/li>\n<li><a href=\"https:\/\/www.simonssearchlight.org\/pt-br\/compartilhe-sua-historia-historias-anonimas\/historia-anonima-no-4\/\">Hist\u00f3ria an\u00f4nima n\u00ba 4<\/a><\/li>\n<li><a href=\"https:\/\/www.simonssearchlight.org\/pt-br\/compartilhe-sua-historia-historias-anonimas\/historia-anonima-no-5\/\">Hist\u00f3ria an\u00f4nima n\u00ba 5<\/a><\/li>\n<li><a href=\"https:\/\/www.simonssearchlight.org\/pt-br\/compartilhe-sua-historia-historias-anonimas\/historia-anonima-no-6\/\">Hist\u00f3ria an\u00f4nima n\u00ba 6<\/a><\/li>\n<li><a href=\"https:\/\/www.simonssearchlight.org\/pt-br\/compartilhe-sua-historia-historias-anonimas\/historia-anonima-no-7\/\">Hist\u00f3ria an\u00f4nima n\u00ba 7<\/a><\/li>\n<li><a href=\"https:\/\/www.simonssearchlight.org\/pt-br\/compartilhe-sua-historia-historias-anonimas\/historia-anonima-no-8\/\">Hist\u00f3ria an\u00f4nima n\u00ba 8<\/a><\/li>\n<\/ul>\n","protected":false},"excerpt":{"rendered":"<p>As hist\u00f3rias a seguir foram enviadas sem nomes e\/ou informa\u00e7\u00f5es sobre o diagn\u00f3stico gen\u00e9tico. Se voc\u00ea enviou sua hist\u00f3ria dando-nos permiss\u00e3o para incluir o diagn\u00f3stico gen\u00e9tico, sua hist\u00f3ria ser\u00e1 publicada na p\u00e1gina que criamos especificamente para esse gene. Os links para essas p\u00e1ginas podem ser encontrados aqui. Hist\u00f3rias an\u00f4nimas: Hist\u00f3ria an\u00f4nima n\u00ba 1 Hist\u00f3ria an\u00f4nima [&hellip;]<\/p>\n","protected":false},"author":6,"featured_media":0,"parent":0,"menu_order":0,"comment_status":"closed","ping_status":"closed","template":"","meta":{"_acf_changed":false,"_relevanssi_hide_post":"","_relevanssi_hide_content":"","_relevanssi_pin_for_all":"","_relevanssi_pin_keywords":"","_relevanssi_unpin_keywords":"","_relevanssi_related_keywords":"","_relevanssi_related_include_ids":"","_relevanssi_related_exclude_ids":"","_relevanssi_related_no_append":"","_relevanssi_related_not_related":"","_relevanssi_related_posts":"","_relevanssi_noindex_reason":"","footnotes":""},"acf":[],"_links":{"self":[{"href":"https:\/\/www.simonssearchlight.org\/pt-br\/wp-json\/wp\/v2\/pages\/43915"}],"collection":[{"href":"https:\/\/www.simonssearchlight.org\/pt-br\/wp-json\/wp\/v2\/pages"}],"about":[{"href":"https:\/\/www.simonssearchlight.org\/pt-br\/wp-json\/wp\/v2\/types\/page"}],"author":[{"embeddable":true,"href":"https:\/\/www.simonssearchlight.org\/pt-br\/wp-json\/wp\/v2\/users\/6"}],"replies":[{"embeddable":true,"href":"https:\/\/www.simonssearchlight.org\/pt-br\/wp-json\/wp\/v2\/comments?post=43915"}],"version-history":[{"count":1,"href":"https:\/\/www.simonssearchlight.org\/pt-br\/wp-json\/wp\/v2\/pages\/43915\/revisions"}],"predecessor-version":[{"id":43921,"href":"https:\/\/www.simonssearchlight.org\/pt-br\/wp-json\/wp\/v2\/pages\/43915\/revisions\/43921"}],"wp:attachment":[{"href":"https:\/\/www.simonssearchlight.org\/pt-br\/wp-json\/wp\/v2\/media?parent=43915"}],"curies":[{"name":"wp","href":"https:\/\/api.w.org\/{rel}","templated":true}]}}