{"id":43900,"date":"2019-06-19T13:38:17","date_gmt":"2019-06-19T17:38:17","guid":{"rendered":"https:\/\/www.simonssearchlight.org\/historia-anonima-no-6\/"},"modified":"2024-03-21T15:18:05","modified_gmt":"2024-03-21T19:18:05","slug":"historia-anonima-no-6","status":"publish","type":"page","link":"https:\/\/www.simonssearchlight.org\/pt-br\/compartilhe-sua-historia-historias-anonimas\/historia-anonima-no-6\/","title":{"rendered":"Hist\u00f3ria an\u00f4nima n\u00ba 6"},"content":{"rendered":"<h3 style=\"text-align: center;\">Por: Denise, m\u00e3e de um jovem de 13 e 18 anos com uma altera\u00e7\u00e3o gen\u00e9tica<\/h3>\n<h3>Como \u00e9 o relacionamento de seu filho com seus irm\u00e3os?<\/h3>\n<p>Amorosa, divertida, boba, \u00e0s vezes com uma tend\u00eancia \u00e0 maldade.<\/p>\n<h3>O que sua fam\u00edlia faz para se divertir?<\/h3>\n<p>Filmes e jogos.<\/p>\n<h3>O que faz seu filho sorrir em seu rosto?<\/h3>\n<p>Abra\u00e7os.<\/p>\n<h3>O que o motiva a participar de pesquisas?<\/h3>\n<p>Mais respostas.<\/p>\n<h3>Como voc\u00ea acha que est\u00e1 influenciando nossa compreens\u00e3o das altera\u00e7\u00f5es gen\u00e9ticas que est\u00e3o sendo estudadas no <span class=\"notranslate\">Simons Searchlight<\/span> (16p11.2, 1q21.1 ou altera\u00e7\u00f5es em um \u00fanico gene)?<\/h3>\n<p>Gostaria de ajudar outras crian\u00e7as que sofrem de convuls\u00f5es.<\/p>\n<h3>O que voc\u00ea aprendeu sobre a doen\u00e7a de seu filho com outras fam\u00edlias?<\/h3>\n<p>At\u00e9 o momento, n\u00e3o muito.<\/p>\n<h3>Se voc\u00ea pudesse dar um conselho a algu\u00e9m recentemente diagnosticado com a altera\u00e7\u00e3o gen\u00e9tica em sua fam\u00edlia, qual seria?<\/h3>\n<p>&#8220;Aerodinamicamente, a abelha n\u00e3o deveria ser capaz de voar, mas a abelha n\u00e3o sabe disso e continua voando mesmo assim.&#8221; ~Mary Kay Ash<\/p>\n<h3>Qual \u00e9 a pergunta que voc\u00ea gostaria que os pesquisadores pudessem responder sobre a mudan\u00e7a gen\u00e9tica do seu filho?<\/h3>\n<p>Convuls\u00f5es, mais sobre as convuls\u00f5es refrat\u00e1rias.<\/p>\n<p>&nbsp;<\/p>\n","protected":false},"excerpt":{"rendered":"<p>Por: Denise, m\u00e3e de um jovem de 13 e 18 anos com uma altera\u00e7\u00e3o gen\u00e9tica Como \u00e9 o relacionamento de seu filho com seus irm\u00e3os? Amorosa, divertida, boba, \u00e0s vezes com uma tend\u00eancia \u00e0 maldade. O que sua fam\u00edlia faz para se divertir? Filmes e jogos. O que faz seu filho sorrir em seu rosto? [&hellip;]<\/p>\n","protected":false},"author":13,"featured_media":0,"parent":43915,"menu_order":0,"comment_status":"closed","ping_status":"closed","template":"","meta":{"_acf_changed":false,"_relevanssi_hide_post":"","_relevanssi_hide_content":"","_relevanssi_pin_for_all":"","_relevanssi_pin_keywords":"","_relevanssi_unpin_keywords":"","_relevanssi_related_keywords":"","_relevanssi_related_include_ids":"","_relevanssi_related_exclude_ids":"","_relevanssi_related_no_append":"","_relevanssi_related_not_related":"","_relevanssi_related_posts":"","_relevanssi_noindex_reason":"","footnotes":""},"acf":[],"_links":{"self":[{"href":"https:\/\/www.simonssearchlight.org\/pt-br\/wp-json\/wp\/v2\/pages\/43900"}],"collection":[{"href":"https:\/\/www.simonssearchlight.org\/pt-br\/wp-json\/wp\/v2\/pages"}],"about":[{"href":"https:\/\/www.simonssearchlight.org\/pt-br\/wp-json\/wp\/v2\/types\/page"}],"author":[{"embeddable":true,"href":"https:\/\/www.simonssearchlight.org\/pt-br\/wp-json\/wp\/v2\/users\/13"}],"replies":[{"embeddable":true,"href":"https:\/\/www.simonssearchlight.org\/pt-br\/wp-json\/wp\/v2\/comments?post=43900"}],"version-history":[{"count":1,"href":"https:\/\/www.simonssearchlight.org\/pt-br\/wp-json\/wp\/v2\/pages\/43900\/revisions"}],"predecessor-version":[{"id":44083,"href":"https:\/\/www.simonssearchlight.org\/pt-br\/wp-json\/wp\/v2\/pages\/43900\/revisions\/44083"}],"up":[{"embeddable":true,"href":"https:\/\/www.simonssearchlight.org\/pt-br\/wp-json\/wp\/v2\/pages\/43915"}],"wp:attachment":[{"href":"https:\/\/www.simonssearchlight.org\/pt-br\/wp-json\/wp\/v2\/media?parent=43900"}],"curies":[{"name":"wp","href":"https:\/\/api.w.org\/{rel}","templated":true}]}}