{"id":43880,"date":"2019-08-21T13:25:10","date_gmt":"2019-08-21T17:25:10","guid":{"rendered":"https:\/\/www.simonssearchlight.org\/processo-de-pesquisa\/disturbios-geneticos-que-estudamos\/duplicacao-de-7q11-23\/"},"modified":"2026-04-06T12:59:43","modified_gmt":"2026-04-06T16:59:43","slug":"duplicacao-de-7q11-23","status":"publish","type":"page","link":"https:\/\/www.simonssearchlight.org\/pt-br\/processo-de-pesquisa\/disturbios-geneticos-que-estudamos\/duplicacao-de-7q11-23\/","title":{"rendered":"Duplica\u00e7\u00e3o de 7q11.23"},"content":{"rendered":"<p><span style=\"font-weight: 400;\">As informa\u00e7\u00f5es para este resumo da <\/span><strong>S\u00edndrome de duplica\u00e7\u00e3o 7q11.23<\/strong><span style=\"font-weight: 400;\">  vem de publica\u00e7\u00f5es de pesquisa. N\u00e3o se trata de substituir a orienta\u00e7\u00e3o m\u00e9dica. <\/span><\/p>\n<p><a href=\"https:\/\/www.simonssearchlight.org\/es\/gene-guide\/sindrome-de-duplicacion-7q11-23\/\" target=\"_blank\" rel=\"noopener\"><strong>Clique aqui para ver nosso guia completo do gene de duplica\u00e7\u00e3o 7q11.23<\/strong><\/a><\/p>\n<p>O Gene Guide on-line inclui mais informa\u00e7\u00f5es sobre a duplica\u00e7\u00e3o 7q11.23, como a chance de ter outro filho com essa condi\u00e7\u00e3o, problemas de comportamento e desenvolvimento relacionados \u00e0 duplica\u00e7\u00e3o 7q11.23 ou especialistas a serem considerados para pessoas com essa condi\u00e7\u00e3o. Compartilhe este recurso com os membros da fam\u00edlia ou com seus provedores cl\u00ednicos. <\/p>\n<p><strong>S\u00edndrome de duplica\u00e7\u00e3o 7q11.23<\/strong><span style=\"font-weight: 400;\"> tamb\u00e9m \u00e9 chamada de <\/span><strong>microduplica\u00e7\u00e3o 7q11.23<\/strong><span style=\"font-weight: 400;\">.<\/span> <span style=\"font-weight: 400;\">Para esta p\u00e1gina da Web, usaremos o nome <\/span><strong>s\u00edndrome de duplica\u00e7\u00e3o 7q11.23<\/strong><span style=\"font-weight: 400;\"> para abranger a ampla gama de variantes observadas nas pessoas identificadas.<\/span><\/p>\n","protected":false},"excerpt":{"rendered":"<p>As informa\u00e7\u00f5es para este resumo da S\u00edndrome de duplica\u00e7\u00e3o 7q11.23 vem de publica\u00e7\u00f5es de pesquisa. N\u00e3o se trata de substituir a orienta\u00e7\u00e3o m\u00e9dica. Clique aqui para ver nosso guia completo do gene de duplica\u00e7\u00e3o 7q11.23 O Gene Guide on-line inclui mais informa\u00e7\u00f5es sobre a duplica\u00e7\u00e3o 7q11.23, como a chance de ter outro filho com essa [&hellip;]<\/p>\n","protected":false},"author":13,"featured_media":0,"parent":43355,"menu_order":0,"comment_status":"closed","ping_status":"closed","template":"page-gene-card.php","meta":{"_acf_changed":false,"_relevanssi_hide_post":"","_relevanssi_hide_content":"","_relevanssi_pin_for_all":"","_relevanssi_pin_keywords":"","_relevanssi_unpin_keywords":"","_relevanssi_related_keywords":"","_relevanssi_related_include_ids":"","_relevanssi_related_exclude_ids":"","_relevanssi_related_no_append":"","_relevanssi_related_not_related":"","_relevanssi_related_posts":"","_relevanssi_noindex_reason":"","footnotes":""},"acf":[],"_links":{"self":[{"href":"https:\/\/www.simonssearchlight.org\/pt-br\/wp-json\/wp\/v2\/pages\/43880"}],"collection":[{"href":"https:\/\/www.simonssearchlight.org\/pt-br\/wp-json\/wp\/v2\/pages"}],"about":[{"href":"https:\/\/www.simonssearchlight.org\/pt-br\/wp-json\/wp\/v2\/types\/page"}],"author":[{"embeddable":true,"href":"https:\/\/www.simonssearchlight.org\/pt-br\/wp-json\/wp\/v2\/users\/13"}],"replies":[{"embeddable":true,"href":"https:\/\/www.simonssearchlight.org\/pt-br\/wp-json\/wp\/v2\/comments?post=43880"}],"version-history":[{"count":5,"href":"https:\/\/www.simonssearchlight.org\/pt-br\/wp-json\/wp\/v2\/pages\/43880\/revisions"}],"predecessor-version":[{"id":76931,"href":"https:\/\/www.simonssearchlight.org\/pt-br\/wp-json\/wp\/v2\/pages\/43880\/revisions\/76931"}],"up":[{"embeddable":true,"href":"https:\/\/www.simonssearchlight.org\/pt-br\/wp-json\/wp\/v2\/pages\/43355"}],"wp:attachment":[{"href":"https:\/\/www.simonssearchlight.org\/pt-br\/wp-json\/wp\/v2\/media?parent=43880"}],"curies":[{"name":"wp","href":"https:\/\/api.w.org\/{rel}","templated":true}]}}