{"id":43787,"date":"2019-06-05T10:41:32","date_gmt":"2019-06-05T14:41:32","guid":{"rendered":"https:\/\/www.simonssearchlight.org\/processo-de-pesquisa\/disturbios-geneticos-que-estudamos\/pacs1\/a-historia-de-ilona\/"},"modified":"2024-03-21T15:15:23","modified_gmt":"2024-03-21T19:15:23","slug":"a-historia-de-ilona","status":"publish","type":"page","link":"https:\/\/www.simonssearchlight.org\/pt-br\/processo-de-pesquisa\/disturbios-geneticos-que-estudamos\/pacs1\/a-historia-de-ilona\/","title":{"rendered":"A hist\u00f3ria de Ilona"},"content":{"rendered":"<h3><img loading=\"lazy\" decoding=\"async\" class=\"size-medium wp-image-5178 aligncenter\" src=\"https:\/\/cdn.simonssearchlight.org\/wp-content\/uploads\/2019\/06\/05063907\/Ilona-240x300.jpg\" alt=\"\" width=\"240\" height=\"300\" srcset=\"https:\/\/cdn.simonssearchlight.org\/wp-content\/uploads\/2019\/06\/05063907\/Ilona-240x300.jpg 240w, https:\/\/cdn.simonssearchlight.org\/wp-content\/uploads\/2019\/06\/05063907\/Ilona-768x960.jpg 768w, https:\/\/cdn.simonssearchlight.org\/wp-content\/uploads\/2019\/06\/05063907\/Ilona-819x1024.jpg 819w, https:\/\/cdn.simonssearchlight.org\/wp-content\/uploads\/2019\/06\/05063907\/Ilona.jpg 864w\" sizes=\"(max-width: 240px) 100vw, 240px\" \/><\/h3>\n<h3 style=\"text-align: center;\">Por: Farhad, pai de Ilona, uma menina de 5 anos com uma altera\u00e7\u00e3o gen\u00e9tica PACS1<\/h3>\n<p style=\"padding-left: 30px; text-align: center;\"><em>&#8220;Podemos reclamar que as roseiras t\u00eam espinhos ou nos alegrar com o fato de que os espinheiros t\u00eam rosas.&#8221;<\/em><\/p>\n<h3>O que sua fam\u00edlia faz para se divertir?<\/h3>\n<p>Fazemos caminhadas, pintamos, cantamos, dan\u00e7amos e assistimos a programas engra\u00e7ados.<\/p>\n<h3>Fale-nos sobre a maior dificuldade que sua fam\u00edlia enfrenta.<\/h3>\n<p>Planejamento para quando n\u00f3s (os pais) n\u00e3o estivermos mais aqui.<\/p>\n<h3>O que faz seu filho sorrir em seu rosto?<\/h3>\n<p>Sua voz, sua risada, a maneira como ela canta<\/p>\n<h3>O que o motiva a participar de pesquisas?<\/h3>\n<p>Espero que um dia ela seja independente o suficiente para cuidar de si mesma e interagir com os amigos.<\/p>\n<h3>Como voc\u00ea acha que est\u00e1 influenciando nossa compreens\u00e3o das altera\u00e7\u00f5es gen\u00e9ticas que est\u00e3o sendo estudadas no <span class=\"notranslate\">Simons Searchlight<\/span> (16p11.2, 1q21.1 ou altera\u00e7\u00f5es em um \u00fanico gene)?<\/h3>\n<p>O <span class=\"notranslate\">Simons Searchlight<\/span> d\u00e1 voz unificada aos pacientes raros!<\/p>\n<h3>O que voc\u00ea aprendeu sobre a doen\u00e7a de seu filho com outras fam\u00edlias?<\/h3>\n<p>Eles t\u00eam muito em comum, mais um com o outro do que com irm\u00e3os biol\u00f3gicos. As personalidades individuais ainda brilham quando voc\u00ea as conhece.<\/p>\n<h3>Se voc\u00ea pudesse dar um conselho a algu\u00e9m recentemente diagnosticado com a altera\u00e7\u00e3o gen\u00e9tica em sua fam\u00edlia, qual seria?<\/h3>\n<p>&#8220;Podemos reclamar que as roseiras t\u00eam espinhos ou nos alegrar com o fato de que os espinheiros t\u00eam rosas.&#8221;<\/p>\n<h3>Qual \u00e9 a pergunta que voc\u00ea gostaria que os pesquisadores pudessem responder sobre a mudan\u00e7a gen\u00e9tica do seu filho?<\/h3>\n<p>As habilidades cognitivas podem ser aprimoradas com medicamentos?<\/p>\n","protected":false},"excerpt":{"rendered":"<p>Por: Farhad, pai de Ilona, uma menina de 5 anos com uma altera\u00e7\u00e3o gen\u00e9tica PACS1 &#8220;Podemos reclamar que as roseiras t\u00eam espinhos ou nos alegrar com o fato de que os espinheiros t\u00eam rosas.&#8221; O que sua fam\u00edlia faz para se divertir? Fazemos caminhadas, pintamos, cantamos, dan\u00e7amos e assistimos a programas engra\u00e7ados. Fale-nos sobre a [&hellip;]<\/p>\n","protected":false},"author":25,"featured_media":0,"parent":43506,"menu_order":0,"comment_status":"closed","ping_status":"closed","template":"","meta":{"_acf_changed":false,"_relevanssi_hide_post":"","_relevanssi_hide_content":"","_relevanssi_pin_for_all":"","_relevanssi_pin_keywords":"","_relevanssi_unpin_keywords":"","_relevanssi_related_keywords":"","_relevanssi_related_include_ids":"","_relevanssi_related_exclude_ids":"","_relevanssi_related_no_append":"","_relevanssi_related_not_related":"","_relevanssi_related_posts":"","_relevanssi_noindex_reason":"","footnotes":""},"acf":[],"_links":{"self":[{"href":"https:\/\/www.simonssearchlight.org\/pt-br\/wp-json\/wp\/v2\/pages\/43787"}],"collection":[{"href":"https:\/\/www.simonssearchlight.org\/pt-br\/wp-json\/wp\/v2\/pages"}],"about":[{"href":"https:\/\/www.simonssearchlight.org\/pt-br\/wp-json\/wp\/v2\/types\/page"}],"author":[{"embeddable":true,"href":"https:\/\/www.simonssearchlight.org\/pt-br\/wp-json\/wp\/v2\/users\/25"}],"replies":[{"embeddable":true,"href":"https:\/\/www.simonssearchlight.org\/pt-br\/wp-json\/wp\/v2\/comments?post=43787"}],"version-history":[{"count":1,"href":"https:\/\/www.simonssearchlight.org\/pt-br\/wp-json\/wp\/v2\/pages\/43787\/revisions"}],"predecessor-version":[{"id":43802,"href":"https:\/\/www.simonssearchlight.org\/pt-br\/wp-json\/wp\/v2\/pages\/43787\/revisions\/43802"}],"up":[{"embeddable":true,"href":"https:\/\/www.simonssearchlight.org\/pt-br\/wp-json\/wp\/v2\/pages\/43506"}],"wp:attachment":[{"href":"https:\/\/www.simonssearchlight.org\/pt-br\/wp-json\/wp\/v2\/media?parent=43787"}],"curies":[{"name":"wp","href":"https:\/\/api.w.org\/{rel}","templated":true}]}}