{"id":43732,"date":"2019-05-31T11:57:48","date_gmt":"2019-05-31T15:57:48","guid":{"rendered":"https:\/\/www.simonssearchlight.org\/processo-de-pesquisa\/disturbios-geneticos-que-estudamos\/delecao-1q21-1\/a-historia-de-finnian\/"},"modified":"2024-03-21T15:15:20","modified_gmt":"2024-03-21T19:15:20","slug":"a-historia-de-finnian","status":"publish","type":"page","link":"https:\/\/www.simonssearchlight.org\/pt-br\/processo-de-pesquisa\/disturbios-geneticos-que-estudamos\/delecao-1q21-1\/a-historia-de-finnian\/","title":{"rendered":"A hist\u00f3ria de Finnian"},"content":{"rendered":"<h3 style=\"text-align: center;\">Por: Lynn, m\u00e3e de Finnian, de 6 anos, com dele\u00e7\u00e3o 1q21.1<\/h3>\n<p style=\"padding-left: 30px;\"><em>&#8220;Nunca desista, sempre tenha esperan\u00e7a e busque conselhos e ajuda quando precisar. Especialmente de outras fam\u00edlias que estejam passando por experi\u00eancias semelhantes.&#8221;<\/em><\/p>\n<h3>Como \u00e9 o relacionamento de seu filho com seus irm\u00e3os?<\/h3>\n<p>Ele adora seus irm\u00e3os, mas geralmente prefere brincar sozinho e \u00e9 facilmente incomodado por eles devido a sensibilidades sensoriais. Mas quando eles jogam bem juntos, \u00e9 muito legal de assistir!<\/p>\n<h3>O que sua fam\u00edlia faz para se divertir?<\/h3>\n<p>V\u00e1 ver os av\u00f3s e amigos, v\u00e1 ao parque, fa\u00e7a caminhadas ou ande de bicicleta, fa\u00e7a viagens de carro, assista a filmes e jogue jogos de tabuleiro e videogame em casa.<\/p>\n<h3>Fale-nos sobre a maior dificuldade que sua fam\u00edlia enfrenta.<\/h3>\n<p>N\u00e3o saber quais s\u00e3o alguns de seus problemas ou a melhor forma de trat\u00e1-los. Muita coisa ainda \u00e9 um mist\u00e9rio e \u00e9 extremamente dif\u00edcil obter respostas para ajudar a direcionar seus cuidados e proporcionar a ele a melhor vida poss\u00edvel. Tamb\u00e9m estamos preocupados com o que o futuro dele nos reserva e se as coisas v\u00e3o melhorar. Dirigimos para v\u00e1rias terapias e consultas todas as semanas, al\u00e9m disso, nosso filho mais velho (sem dele\u00e7\u00e3o) \u00e9 autista e tem suas pr\u00f3prias terapias.<\/p>\n<h3>O que faz seu filho sorrir em seu rosto?<\/h3>\n<p>Como ele \u00e9 amoroso. Ele adora todo mundo e est\u00e1 sempre pronto para oferecer um sorriso. Sua inoc\u00eancia e do\u00e7ura nos fazem rir. Ele tamb\u00e9m \u00e9 um grande paquerador de enfermeiras!<\/p>\n<h3>O que o motiva a participar de pesquisas?<\/h3>\n<p>A esperan\u00e7a de ajudar outras fam\u00edlias a saber o que esperar. Talvez eles pudessem encontrar respostas mais cedo, em vez de passar v\u00e1rios anos tentando desvendar os mist\u00e9rios como n\u00f3s fizemos. Esperamos que isso ajude os pesquisadores a associar quais doen\u00e7as podem estar ligadas aos genes individuais que foram exclu\u00eddos.<\/p>\n<h3>Como voc\u00ea acha que est\u00e1 influenciando nossa compreens\u00e3o das altera\u00e7\u00f5es gen\u00e9ticas que est\u00e3o sendo estudadas no <span class=\"notranslate\">Simons Searchlight<\/span> (16p11.2, 1q21.1 ou altera\u00e7\u00f5es em um \u00fanico gene)?<\/h3>\n<p>Ao fornecer os sintomas e diagn\u00f3sticos que nosso filho recebeu devido ao 1q21.1, esperamos que isso ajude os pesquisadores a saber quais \u00e1reas ou genes precisam de mais estudos. Esperamos que isso leve a novas pesquisas que nos d\u00eaem respostas mais concretas sobre todos os &#8220;porqu\u00eas&#8221;.<\/p>\n<h3>O que voc\u00ea aprendeu sobre a doen\u00e7a de seu filho com outras fam\u00edlias?<\/h3>\n<p>Aprendi muito mais do que imaginava! Nosso grupo no Facebook tem sido o melhor recurso. Muitas coisas que nunca nos foram contadas pelo conselheiro gen\u00e9tico ou em panfletos foram compartilhadas por outras fam\u00edlias. Recebemos compartilhamento em tempo real do que \u00e9 mais comum (e de um grupo muito maior do que os pequenos estudos realizados) ou do que seus m\u00e9dicos encontraram. Isso nos ajuda a saber o que perguntar aos m\u00e9dicos de nosso filho ou que ajuda procurar. H\u00e1 v\u00e1rios problemas de sa\u00fade sobre os quais n\u00e3o me lembro de ter lido em artigos sobre exclus\u00e3o, mas que estamos aprendendo que parecem ser bastante comuns.<\/p>\n<h3>Se voc\u00ea pudesse dar um conselho a algu\u00e9m recentemente diagnosticado com a altera\u00e7\u00e3o gen\u00e9tica em sua fam\u00edlia, qual seria?<\/h3>\n<p>Nunca desista, tenha sempre esperan\u00e7a e busque conselhos e ajuda quando precisar. Especialmente de outras fam\u00edlias que est\u00e3o passando por experi\u00eancias semelhantes.<\/p>\n<h3>Qual \u00e9 a pergunta que voc\u00ea gostaria que os pesquisadores pudessem responder sobre a mudan\u00e7a gen\u00e9tica do seu filho?<\/h3>\n<p>Eu tenho mais de um! A doen\u00e7a mitocondrial est\u00e1 ligada \u00e0 dele\u00e7\u00e3o 1q21.1? Por que todos os problemas neurol\u00f3gicos? Ainda n\u00e3o descobrimos isso e todos os exames est\u00e3o normais.<\/p>\n","protected":false},"excerpt":{"rendered":"<p>Por: Lynn, m\u00e3e de Finnian, de 6 anos, com dele\u00e7\u00e3o 1q21.1 &#8220;Nunca desista, sempre tenha esperan\u00e7a e busque conselhos e ajuda quando precisar. Especialmente de outras fam\u00edlias que estejam passando por experi\u00eancias semelhantes.&#8221; Como \u00e9 o relacionamento de seu filho com seus irm\u00e3os? Ele adora seus irm\u00e3os, mas geralmente prefere brincar sozinho e \u00e9 facilmente [&hellip;]<\/p>\n","protected":false},"author":25,"featured_media":0,"parent":43362,"menu_order":0,"comment_status":"closed","ping_status":"closed","template":"","meta":{"_acf_changed":false,"_relevanssi_hide_post":"","_relevanssi_hide_content":"","_relevanssi_pin_for_all":"","_relevanssi_pin_keywords":"","_relevanssi_unpin_keywords":"","_relevanssi_related_keywords":"","_relevanssi_related_include_ids":"","_relevanssi_related_exclude_ids":"","_relevanssi_related_no_append":"","_relevanssi_related_not_related":"","_relevanssi_related_posts":"","_relevanssi_noindex_reason":"","footnotes":""},"acf":[],"_links":{"self":[{"href":"https:\/\/www.simonssearchlight.org\/pt-br\/wp-json\/wp\/v2\/pages\/43732"}],"collection":[{"href":"https:\/\/www.simonssearchlight.org\/pt-br\/wp-json\/wp\/v2\/pages"}],"about":[{"href":"https:\/\/www.simonssearchlight.org\/pt-br\/wp-json\/wp\/v2\/types\/page"}],"author":[{"embeddable":true,"href":"https:\/\/www.simonssearchlight.org\/pt-br\/wp-json\/wp\/v2\/users\/25"}],"replies":[{"embeddable":true,"href":"https:\/\/www.simonssearchlight.org\/pt-br\/wp-json\/wp\/v2\/comments?post=43732"}],"version-history":[{"count":1,"href":"https:\/\/www.simonssearchlight.org\/pt-br\/wp-json\/wp\/v2\/pages\/43732\/revisions"}],"predecessor-version":[{"id":43740,"href":"https:\/\/www.simonssearchlight.org\/pt-br\/wp-json\/wp\/v2\/pages\/43732\/revisions\/43740"}],"up":[{"embeddable":true,"href":"https:\/\/www.simonssearchlight.org\/pt-br\/wp-json\/wp\/v2\/pages\/43362"}],"wp:attachment":[{"href":"https:\/\/www.simonssearchlight.org\/pt-br\/wp-json\/wp\/v2\/media?parent=43732"}],"curies":[{"name":"wp","href":"https:\/\/api.w.org\/{rel}","templated":true}]}}