{"id":43703,"date":"2019-05-29T13:57:04","date_gmt":"2019-05-29T17:57:04","guid":{"rendered":"https:\/\/www.simonssearchlight.org\/historia-anonima-no-4\/"},"modified":"2024-03-21T15:15:17","modified_gmt":"2024-03-21T19:15:17","slug":"historia-anonima-no-4","status":"publish","type":"page","link":"https:\/\/www.simonssearchlight.org\/pt-br\/compartilhe-sua-historia-historias-anonimas\/historia-anonima-no-4\/","title":{"rendered":"Hist\u00f3ria an\u00f4nima n\u00ba 4"},"content":{"rendered":"<h3 style=\"text-align: center;\">Por: pai de um jovem de 17 anos com uma altera\u00e7\u00e3o gen\u00e9tica rara<\/h3>\n<p style=\"padding-left: 30px; text-align: center;\"><em>&#8220;Obtenha toda a ajuda e suporte que puder&#8221;<\/em><\/p>\n<h3>Como \u00e9 o relacionamento de seu filho com seus irm\u00e3os?<\/h3>\n<p>Bom<\/p>\n<h3>O que sua fam\u00edlia faz para se divertir?<\/h3>\n<p>Esportes<\/p>\n<h3>Fale-nos sobre a maior dificuldade que sua fam\u00edlia enfrenta.<\/h3>\n<p>Preocupa\u00e7\u00e3o com o futuro de nosso filho<\/p>\n<h3>O que faz seu filho sorrir em seu rosto?<\/h3>\n<p>Seu senso de humor e honestidade<\/p>\n<h3>O que o motiva a participar de pesquisas?<\/h3>\n<p>Para saber mais<\/p>\n<h3>O que voc\u00ea aprendeu sobre a doen\u00e7a de seu filho com outras fam\u00edlias?<\/h3>\n<p>Sintomas comuns<\/p>\n<h3>Se voc\u00ea pudesse dar um conselho a algu\u00e9m recentemente diagnosticado com a altera\u00e7\u00e3o gen\u00e9tica em sua fam\u00edlia, qual seria?<\/h3>\n<p>Obtenha toda a ajuda e suporte que puder<\/p>\n<h3>Qual \u00e9 a pergunta que voc\u00ea gostaria que os pesquisadores pudessem responder sobre a mudan\u00e7a gen\u00e9tica do seu filho?<\/h3>\n<p>Problemas futuros<\/p>\n<h3>H\u00e1 mais alguma coisa que gostaria de compartilhar com outras fam\u00edlias?<\/h3>\n<p>Ele tem problemas de bexiga<\/p>\n","protected":false},"excerpt":{"rendered":"<p>Por: pai de um jovem de 17 anos com uma altera\u00e7\u00e3o gen\u00e9tica rara &#8220;Obtenha toda a ajuda e suporte que puder&#8221; Como \u00e9 o relacionamento de seu filho com seus irm\u00e3os? Bom O que sua fam\u00edlia faz para se divertir? Esportes Fale-nos sobre a maior dificuldade que sua fam\u00edlia enfrenta. Preocupa\u00e7\u00e3o com o futuro de [&hellip;]<\/p>\n","protected":false},"author":25,"featured_media":0,"parent":43915,"menu_order":0,"comment_status":"closed","ping_status":"closed","template":"","meta":{"_acf_changed":false,"_relevanssi_hide_post":"","_relevanssi_hide_content":"","_relevanssi_pin_for_all":"","_relevanssi_pin_keywords":"","_relevanssi_unpin_keywords":"","_relevanssi_related_keywords":"","_relevanssi_related_include_ids":"","_relevanssi_related_exclude_ids":"","_relevanssi_related_no_append":"","_relevanssi_related_not_related":"","_relevanssi_related_posts":"","_relevanssi_noindex_reason":"","footnotes":""},"acf":[],"_links":{"self":[{"href":"https:\/\/www.simonssearchlight.org\/pt-br\/wp-json\/wp\/v2\/pages\/43703"}],"collection":[{"href":"https:\/\/www.simonssearchlight.org\/pt-br\/wp-json\/wp\/v2\/pages"}],"about":[{"href":"https:\/\/www.simonssearchlight.org\/pt-br\/wp-json\/wp\/v2\/types\/page"}],"author":[{"embeddable":true,"href":"https:\/\/www.simonssearchlight.org\/pt-br\/wp-json\/wp\/v2\/users\/25"}],"replies":[{"embeddable":true,"href":"https:\/\/www.simonssearchlight.org\/pt-br\/wp-json\/wp\/v2\/comments?post=43703"}],"version-history":[{"count":1,"href":"https:\/\/www.simonssearchlight.org\/pt-br\/wp-json\/wp\/v2\/pages\/43703\/revisions"}],"predecessor-version":[{"id":43710,"href":"https:\/\/www.simonssearchlight.org\/pt-br\/wp-json\/wp\/v2\/pages\/43703\/revisions\/43710"}],"up":[{"embeddable":true,"href":"https:\/\/www.simonssearchlight.org\/pt-br\/wp-json\/wp\/v2\/pages\/43915"}],"wp:attachment":[{"href":"https:\/\/www.simonssearchlight.org\/pt-br\/wp-json\/wp\/v2\/media?parent=43703"}],"curies":[{"name":"wp","href":"https:\/\/api.w.org\/{rel}","templated":true}]}}