{"id":43656,"date":"2019-05-14T13:17:05","date_gmt":"2019-05-14T17:17:05","guid":{"rendered":"https:\/\/www.simonssearchlight.org\/termos-e-condicoes\/"},"modified":"2024-03-21T15:15:13","modified_gmt":"2024-03-21T19:15:13","slug":"termos-e-condicoes","status":"publish","type":"page","link":"https:\/\/www.simonssearchlight.org\/pt-br\/termos-e-condicoes\/","title":{"rendered":"Termos e condi\u00e7\u00f5es"},"content":{"rendered":"<p><strong>Termos de uso do <span class=\"notranslate\">Simons Searchlight<\/span><\/strong><\/p>\n<p>Ao usar o portal da Web da <span class=\"notranslate\">Simons Searchlight<\/span>, voc\u00ea declara que leu, entendeu e concordou com estes Termos de Uso. Reservamo-nos o direito de modificar estes termos a qualquer momento, a nosso crit\u00e9rio exclusivo, sem aviso pr\u00e9vio. Todas as modifica\u00e7\u00f5es a estes Termos de Uso ser\u00e3o publicadas no portal da Web. Recomendamos que voc\u00ea consulte periodicamente os Termos de Uso do portal da Web para verificar se h\u00e1 atualiza\u00e7\u00f5es e altera\u00e7\u00f5es. O uso continuado de nosso portal da Web indica sua concord\u00e2ncia com essas modifica\u00e7\u00f5es. Se n\u00e3o concordar com estes Termos de Uso, n\u00e3o nos forne\u00e7a nenhuma informa\u00e7\u00e3o pessoal e evite usar nosso portal.<\/p>\n<p><strong>Uso do site e descri\u00e7\u00e3o do servi\u00e7o<\/strong><\/p>\n<p>A <span class=\"notranslate\">Simons Searchlight<\/span> \u00e9 uma comunidade on-line que apoia fam\u00edlias com altera\u00e7\u00f5es gen\u00e9ticas raras (tamb\u00e9m chamadas de &#8220;variantes gen\u00f4micas&#8221;) associadas a caracter\u00edsticas de autismo e atraso no desenvolvimento. Fornecemos acesso a recursos, informa\u00e7\u00f5es e apoio \u00e0 fam\u00edlia. O objetivo do portal <span class=\"notranslate\">Simons Searchlight<\/span> na Web \u00e9 permitir que indiv\u00edduos, fam\u00edlias e provedores de servi\u00e7os m\u00e9dicos e de pesquisa registrem determinadas informa\u00e7\u00f5es no banco de dados de registro do site. As informa\u00e7\u00f5es fornecidas pelo registrante, durante o registro, s\u00e3o mantidas em um banco de dados seguro e nunca ser\u00e3o compartilhadas sem o consentimento expresso do registrante.<\/p>\n<p>O portal da Web do <span class=\"notranslate\">Simons Searchlight<\/span> incluir\u00e1 v\u00e1rios recursos e fun\u00e7\u00f5es, tais como<\/p>\n<ul>\n<li>a capacidade de pesquisar e ler artigos de not\u00edcias originais e reproduzidos e artigos de opini\u00e3o,<\/li>\n<li>a capacidade de assistir a v\u00eddeos informativos;<\/li>\n<li>a capacidade de participar de webinars;<\/li>\n<li>a capacidade de pesquisar, ler sobre e participar de pesquisas com seres humanos;<\/li>\n<li>a capacidade de combinar os participantes, com base nos dados inseridos, com conte\u00fado, comunidades e estudos;<\/li>\n<li>a capacidade de ver dados agregados sobre comunidades de participantes de pesquisas;<\/li>\n<li>a capacidade de carregar e organizar registros m\u00e9dicos relacionados; e<\/li>\n<li>a capacidade de documentar o hist\u00f3rico familiar de condi\u00e7\u00f5es m\u00e9dicas.<\/li>\n<\/ul>\n<p>O portal da Web da <span class=\"notranslate\">Simons Searchlight<\/span> n\u00e3o se destina a menores de 18 anos. Voc\u00ea afirma que tem 18 anos de idade ou mais, que \u00e9 menor emancipado ou que possui o consentimento legal dos pais ou do respons\u00e1vel; que \u00e9 plenamente capaz e competente para aceitar os termos, as condi\u00e7\u00f5es, as obriga\u00e7\u00f5es, as afirma\u00e7\u00f5es, as representa\u00e7\u00f5es e as garantias estabelecidas nestes Termos de Uso; que, de outra forma, \u00e9 capaz de firmar acordos legalmente vinculantes de acordo com a legisla\u00e7\u00e3o aplic\u00e1vel; e que concorda em respeitar e cumprir estes Termos de Uso.<\/p>\n<p>O uso e o acesso ao portal da Web s\u00e3o disponibilizados exclusivamente para seu uso pessoal e n\u00e3o comercial. Voc\u00ea pode fazer uma c\u00f3pia de qualquer parte do portal da Web em qualquer m\u00eddia para uso pessoal e n\u00e3o comercial, mas deve obter nosso consentimento pr\u00e9vio para fazer c\u00f3pias adicionais, distribuir essas c\u00f3pias adicionais ou exibir publicamente qualquer informa\u00e7\u00e3o fornecida no portal da Web. Al\u00e9m disso, seu uso cont\u00ednuo do portal da Web est\u00e1 condicionado \u00e0 sua conformidade com estes Termos de Uso.<\/p>\n<p>Voc\u00ea entende que, ao usar o site, poder\u00e1 ser exposto a conte\u00fado que pode incluir erros t\u00e9cnicos, tipogr\u00e1ficos, cient\u00edficos ou fotogr\u00e1ficos ou que pode ser ofensivo, indecente ou question\u00e1vel. Se voc\u00ea encontrar informa\u00e7\u00f5es ou conte\u00fado imprecisos, desatualizados ou incompletos neste site, ou se suspeitar que qualquer conte\u00fado publicado neste site seja uma viola\u00e7\u00e3o dos direitos de propriedade intelectual de terceiros ou seja de outra forma ilegal, informe-nos imediatamente entrando em contato com <a href=\"mailto:coordinator@simonssearchlight.org\">coordinator@simonssearchlight.org.<\/a> Tomaremos medidas razo\u00e1veis para analisar e investigar todas as consultas e nos reservamos o direito de tomar qualquer medida (ou de nos abstermos de tomar qualquer medida) que considerarmos apropriada de acordo com as circunst\u00e2ncias.<\/p>\n<p>A <span class=\"notranslate\">Simons Searchlight<\/span> dedica-se ao avan\u00e7o da ci\u00eancia das altera\u00e7\u00f5es gen\u00e9ticas relacionadas ao autismo. Somos uma parceria entre os principais cientistas, pesquisadores e fam\u00edlias. Acreditamos que a \u00fanica maneira de fazer avan\u00e7os significativos \u00e9 fazer isso juntos. Ao mesmo tempo, reconhecemos que v\u00e1rias organiza\u00e7\u00f5es podem existir para apoiar uma \u00fanica condi\u00e7\u00e3o gen\u00e9tica. Essas organiza\u00e7\u00f5es podem ter status oficial de organiza\u00e7\u00e3o sem fins lucrativos ou podem ser simplesmente uma comunidade de fam\u00edlias que se conectaram por meio da m\u00eddia social. A <span class=\"notranslate\">Simons Searchlight<\/span> valoriza e incentiva a colabora\u00e7\u00e3o, a transpar\u00eancia e o compartilhamento aberto de informa\u00e7\u00f5es entre as partes interessadas e prioriza o trabalho com grupos que compartilham esses mesmos valores. Trabalhamos como uma parte neutra com as organiza\u00e7\u00f5es e temos como objetivo fornecer informa\u00e7\u00f5es inclusivas, recursos e oportunidades de pesquisa para toda a comunidade.<\/p>\n<p>&nbsp;<\/p>\n<p>Todo o conte\u00fado produzido pela <span class=\"notranslate\">Simons Searchlight<\/span> \u00e9 de propriedade e gerenciado pela <span class=\"notranslate\">Simons Foundation<\/span>. Se suspeitarmos que um indiv\u00edduo ou organiza\u00e7\u00e3o est\u00e1 trabalhando de m\u00e1-f\u00e9 ou com prop\u00f3sitos contr\u00e1rios \u00e0 miss\u00e3o da <span class=\"notranslate\">Simons Searchlight<\/span>, reservamo-nos o direito de solicitar a remo\u00e7\u00e3o do conte\u00fado da <span class=\"notranslate\">Simons Searchlight<\/span> do site e dos feeds de m\u00eddia social do indiv\u00edduo ou da organiza\u00e7\u00e3o.<\/p>\n<p><strong>N\u00e3o \u00e9 uma orienta\u00e7\u00e3o m\u00e9dica<\/strong><\/p>\n<p>O conte\u00fado contido neste site e qualquer comunica\u00e7\u00e3o com a equipe da <span class=\"notranslate\">Simons Searchlight<\/span> por meio do site n\u00e3o se destinam a constituir aconselhamento m\u00e9dico e n\u00e3o formam uma rela\u00e7\u00e3o m\u00e9dico\/paciente. A <span class=\"notranslate\">Simons Searchlight<\/span> e a <span class=\"notranslate\">Simons Foundation<\/span> n\u00e3o se responsabilizam pelo conte\u00fado do site ou pelas consequ\u00eancias de quaisquer a\u00e7\u00f5es tomadas com base nas informa\u00e7\u00f5es fornecidas. A precis\u00e3o, a integridade, a adequa\u00e7\u00e3o ou a atualidade do conte\u00fado n\u00e3o s\u00e3o garantidas ou asseguradas. O uso de informa\u00e7\u00f5es no site ou de materiais vinculados ao site \u00e9 por conta e risco do usu\u00e1rio. O conte\u00fado do site, como textos, gr\u00e1ficos, imagens e outros materiais, \u00e9 apenas para fins informativos. O conte\u00fado n\u00e3o tem a inten\u00e7\u00e3o de substituir a orienta\u00e7\u00e3o, o diagn\u00f3stico ou o tratamento m\u00e9dico profissional. Os usu\u00e1rios devem sempre procurar a orienta\u00e7\u00e3o de m\u00e9dicos ou outros profissionais de sa\u00fade qualificados em caso de d\u00favidas sobre uma condi\u00e7\u00e3o m\u00e9dica. Os usu\u00e1rios nunca devem desconsiderar a orienta\u00e7\u00e3o m\u00e9dica profissional ou demorar a procur\u00e1-la por causa de algo no site. O site n\u00e3o recomenda nem endossa nenhum teste, produto, procedimento, opini\u00e3o ou outra informa\u00e7\u00e3o espec\u00edfica que possa ser mencionada no site.<\/p>\n<p><strong>Direitos de propriedade intelectual<\/strong><\/p>\n<p>Todo o conte\u00fado deste site \u00e9 de propriedade da <span class=\"notranslate\">Simons Foundation<\/span> ou de suas afiliadas, licenciadores ou provedores de conte\u00fado de terceiros, incluindo nossos visitantes. A The <span class=\"notranslate\">Simons Foundation<\/span> se reserva todos os direitos e t\u00edtulos de todos os materiais originais e protegidos por direitos autorais no site, dos quais somos os autores ou para os quais obtivemos t\u00edtulo de outra forma, incluindo, entre outros, texto, design, manuais, informa\u00e7\u00f5es, conte\u00fado, gr\u00e1ficos, imagens, fotos, som e outros arquivos e a sele\u00e7\u00e3o, compila\u00e7\u00e3o e arranjo dos mesmos em seu sentido coletivo. O usu\u00e1rio n\u00e3o copiar\u00e1, modificar\u00e1, redistribuir\u00e1, transmitir\u00e1, publicar\u00e1, adaptar\u00e1, traduzir\u00e1, preparar\u00e1 trabalhos derivados, explorar\u00e1 comercialmente, vender\u00e1, licenciar\u00e1, descompilar\u00e1, far\u00e1 engenharia reversa, desmontar\u00e1 ou tentar\u00e1 derivar o c\u00f3digo-fonte de qualquer um de nossos servi\u00e7os, software, conte\u00fado ou documenta\u00e7\u00e3o, ou criar\u00e1 ou tentar\u00e1 criar um servi\u00e7o ou produto substituto ou similar por meio do uso ou acesso a este site ou a qualquer site relacionado ou informa\u00e7\u00f5es propriet\u00e1rias relacionadas a ele, sem nosso consentimento pr\u00e9vio por escrito. \u00c9 proibida a reimpress\u00e3o ou qualquer outra exibi\u00e7\u00e3o p\u00fablica de nosso conte\u00fado original sem permiss\u00e3o expressa por escrito. Al\u00e9m disso, voc\u00ea n\u00e3o pode remover ou ocultar o aviso de direitos autorais ou quaisquer outros avisos contidos no site ou em qualquer coisa recuperada ou baixada dele.<\/p>\n<p>Os nomes, as marcas comerciais, as marcas de servi\u00e7o e as marcas de design (inclusive logotipos) usados neste site s\u00e3o de propriedade da <span class=\"notranslate\">Simons Foundation<\/span> ou de suas afiliadas, licenciadores ou provedores de conte\u00fado de terceiros, e voc\u00ea n\u00e3o usar\u00e1 nenhum desses nomes ou marcas em qualquer propaganda ou publicidade ou, de outra forma, para indicar o patroc\u00ednio ou a afilia\u00e7\u00e3o a qualquer produto ou servi\u00e7o, sem o consentimento pr\u00e9vio por escrito do propriet\u00e1rio de qualquer um desses nomes ou marcas.<\/p>\n<p><strong>Padr\u00f5es de comportamento aceitos<\/strong><\/p>\n<p>N\u00f3s o incentivamos a usar o site, mas a faz\u00ea-lo com responsabilidade. Ao fazer isso, voc\u00ea concorda em obedecer \u00e0s seguintes regras:<\/p>\n<ul>\n<li>n\u00e3o fazer nenhum ataque pessoal a qualquer pessoa, grupo de pessoas, empresa ou companhia;<\/li>\n<li>n\u00e3o enviar ou criar qualquer link para qualquer material difamat\u00f3rio, obsceno ou profano (mesmo que disfar\u00e7ado com asterisco ou outra tipografia), indecente, lascivo, pornogr\u00e1fico, violento, abusivo, ofensivo, insultante, amea\u00e7ador, amea\u00e7ador, ilegal ou blasfemo;<\/li>\n<li>n\u00e3o enviar ou criar qualquer link para qualquer material que represente invas\u00e3o de privacidade, viola\u00e7\u00e3o de qualquer princ\u00edpio ou legisla\u00e7\u00e3o de prote\u00e7\u00e3o de dados, falsidade maliciosa ou cal\u00fania sediciosa, desacato ao tribunal ou que possa incitar ou seja capaz de incitar viol\u00eancia, \u00f3dio racial, sadismo ou crueldade ou que incentive qualquer ato ou omiss\u00e3o ilegal ou il\u00edcito;<\/li>\n<li>n\u00e3o enviar ou criar qualquer link para qualquer material que seja intencionalmente falso ou enganoso, que cause aborrecimento, inconveni\u00eancia ou ansiedade desnecess\u00e1ria ou que seja potencialmente danoso ou prejudicial;<\/li>\n<li>n\u00e3o infringir nenhum direito autoral, patente, marca registrada, segredo comercial ou outros direitos de propriedade ou direitos de publicidade ou privacidade da <span class=\"notranslate\">Simons Foundation<\/span> ou de terceiros;<\/li>\n<li>n\u00e3o se fazer passar por outra pessoa, seja ela uma figura p\u00fablica, um membro de nossa equipe, um moderador, administrador ou anfitri\u00e3o de f\u00f3rum ou outro visitante deste site;<\/li>\n<li>n\u00e3o declarar ou representar falsamente que voc\u00ea est\u00e1 conectado ou afiliado a qualquer indiv\u00edduo ou entidade;<\/li>\n<li>n\u00e3o transmitir ou disponibilizar de outra forma qualquer informa\u00e7\u00e3o pessoal de qualquer indiv\u00edduo ou qualquer material protegido por direitos autorais, marca registrada, publicidade, privacidade ou outro direito de propriedade sem a permiss\u00e3o expressa de tal indiv\u00edduo ou do propriet\u00e1rio de tais direitos, respectivamente;<\/li>\n<li>n\u00e3o promover ou fazer propaganda, nem se envolver em qualquer outra forma de marketing, incluindo (sem limita\u00e7\u00e3o) correntes ou vendas em pir\u00e2mide, mesmo que esteja agindo em nome de uma organiza\u00e7\u00e3o sem fins lucrativos ou de uma institui\u00e7\u00e3o de caridade;<\/li>\n<li>n\u00e3o divulgar, postar, publicar, exibir ou transmitir qualquer conte\u00fado do site sem o consentimento por escrito da <span class=\"notranslate\">Simons Foundation<\/span>;<\/li>\n<li>n\u00e3o violar conscientemente nenhuma lei ou regulamento ao usar nosso site;<\/li>\n<li>n\u00e3o usar nosso site para coletar dados pessoais sobre outros indiv\u00edduos;<\/li>\n<li>n\u00e3o enviar ou criar um link para qualquer arquivo que contenha v\u00edrus, dados corrompidos, cavalo de Troia ou qualquer outra coisa que possa danificar, destruir ou tornar inacess\u00edveis quaisquer dados ou arquivos em qualquer computador;<\/li>\n<li>n\u00e3o usar o site como um servi\u00e7o de encaminhamento para outro site;<\/li>\n<li>n\u00e3o perseguir ou assediar de outra forma outra pessoa; e<\/li>\n<li>n\u00e3o tentar contornar os recursos de seguran\u00e7a deste site, nem adulterar, invadir ou, de qualquer outra forma, interromper ou desativar qualquer sistema de computador, servidor, site, roteador ou outro dispositivo usado para hospedar este site ou torn\u00e1-lo dispon\u00edvel.<\/li>\n<\/ul>\n<p>Reservamo-nos o direito de monitorar o conte\u00fado do usu\u00e1rio, investigar e\/ou tomar as medidas adequadas contra os usu\u00e1rios que violarem esses padr\u00f5es de comportamento aceitos ou qualquer outra disposi\u00e7\u00e3o destes Termos de Uso.<\/p>\n<p><strong>Revis\u00f5es e erratas, n\u00e3o confiabilidade e isen\u00e7\u00e3o de responsabilidade<\/strong><\/p>\n<p>Os materiais exibidos no portal da <span class=\"notranslate\">Simons Searchlight<\/span> podem incluir erros t\u00e9cnicos, tipogr\u00e1ficos, cient\u00edficos ou fotogr\u00e1ficos. N\u00e3o garantimos que nenhum dos materiais em nosso site seja preciso, completo ou atual, ou que o site funcione sem erros ou interrup\u00e7\u00f5es. N\u00e3o seremos respons\u00e1veis perante voc\u00ea ou qualquer terceiro por qualquer perda ou dano de qualquer tipo decorrente do seu uso deste site, ou da sua dissemina\u00e7\u00e3o ou confian\u00e7a em qualquer conte\u00fado contido neste site, e voc\u00ea, por meio deste, renuncia a qualquer reivindica\u00e7\u00e3o contra n\u00f3s e nossos funcion\u00e1rios, executivos, diretores e agentes com rela\u00e7\u00e3o ao seu uso, dissemina\u00e7\u00e3o ou confian\u00e7a neste site.<\/p>\n<p>Podemos fazer altera\u00e7\u00f5es nos materiais contidos no portal da Web da <span class=\"notranslate\">Simons Searchlight<\/span> a qualquer momento, sem aviso pr\u00e9vio. No entanto, n\u00e3o assumimos nenhum compromisso de atualizar os materiais.<\/p>\n<p>Voc\u00ea reconhece e concorda que n\u00e3o temos nenhuma responsabilidade pelas informa\u00e7\u00f5es, conte\u00fado, produtos, servi\u00e7os, publicidade, c\u00f3digo ou outros materiais que possam ou n\u00e3o ser fornecidos por ou por meio de outros sites vinculados a este site, mesmo que sejam de propriedade ou administrados por afiliadas ou parceiros nossos. N\u00e3o temos controle sobre seu conte\u00fado ou disponibilidade.<\/p>\n<p>Nossa equipe n\u00e3o analisou todos os sites vinculados a este site. A inclus\u00e3o de qualquer link em nosso site n\u00e3o implica o endosso da <span class=\"notranslate\">Simons Foundation<\/span> ao site vinculado. O uso de qualquer site vinculado \u00e9 por conta e risco do usu\u00e1rio, e recomendamos que voc\u00ea analise os termos de uso e as pol\u00edticas de privacidade desses sites, pois eles podem ser diferentes dos deste site. Cabe a voc\u00ea tomar as devidas precau\u00e7\u00f5es para garantir que tudo o que for selecionado para seu uso esteja livre de v\u00edrus, worms, cavalos de Troia e outros itens de natureza destrutiva.<\/p>\n<p>Qualquer opini\u00e3o, conselho, declara\u00e7\u00e3o, servi\u00e7o, oferta ou informa\u00e7\u00e3o ou conte\u00fado fornecido ou feito por terceiros neste site, ou em qualquer site ao qual este site esteja vinculado, \u00e9 de responsabilidade do autor ou fornecedor, e n\u00e3o da <span class=\"notranslate\">Simons Foundation<\/span>.<\/p>\n<p>Voc\u00ea deve encaminhar qualquer preocupa\u00e7\u00e3o sobre qualquer outro site para o administrador ou webmaster do site em quest\u00e3o.<\/p>\n<p><strong>Lei aplic\u00e1vel e jurisdi\u00e7\u00e3o<\/strong><\/p>\n<p>Este Contrato ser\u00e1 regido e interpretado de acordo com as leis substantivas de Nova York, sem qualquer refer\u00eancia a princ\u00edpios de conflito de leis. Qualquer disputa, controv\u00e9rsia ou diferen\u00e7a que possa surgir entre as partes em decorr\u00eancia de, em rela\u00e7\u00e3o a ou em conex\u00e3o com estes Termos de Uso \u00e9, por meio deste, irrevogavelmente submetida \u00e0 jurisdi\u00e7\u00e3o exclusiva dos tribunais de Nova York, com a exclus\u00e3o de quaisquer outros tribunais, sem dar efeito ao conflito de leis, disposi\u00e7\u00f5es ou ao seu estado ou pa\u00eds de resid\u00eancia real.<\/p>\n<p>Se algum destes Termos de Uso for (por qualquer motivo) considerado inexequ\u00edvel, ilegal ou de alguma outra forma inv\u00e1lido, a disposi\u00e7\u00e3o inexequ\u00edvel, ilegal ou inv\u00e1lida n\u00e3o afetar\u00e1 o restante destes Termos de Uso, que continuar\u00e3o em pleno vigor e efeito.<\/p>\n<p>A <span class=\"notranslate\">Simons Foundation<\/span> n\u00e3o afirma que as informa\u00e7\u00f5es contidas no site sejam apropriadas ou possam ser baixadas fora dos Estados Unidos. O acesso ao site pode n\u00e3o ser legal em determinados pa\u00edses ou para determinadas pessoas. Se o usu\u00e1rio acessar o site de fora dos Estados Unidos, o far\u00e1 por sua pr\u00f3pria conta e risco e ser\u00e1 respons\u00e1vel pela conformidade com as leis de sua jurisdi\u00e7\u00e3o em rela\u00e7\u00e3o \u00e0 conduta on-line e ao conte\u00fado aceit\u00e1vel. As informa\u00e7\u00f5es pessoais do usu\u00e1rio (&#8220;Informa\u00e7\u00f5es&#8221;) que forem enviadas a este site ser\u00e3o coletadas, processadas, armazenadas, divulgadas e descartadas de acordo com a legisla\u00e7\u00e3o aplic\u00e1vel dos EUA e com a nossa Pol\u00edtica de Privacidade.<\/p>\n<p>Se voc\u00ea for um usu\u00e1rio de fora dos EUA, reconhece e concorda que a <span class=\"notranslate\">Simons Foundation<\/span> e a <span class=\"notranslate\">Simons Searchlight<\/span> podem coletar e usar suas Informa\u00e7\u00f5es e divulg\u00e1-las a outras entidades fora da sua jurisdi\u00e7\u00e3o de resid\u00eancia. Al\u00e9m disso, essas Informa\u00e7\u00f5es podem ser armazenadas em servidores localizados fora de sua jurisdi\u00e7\u00e3o de resid\u00eancia. A legisla\u00e7\u00e3o dos EUA pode n\u00e3o oferecer o grau de prote\u00e7\u00e3o para as Informa\u00e7\u00f5es que est\u00e1 dispon\u00edvel em outros pa\u00edses. Ao nos fornecer suas Informa\u00e7\u00f5es, voc\u00ea reconhece que concorda com a transfer\u00eancia dessas Informa\u00e7\u00f5es para fora da jurisdi\u00e7\u00e3o em que reside, conforme detalhado em nossa Pol\u00edtica de Privacidade. Se voc\u00ea n\u00e3o concordar com essa transfer\u00eancia, n\u00e3o poder\u00e1 usar este site.<\/p>\n<p><strong>Isen\u00e7\u00f5es de responsabilidade e limita\u00e7\u00e3o de responsabilidade<\/strong><\/p>\n<p>VOC\u00ca CONCORDA QUE O USO DO PORTAL DA WEB DA SIMONS SEARCHLIGHT SER\u00c1 FEITO POR SUA CONTA E RISCO. NA EXTENS\u00c3O M\u00c1XIMA PERMITIDA POR LEI, A SIMONS SEARCHLIGHT, A FUNDA\u00c7\u00c3O SIMONS, SEUS EXECUTIVOS, DIRETORES, FUNCION\u00c1RIOS, PARCEIROS, COLABORADORES E AGENTES SE ISENTAM DE TODAS AS GARANTIAS, EXPRESSAS OU IMPL\u00cdCITAS, EM RELA\u00c7\u00c3O AO PORTAL DA WEB E AO SEU USO. A SIMONS SEARCHLIGHT E A FUNDA\u00c7\u00c3O SIMONS N\u00c3O OFERECEM NENHUMA GARANTIA OU DECLARA\u00c7\u00c3O SOBRE A PRECIS\u00c3O OU A INTEGRIDADE DO CONTE\u00daDO, DAS ORIENTA\u00c7\u00d5ES, DOS PRODUTOS OU DOS SERVI\u00c7OS DESTE PORTAL DA WEB OU DO CONTE\u00daDO, DAS ORIENTA\u00c7\u00d5ES, DOS PRODUTOS OU DOS SERVI\u00c7OS DE QUAISQUER SITES VINCULADOS AO PORTAL DA WEB E N\u00c3O ASSUMEM NENHUMA OBRIGA\u00c7\u00c3O OU RESPONSABILIDADE POR QUALQUER (I) ERROS, ENGANOS, OMISS\u00d5ES, IMPRECIS\u00d5ES OU FALTA DE AUTENTICIDADE NO CONTE\u00daDO; (II) LES\u00d5ES PESSOAIS OU DANOS MATERIAIS, DE QUALQUER NATUREZA, RESULTANTES DE SEU ACESSO E USO DO PORTAL DA WEB; (III) QUALQUER ACESSO N\u00c3O AUTORIZADO OU USO DE NOSSOS SERVIDORES SEGUROS E\/OU TODA E QUALQUER INFORMA\u00c7\u00c3O PESSOAL ARMAZENADA NELES; (IV) QUALQUER INTERRUP\u00c7\u00c3O OU CESSA\u00c7\u00c3O DE TRANSMISS\u00c3O DE OU PARA O PORTAL DA WEB; (V) QUAISQUER BUGS, V\u00cdRUS, CAVALOS DE TROIA OU SIMILARES QUE POSSAM SER TRANSMITIDOS PARA OU POR MEIO DO PORTAL DA WEB POR QUALQUER TERCEIRO; E\/OU (VI) QUAISQUER ERROS OU OMISS\u00d5ES EM QUALQUER CONTE\u00daDO OU POR QUALQUER PERDA TANG\u00cdVEL OU INTANG\u00cdVEL, USO INDEVIDO, ACESSO N\u00c3O AUTORIZADO, ALTERA\u00c7\u00c3O OU DANO DE QUALQUER TIPO INCORRIDO COMO RESULTADO DO USO DE QUALQUER CONTE\u00daDO POSTADO, ENVIADO POR E-MAIL, TRANSMITIDO OU DE OUTRA FORMA DISPONIBILIZADO POR MEIO DO PORTAL DA WEB. A SIMONS SEARCHLIGHT E A FUNDA\u00c7\u00c3O SIMONS N\u00c3O GARANTEM, ENDOSSAM, ASSEGURAM OU ASSUMEM RESPONSABILIDADE POR QUALQUER PRODUTO OU SERVI\u00c7O ANUNCIADO OU OFERECIDO POR TERCEIROS POR MEIO DO PORTAL DA WEB OU DE QUAISQUER SITES VINCULADOS AO PORTAL DA WEB.<\/p>\n<p>NA MEDIDA PERMITIDA PELA LEI APLIC\u00c1VEL, NEM A SIMONS SEARCHLIGHT NEM A FUNDA\u00c7\u00c3O SIMONS, SEUS EXECUTIVOS, DIRETORES, FUNCION\u00c1RIOS, PARCEIROS, COLABORADORES OU AGENTES SER\u00c3O RESPONS\u00c1VEIS PERANTE O USU\u00c1RIO POR QUAISQUER DANOS DIRETOS, INDIRETOS, INCIDENTAIS, ESPECIAIS, PUNITIVOS OU CONSEQUENCIAIS RESULTANTES OU RELACIONADOS A ESTES TERMOS DE USO, SEU USO OU INCAPACIDADE DE USO DO PORTAL DA WEB, QUER TENHAMOS SIDO AVISADOS OU N\u00c3O DA POSSIBILIDADE DE TAIS DANOS.<\/p>\n<p>VOC\u00ca RECONHECE QUE OS PAR\u00c1GRAFOS ACIMA SE APLICAM A TODO O CONTE\u00daDO, CONSULTORIA, MERCADORIAS E SERVI\u00c7OS DISPON\u00cdVEIS NO SITE.<\/p>\n<p>COMO ALGUNS ESTADOS PODEM N\u00c3O PERMITIR A EXCLUS\u00c3O OU LIMITA\u00c7\u00c3O DE RESPONSABILIDADE POR DANOS CONSEQUENTES OU INCIDENTAIS, EM TAIS ESTADOS A RESPONSABILIDADE \u00c9 LIMITADA AO MENOR VALOR PERMITIDO POR LEI. AS LIMITA\u00c7\u00d5ES DE RESPONSABILIDADE PREVISTAS NESTE CONTRATO REVERTEM EM BENEF\u00cdCIO DA SIMONS E DE SUAS RESPECTIVAS AFILIADAS, PARCEIROS, COLABORADORES, EXECUTIVOS, DIRETORES, FUNCION\u00c1RIOS, CESSION\u00c1RIOS, ADVOGADOS E AGENTES.<\/p>\n<p>Se tiver alguma d\u00favida sobre estes Termos de Uso, entre em contato conosco pelo e-mail <a href=\"mailto:coordinator@simonssearchlight.org\">coordinator@simonssearchlight.org.<\/a><\/p>\n","protected":false},"excerpt":{"rendered":"<p>Termos de uso do Simons Searchlight Ao usar o portal da Web da Simons Searchlight, voc\u00ea declara que leu, entendeu e concordou com estes Termos de Uso. Reservamo-nos o direito de modificar estes termos a qualquer momento, a nosso crit\u00e9rio exclusivo, sem aviso pr\u00e9vio. Todas as modifica\u00e7\u00f5es a estes Termos de Uso ser\u00e3o publicadas no [&hellip;]<\/p>\n","protected":false},"author":6,"featured_media":0,"parent":0,"menu_order":0,"comment_status":"closed","ping_status":"closed","template":"","meta":{"_acf_changed":false,"_relevanssi_hide_post":"","_relevanssi_hide_content":"","_relevanssi_pin_for_all":"","_relevanssi_pin_keywords":"","_relevanssi_unpin_keywords":"","_relevanssi_related_keywords":"","_relevanssi_related_include_ids":"","_relevanssi_related_exclude_ids":"","_relevanssi_related_no_append":"","_relevanssi_related_not_related":"","_relevanssi_related_posts":"","_relevanssi_noindex_reason":"","footnotes":""},"acf":[],"_links":{"self":[{"href":"https:\/\/www.simonssearchlight.org\/pt-br\/wp-json\/wp\/v2\/pages\/43656"}],"collection":[{"href":"https:\/\/www.simonssearchlight.org\/pt-br\/wp-json\/wp\/v2\/pages"}],"about":[{"href":"https:\/\/www.simonssearchlight.org\/pt-br\/wp-json\/wp\/v2\/types\/page"}],"author":[{"embeddable":true,"href":"https:\/\/www.simonssearchlight.org\/pt-br\/wp-json\/wp\/v2\/users\/6"}],"replies":[{"embeddable":true,"href":"https:\/\/www.simonssearchlight.org\/pt-br\/wp-json\/wp\/v2\/comments?post=43656"}],"version-history":[{"count":1,"href":"https:\/\/www.simonssearchlight.org\/pt-br\/wp-json\/wp\/v2\/pages\/43656\/revisions"}],"predecessor-version":[{"id":43667,"href":"https:\/\/www.simonssearchlight.org\/pt-br\/wp-json\/wp\/v2\/pages\/43656\/revisions\/43667"}],"wp:attachment":[{"href":"https:\/\/www.simonssearchlight.org\/pt-br\/wp-json\/wp\/v2\/media?parent=43656"}],"curies":[{"name":"wp","href":"https:\/\/api.w.org\/{rel}","templated":true}]}}