{"id":43630,"date":"2019-05-20T16:27:15","date_gmt":"2019-05-20T20:27:15","guid":{"rendered":"https:\/\/www.simonssearchlight.org\/perguntas-sobre-a-transicao-do-simons-vip-para-o-simons-searchlight\/"},"modified":"2024-03-21T15:15:11","modified_gmt":"2024-03-21T19:15:11","slug":"perguntas-sobre-a-transicao-do-simons-vip-para-o-simons-searchlight","status":"publish","type":"page","link":"https:\/\/www.simonssearchlight.org\/pt-br\/perguntas-sobre-a-transicao-do-simons-vip-para-o-simons-searchlight\/","title":{"rendered":"Perguntas sobre a transi\u00e7\u00e3o do Simons VIP para o Simons Searchlight"},"content":{"rendered":"<ol>\n<li><strong>O que est\u00e1 acontecendo?<\/strong><\/li>\n<\/ol>\n<p style=\"padding-left: 30px;\">O Projeto Simons Variation in Individuals (Simons VIP) est\u00e1 recebendo um novo nome e atualizando seu site para melhorar a experi\u00eancia dos participantes, criar dados melhores para os pesquisadores e ajudar a avan\u00e7ar nossa compreens\u00e3o das condi\u00e7\u00f5es raras que estudamos.<\/p>\n<ol start=\"2\">\n<li><strong>Por que isso est\u00e1 acontecendo?<\/strong><\/li>\n<\/ol>\n<p style=\"padding-left: 30px;\">Sempre h\u00e1 coisas que queremos melhorar para os participantes. Al\u00e9m de atualizar nosso nome e site, adicionaremos v\u00e1rios outros idiomas, o que nos permitir\u00e1 incluir ainda mais participantes.<\/p>\n<ol start=\"3\">\n<li><strong>Quais s\u00e3o as pr\u00f3ximas etapas?<\/strong><\/li>\n<\/ol>\n<p style=\"padding-left: 30px;\">Se j\u00e1 estiver inscrito no Simons VIP, voc\u00ea receber\u00e1 um e-mail nosso com um link para redefini\u00e7\u00e3o de senha. Isso o levar\u00e1 \u00e0 p\u00e1gina para se inscrever no novo site. Assim que o fizer, poderemos nos conectar a todos os dados que voc\u00ea nos forneceu anteriormente. Poderemos fazer algumas perguntas para verificar suas informa\u00e7\u00f5es, mas, fora isso, est\u00e1 tudo pronto! Continue participando como sempre fez. Se voc\u00ea ainda n\u00e3o se associou ao Simons VIP, registre-se em nosso novo site. Voc\u00ea assinar\u00e1 um formul\u00e1rio de consentimento e participar\u00e1 da mesma forma que todos os participantes existentes.<\/p>\n<ol start=\"4\">\n<li><strong>O que isso significa para mim?<\/strong><\/li>\n<\/ol>\n<p style=\"padding-left: 30px;\">Isso significa uma melhor experi\u00eancia do usu\u00e1rio, um processo de inscri\u00e7\u00e3o mais f\u00e1cil, mais participantes com a sua mudan\u00e7a gen\u00e9tica ou a de sua fam\u00edlia e mais acesso \u00e0 pesquisa! Mas voc\u00ea ainda est\u00e1 no mesmo estudo. Ele apenas tem um novo visual.<\/p>\n<ol start=\"5\">\n<li><strong>O relacionamento entre meu grupo gen\u00e9tico e o Simons VIP\/<span class=\"notranslate\">Simons Searchlight<\/span> ser\u00e1 afetado?<\/strong><\/li>\n<\/ol>\n<p style=\"padding-left: 30px;\">N\u00e3o ser\u00e1. Como ainda somos o mesmo estudo, voc\u00ea pode esperar o mesmo relacionamento entre seu grupo gen\u00e9tico e a <span class=\"notranslate\">Simons Searchlight<\/span>. Teremos tamb\u00e9m alguns recursos novos e atualizados para voc\u00ea compartilhar com os membros da sua comunidade, incluindo mais informa\u00e7\u00f5es sobre o seu gene.<\/p>\n<ol start=\"6\">\n<li><strong>Ainda estou trabalhando com a mesma equipe?<\/strong><\/li>\n<\/ol>\n<p style=\"padding-left: 30px;\">Sim! Toda a equipe ainda est\u00e1 aqui e pronta para ajud\u00e1-lo como pudermos! Voc\u00ea pode entrar em contato com os coordenadores pelo nosso novo e-mail: <a href=\"mailto:coordinator@SimonsSearchlight.org\">coordinator@SimonsSearchlight.org.<\/a> Se voc\u00ea n\u00e3o tiver o novo e-mail \u00e0 m\u00e3o quando precisar de n\u00f3s, nosso endere\u00e7o de e-mail antigo tamb\u00e9m continuar\u00e1 ativo, portanto, h\u00e1 muitas maneiras de entrar em contato conosco.<\/p>\n<ol start=\"7\">\n<li><strong>O que acontece com minhas informa\u00e7\u00f5es pessoais?<\/strong><\/li>\n<\/ol>\n<p style=\"padding-left: 30px;\">Suas informa\u00e7\u00f5es pessoais n\u00e3o est\u00e3o sendo compartilhadas com ningu\u00e9m mais. Continuamos com a mesma equipe, e nosso novo site est\u00e1 sendo administrado por um parceiro de longa data que j\u00e1 vem trabalhando com o estudo.<\/p>\n<ol start=\"8\">\n<li><strong>Como fa\u00e7o o login?<\/strong><\/li>\n<\/ol>\n<p style=\"padding-left: 30px;\">Se estiver fazendo login no <span class=\"notranslate\">Simons Searchlight<\/span> pela primeira vez, acesse o e-mail que enviamos com o link para definir sua nova senha. O assunto era &#8220;<em>Important changes to Simons VIP &#8211; please read for access instructions<\/em>&#8221; (<em>Mudan\u00e7as importantes no Simons VIP &#8211; leia para obter instru\u00e7\u00f5es de acesso<\/em>). No futuro, voc\u00ea poder\u00e1 fazer o login acessando SimonsSearchlight.org\/login.<\/p>\n<ol start=\"9\">\n<li><strong>Como fa\u00e7o para responder \u00e0s pesquisas?  <\/strong><\/li>\n<\/ol>\n<p style=\"padding-left: 30px;\">Quando estiver conectado \u00e0 sua conta, voc\u00ea ver\u00e1 todos os question\u00e1rios pendentes na sua &#8220;Lista de tarefas&#8221;. Se voc\u00ea for o titular da conta de seus filhos, ver\u00e1 pesquisas pendentes para eles sob seus nomes e listas de tarefas tamb\u00e9m. Para acessar a pesquisa, ao lado do t\u00edtulo da pesquisa, clique em &#8220;Begin Task&#8221; (Iniciar tarefa).<\/p>\n<ol start=\"10\">\n<li><strong>Preciso me registrar novamente?<\/strong><\/li>\n<\/ol>\n<p style=\"padding-left: 30px;\">N\u00e3o, n\u00e3o h\u00e1 necessidade de se registrar novamente. Transferimos todas as suas informa\u00e7\u00f5es para tornar o processo o mais simples poss\u00edvel. Tudo o que pedimos \u00e9 que voc\u00ea clique no link do e-mail que lhe enviamos. Isso conectar\u00e1 as informa\u00e7\u00f5es que voc\u00ea j\u00e1 forneceu com as informa\u00e7\u00f5es que ser\u00e3o inseridas no novo site.<\/p>\n<ol start=\"11\">\n<li><strong>Se eu j\u00e1 tiver uma chamada para a entrevista de hist\u00f3rico m\u00e9dico agendada, preciso reagendar?<\/strong><\/li>\n<\/ol>\n<p style=\"padding-left: 30px;\">N\u00e3o. Como ainda somos o mesmo projeto de pesquisa com os mesmos membros da equipe, sua participa\u00e7\u00e3o n\u00e3o ser\u00e1 interrompida. Se tiver pesquisas em seu painel, voc\u00ea poder\u00e1 conclu\u00ed-las assim que definir sua nova senha. Todas as entrevistas por telefone que voc\u00ea tiver agendado tamb\u00e9m ser\u00e3o mantidas.<\/p>\n<ol start=\"12\">\n<li><strong>E se eu esquecer meu endere\u00e7o de e-mail?<\/strong><\/li>\n<\/ol>\n<p style=\"padding-left: 30px;\">Se voc\u00ea tiver v\u00e1rios endere\u00e7os de e-mail, certifique-se de verificar todos eles. Enviamos um e-mail para o endere\u00e7o de e-mail com o qual voc\u00ea se registrou. Essa mensagem inclui instru\u00e7\u00f5es e um link para definir sua nova senha. Se ainda n\u00e3o tiver certeza, voc\u00ea pode enviar um e-mail para coordinator@SimonSearchlight.org e pedir a um coordenador que verifique para voc\u00ea.<\/p>\n<ol start=\"13\">\n<li><strong>O que acontecer\u00e1 pouco antes da transi\u00e7\u00e3o do SimonsVIPConnect.org para o SimonsSearchlight.org?<\/strong><\/li>\n<\/ol>\n<p style=\"padding-left: 30px;\">Uma semana antes do lan\u00e7amento do SimonsSearchlight.org, enviaremos uma mensagem a todos os participantes atuais informando-os de que devem ficar atentos ao novo site que ser\u00e1 lan\u00e7ado em breve. A partir de ent\u00e3o, at\u00e9 o lan\u00e7amento, eles n\u00e3o poder\u00e3o fazer login no painel VIP da Simons nem responder a pesquisas. Se eles acessarem o site SimonsVIPConnect.org, ver\u00e3o um aviso de &#8220;em constru\u00e7\u00e3o&#8221;. Esse atraso durante o per\u00edodo de transi\u00e7\u00e3o de uma semana permitir\u00e1 que nossa equipe de estudo transfira todas as informa\u00e7\u00f5es para o novo sistema. Eles tamb\u00e9m realizar\u00e3o verifica\u00e7\u00f5es de garantia de qualidade para garantir que o novo site seja o mais amig\u00e1vel poss\u00edvel para o usu\u00e1rio.<\/p>\n<ol start=\"14\">\n<li><strong>Quando nossa organiza\u00e7\u00e3o familiar poder\u00e1 atualizar seu URL e logotipo em nosso site e canais de m\u00eddia social?<\/strong><\/li>\n<\/ol>\n<p style=\"padding-left: 30px;\">Durante o per\u00edodo de transi\u00e7\u00e3o de uma semana, enviaremos a voc\u00ea o novo URL e o logotipo do seu site. N\u00e3o se preocupe se voc\u00ea n\u00e3o conseguir atualizar tudo antes do lan\u00e7amento. Nosso URL antigo ser\u00e1 redirecionado para o novo URL.<\/p>\n<ol start=\"15\">\n<li><strong>Posso obter mais informa\u00e7\u00f5es de algu\u00e9m?<\/strong><\/li>\n<\/ol>\n<p style=\"padding-left: 30px;\">N\u00e3o h\u00e1 problema. Voc\u00ea pode nos enviar um e-mail para coordinator@SimonSearchlight.org ou ligar para o nosso n\u00famero gratuito, 855-329-5638, entre 8h e 16h, hor\u00e1rio do leste dos EUA, para falar diretamente com um coordenador de estudos.<\/p>\n","protected":false},"excerpt":{"rendered":"<p>O que est\u00e1 acontecendo? O Projeto Simons Variation in Individuals (Simons VIP) est\u00e1 recebendo um novo nome e atualizando seu site para melhorar a experi\u00eancia dos participantes, criar dados melhores para os pesquisadores e ajudar a avan\u00e7ar nossa compreens\u00e3o das condi\u00e7\u00f5es raras que estudamos. Por que isso est\u00e1 acontecendo? Sempre h\u00e1 coisas que queremos melhorar [&hellip;]<\/p>\n","protected":false},"author":6,"featured_media":0,"parent":0,"menu_order":0,"comment_status":"closed","ping_status":"closed","template":"","meta":{"_acf_changed":false,"_relevanssi_hide_post":"","_relevanssi_hide_content":"","_relevanssi_pin_for_all":"","_relevanssi_pin_keywords":"","_relevanssi_unpin_keywords":"","_relevanssi_related_keywords":"","_relevanssi_related_include_ids":"","_relevanssi_related_exclude_ids":"","_relevanssi_related_no_append":"","_relevanssi_related_not_related":"","_relevanssi_related_posts":"","_relevanssi_noindex_reason":"","footnotes":""},"acf":[],"_links":{"self":[{"href":"https:\/\/www.simonssearchlight.org\/pt-br\/wp-json\/wp\/v2\/pages\/43630"}],"collection":[{"href":"https:\/\/www.simonssearchlight.org\/pt-br\/wp-json\/wp\/v2\/pages"}],"about":[{"href":"https:\/\/www.simonssearchlight.org\/pt-br\/wp-json\/wp\/v2\/types\/page"}],"author":[{"embeddable":true,"href":"https:\/\/www.simonssearchlight.org\/pt-br\/wp-json\/wp\/v2\/users\/6"}],"replies":[{"embeddable":true,"href":"https:\/\/www.simonssearchlight.org\/pt-br\/wp-json\/wp\/v2\/comments?post=43630"}],"version-history":[{"count":1,"href":"https:\/\/www.simonssearchlight.org\/pt-br\/wp-json\/wp\/v2\/pages\/43630\/revisions"}],"predecessor-version":[{"id":43641,"href":"https:\/\/www.simonssearchlight.org\/pt-br\/wp-json\/wp\/v2\/pages\/43630\/revisions\/43641"}],"wp:attachment":[{"href":"https:\/\/www.simonssearchlight.org\/pt-br\/wp-json\/wp\/v2\/media?parent=43630"}],"curies":[{"name":"wp","href":"https:\/\/api.w.org\/{rel}","templated":true}]}}