{"id":43530,"date":"2018-05-03T15:00:10","date_gmt":"2018-05-03T19:00:10","guid":{"rendered":"https:\/\/www.simonssearchlight.org\/recursos\/perguntas-frequentes-sobre-genetica\/"},"modified":"2025-11-05T12:14:55","modified_gmt":"2025-11-05T17:14:55","slug":"perguntas-frequentes-sobre-genetica","status":"publish","type":"page","link":"https:\/\/www.simonssearchlight.org\/pt-br\/recursos\/perguntas-frequentes-sobre-genetica\/","title":{"rendered":"Perguntas frequentes sobre gen\u00e9tica"},"content":{"rendered":"<p>Esta p\u00e1gina fornecer\u00e1 algumas informa\u00e7\u00f5es b\u00e1sicas para ajud\u00e1-lo a entender seu diagn\u00f3stico gen\u00e9tico.<br \/>\n<img loading=\"lazy\" decoding=\"async\" class=\" wp-image-6391 aligncenter\" src=\"https:\/\/cdn.simonssearchlight.org\/wp-content\/uploads\/2019\/10\/04093354\/FAQ_1.png\" alt=\"\" width=\"162\" height=\"170\" srcset=\"https:\/\/cdn.simonssearchlight.org\/wp-content\/uploads\/2019\/10\/04093354\/FAQ_1.png 323w, https:\/\/cdn.simonssearchlight.org\/wp-content\/uploads\/2019\/10\/04093354\/FAQ_1-286x300.png 286w\" sizes=\"(max-width: 162px) 100vw, 162px\" \/><\/p>\n","protected":false},"excerpt":{"rendered":"<p>Esta p\u00e1gina fornecer\u00e1 algumas informa\u00e7\u00f5es b\u00e1sicas para ajud\u00e1-lo a entender seu diagn\u00f3stico gen\u00e9tico.<\/p>\n","protected":false},"author":18,"featured_media":0,"parent":43324,"menu_order":0,"comment_status":"closed","ping_status":"closed","template":"","meta":{"_acf_changed":false,"_relevanssi_hide_post":"","_relevanssi_hide_content":"","_relevanssi_pin_for_all":"","_relevanssi_pin_keywords":"","_relevanssi_unpin_keywords":"","_relevanssi_related_keywords":"","_relevanssi_related_include_ids":"","_relevanssi_related_exclude_ids":"","_relevanssi_related_no_append":"","_relevanssi_related_not_related":"","_relevanssi_related_posts":"","_relevanssi_noindex_reason":"","footnotes":""},"acf":[],"_links":{"self":[{"href":"https:\/\/www.simonssearchlight.org\/pt-br\/wp-json\/wp\/v2\/pages\/43530"}],"collection":[{"href":"https:\/\/www.simonssearchlight.org\/pt-br\/wp-json\/wp\/v2\/pages"}],"about":[{"href":"https:\/\/www.simonssearchlight.org\/pt-br\/wp-json\/wp\/v2\/types\/page"}],"author":[{"embeddable":true,"href":"https:\/\/www.simonssearchlight.org\/pt-br\/wp-json\/wp\/v2\/users\/18"}],"replies":[{"embeddable":true,"href":"https:\/\/www.simonssearchlight.org\/pt-br\/wp-json\/wp\/v2\/comments?post=43530"}],"version-history":[{"count":1,"href":"https:\/\/www.simonssearchlight.org\/pt-br\/wp-json\/wp\/v2\/pages\/43530\/revisions"}],"predecessor-version":[{"id":43546,"href":"https:\/\/www.simonssearchlight.org\/pt-br\/wp-json\/wp\/v2\/pages\/43530\/revisions\/43546"}],"up":[{"embeddable":true,"href":"https:\/\/www.simonssearchlight.org\/pt-br\/wp-json\/wp\/v2\/pages\/43324"}],"wp:attachment":[{"href":"https:\/\/www.simonssearchlight.org\/pt-br\/wp-json\/wp\/v2\/media?parent=43530"}],"curies":[{"name":"wp","href":"https:\/\/api.w.org\/{rel}","templated":true}]}}