{"id":43503,"date":"2019-03-12T13:00:04","date_gmt":"2019-03-12T17:00:04","guid":{"rendered":"https:\/\/www.simonssearchlight.org\/recursos\/reunioes-familiares\/"},"modified":"2024-03-21T15:14:11","modified_gmt":"2024-03-21T19:14:11","slug":"reunioes-familiares","status":"publish","type":"page","link":"https:\/\/www.simonssearchlight.org\/pt-br\/recursos\/reunioes-familiares\/","title":{"rendered":"Reuni\u00f5es familiares"},"content":{"rendered":"<p>A organiza\u00e7\u00e3o de um encontro familiar requer muitos meses de planejamento e coordena\u00e7\u00e3o entre as fam\u00edlias. A <span class=\"notranslate\">Simons Searchlight<\/span> reuniu estas dicas para ajudar no processo.<\/p>\n<h2 style=\"text-align: center;\">Tipos de reuni\u00f5es<\/h2>\n<p data-pm-slice=\"1 1 []\">H\u00e1 dois tipos de reuni\u00f5es que as fam\u00edlias podem organizar, dependendo do tamanho do grupo familiar e da expectativa de participa\u00e7\u00e3o:<\/p>\n\n<h2 style=\"text-align: center;\" data-pm-slice=\"1 1 []\">Deseja que a <span class=\"notranslate\">Simons Searchlight<\/span> participe de sua reuni\u00e3o familiar?<\/h2>\n<p style=\"text-align: left;\" data-pm-slice=\"1 1 []\"><strong>Antes de entrar em contato com a <span class=\"notranslate\">Simons Searchlight<\/span>, tenha em mente os seguintes detalhes:<\/strong><\/p>\n<ol>\n<li style=\"text-align: left;\" data-pm-slice=\"1 1 []\">O tipo de reuni\u00e3o familiar que seu grupo est\u00e1 planejando: <span style=\"text-decoration: underline;\">Presencial<\/span> ou <span style=\"text-decoration: underline;\">virtual<\/span><\/li>\n<li style=\"text-align: left;\" data-pm-slice=\"1 1 []\">Uma <u>data ou intervalo de datas<\/u> para a reuni\u00e3o de fam\u00edlia. Essa data ser\u00e1 confirmada pela equipe da <span class=\"notranslate\">Simons Searchlight<\/span>.<\/li>\n<li style=\"text-align: left;\" data-pm-slice=\"1 1 []\">Um poss\u00edvel <u>local<\/u> para o evento (somente reuni\u00f5es presenciais).<\/li>\n<li style=\"text-align: left;\" data-pm-slice=\"1 1 []\">Uma lista de <u>participantes confirmados (somente em reuni\u00f5es presenciais)<\/u> ou n\u00fameros de <u>participantes esperados<\/u>.<\/li>\n<li data-pm-slice=\"1 1 []\">O <u>n\u00edvel de envolvimento de pesquisa<\/u> que seu grupo solicitar\u00e1 da <span class=\"notranslate\">Simons Searchlight<\/span> (somente reuni\u00f5es presenciais).<\/li>\n<\/ol>\n<p style=\"text-align: center;\" data-pm-slice=\"1 1 []\"><strong>Se o seu grupo familiar tiver todos esses detalhes preparados, acesse o link abaixo para enviar uma solicita\u00e7\u00e3o de assist\u00eancia para a reuni\u00e3o familiar do <span class=\"notranslate\">Simons Searchlight<\/span>:<\/strong><\/p>\n<h3 style=\"text-align: center;\" data-pm-slice=\"1 1 []\"><a href=\"https:\/\/forms.gle\/cXfZFy7PbRarAqTQ6\" target=\"_blank\" rel=\"noopener\">Preencha sua inscri\u00e7\u00e3o aqui!<\/a><\/h3>\n","protected":false},"excerpt":{"rendered":"<p>A organiza\u00e7\u00e3o de um encontro familiar requer muitos meses de planejamento e coordena\u00e7\u00e3o entre as fam\u00edlias. A Simons Searchlight reuniu estas dicas para ajudar no processo. Tipos de reuni\u00f5es H\u00e1 dois tipos de reuni\u00f5es que as fam\u00edlias podem organizar, dependendo do tamanho do grupo familiar e da expectativa de participa\u00e7\u00e3o: Deseja que a Simons Searchlight [&hellip;]<\/p>\n","protected":false},"author":6,"featured_media":0,"parent":43324,"menu_order":0,"comment_status":"closed","ping_status":"closed","template":"","meta":{"_acf_changed":false,"_relevanssi_hide_post":"","_relevanssi_hide_content":"","_relevanssi_pin_for_all":"","_relevanssi_pin_keywords":"","_relevanssi_unpin_keywords":"","_relevanssi_related_keywords":"","_relevanssi_related_include_ids":"","_relevanssi_related_exclude_ids":"","_relevanssi_related_no_append":"","_relevanssi_related_not_related":"","_relevanssi_related_posts":"","_relevanssi_noindex_reason":"","footnotes":""},"acf":[],"_links":{"self":[{"href":"https:\/\/www.simonssearchlight.org\/pt-br\/wp-json\/wp\/v2\/pages\/43503"}],"collection":[{"href":"https:\/\/www.simonssearchlight.org\/pt-br\/wp-json\/wp\/v2\/pages"}],"about":[{"href":"https:\/\/www.simonssearchlight.org\/pt-br\/wp-json\/wp\/v2\/types\/page"}],"author":[{"embeddable":true,"href":"https:\/\/www.simonssearchlight.org\/pt-br\/wp-json\/wp\/v2\/users\/6"}],"replies":[{"embeddable":true,"href":"https:\/\/www.simonssearchlight.org\/pt-br\/wp-json\/wp\/v2\/comments?post=43503"}],"version-history":[{"count":1,"href":"https:\/\/www.simonssearchlight.org\/pt-br\/wp-json\/wp\/v2\/pages\/43503\/revisions"}],"predecessor-version":[{"id":43518,"href":"https:\/\/www.simonssearchlight.org\/pt-br\/wp-json\/wp\/v2\/pages\/43503\/revisions\/43518"}],"up":[{"embeddable":true,"href":"https:\/\/www.simonssearchlight.org\/pt-br\/wp-json\/wp\/v2\/pages\/43324"}],"wp:attachment":[{"href":"https:\/\/www.simonssearchlight.org\/pt-br\/wp-json\/wp\/v2\/media?parent=43503"}],"curies":[{"name":"wp","href":"https:\/\/api.w.org\/{rel}","templated":true}]}}