{"id":43499,"date":"2018-09-21T19:52:51","date_gmt":"2018-09-21T23:52:51","guid":{"rendered":"https:\/\/www.simonssearchlight.org\/processo-de-pesquisa\/inelegivel-para-pesquisa\/spark-para-o-searchlight\/"},"modified":"2024-03-21T15:14:10","modified_gmt":"2024-03-21T19:14:10","slug":"spark-para-o-searchlight","status":"publish","type":"page","link":"https:\/\/www.simonssearchlight.org\/pt-br\/processo-de-pesquisa\/inelegivel-para-pesquisa\/spark-para-o-searchlight\/","title":{"rendered":"SPARK para o Searchlight"},"content":{"rendered":"<p>&nbsp;<\/p>\n<h2 style=\"text-align: center;\">Obrigado pelo seu interesse em participar da pesquisa com a <span class=\"notranslate\">Simons Searchlight<\/span>!<\/h2>\n<h4 style=\"text-align: center;\">Infelizmente, o Searchlight n\u00e3o est\u00e1 pronto para aceitar participantes do <span class=\"notranslate\">SPARK<\/span> no momento.<\/h4>\n<p style=\"text-align: center;\">Se voc\u00ea j\u00e1 recebeu um diagn\u00f3stico gen\u00e9tico eleg\u00edvel do <span class=\"notranslate\">SPARK<\/span>, dever\u00e1 receber automaticamente um convite para participar do Searchlight nos pr\u00f3ximos meses. Ao receber seu convite, voc\u00ea receber\u00e1 instru\u00e7\u00f5es para acessar sua conta de pesquisa do Searchlight.<\/p>\n<p style=\"text-align: center;\">Enquanto aguarda o recebimento do convite, conclua as tarefas pendentes no painel do <span class=\"notranslate\">SPARK<\/span>.<\/p>\n<p style=\"text-align: center;\"><a href=\"https:\/\/sparkforautism.org\/portal\/page\/autism-research\/\">Saiba mais sobre a <span class=\"notranslate\">SPARK<\/span> Research.<\/a><\/p>\n<p style=\"text-align: center;\"><a href=\"https:\/\/explore.simonssearchlight.org\/what-we-study\/\">Saiba mais sobre o <span class=\"notranslate\">Simons Searchlight<\/span>.<\/a><\/p>\n","protected":false},"excerpt":{"rendered":"<p>&nbsp; Obrigado pelo seu interesse em participar da pesquisa com a Simons Searchlight! Infelizmente, o Searchlight n\u00e3o est\u00e1 pronto para aceitar participantes do SPARK no momento. Se voc\u00ea j\u00e1 recebeu um diagn\u00f3stico gen\u00e9tico eleg\u00edvel do SPARK, dever\u00e1 receber automaticamente um convite para participar do Searchlight nos pr\u00f3ximos meses. Ao receber seu convite, voc\u00ea receber\u00e1 instru\u00e7\u00f5es [&hellip;]<\/p>\n","protected":false},"author":7,"featured_media":0,"parent":43483,"menu_order":0,"comment_status":"closed","ping_status":"closed","template":"","meta":{"_acf_changed":false,"_relevanssi_hide_post":"","_relevanssi_hide_content":"","_relevanssi_pin_for_all":"","_relevanssi_pin_keywords":"","_relevanssi_unpin_keywords":"","_relevanssi_related_keywords":"","_relevanssi_related_include_ids":"","_relevanssi_related_exclude_ids":"","_relevanssi_related_no_append":"","_relevanssi_related_not_related":"","_relevanssi_related_posts":"","_relevanssi_noindex_reason":"","footnotes":""},"acf":[],"_links":{"self":[{"href":"https:\/\/www.simonssearchlight.org\/pt-br\/wp-json\/wp\/v2\/pages\/43499"}],"collection":[{"href":"https:\/\/www.simonssearchlight.org\/pt-br\/wp-json\/wp\/v2\/pages"}],"about":[{"href":"https:\/\/www.simonssearchlight.org\/pt-br\/wp-json\/wp\/v2\/types\/page"}],"author":[{"embeddable":true,"href":"https:\/\/www.simonssearchlight.org\/pt-br\/wp-json\/wp\/v2\/users\/7"}],"replies":[{"embeddable":true,"href":"https:\/\/www.simonssearchlight.org\/pt-br\/wp-json\/wp\/v2\/comments?post=43499"}],"version-history":[{"count":1,"href":"https:\/\/www.simonssearchlight.org\/pt-br\/wp-json\/wp\/v2\/pages\/43499\/revisions"}],"predecessor-version":[{"id":43504,"href":"https:\/\/www.simonssearchlight.org\/pt-br\/wp-json\/wp\/v2\/pages\/43499\/revisions\/43504"}],"up":[{"embeddable":true,"href":"https:\/\/www.simonssearchlight.org\/pt-br\/wp-json\/wp\/v2\/pages\/43483"}],"wp:attachment":[{"href":"https:\/\/www.simonssearchlight.org\/pt-br\/wp-json\/wp\/v2\/media?parent=43499"}],"curies":[{"name":"wp","href":"https:\/\/api.w.org\/{rel}","templated":true}]}}