{"id":43481,"date":"2018-06-21T14:51:50","date_gmt":"2018-06-21T18:51:50","guid":{"rendered":"https:\/\/www.simonssearchlight.org\/resposta-recusada-a-pesquisa\/"},"modified":"2024-03-21T15:14:08","modified_gmt":"2024-03-21T19:14:08","slug":"resposta-recusada-a-pesquisa","status":"publish","type":"page","link":"https:\/\/www.simonssearchlight.org\/pt-br\/resposta-recusada-a-pesquisa\/","title":{"rendered":"Resposta recusada \u00e0 pesquisa"},"content":{"rendered":"<p>Voc\u00ea optou por recusar o preenchimento desta pesquisa.<\/p>\n<p>Entre em contato com o coordenador do estudo Simons VIP ou com o investigador principal (PI) do estudo para esclarecer quaisquer d\u00favidas ou preocupa\u00e7\u00f5es que possa ter.<\/p>\n<p>[ninja_tables id=&#8221;2696&#8243;]<\/p>\n","protected":false},"excerpt":{"rendered":"<p>Voc\u00ea optou por recusar o preenchimento desta pesquisa. Entre em contato com o coordenador do estudo Simons VIP ou com o investigador principal (PI) do estudo para esclarecer quaisquer d\u00favidas ou preocupa\u00e7\u00f5es que possa ter. [ninja_tables id=&#8221;2696&#8243;]<\/p>\n","protected":false},"author":18,"featured_media":0,"parent":0,"menu_order":0,"comment_status":"closed","ping_status":"closed","template":"","meta":{"_acf_changed":false,"_relevanssi_hide_post":"","_relevanssi_hide_content":"","_relevanssi_pin_for_all":"","_relevanssi_pin_keywords":"","_relevanssi_unpin_keywords":"","_relevanssi_related_keywords":"","_relevanssi_related_include_ids":"","_relevanssi_related_exclude_ids":"","_relevanssi_related_no_append":"","_relevanssi_related_not_related":"","_relevanssi_related_posts":"","_relevanssi_noindex_reason":"","footnotes":""},"acf":[],"_links":{"self":[{"href":"https:\/\/www.simonssearchlight.org\/pt-br\/wp-json\/wp\/v2\/pages\/43481"}],"collection":[{"href":"https:\/\/www.simonssearchlight.org\/pt-br\/wp-json\/wp\/v2\/pages"}],"about":[{"href":"https:\/\/www.simonssearchlight.org\/pt-br\/wp-json\/wp\/v2\/types\/page"}],"author":[{"embeddable":true,"href":"https:\/\/www.simonssearchlight.org\/pt-br\/wp-json\/wp\/v2\/users\/18"}],"replies":[{"embeddable":true,"href":"https:\/\/www.simonssearchlight.org\/pt-br\/wp-json\/wp\/v2\/comments?post=43481"}],"version-history":[{"count":1,"href":"https:\/\/www.simonssearchlight.org\/pt-br\/wp-json\/wp\/v2\/pages\/43481\/revisions"}],"predecessor-version":[{"id":43487,"href":"https:\/\/www.simonssearchlight.org\/pt-br\/wp-json\/wp\/v2\/pages\/43481\/revisions\/43487"}],"wp:attachment":[{"href":"https:\/\/www.simonssearchlight.org\/pt-br\/wp-json\/wp\/v2\/media?parent=43481"}],"curies":[{"name":"wp","href":"https:\/\/api.w.org\/{rel}","templated":true}]}}