{"id":43360,"date":"2023-10-02T16:47:45","date_gmt":"2023-10-02T20:47:45","guid":{"rendered":"https:\/\/www.simonssearchlight.org\/sobre\/nosso-compromisso\/"},"modified":"2025-12-15T11:51:50","modified_gmt":"2025-12-15T16:51:50","slug":"nosso-compromisso","status":"publish","type":"page","link":"https:\/\/www.simonssearchlight.org\/pt-br\/sobre\/nosso-compromisso\/","title":{"rendered":"Nosso compromisso"},"content":{"rendered":"<h3><img loading=\"lazy\" decoding=\"async\" class=\"alignnone wp-image-16228 size-large\" src=\"https:\/\/cdn.simonssearchlight.org\/wp-content\/uploads\/2023\/10\/04104205\/website-banner-1600x416-1-1-e1707309105986-1024x177.png\" alt=\"\" width=\"1024\" height=\"177\" srcset=\"https:\/\/cdn.simonssearchlight.org\/wp-content\/uploads\/2023\/10\/04104205\/website-banner-1600x416-1-1-e1707309105986-1024x177.png 1024w, https:\/\/cdn.simonssearchlight.org\/wp-content\/uploads\/2023\/10\/04104205\/website-banner-1600x416-1-1-e1707309105986-300x52.png 300w, https:\/\/cdn.simonssearchlight.org\/wp-content\/uploads\/2023\/10\/04104205\/website-banner-1600x416-1-1-e1707309105986-768x132.png 768w, https:\/\/cdn.simonssearchlight.org\/wp-content\/uploads\/2023\/10\/04104205\/website-banner-1600x416-1-1-e1707309105986-1536x265.png 1536w, https:\/\/cdn.simonssearchlight.org\/wp-content\/uploads\/2023\/10\/04104205\/website-banner-1600x416-1-1-e1707309105986-2048x353.png 2048w\" sizes=\"(max-width: 1024px) 100vw, 1024px\" \/><\/h3>\n<h2><strong>Declara\u00e7\u00e3o de miss\u00e3o<\/strong><\/h2>\n<p><span style=\"font-weight: 400;\">O Simons Searchlight \u00e9 um programa internacional de pesquisa on-line que est\u00e1 construindo um banco de dados de hist\u00f3ria natural, um biorreposit\u00f3rio e uma rede de recursos de 184 dist\u00farbios gen\u00e9ticos raros do desenvolvimento neurol\u00f3gico. <\/span>Para criar avan\u00e7os cient\u00edficos para dist\u00farbios gen\u00e9ticos raros do neurodesenvolvimento, fam\u00edlias e cientistas devem se unir. A miss\u00e3o do <span class=\"notranslate\">Simons Searchlight<\/span>\u00e9 esclarecer esses dist\u00farbios por meio da coleta de dados de hist\u00f3ria natural padronizados e de alta qualidade e da cria\u00e7\u00e3o de parcerias s\u00f3lidas entre fam\u00edlias, pesquisadores, comunidades de defesa dos pacientes e o setor.<\/p>\n<p><strong>O Simons Searchlight \u00e9 um projeto apoiado pela Funda\u00e7\u00e3o Simons, por meio da Iniciativa de Pesquisa sobre Autismo da Funda\u00e7\u00e3o Simons (SFARI).  <\/strong><\/p>\n<h2><strong>Vis\u00e3o geral da miss\u00e3o<\/strong><\/h2>\n<p><span style=\"font-weight: 400;\">Ao participar da nossa comunidade e compartilhar suas experi\u00eancias, voc\u00ea contribui para um banco de dados cada vez maior, usado por cientistas do mundo todo para avan\u00e7ar na compreens\u00e3o dessas condi\u00e7\u00f5es. Por meio de pesquisas on-line e coleta opcional de amostras de sangue, coletamos informa\u00e7\u00f5es valiosas para melhorar vidas e impulsionar o progresso cient\u00edfico. Fam\u00edlias como a sua s\u00e3o a chave para um progresso significativo.<\/span><\/p>\n<h3><img loading=\"lazy\" decoding=\"async\" class=\"alignnone wp-image-16134\" src=\"https:\/\/cdn.simonssearchlight.org\/wp-content\/uploads\/2023\/09\/11094705\/Screenshot-2023-09-11-at-1.46.43-PM-300x290.png\" alt=\"\" width=\"245\" height=\"237\" srcset=\"https:\/\/cdn.simonssearchlight.org\/wp-content\/uploads\/2023\/09\/11094705\/Screenshot-2023-09-11-at-1.46.43-PM-300x290.png 300w, https:\/\/cdn.simonssearchlight.org\/wp-content\/uploads\/2023\/09\/11094705\/Screenshot-2023-09-11-at-1.46.43-PM-768x743.png 768w, https:\/\/cdn.simonssearchlight.org\/wp-content\/uploads\/2023\/09\/11094705\/Screenshot-2023-09-11-at-1.46.43-PM.png 788w\" sizes=\"(max-width: 245px) 100vw, 245px\" \/><\/h3>\n<h3>Compromisso com a privacidade e a seguran\u00e7a dos dados<\/h3>\n<p>Sua privacidade \u00e9 extremamente importante para n\u00f3s. A Simons Searchlight segue os mais altos padr\u00f5es de \u00e9tica em pesquisa para proteger a sua privacidade e a seguran\u00e7a dos seus dados. Qualquer informa\u00e7\u00e3o que possa identificar um participante pessoalmente \u00e9 removida dos dados coletados antes de serem compartilhados com os pesquisadores que solicitam seu uso. Isso significa que seus dados s\u00e3o an\u00f4nimos e n\u00e3o podem ser relacionados a voc\u00ea. <g id=\"gid_0\">Continue lendo para saber mais<\/g>.   <\/p>\n<h3>Nossa equipe e comit\u00ea consultivo<\/h3>\n<p><span style=\"font-weight: 400;\">A equipe do Simons Searchlight <\/span><a href=\"https:\/\/www.simonssearchlight.org\/pt-br\/sobre\/equipe-do-simons-searchlight\/\" target=\"_blank\" rel=\"noopener\"><span style=\"font-weight: 400;\">equipe<\/span><\/a><span style=\"font-weight: 400;\">  inclui cientistas, m\u00e9dicos, analistas de dados, conselheiros gen\u00e9ticos, coordenadores de pesquisa, desenvolvedores de produtos e especialistas em comunica\u00e7\u00e3o. Estamos aqui para tornar sua participa\u00e7\u00e3o na pesquisa o mais f\u00e1cil poss\u00edvel. Al\u00e9m disso, nossos  <\/span><a href=\"https:\/\/www.simonssearchlight.org\/pt-br\/sobre\/comite-consultivo-comunitario\/\" target=\"_blank\" rel=\"noopener\"><span style=\"font-weight: 400;\">Comit\u00ea Consultivo da Comunidade<\/span><\/a><span style=\"font-weight: 400;\"> nos orienta a centralizar as vozes de nossos participantes em tudo o que fazemos, garantindo que nosso estudo se adapte \u00e0s diversas necessidades de nossa comunidade.<\/span><\/p>\n<p><span style=\"font-weight: 400;\">Todos n\u00f3s trabalhamos juntos para aprender sobre sua condi\u00e7\u00e3o e os problemas que voc\u00ea enfrenta, e para ajudar a encontrar respostas para melhorar seu atendimento e gerenciamento cl\u00ednico. Acreditamos que podemos melhorar o tratamento das pessoas hoje, compartilhando sua experi\u00eancia coletiva e, ao mesmo tempo, apoiando os cientistas no desenvolvimento de tratamentos e ferramentas adicionais para o futuro.<\/span><\/p>\n<p><span style=\"font-weight: 400;\">Voc\u00ea e fam\u00edlias como a sua compartilham informa\u00e7\u00f5es e experi\u00eancias valiosas, ajudando os principais geneticistas e cientistas de todo o mundo a melhorar a vida das pessoas que vivem com dist\u00farbios gen\u00e9ticos raros do neurodesenvolvimento. Esses pesquisadores tamb\u00e9m podem convidar as fam\u00edlias a participar de seus estudos de pesquisa no futuro.<\/span><\/p>\n<p><span style=\"font-weight: 400;\">Pessoas com diagn\u00f3sticos gen\u00e9ticos, suas fam\u00edlias e cientistas desempenham pap\u00e9is iguais nessa jornada.<\/span><\/p>\n<h2><strong>Compromisso de longo prazo com a pesquisa<\/strong><\/h2>\n<p><span style=\"font-weight: 400;\">O estudo de pesquisa Simons Searchlight est\u00e1 bem estabelecido h\u00e1 mais de quinze anos e \u00e9 apoiado com financiamento de longo prazo pela Funda\u00e7\u00e3o Simons. A equipe do Simons Searchlight \u00e9 formada por muitos funcion\u00e1rios talentosos e \u00e9 liderada por duas pesquisadoras principais: Wendy Chung, M.D., Ph.D., e Cora Taylor, Ph.D.<\/span><\/p>\n<p><span style=\"font-weight: 400;\">Chung \u00e9 um m\u00e9dico e geneticista de renome mundial. Ela \u00e9 autora de mais de 600 artigos cient\u00edficos revisados por pares e 75 cap\u00edtulos acad\u00eamicos e ganhou v\u00e1rios pr\u00eamios como m\u00e9dica, pesquisadora e professora. Leia sua <a href=\"https:\/\/www.simonssearchlight.org\/pt-br\/sobre\/equipe-do-simons-searchlight\/\" target=\"_blank\" rel=\"noopener\">biografia completa<\/a>.<\/span><\/p>\n<ul>\n<li><span style=\"font-weight: 400;\">V\u00eddeo relevante: Wendy Chung <\/span><a href=\"https:\/\/www.youtube.com\/watch?v=SItExDBnomo\" target=\"_blank\" rel=\"noopener\"><span style=\"font-weight: 400;\">explica Simons Searchlight<\/span><\/a><\/li>\n<\/ul>\n<p><span style=\"font-weight: 400;\">Taylor tem muitos anos de experi\u00eancia trabalhando com comunidades neurog\u00eanicas raras. Ela \u00e9 uma psic\u00f3loga cl\u00ednica licenciada e realiza avalia\u00e7\u00f5es diagn\u00f3sticas com crian\u00e7as que apresentam uma s\u00e9rie de condi\u00e7\u00f5es de desenvolvimento e condi\u00e7\u00f5es gen\u00e9ticas raras. Ela tamb\u00e9m pesquisa dist\u00farbios de neurodesenvolvimento em geral, com foco em indiv\u00edduos com condi\u00e7\u00f5es gen\u00e9ticas raras. Leia sua <a href=\"https:\/\/www.simonssearchlight.org\/pt-br\/sobre\/equipe-do-simons-searchlight\/\" target=\"_blank\" rel=\"noopener\">biografia completa<\/a>.<\/span><\/p>\n<ul>\n<li><span style=\"font-weight: 400;\">V\u00eddeo relevante: <\/span><a href=\"https:\/\/www.youtube.com\/watch?v=eCD86KyuyKM&amp;t=2552s\" target=\"_blank\" rel=\"noopener\"><span style=\"font-weight: 400;\">Perguntas e respostas de Taylor<\/span><\/a><span style=\"font-weight: 400;\"> sobre interven\u00e7\u00f5es comportamentais para a comunidade Simons Searchlight<\/span><\/li>\n<\/ul>\n<h2><img loading=\"lazy\" decoding=\"async\" class=\"alignnone wp-image-15139\" src=\"https:\/\/cdn.simonssearchlight.org\/wp-content\/uploads\/2023\/05\/18091933\/PEOPLE_desk-family-e1707309126417.png\" alt=\"\" width=\"261\" height=\"192\" srcset=\"https:\/\/cdn.simonssearchlight.org\/wp-content\/uploads\/2023\/05\/18091933\/PEOPLE_desk-family-e1707309126417.png 2501w, https:\/\/cdn.simonssearchlight.org\/wp-content\/uploads\/2023\/05\/18091933\/PEOPLE_desk-family-e1707309126417-300x220.png 300w, https:\/\/cdn.simonssearchlight.org\/wp-content\/uploads\/2023\/05\/18091933\/PEOPLE_desk-family-e1707309126417-1024x753.png 1024w, https:\/\/cdn.simonssearchlight.org\/wp-content\/uploads\/2023\/05\/18091933\/PEOPLE_desk-family-e1707309126417-768x564.png 768w, https:\/\/cdn.simonssearchlight.org\/wp-content\/uploads\/2023\/05\/18091933\/PEOPLE_desk-family-e1707309126417-1536x1129.png 1536w, https:\/\/cdn.simonssearchlight.org\/wp-content\/uploads\/2023\/05\/18091933\/PEOPLE_desk-family-e1707309126417-2048x1505.png 2048w\" sizes=\"(max-width: 261px) 100vw, 261px\" \/><\/h2>\n<h2><strong>Por que voc\u00ea deve participar do Simons Searchlight?<\/strong><\/h2>\n<p><span style=\"font-weight: 400;\">Quando <\/span><b>voc\u00ea<\/b><span style=\"font-weight: 400;\">  participar, suas experi\u00eancias ajudam as comunidades m\u00e9dica e cient\u00edfica a entender seu dist\u00farbio gen\u00e9tico raro. Como sua condi\u00e7\u00e3o gen\u00e9tica \u00e9 rara, sua experi\u00eancia \u00fanica \u00e9 a chave para desbloquear avan\u00e7os cient\u00edficos significativos.<\/span><\/p>\n<p><span style=\"font-weight: 400;\">Para participar do estudo, voc\u00ea ou um membro da sua fam\u00edlia deve ter um diagn\u00f3stico gen\u00e9tico da lista de diagn\u00f3sticos que estamos estudando atualmente. O estudo \u00e9 internacional, e as fam\u00edlias podem participar em v\u00e1rios idiomas, incluindo ingl\u00eas, holand\u00eas, franc\u00eas, alem\u00e3o, italiano, portugu\u00eas e espanhol.<\/span><\/p>\n<p><strong>Saiba mais sobre as <a href=\"https:\/\/www.simonssearchlight.org\/pt-br\/processo-de-pesquisa\/disturbios-geneticos-que-estudamos\/\" target=\"_blank\" rel=\"noopener\">condi\u00e7\u00f5es gen\u00e9ticas que estudamos<\/a> e <a href=\"https:\/\/www.simonssearchlight.org\/pt-br\/participando-em-outros-idiomas\/\" target=\"_blank\" rel=\"noopener\">como participar em outros idiomas<\/a>.<\/strong><\/p>\n<p><span style=\"font-weight: 400;\">Veja o gr\u00e1fico abaixo para obter mais informa\u00e7\u00f5es sobre nossas metas.<\/span><\/p>\n<p><img loading=\"lazy\" decoding=\"async\" class=\"alignnone wp-image-16232 size-large\" src=\"https:\/\/cdn.simonssearchlight.org\/wp-content\/uploads\/2023\/10\/04105205\/Screenshot-2023-10-02-at-9.36.58-AM-1024x577.png\" alt=\"\" width=\"1024\" height=\"577\" srcset=\"https:\/\/cdn.simonssearchlight.org\/wp-content\/uploads\/2023\/10\/04105205\/Screenshot-2023-10-02-at-9.36.58-AM-1024x577.png 1024w, https:\/\/cdn.simonssearchlight.org\/wp-content\/uploads\/2023\/10\/04105205\/Screenshot-2023-10-02-at-9.36.58-AM-300x169.png 300w, https:\/\/cdn.simonssearchlight.org\/wp-content\/uploads\/2023\/10\/04105205\/Screenshot-2023-10-02-at-9.36.58-AM-768x433.png 768w, https:\/\/cdn.simonssearchlight.org\/wp-content\/uploads\/2023\/10\/04105205\/Screenshot-2023-10-02-at-9.36.58-AM-1536x866.png 1536w, https:\/\/cdn.simonssearchlight.org\/wp-content\/uploads\/2023\/10\/04105205\/Screenshot-2023-10-02-at-9.36.58-AM-2048x1155.png 2048w\" sizes=\"(max-width: 1024px) 100vw, 1024px\" \/><\/p>\n<h2><strong>O valor da coleta de dados dos participantes e do compartilhamento de informa\u00e7\u00f5es com as fam\u00edlias<\/strong><\/h2>\n<p><span style=\"font-weight: 400;\">O foco principal do Simons Searchlight \u00e9 esclarecer condi\u00e7\u00f5es gen\u00e9ticas raras por meio da coleta de informa\u00e7\u00f5es de alta qualidade e da cria\u00e7\u00e3o de fortes conex\u00f5es entre pesquisadores, fam\u00edlias e parceiros de defesa dos pacientes. Os dados que coletamos ajudar\u00e3o a fornecer uma melhor compreens\u00e3o para a sua comunidade, pesquisadores e m\u00e9dicos sobre o que significa ter a sua condi\u00e7\u00e3o gen\u00e9tica.<\/span><\/p>\n<ul>\n<li style=\"font-weight: 400;\" aria-level=\"1\"><span style=\"font-weight: 400;\">Primeiro, coletamos hist\u00f3ricos m\u00e9dicos e comportamentais detalhados por meio de v\u00e1rias pesquisas on-line. As amostras de sangue opcionais que coletamos s\u00e3o usadas por pesquisadores para estudar sua condi\u00e7\u00e3o. Disponibilizamos esses dados e amostras gratuitamente para pesquisadores qualificados. Leia mais sobre tudo  <\/span><a href=\"https:\/\/www.simonssearchlight.org\/pt-br\/dados-e-bioamostras\/\" target=\"_blank\" rel=\"noopener\">os dados que coletamos<\/a><span style=\"font-weight: 400;\"> dos participantes.<\/span><\/li>\n<li style=\"font-weight: 400;\" aria-level=\"1\"><span style=\"font-weight: 400;\">Em segundo lugar, n\u00f3s nos esfor\u00e7amos n\u00e3o apenas para coletar dados, mas tamb\u00e9m para fornecer informa\u00e7\u00f5es oportunas aos participantes. Resumimos as informa\u00e7\u00f5es que voc\u00ea fornece e compartilhamos os resultados com voc\u00ea de v\u00e1rias maneiras, como apresenta\u00e7\u00f5es em confer\u00eancias de grupos de pacientes e relat\u00f3rios trimestrais. Estamos sempre buscando novas oportunidades para fornecer informa\u00e7\u00f5es valiosas \u00e0 comunidade. Al\u00e9m disso, conectamos voc\u00ea a especialistas m\u00e9dicos por meio de confer\u00eancias, webinars, networking e outros tipos de suporte comunit\u00e1rio.<\/span><\/li>\n<\/ul>\n<p><span style=\"font-weight: 400;\">Sua participa\u00e7\u00e3o pode n\u00e3o resultar em tratamentos imediatos, mas seu envolvimento pode levar a percep\u00e7\u00f5es importantes para sua fam\u00edlia e futuras fam\u00edlias. Ao comparar as experi\u00eancias dos participantes em uma determinada condi\u00e7\u00e3o, podemos saber o que funciona e o que n\u00e3o funciona. Acompanhamos a sa\u00fade e o desenvolvimento ao longo do tempo porque as coisas mudam ao longo da vida. Queremos ajudar a responder \u00e0s perguntas sobre o que esperar no futuro para as pessoas com esses dist\u00farbios raros. Tamb\u00e9m facilitamos a sua conex\u00e3o com pesquisadores que est\u00e3o planejando novos estudos de pesquisa e ensaios cl\u00ednicos por meio de nosso  <\/span><a href=\"https:\/\/www.simonssearchlight.org\/pt-br\/programa-simons-searchlight-research-match\/\" target=\"_blank\" rel=\"noopener\">Programa Research Match<\/a><span style=\"font-weight: 400;\">.<\/span><\/p>\n<h2><img loading=\"lazy\" decoding=\"async\" class=\"alignnone wp-image-15194 \" src=\"https:\/\/cdn.simonssearchlight.org\/wp-content\/uploads\/2023\/05\/18092251\/PEOPLE_scientists-4-purple-e1707309275211-1024x430.png\" alt=\"\" width=\"399\" height=\"168\" srcset=\"https:\/\/cdn.simonssearchlight.org\/wp-content\/uploads\/2023\/05\/18092251\/PEOPLE_scientists-4-purple-e1707309275211-1024x430.png 1024w, https:\/\/cdn.simonssearchlight.org\/wp-content\/uploads\/2023\/05\/18092251\/PEOPLE_scientists-4-purple-e1707309275211-300x126.png 300w, https:\/\/cdn.simonssearchlight.org\/wp-content\/uploads\/2023\/05\/18092251\/PEOPLE_scientists-4-purple-e1707309275211-768x322.png 768w, https:\/\/cdn.simonssearchlight.org\/wp-content\/uploads\/2023\/05\/18092251\/PEOPLE_scientists-4-purple-e1707309275211-1536x645.png 1536w, https:\/\/cdn.simonssearchlight.org\/wp-content\/uploads\/2023\/05\/18092251\/PEOPLE_scientists-4-purple-e1707309275211-2048x860.png 2048w\" sizes=\"(max-width: 399px) 100vw, 399px\" \/><\/h2>\n<h2><strong>Compartilhamento de dados e bioamostras com pesquisadores<\/strong><\/h2>\n<p><span style=\"font-weight: 400;\">Ao coletar suas informa\u00e7\u00f5es e atualiza\u00e7\u00f5es ao longo do tempo, todos n\u00f3s aprenderemos mais sobre como seu dist\u00farbio gen\u00e9tico pode mudar \u00e0 medida que as pessoas envelhecem. De modo geral, nosso objetivo \u00e9 facilitar o estudo de sua condi\u00e7\u00e3o para os pesquisadores, com foco na gera\u00e7\u00e3o de conhecimento que seja \u00fatil e de alta prioridade para os participantes.<\/span><\/p>\n<p><strong><i>\u00c9 por isso que um dos princ\u00edpios fundamentais que orientam tudo o que fazemos \u00e9 garantir que <\/i><i>n\u00e3o identificados<\/i><i> sejam amplamente compartilhados com pesquisadores de todo o mundo.<\/i><\/strong><\/p>\n<p><span style=\"font-weight: 400;\">Acreditamos que o amplo acesso a esses dados acelerar\u00e1 o ritmo das pesquisas, por isso compartilhamos prontamente dados e amostras n\u00e3o identificados com pesquisadores qualificados. A Iniciativa de Pesquisa sobre Autismo da Funda\u00e7\u00e3o Simons mant\u00e9m um portal chamado  <\/span><a href=\"https:\/\/base.sfari.org\/\" target=\"_blank\" rel=\"noopener\"><span style=\"font-weight: 400;\">Base SFARI<\/span><\/a><span style=\"font-weight: 400;\"> que \u00e9 dedicada ao compartilhamento de recursos com a comunidade de pesquisa.<\/span><\/p>\n<p><span style=\"font-weight: 400;\">Al\u00e9m disso, os pesquisadores interessados em recrutar participantes do Simons Searchlight para seus pr\u00f3prios estudos podem enviar uma solicita\u00e7\u00e3o por meio do <\/span><a href=\"https:\/\/www.sfari.org\/resource\/research-match\/\" target=\"_blank\" rel=\"noopener\"><span style=\"font-weight: 400;\">Pesquisa de correspond\u00eancia da SFARI<\/span><\/a><span style=\"font-weight: 400;\">. Os pesquisadores aprovados receber\u00e3o mais informa\u00e7\u00f5es sobre como entrar em contato com as fam\u00edlias.<\/span><\/p>\n<p><strong>Recursos adicionais relevantes:<\/strong><\/p>\n<ul>\n<li style=\"font-weight: 400;\" aria-level=\"1\">Simons Searchlight e Jordan&#8217;s Guardian Angels: <a href=\"https:\/\/www.youtube.com\/watch?v=FuvhmiPsXbo\" target=\"_blank\" rel=\"noopener\">Parceiros na acelera\u00e7\u00e3o da ci\u00eancia<\/a><\/li>\n<li style=\"font-weight: 400;\" aria-level=\"1\"><span style=\"font-weight: 400;\">Pesquisadores <\/span><a href=\"https:\/\/www.youtube.com\/watch?v=vvoJgO2KF_Q\" target=\"_blank\" rel=\"noopener\"><span style=\"font-weight: 400;\">Usando os dados do Simons Searchlight<\/span><\/a><\/li>\n<li style=\"font-weight: 400;\" aria-level=\"1\"><a href=\"https:\/\/www.simonssearchlight.org\/pt-br\/dados-e-bioamostras\/\" target=\"_blank\" rel=\"noopener\"><span style=\"font-weight: 400;\">P\u00e1gina da Web de dados e bioesp\u00e9cimes<\/span><\/a> <span style=\"font-weight: 400;\">&#8211;<\/span><span style=\"font-weight: 400;\"> Uma vis\u00e3o geral completa dos recursos de pesquisa<\/span><\/li>\n<\/ul>\n<h2><strong>Informa\u00e7\u00f5es de contato<\/strong><\/h2>\n<p><span style=\"font-weight: 400;\">Entendemos que voc\u00ea pode ter d\u00favidas sobre a participa\u00e7\u00e3o em pesquisas e estamos aqui para ajudar. Se tiver alguma d\u00favida em qualquer ponto da sua jornada de pesquisa, sinta-se \u00e0 vontade para entrar em contato com a equipe da Simons Searchlight em  <\/span><a href=\"mailto:coordinator@simonssearchlight.org\"><span style=\"font-weight: 400;\">coordinator@simonssearchlight.org<\/span><\/a><span style=\"font-weight: 400;\"> ou pelo telefone 1-855-329-5638.<\/span><\/p>\n","protected":false},"excerpt":{"rendered":"<p>Declara\u00e7\u00e3o de miss\u00e3o O Simons Searchlight \u00e9 um programa internacional de pesquisa on-line que est\u00e1 construindo um banco de dados de hist\u00f3ria natural, um biorreposit\u00f3rio e uma rede de recursos de 184 dist\u00farbios gen\u00e9ticos raros do desenvolvimento neurol\u00f3gico. Para criar avan\u00e7os cient\u00edficos para dist\u00farbios gen\u00e9ticos raros do neurodesenvolvimento, fam\u00edlias e cientistas devem se unir. A [&hellip;]<\/p>\n","protected":false},"author":4,"featured_media":0,"parent":43343,"menu_order":0,"comment_status":"closed","ping_status":"closed","template":"","meta":{"_acf_changed":false,"_relevanssi_hide_post":"","_relevanssi_hide_content":"","_relevanssi_pin_for_all":"","_relevanssi_pin_keywords":"","_relevanssi_unpin_keywords":"","_relevanssi_related_keywords":"","_relevanssi_related_include_ids":"","_relevanssi_related_exclude_ids":"","_relevanssi_related_no_append":"","_relevanssi_related_not_related":"","_relevanssi_related_posts":"","_relevanssi_noindex_reason":"","footnotes":""},"acf":[],"_links":{"self":[{"href":"https:\/\/www.simonssearchlight.org\/pt-br\/wp-json\/wp\/v2\/pages\/43360"}],"collection":[{"href":"https:\/\/www.simonssearchlight.org\/pt-br\/wp-json\/wp\/v2\/pages"}],"about":[{"href":"https:\/\/www.simonssearchlight.org\/pt-br\/wp-json\/wp\/v2\/types\/page"}],"author":[{"embeddable":true,"href":"https:\/\/www.simonssearchlight.org\/pt-br\/wp-json\/wp\/v2\/users\/4"}],"replies":[{"embeddable":true,"href":"https:\/\/www.simonssearchlight.org\/pt-br\/wp-json\/wp\/v2\/comments?post=43360"}],"version-history":[{"count":13,"href":"https:\/\/www.simonssearchlight.org\/pt-br\/wp-json\/wp\/v2\/pages\/43360\/revisions"}],"predecessor-version":[{"id":74396,"href":"https:\/\/www.simonssearchlight.org\/pt-br\/wp-json\/wp\/v2\/pages\/43360\/revisions\/74396"}],"up":[{"embeddable":true,"href":"https:\/\/www.simonssearchlight.org\/pt-br\/wp-json\/wp\/v2\/pages\/43343"}],"wp:attachment":[{"href":"https:\/\/www.simonssearchlight.org\/pt-br\/wp-json\/wp\/v2\/media?parent=43360"}],"curies":[{"name":"wp","href":"https:\/\/api.w.org\/{rel}","templated":true}]}}