{"id":43343,"date":"2018-10-31T15:43:50","date_gmt":"2018-10-31T19:43:50","guid":{"rendered":"https:\/\/www.simonssearchlight.org\/sobre\/"},"modified":"2024-03-21T15:07:00","modified_gmt":"2024-03-21T19:07:00","slug":"sobre","status":"publish","type":"page","link":"https:\/\/www.simonssearchlight.org\/pt-br\/sobre\/","title":{"rendered":"Sobre"},"content":{"rendered":"<p>A <span class=\"notranslate\">Simons Searchlight<\/span> est\u00e1 em uma miss\u00e3o para acelerar a ci\u00eancia gen\u00e9tica do autismo e dos transtornos relacionados. Queremos mais respostas. Queremos mais progresso.<\/p>\n\n<p>Somos uma parceria entre os principais cientistas, pesquisadores e fam\u00edlias. A <span class=\"notranslate\">Simons Searchlight<\/span> acredita que a \u00fanica maneira de fazer <strong>avan\u00e7os significativos<\/strong> \u00e9 fazer isso juntos. As fam\u00edlias conhecem os passos que deram em sua jornada e como suas vidas foram afetadas. Os cientistas sabem como transformar esse conhecimento em pesquisas de ponta.<\/p>\n<p>Juntos, vamos levar a ci\u00eancia adiante.<\/p>\n<p><img loading=\"lazy\" decoding=\"async\" src=\"http:\/\/searchlight.site:8888\/wp-content\/uploads\/2018\/11\/blog3-300x200.jpg\" alt=\"\" width=\"300\" height=\"200\" class=\"alignright size-medium wp-image-46\" srcset=\"https:\/\/cdn.simonssearchlight.org\/wp-content\/uploads\/2018\/11\/09053836\/blog3-300x200.jpg 300w, https:\/\/cdn.simonssearchlight.org\/wp-content\/uploads\/2018\/11\/09053836\/blog3.jpg 500w\" sizes=\"(max-width: 300px) 100vw, 300px\" \/>As condi\u00e7\u00f5es que estudamos podem ser <strong>extremamente raras<\/strong>. Mas quando nos unimos, coisas incr\u00edveis podem acontecer. Surgem percep\u00e7\u00f5es e padr\u00f5es. Forma\u00e7\u00e3o de comunidades. Condi\u00e7\u00f5es antes isoladas tornam-se importantes e relevantes.<\/p>\n<p>E quando encontrarmos as respostas, quando coletarmos os dados, acreditamos que \u00e9 de fundamental import\u00e2ncia sermos abertos. Para <strong>compartilhar as descobertas<\/strong> com voc\u00ea. E convidar pesquisadores de classe mundial para explorar mais. Quanto mais mentes tivermos estudando essas mudan\u00e7as gen\u00e9ticas, mais poderemos <strong>capacit\u00e1-lo<\/strong> com conhecimento.<\/p>\n<p>Juntos, seremos bem-sucedidos.<\/p>\n\n<h2>Este \u00e9 um t\u00edtulo H2<\/h2>\n<p>Lorem ipsum dolor sit amet, consectetur adipiscing elit. <a href=\"#\">Integer et ornare diam<\/a>. Quisque vel maximus dui. Morbi molestie ex diam, <em>tempor egestas mi ullamcorper vitae<\/em>. Nunc eu cursus sem. Pellentesque suscipit et arcu ac ullamcorper.<\/p>\n<ul>\n<li>Aenean elit diam, blandit in fermentum quis, venenatis ac massa.<\/li>\n<li>Vestibulum venenatis quam lorem, eu vehicula lacus dapibus a. Proin a massa facilisis, porta mauris eu, hendrerit ex.<\/li>\n<li>Praesent <strong>a vulputate risus<\/strong>, non elementum ante. Morbi finibus euismod malesuada. Nulla eu ante nec augue imperdiet posuere.<\/li>\n<li>Aenean elit diam, blandit in fermentum quis, <em>venenatis ac massa<\/em>. Vestibulum venenatis quam lorem, eu vehicula lacus dapibus a.<\/li>\n<\/ul>\n<h3>Este \u00e9 um t\u00edtulo H3<\/h3>\n<p>Vivamus eget libero a sapien fermentum eleifend nec a mi. Maecenas gravida, enim at dictum bibendum, neque enim mattis est, eu semper nibh ex eget erat.<\/p>\n<blockquote><p>Esta \u00e9 uma cita\u00e7\u00e3o. Aliquam cursus justo non accumsan molestie. Fusce sit amet gravida lectus. Ujusto non accumsan molestie. Fusce sit amet gravida lectus.<\/p><\/blockquote>\n<p>Aliquam cursus justo non accumsan molestie. Fusce sit amet gravida lectus. Suspendisse euismod elit mi, ut sollicitudin mauris laoreet quis.<\/p>\n<ol>\n<li>Fusce sit amet gravida<\/li>\n<li>Vestibulum in sollicitudin lorem<\/li>\n<li>Donec congue nisl vitae lacus <a href=\"#\">aliquam consequat<\/a><\/li>\n<\/ol>\n<h4>Esse \u00e9 um cabe\u00e7alho H4<\/h4>\n<p>Donec scelerisque a enim quis semper. Donec facilisis fringilla consectetur. Fusce consequat elit sed varius cursus. Vestibulum in sollicitudin lorem. Donec congue nisl vitae lacus aliquam consequat. Cras lobortis massa sed mauris venenatis sollicitudin.<\/p>\n","protected":false},"excerpt":{"rendered":"<p>A Simons Searchlight est\u00e1 em uma miss\u00e3o para acelerar a ci\u00eancia gen\u00e9tica do autismo e dos transtornos relacionados. Queremos mais respostas. Queremos mais progresso. Somos uma parceria entre os principais cientistas, pesquisadores e fam\u00edlias. A Simons Searchlight acredita que a \u00fanica maneira de fazer avan\u00e7os significativos \u00e9 fazer isso juntos. As fam\u00edlias conhecem os passos [&hellip;]<\/p>\n","protected":false},"author":18,"featured_media":0,"parent":0,"menu_order":0,"comment_status":"closed","ping_status":"closed","template":"","meta":{"_acf_changed":false,"_relevanssi_hide_post":"","_relevanssi_hide_content":"","_relevanssi_pin_for_all":"","_relevanssi_pin_keywords":"","_relevanssi_unpin_keywords":"","_relevanssi_related_keywords":"","_relevanssi_related_include_ids":"","_relevanssi_related_exclude_ids":"","_relevanssi_related_no_append":"","_relevanssi_related_not_related":"","_relevanssi_related_posts":"","_relevanssi_noindex_reason":"","footnotes":""},"acf":[],"_links":{"self":[{"href":"https:\/\/www.simonssearchlight.org\/pt-br\/wp-json\/wp\/v2\/pages\/43343"}],"collection":[{"href":"https:\/\/www.simonssearchlight.org\/pt-br\/wp-json\/wp\/v2\/pages"}],"about":[{"href":"https:\/\/www.simonssearchlight.org\/pt-br\/wp-json\/wp\/v2\/types\/page"}],"author":[{"embeddable":true,"href":"https:\/\/www.simonssearchlight.org\/pt-br\/wp-json\/wp\/v2\/users\/18"}],"replies":[{"embeddable":true,"href":"https:\/\/www.simonssearchlight.org\/pt-br\/wp-json\/wp\/v2\/comments?post=43343"}],"version-history":[{"count":1,"href":"https:\/\/www.simonssearchlight.org\/pt-br\/wp-json\/wp\/v2\/pages\/43343\/revisions"}],"predecessor-version":[{"id":43352,"href":"https:\/\/www.simonssearchlight.org\/pt-br\/wp-json\/wp\/v2\/pages\/43343\/revisions\/43352"}],"wp:attachment":[{"href":"https:\/\/www.simonssearchlight.org\/pt-br\/wp-json\/wp\/v2\/media?parent=43343"}],"curies":[{"name":"wp","href":"https:\/\/api.w.org\/{rel}","templated":true}]}}