{"id":43327,"date":"2018-05-02T12:24:46","date_gmt":"2018-05-02T16:24:46","guid":{"rendered":"https:\/\/www.simonssearchlight.org\/processo-de-pesquisa\/"},"modified":"2025-05-31T11:09:10","modified_gmt":"2025-05-31T15:09:10","slug":"processo-de-pesquisa","status":"publish","type":"page","link":"https:\/\/www.simonssearchlight.org\/pt-br\/processo-de-pesquisa\/","title":{"rendered":"Processo de pesquisa"},"content":{"rendered":"<p>&nbsp;<\/p>\n<p><img loading=\"lazy\" decoding=\"async\" class=\"alignnone wp-image-15211 size-large\" src=\"https:\/\/cdn.simonssearchlight.org\/wp-content\/uploads\/2023\/05\/18092354\/PEOPLE_women-girls-row-e1695215256929-1024x207.png\" alt=\"\" width=\"1024\" height=\"207\" srcset=\"https:\/\/cdn.simonssearchlight.org\/wp-content\/uploads\/2023\/05\/18092354\/PEOPLE_women-girls-row-e1695215256929-1024x207.png 1024w, https:\/\/cdn.simonssearchlight.org\/wp-content\/uploads\/2023\/05\/18092354\/PEOPLE_women-girls-row-e1695215256929-300x61.png 300w, https:\/\/cdn.simonssearchlight.org\/wp-content\/uploads\/2023\/05\/18092354\/PEOPLE_women-girls-row-e1695215256929-768x155.png 768w, https:\/\/cdn.simonssearchlight.org\/wp-content\/uploads\/2023\/05\/18092354\/PEOPLE_women-girls-row-e1695215256929-1536x311.png 1536w, https:\/\/cdn.simonssearchlight.org\/wp-content\/uploads\/2023\/05\/18092354\/PEOPLE_women-girls-row-e1695215256929-2048x414.png 2048w\" sizes=\"(max-width: 1024px) 100vw, 1024px\" \/><\/p>\n<div class=\"summary\">\n<h3 style=\"text-align: left;\"><strong>Participe do Programa de Pesquisa Simons Searchlight<\/strong><\/h3>\n<p style=\"text-align: left;\">Para participar do Simons Searchlight, voc\u00ea deve:<\/p>\n<ul style=\"text-align: left;\">\n<li style=\"font-weight: 400;\" aria-level=\"1\"><span style=\"font-weight: 400;\">Ter um diagn\u00f3stico gen\u00e9tico confirmado de nossa <\/span><a href=\"https:\/\/www.simonssearchlight.org\/pt-br\/processo-de-pesquisa\/disturbios-geneticos-que-estudamos\/\"><span style=\"font-weight: 400;\">lista de condi\u00e7\u00f5es gen\u00e9ticas eleg\u00edveis<\/span><\/a><span style=\"font-weight: 400;\">.<\/span><\/li>\n<li style=\"font-weight: 400;\" aria-level=\"1\"><span style=\"font-weight: 400;\">Tenha uma c\u00f3pia do laudo gen\u00e9tico laboratorial de voc\u00ea, de seu filho ou de seu dependente.<\/span><\/li>\n<li style=\"font-weight: 400;\" aria-level=\"1\"><span style=\"font-weight: 400;\">Ser capaz de participar em um dos seguintes idiomas: ingl\u00eas, holand\u00eas, franc\u00eas, alem\u00e3o, italiano, portugu\u00eas ou espanhol.<\/span><\/li>\n<\/ul>\n<p style=\"text-align: left;\">Se voc\u00ea atender a esses tr\u00eas crit\u00e9rios, estar\u00e1 qualificado para se inscrever em nosso estudo de pesquisa como participante e poder\u00e1 compartilhar informa\u00e7\u00f5es por meio de question\u00e1rios de pesquisa on-line e doar uma amostra de sangue opcional. Continue lendo para saber mais sobre as etapas de participa\u00e7\u00e3o e como o seu envolvimento pode ajudar a promover a compreens\u00e3o cient\u00edfica.<\/p>\n<p style=\"text-align: left;\"><span style=\"font-weight: 400;\">Al\u00e9m disso, leia o <\/span><a href=\"https:\/\/cdn.simonssearchlight.org\/wp-content\/uploads\/2021\/12\/14095927\/TO-USE_SL_Brochure-DIGITAL_Dec2021_v7b.pdf\"><span style=\"font-weight: 400;\">folheto de estudo<\/span><\/a> <span style=\"font-weight: 400;\">para obter uma vis\u00e3o geral detalhada do Simons Searchlight e como apoiamos as fam\u00edlias e os pesquisadores.<\/span><\/p>\n<p style=\"text-align: left;\"><em><span class=\"notranslate\">*O Simons Searchlight est\u00e1 dispon\u00edvel em v\u00e1rios idiomas: Se voc\u00ea fala um idioma diferente do ingl\u00eas, <a href=\"https:\/\/www.simonssearchlight.org\/pt-br\/participando-em-outros-idiomas\/\" target=\"_blank\" rel=\"noopener\">clique aqui para saber mais<\/a> sobre como participar no idioma de sua prefer\u00eancia.<\/span><\/em><\/p>\n<\/div>\n","protected":false},"excerpt":{"rendered":"<p>&nbsp; Participe do Programa de Pesquisa Simons Searchlight Para participar do Simons Searchlight, voc\u00ea deve: Ter um diagn\u00f3stico gen\u00e9tico confirmado de nossa lista de condi\u00e7\u00f5es gen\u00e9ticas eleg\u00edveis. Tenha uma c\u00f3pia do laudo gen\u00e9tico laboratorial de voc\u00ea, de seu filho ou de seu dependente. Ser capaz de participar em um dos seguintes idiomas: ingl\u00eas, holand\u00eas, franc\u00eas, [&hellip;]<\/p>\n","protected":false},"author":18,"featured_media":0,"parent":0,"menu_order":3,"comment_status":"closed","ping_status":"closed","template":"page-process.php","meta":{"_acf_changed":false,"_relevanssi_hide_post":"","_relevanssi_hide_content":"","_relevanssi_pin_for_all":"","_relevanssi_pin_keywords":"","_relevanssi_unpin_keywords":"","_relevanssi_related_keywords":"","_relevanssi_related_include_ids":"","_relevanssi_related_exclude_ids":"","_relevanssi_related_no_append":"","_relevanssi_related_not_related":"","_relevanssi_related_posts":"","_relevanssi_noindex_reason":"","footnotes":""},"acf":[],"_links":{"self":[{"href":"https:\/\/www.simonssearchlight.org\/pt-br\/wp-json\/wp\/v2\/pages\/43327"}],"collection":[{"href":"https:\/\/www.simonssearchlight.org\/pt-br\/wp-json\/wp\/v2\/pages"}],"about":[{"href":"https:\/\/www.simonssearchlight.org\/pt-br\/wp-json\/wp\/v2\/types\/page"}],"author":[{"embeddable":true,"href":"https:\/\/www.simonssearchlight.org\/pt-br\/wp-json\/wp\/v2\/users\/18"}],"replies":[{"embeddable":true,"href":"https:\/\/www.simonssearchlight.org\/pt-br\/wp-json\/wp\/v2\/comments?post=43327"}],"version-history":[{"count":4,"href":"https:\/\/www.simonssearchlight.org\/pt-br\/wp-json\/wp\/v2\/pages\/43327\/revisions"}],"predecessor-version":[{"id":62561,"href":"https:\/\/www.simonssearchlight.org\/pt-br\/wp-json\/wp\/v2\/pages\/43327\/revisions\/62561"}],"wp:attachment":[{"href":"https:\/\/www.simonssearchlight.org\/pt-br\/wp-json\/wp\/v2\/media?parent=43327"}],"curies":[{"name":"wp","href":"https:\/\/api.w.org\/{rel}","templated":true}]}}