{"id":41855,"date":"2020-04-24T13:39:04","date_gmt":"2020-04-24T17:39:04","guid":{"rendered":"https:\/\/www.simonssearchlight.org\/bronnen\/artikelen\/"},"modified":"2024-02-15T14:16:49","modified_gmt":"2024-02-15T19:16:49","slug":"artikelen","status":"publish","type":"page","link":"https:\/\/www.simonssearchlight.org\/nl\/bronnen\/artikelen\/","title":{"rendered":"Artikelen"},"content":{"rendered":"<p>Ontvang de laatste updates van Simons Searchlight, inclusief artikelen over onze deelnemers, wetenschappers en anderen voor onze gemeenschap.<\/p>\n<table style=\"width: 100%;\">\n<tbody>\n<tr>\n<td style=\"padding: 10px;\"><a href=\"https:\/\/www.simonssearchlight.org\/nl\/bronnen\/artikelen\/spark_braxton\/\"><img loading=\"lazy\" decoding=\"async\" class=\"alignright wp-image-11616 size-full\" src=\"https:\/\/cdn.simonssearchlight.org\/wp-content\/uploads\/2022\/01\/20030422\/SPARK_Braxton.jpeg\" alt=\"\" width=\"888\" height=\"466\"><\/a><\/td>\n<td style=\"padding: 10px; vertical-align: top;\"><strong>Een autismediagnose op volwassen leeftijd leidt tot een nieuw carri\u00e8redoel<\/strong><\/p>\n<p>SPARK for Autism deelde onlangs de ervaring van Braxton Webb met de genetische diagnose DYRK1A.<\/p>\n<p><span style=\"color: #0000ff;\"><a style=\"color: #0000ff;\" href=\"https:\/\/bit.ly\/SPARK_Braxton\" target=\"_blank\" rel=\"noopener noreferrer\">Meer lezen<\/a><\/span><\/td>\n<\/tr>\n<tr>\n<td style=\"padding: 10px;\"><a href=\"https:\/\/www.simonssearchlight.org\/nl\/bronnen\/profielen-van-onderzoekers\/roni-yamane-msc-en-tzofia-drori-msc\/researcher-article-with-genetic-counselors\/\"><img loading=\"lazy\" decoding=\"async\" class=\"alignright wp-image-11294 size-large\" src=\"https:\/\/cdn.simonssearchlight.org\/wp-content\/uploads\/2021\/10\/19120328\/Researcher-article-with-genetic-counselors-1024x635.png\" alt=\"\" width=\"1024\" height=\"635\" srcset=\"https:\/\/cdn.simonssearchlight.org\/wp-content\/uploads\/2021\/10\/19120328\/Researcher-article-with-genetic-counselors-1024x635.png 1024w, https:\/\/cdn.simonssearchlight.org\/wp-content\/uploads\/2021\/10\/19120328\/Researcher-article-with-genetic-counselors-300x186.png 300w, https:\/\/cdn.simonssearchlight.org\/wp-content\/uploads\/2021\/10\/19120328\/Researcher-article-with-genetic-counselors-768x476.png 768w, https:\/\/cdn.simonssearchlight.org\/wp-content\/uploads\/2021\/10\/19120328\/Researcher-article-with-genetic-counselors.png 1058w\" sizes=\"(max-width: 1024px) 100vw, 1024px\" \/><\/a><\/td>\n<td style=\"padding: 10px; vertical-align: top;\"><strong><span style=\"color: #333333;\">Profiel onderzoeker: Roni Yamane, MSc. en Tzofia Drori, MSc.<\/span><\/strong><\/p>\n<p>Drori en Yamane gebruikten het Research Match programma van Simons Searchlight om een onderzoek te lanceren voor Searchlight deelnemers.<\/p>\n<p><span style=\"color: #0000ff;\"><a style=\"color: #0000ff;\" href=\"https:\/\/www.simonssearchlight.org\/nl\/bronnen\/profielen-van-onderzoekers\/roni-yamane-msc-en-tzofia-drori-msc\/\" target=\"_blank\" rel=\"noopener noreferrer\">Meer lezen<\/a><\/span><\/td>\n<\/tr>\n<tr>\n<td style=\"padding: 10px;\"><a href=\"https:\/\/www.simonssearchlight.org\/nl\/bronnen\/artikelen\/screen-shot-2021-09-24-at-9-42-09-am\/\"><img loading=\"lazy\" decoding=\"async\" class=\"alignnone wp-image-11187 size-medium\" src=\"https:\/\/cdn.simonssearchlight.org\/wp-content\/uploads\/2021\/09\/24054226\/Screen-Shot-2021-09-24-at-9.42.09-AM-300x176.png\" alt=\"\" width=\"300\" height=\"176\" srcset=\"https:\/\/cdn.simonssearchlight.org\/wp-content\/uploads\/2021\/09\/24054226\/Screen-Shot-2021-09-24-at-9.42.09-AM-300x176.png 300w, https:\/\/cdn.simonssearchlight.org\/wp-content\/uploads\/2021\/09\/24054226\/Screen-Shot-2021-09-24-at-9.42.09-AM-768x449.png 768w, https:\/\/cdn.simonssearchlight.org\/wp-content\/uploads\/2021\/09\/24054226\/Screen-Shot-2021-09-24-at-9.42.09-AM-1024x599.png 1024w, https:\/\/cdn.simonssearchlight.org\/wp-content\/uploads\/2021\/09\/24054226\/Screen-Shot-2021-09-24-at-9.42.09-AM.png 1200w\" sizes=\"(max-width: 300px) 100vw, 300px\" \/><\/a><\/td>\n<td style=\"padding: 10px; vertical-align: top;\"><strong>Enqu\u00eate 5: updates, \u00e9\u00e9n jaar na het begin van de COVID-19-pandemie<\/strong><\/p>\n<p>Onze bevindingen over hoe de <span class=\"notranslate\">Simons Searchlight<\/span> zorgverleners denken over het COVID-19 vaccin worden hieronder samengevat.<\/p>\n<p><span style=\"color: #0000ff;\"><a style=\"color: #0000ff;\" href=\"https:\/\/www.simonssearchlight.org\/nl\/enquete-5-updates-een-jaar-na-het-begin-van-de-covid-19-pandemie\/\" target=\"_blank\" rel=\"noopener noreferrer\">Meer lezen<\/a><\/span><\/td>\n<\/tr>\n<tr>\n<td style=\"padding: 10px;\"><a href=\"https:\/\/www.simonssearchlight.org\/nl\/bronnen\/artikelen\/gleeson_horizontal\/\"><span style=\"color: #333333;\"><img loading=\"lazy\" decoding=\"async\" class=\"alignnone wp-image-11013 size-medium\" src=\"https:\/\/cdn.simonssearchlight.org\/wp-content\/uploads\/2021\/08\/17115948\/Gleeson_horizontal-300x200.jpg\" alt=\"\" width=\"300\" height=\"200\"><\/span><\/a><\/td>\n<td style=\"padding: 10px; vertical-align: top;\"><span style=\"color: #333333;\"><strong>Profiel onderzoeker: Joseph Gleeson, arts<\/strong><\/span><\/p>\n<p>We interviewden Joseph Gleeson, M.D. over zijn Research Match project dat open staat voor de Simons Searchlight gemeenschap.<\/p>\n<p><span style=\"color: #0000ff;\"><a style=\"color: #0000ff;\" href=\"https:\/\/www.simonssearchlight.org\/nl\/bronnen\/profielen-van-onderzoekers\/joseph-gleeson-arts\/\" target=\"_blank\" rel=\"noopener noreferrer\">Meer lezen<\/a><\/span><\/td>\n<\/tr>\n<tr>\n<td style=\"padding: 10px;\"><img loading=\"lazy\" decoding=\"async\" class=\"alignnone size-medium wp-image-11007\" src=\"https:\/\/cdn.simonssearchlight.org\/wp-content\/uploads\/2021\/08\/16101542\/covid_survey_4-300x169.png\" alt=\"\" width=\"300\" height=\"169\" srcset=\"https:\/\/cdn.simonssearchlight.org\/wp-content\/uploads\/2021\/08\/16101542\/covid_survey_4-300x169.png 300w, https:\/\/cdn.simonssearchlight.org\/wp-content\/uploads\/2021\/08\/16101542\/covid_survey_4-768x432.png 768w, https:\/\/cdn.simonssearchlight.org\/wp-content\/uploads\/2021\/08\/16101542\/covid_survey_4-1024x576.png 1024w, https:\/\/cdn.simonssearchlight.org\/wp-content\/uploads\/2021\/08\/16101542\/covid_survey_4.png 1280w\" sizes=\"(max-width: 300px) 100vw, 300px\" \/><\/td>\n<td style=\"padding: 10px; vertical-align: top;\"><strong><span style=\"color: #333333;\">Enqu\u00eate 4: Toegang tot onderwijs, therapie\u00ebn en diensten tijdens COVID-19<\/span><\/strong><\/p>\n<p>De resultaten van Simons Searchlight&#8217;s vierde onderzoek naar COVID-19 zijn samengevat in dit artikel.<\/p>\n<p><span style=\"color: #0000ff;\"><a style=\"color: #0000ff;\" href=\"https:\/\/www.simonssearchlight.org\/nl\/enquete-4-toegang-tot-onderwijs-therapieen-en-diensten-tijdens-covid-19\/\" target=\"_blank\" rel=\"noopener noreferrer\">Meer lezen<\/a><\/span><\/td>\n<\/tr>\n<tr>\n<td style=\"padding: 10px;\"><a href=\"https:\/\/www.simonssearchlight.org\/nl\/bronnen\/artikelen\/screen-shot-2021-08-17-at-4-36-39-pm\/\"><span style=\"color: #333333;\"><img loading=\"lazy\" decoding=\"async\" class=\"wp-image-11015 size-medium alignnone\" src=\"https:\/\/cdn.simonssearchlight.org\/wp-content\/uploads\/2021\/08\/17123745\/Screen-Shot-2021-08-17-at-4.36.39-PM-300x169.jpg\" alt=\"\" width=\"300\" height=\"169\" srcset=\"https:\/\/cdn.simonssearchlight.org\/wp-content\/uploads\/2021\/08\/17123745\/Screen-Shot-2021-08-17-at-4.36.39-PM-300x169.jpg 300w, https:\/\/cdn.simonssearchlight.org\/wp-content\/uploads\/2021\/08\/17123745\/Screen-Shot-2021-08-17-at-4.36.39-PM-768x432.jpg 768w, https:\/\/cdn.simonssearchlight.org\/wp-content\/uploads\/2021\/08\/17123745\/Screen-Shot-2021-08-17-at-4.36.39-PM-1024x576.jpg 1024w\" sizes=\"(max-width: 300px) 100vw, 300px\" \/><\/span><\/a><\/td>\n<td style=\"padding: 10px; vertical-align: top;\"><strong><span style=\"color: #333333;\">Profiel onderzoeker: Siddharth Srivastava, M.D.<\/span><\/strong><\/p>\n<p><span style=\"color: #333333;\">We interviewden Siddharth Srivastava, M.D., een kinderneuroloog in het Boston Children&#8217;s Hospital en gespecialiseerd in neurogenetica.<\/span><\/p>\n<p><span style=\"color: #0000ff;\"><a style=\"color: #0000ff;\" href=\"https:\/\/www.simonssearchlight.org\/nl\/bronnen\/profielen-van-onderzoekers\/siddharth-srivastava-arts\/\" target=\"_blank\" rel=\"noopener noreferrer\">Meer lezen<\/a><\/span><\/td>\n<\/tr>\n<tr>\n<td style=\"padding: 10px;\"><img loading=\"lazy\" decoding=\"async\" class=\"alignnone wp-image-9792 size-full\" src=\"https:\/\/cdn.simonssearchlight.org\/wp-content\/uploads\/2021\/02\/02084901\/FB-10yrsC.png\" alt=\"\" width=\"600\" height=\"925\"><\/td>\n<td style=\"padding: 10px; vertical-align: top;\"><span style=\"color: #333333;\"><strong>10 mijlpalen voor Simons Searchlight in de afgelopen 10 jaar<\/strong><\/span><\/p>\n<p>Sinds de lancering in december 2010 heeft Simons Searchlight vooruitgang geboekt op het gebied van genetische neurologische ontwikkelingsstoornissen.<\/p>\n<p><span style=\"color: #0000ff;\"><a style=\"color: #0000ff;\" href=\"https:\/\/www.simonssearchlight.org\/nl\/10-mijlpalen-voor-simons-searchlight-in-de-afgelopen-10-jaar\/\">Meer lezen<\/a><\/span><\/td>\n<\/tr>\n<tr>\n<td style=\"padding: 10px;\"><img loading=\"lazy\" decoding=\"async\" class=\"alignnone wp-image-7536 size-full\" src=\"https:\/\/cdn.simonssearchlight.org\/wp-content\/uploads\/2020\/03\/20053300\/searchlight-covid19-update-01.png\" alt=\"\" width=\"600\" height=\"333\" srcset=\"https:\/\/cdn.simonssearchlight.org\/wp-content\/uploads\/2020\/03\/20053300\/searchlight-covid19-update-01.png 600w, https:\/\/cdn.simonssearchlight.org\/wp-content\/uploads\/2020\/03\/20053300\/searchlight-covid19-update-01-300x167.png 300w\" sizes=\"(max-width: 600px) 100vw, 600px\" \/><\/td>\n<td style=\"padding: 10px; vertical-align: top;\"><span style=\"color: #333333;\"><strong>COVID-19-infectie en de neurologische ontwikkelingsstoornis<\/strong><\/span><\/p>\n<p>Dr. Wendy Chung heeft een update over COVID-19 voor de Simons Searchlight gemeenschap.<\/p>\n<p><span style=\"color: #0000ff;\"><a style=\"color: #0000ff;\" href=\"https:\/\/www.simonssearchlight.org\/nl\/covid-19-infectie-en-de-neurologische-ontwikkelingsstoornis\/\">Meer lezen<\/a><\/span><\/td>\n<\/tr>\n<tr>\n<td style=\"padding: 10px;\"><img loading=\"lazy\" decoding=\"async\" class=\"alignnone wp-image-9432 size-full\" src=\"https:\/\/cdn.simonssearchlight.org\/wp-content\/uploads\/2020\/11\/23074053\/Covid-3-Thumbnail.png\" alt=\"\" width=\"450\" height=\"248\"><\/td>\n<td style=\"padding: 10px; vertical-align: top;\"><strong><span style=\"color: #333333;\">Enqu\u00eate 3: Ontwikkeling en geestelijke gezondheid tijdens COVID-19<\/span><\/strong><\/p>\n<p>De resultaten van Simons Searchlight&#8217;s derde onderzoek naar COVID-19 zijn samengevat in dit artikel.<\/p>\n<p><span style=\"color: #0000ff;\"><a style=\"color: #0000ff;\" href=\"https:\/\/www.simonssearchlight.org\/nl\/enquete-3-ontwikkeling-en-geestelijke-gezondheid-tijdens-covid-19\/\">Meer lezen<\/a><\/span><\/td>\n<\/tr>\n<tr>\n<td style=\"padding: 10px;\"><img loading=\"lazy\" decoding=\"async\" class=\"alignnone wp-image-8601 \" src=\"https:\/\/cdn.simonssearchlight.org\/wp-content\/uploads\/2020\/08\/24053413\/covid-2-survey.png.png\" alt=\"\" width=\"449\" height=\"248\" srcset=\"https:\/\/cdn.simonssearchlight.org\/wp-content\/uploads\/2020\/08\/24053413\/covid-2-survey.png.png 1164w, https:\/\/cdn.simonssearchlight.org\/wp-content\/uploads\/2020\/08\/24053413\/covid-2-survey.png-300x166.png 300w, https:\/\/cdn.simonssearchlight.org\/wp-content\/uploads\/2020\/08\/24053413\/covid-2-survey.png-768x425.png 768w, https:\/\/cdn.simonssearchlight.org\/wp-content\/uploads\/2020\/08\/24053413\/covid-2-survey.png-1024x567.png 1024w\" sizes=\"(max-width: 449px) 100vw, 449px\" \/><\/td>\n<td style=\"padding: 10px; vertical-align: top;\"><strong><span style=\"color: #333333;\">Enqu\u00eate 2: Invloed van COVID-19 op medische ondersteuning en geestelijke gezondheid van verzorgers<\/span><\/strong><\/p>\n<p>De resultaten van Simons Searchlight&#8217;s tweede onderzoek naar COVID-19 zijn samengevat in dit artikel.<\/p>\n<p><span style=\"color: #0000ff;\"><a style=\"color: #0000ff;\" href=\"https:\/\/www.simonssearchlight.org\/nl\/enquete-2-invloed-van-covid-19-op-medische-ondersteuning-en-geestelijke-gezondheid-van-verzorgers\/\">Meer lezen<\/a><\/span><\/td>\n<\/tr>\n<tr>\n<td style=\"padding: 10px;\"><img loading=\"lazy\" decoding=\"async\" class=\"alignleft wp-image-7771\" src=\"https:\/\/cdn.simonssearchlight.org\/wp-content\/uploads\/2020\/04\/27105437\/IMG_0357_Thumbnail.jpg\" alt=\"\" width=\"450\" height=\"264\" srcset=\"https:\/\/cdn.simonssearchlight.org\/wp-content\/uploads\/2020\/04\/27105437\/IMG_0357_Thumbnail.jpg 844w, https:\/\/cdn.simonssearchlight.org\/wp-content\/uploads\/2020\/04\/27105437\/IMG_0357_Thumbnail-300x176.jpg 300w, https:\/\/cdn.simonssearchlight.org\/wp-content\/uploads\/2020\/04\/27105437\/IMG_0357_Thumbnail-768x450.jpg 768w\" sizes=\"(max-width: 450px) 100vw, 450px\" \/><\/td>\n<td style=\"padding: 10px; vertical-align: top;\"><strong><span style=\"color: #333333;\">Amber Freed, lid van Simons Zoeklicht, zoekt naar een &#8220;wonder&#8221; van gentherapie<\/span><\/strong><\/p>\n<p>Amber Freed vertelt hoe ze het onderzoek naar haar zoon met SLC6A1-gerelateerd syndroom vooruit helpt.<\/p>\n<p><span style=\"color: #0000ff;\"><a style=\"color: #0000ff;\" href=\"https:\/\/www.simonssearchlight.org\/nl\/amber-freed-lid-van-simons-zoeklicht-zoekt-naar-een-wonder-van-gentherapie\/\">Meer lezen<\/a><\/span><\/td>\n<\/tr>\n<tr>\n<td style=\"padding: 10px;\"><img loading=\"lazy\" decoding=\"async\" class=\"alignnone wp-image-7789\" src=\"https:\/\/cdn.simonssearchlight.org\/wp-content\/uploads\/2020\/04\/28093121\/FB_Survey-Image.png.png\" alt=\"\" width=\"450\" height=\"239\" srcset=\"https:\/\/cdn.simonssearchlight.org\/wp-content\/uploads\/2020\/04\/28093121\/FB_Survey-Image.png.png 1605w, https:\/\/cdn.simonssearchlight.org\/wp-content\/uploads\/2020\/04\/28093121\/FB_Survey-Image.png-300x160.png 300w, https:\/\/cdn.simonssearchlight.org\/wp-content\/uploads\/2020\/04\/28093121\/FB_Survey-Image.png-768x409.png 768w, https:\/\/cdn.simonssearchlight.org\/wp-content\/uploads\/2020\/04\/28093121\/FB_Survey-Image.png-1024x545.png 1024w\" sizes=\"(max-width: 450px) 100vw, 450px\" \/><\/td>\n<td style=\"padding: 10px; vertical-align: top;\"><strong><span style=\"color: #333333;\">Invloed van COVID-19 op therapie\u00ebn, diensten en medische ondersteuning<\/span><\/strong><\/p>\n<p>Simons Searchlight wilde weten hoe onze deelnemers door COVID-19 worden be\u00efnvloed. De resultaten van de enqu\u00eate zijn binnen.<\/p>\n<p><span style=\"color: #0000ff;\"><a style=\"color: #0000ff;\" href=\"https:\/\/www.simonssearchlight.org\/nl\/invloed-van-covid-19-op-therapieen-diensten-en-medische-ondersteuning\/\">Meer lezen<\/a><\/span><\/td>\n<\/tr>\n<tr>\n<td style=\"padding: 10px;\"><img loading=\"lazy\" decoding=\"async\" class=\"alignnone wp-image-7536\" src=\"https:\/\/cdn.simonssearchlight.org\/wp-content\/uploads\/2020\/03\/20053300\/searchlight-covid19-update-01.png\" alt=\"\" width=\"450\" height=\"250\" srcset=\"https:\/\/cdn.simonssearchlight.org\/wp-content\/uploads\/2020\/03\/20053300\/searchlight-covid19-update-01.png 600w, https:\/\/cdn.simonssearchlight.org\/wp-content\/uploads\/2020\/03\/20053300\/searchlight-covid19-update-01-300x167.png 300w\" sizes=\"(max-width: 450px) 100vw, 450px\" \/><\/td>\n<td style=\"padding: 10px; vertical-align: top;\"><strong><span style=\"color: #333333;\">Simons Zoeklicht reageert op COVID-19<\/span><\/strong><\/p>\n<p>Dr. Wendy Chung reikt uit naar de Simons Searchlight gemeenschap.<\/p>\n<p><span style=\"color: #0000ff;\"><a style=\"color: #0000ff;\" href=\"https:\/\/www.simonssearchlight.org\/nl\/simons-zoeklicht-reageert-op-covid-19\/\">Meer lezen<\/a><\/span><\/td>\n<\/tr>\n<\/tbody>\n<\/table>\n","protected":false},"excerpt":{"rendered":"<p>Ontvang de laatste updates van Simons Searchlight, inclusief artikelen over onze deelnemers, wetenschappers en anderen voor onze gemeenschap. Een autismediagnose op volwassen leeftijd leidt tot een nieuw carri\u00e8redoel SPARK for Autism deelde onlangs de ervaring van Braxton Webb met de genetische diagnose DYRK1A. Meer lezen Profiel onderzoeker: Roni Yamane, MSc. en Tzofia Drori, MSc. Drori [&hellip;]<\/p>\n","protected":false},"author":6,"featured_media":0,"parent":40770,"menu_order":0,"comment_status":"closed","ping_status":"closed","template":"","meta":{"_acf_changed":false,"_relevanssi_hide_post":"","_relevanssi_hide_content":"","_relevanssi_pin_for_all":"","_relevanssi_pin_keywords":"","_relevanssi_unpin_keywords":"","_relevanssi_related_keywords":"","_relevanssi_related_include_ids":"","_relevanssi_related_exclude_ids":"","_relevanssi_related_no_append":"","_relevanssi_related_not_related":"","_relevanssi_related_posts":"","_relevanssi_noindex_reason":"","footnotes":""},"acf":[],"_links":{"self":[{"href":"https:\/\/www.simonssearchlight.org\/nl\/wp-json\/wp\/v2\/pages\/41855"}],"collection":[{"href":"https:\/\/www.simonssearchlight.org\/nl\/wp-json\/wp\/v2\/pages"}],"about":[{"href":"https:\/\/www.simonssearchlight.org\/nl\/wp-json\/wp\/v2\/types\/page"}],"author":[{"embeddable":true,"href":"https:\/\/www.simonssearchlight.org\/nl\/wp-json\/wp\/v2\/users\/6"}],"replies":[{"embeddable":true,"href":"https:\/\/www.simonssearchlight.org\/nl\/wp-json\/wp\/v2\/comments?post=41855"}],"version-history":[{"count":1,"href":"https:\/\/www.simonssearchlight.org\/nl\/wp-json\/wp\/v2\/pages\/41855\/revisions"}],"predecessor-version":[{"id":41904,"href":"https:\/\/www.simonssearchlight.org\/nl\/wp-json\/wp\/v2\/pages\/41855\/revisions\/41904"}],"up":[{"embeddable":true,"href":"https:\/\/www.simonssearchlight.org\/nl\/wp-json\/wp\/v2\/pages\/40770"}],"wp:attachment":[{"href":"https:\/\/www.simonssearchlight.org\/nl\/wp-json\/wp\/v2\/media?parent=41855"}],"curies":[{"name":"wp","href":"https:\/\/api.w.org\/{rel}","templated":true}]}}