{"id":41446,"date":"2019-09-24T14:39:31","date_gmt":"2019-09-24T18:39:31","guid":{"rendered":"https:\/\/www.simonssearchlight.org\/41446-2\/"},"modified":"2024-02-15T14:16:13","modified_gmt":"2024-02-15T19:16:13","slug":"41446-2","status":"publish","type":"page","link":"https:\/\/www.simonssearchlight.org\/nl\/onderzoeksproces\/genetische-aandoeningen-die-we-bestuderen\/dst\/41446-2\/","title":{"rendered":""},"content":{"rendered":"<h2><strong>De novo genverstoringen bij kinderen in het autistisch spectrum<\/strong><\/h2>\n<p>Oorspronkelijk onderzoeksartikel door E.M. Iossifov <em>et al.<\/em> (2012).<\/p>\n<p>Lees de samenvatting <a href=\"https:\/\/www.nature.com\/articles\/mp2013127\">hier<\/a><\/p>\n<p>In dit onderzoek werden 343 families uit de Simons Simplex-collectie van de <span class=\"notranslate\">Simons Foundation<\/span>, die ten minste \u00e9\u00e9n kind met de diagnose autisme hebben, getest met behulp van whole-exome sequencing. Het onderzoek identificeerde 350-400 nieuwe &#8220;kandidaat&#8221;-genen, waaronder DST, die mogelijk verband houden met kenmerken van autisme. Bij \u00e9\u00e9n persoon, die het van geen van beide ouders had ge\u00ebrfd (de novo), werd een verandering gevonden die ervoor zorgt dat het gen niet goed werkt.<\/p>\n<p>.<\/p>\n","protected":false},"excerpt":{"rendered":"<p>De novo genverstoringen bij kinderen in het autistisch spectrum Oorspronkelijk onderzoeksartikel door E.M. Iossifov et al. (2012). Lees de samenvatting hier In dit onderzoek werden 343 families uit de Simons Simplex-collectie van de Simons Foundation, die ten minste \u00e9\u00e9n kind met de diagnose autisme hebben, getest met behulp van whole-exome sequencing. Het onderzoek identificeerde 350-400 [&hellip;]<\/p>\n","protected":false},"author":13,"featured_media":0,"parent":77005,"menu_order":0,"comment_status":"closed","ping_status":"closed","template":"","meta":{"_acf_changed":false,"_relevanssi_hide_post":"","_relevanssi_hide_content":"","_relevanssi_pin_for_all":"","_relevanssi_pin_keywords":"","_relevanssi_unpin_keywords":"","_relevanssi_related_keywords":"","_relevanssi_related_include_ids":"","_relevanssi_related_exclude_ids":"","_relevanssi_related_no_append":"","_relevanssi_related_not_related":"","_relevanssi_related_posts":"","_relevanssi_noindex_reason":"","footnotes":""},"acf":[],"_links":{"self":[{"href":"https:\/\/www.simonssearchlight.org\/nl\/wp-json\/wp\/v2\/pages\/41446"}],"collection":[{"href":"https:\/\/www.simonssearchlight.org\/nl\/wp-json\/wp\/v2\/pages"}],"about":[{"href":"https:\/\/www.simonssearchlight.org\/nl\/wp-json\/wp\/v2\/types\/page"}],"author":[{"embeddable":true,"href":"https:\/\/www.simonssearchlight.org\/nl\/wp-json\/wp\/v2\/users\/13"}],"replies":[{"embeddable":true,"href":"https:\/\/www.simonssearchlight.org\/nl\/wp-json\/wp\/v2\/comments?post=41446"}],"version-history":[{"count":1,"href":"https:\/\/www.simonssearchlight.org\/nl\/wp-json\/wp\/v2\/pages\/41446\/revisions"}],"predecessor-version":[{"id":41454,"href":"https:\/\/www.simonssearchlight.org\/nl\/wp-json\/wp\/v2\/pages\/41446\/revisions\/41454"}],"up":[{"embeddable":true,"href":"https:\/\/www.simonssearchlight.org\/nl\/wp-json\/wp\/v2\/pages\/77005"}],"wp:attachment":[{"href":"https:\/\/www.simonssearchlight.org\/nl\/wp-json\/wp\/v2\/media?parent=41446"}],"curies":[{"name":"wp","href":"https:\/\/api.w.org\/{rel}","templated":true}]}}