{"id":73599,"date":"2025-11-13T16:29:40","date_gmt":"2025-11-13T21:29:40","guid":{"rendered":"https:\/\/www.simonssearchlight.org\/15-anni-di-simons-searchlight-celebrazione-delle-famiglie-della-ricerca-e-del-progresso\/"},"modified":"2025-12-02T11:45:57","modified_gmt":"2025-12-02T16:45:57","slug":"15-anni-di-simons-searchlight-celebrazione-delle-famiglie-della-ricerca-e-del-progresso","status":"publish","type":"page","link":"https:\/\/www.simonssearchlight.org\/it\/15-anni-di-simons-searchlight-celebrazione-delle-famiglie-della-ricerca-e-del-progresso\/","title":{"rendered":"15 anni di Simons Searchlight: Celebrazione delle famiglie, della ricerca e del progresso"},"content":{"rendered":"<h4><\/h4>\n<h4><img loading=\"lazy\" decoding=\"async\" class=\"alignnone wp-image-59301 size-large\" src=\"https:\/\/www.simonssearchlight.org\/wp-content\/uploads\/2025\/01\/Screenshot-2025-01-29-at-11.40.18%E2%80%AFAM-1024x548.png\" alt=\"\" width=\"1024\" height=\"548\" srcset=\"https:\/\/cdn.simonssearchlight.org\/wp-content\/uploads\/2025\/01\/29122637\/Screenshot-2025-01-29-at-11.40.18%E2%80%AFAM-1024x548.png 1024w, https:\/\/cdn.simonssearchlight.org\/wp-content\/uploads\/2025\/01\/29122637\/Screenshot-2025-01-29-at-11.40.18%E2%80%AFAM-300x160.png 300w, https:\/\/cdn.simonssearchlight.org\/wp-content\/uploads\/2025\/01\/29122637\/Screenshot-2025-01-29-at-11.40.18%E2%80%AFAM-768x411.png 768w, https:\/\/cdn.simonssearchlight.org\/wp-content\/uploads\/2025\/01\/29122637\/Screenshot-2025-01-29-at-11.40.18%E2%80%AFAM.png 1316w\" sizes=\"(max-width: 1024px) 100vw, 1024px\" \/><\/h4>\n<h4>Negli ultimi 15 anni, <span class=\"notranslate\">Simons Searchlight<\/span>, un programma finanziato e sostenuto dalla Fondazione Simons attraverso la <span class=\"notranslate\">Simons Foundation<\/span> Autism Research Initiative (SFARI), si \u00e8 trasformato da un piccolo sforzo comunitario in uno dei pi\u00f9 grandi registri internazionali per le condizioni genetiche rare del neurosviluppo.<\/h4>\n<p><strong>Ci\u00f2 che \u00e8 iniziato nel 2010 come una manciata di famiglie e ricercatori si \u00e8 espanso in una vibrante comunit\u00e0 di migliaia di persone in oltre 90 paesi, che rappresentano pi\u00f9 di 184 condizioni genetiche.<\/strong><\/p>\n<p>Per celebrare questo anniversario, riflettiamo su 15 tappe fondamentali che dimostrano quanta strada abbiamo fatto insieme: dai primi incontri con le famiglie e il lancio della partecipazione online fino all&#8217;ampliamento della raccolta dati e alle collaborazioni globali.<\/p>\n<p>Questo viaggio \u00e8 stato possibile solo grazie alle famiglie, ai gruppi di difesa dei pazienti e ai ricercatori che continuano a condividere il loro tempo, le loro storie e i loro dati.<\/p>\n<h3><strong>Continua a leggere per scoprire i 15 momenti che hanno caratterizzato <span class=\"notranslate\">Simons Searchlight<\/span> e unisciti a noi per guardare al prossimo capitolo della scoperta<\/strong>.<\/h3>\n","protected":false},"excerpt":{"rendered":"<p>Negli ultimi 15 anni, Simons Searchlight, un programma finanziato e sostenuto dalla Fondazione Simons attraverso la Simons Foundation Autism Research Initiative (SFARI), si \u00e8 trasformato da un piccolo sforzo comunitario in uno dei pi\u00f9 grandi registri internazionali per le condizioni genetiche rare del neurosviluppo. Ci\u00f2 che \u00e8 iniziato nel 2010 come una manciata di famiglie [&hellip;]<\/p>\n","protected":false},"author":18,"featured_media":0,"parent":0,"menu_order":0,"comment_status":"closed","ping_status":"closed","template":"","meta":{"_acf_changed":false,"_relevanssi_hide_post":"","_relevanssi_hide_content":"","_relevanssi_pin_for_all":"","_relevanssi_pin_keywords":"","_relevanssi_unpin_keywords":"","_relevanssi_related_keywords":"","_relevanssi_related_include_ids":"","_relevanssi_related_exclude_ids":"","_relevanssi_related_no_append":"","_relevanssi_related_not_related":"","_relevanssi_related_posts":"","_relevanssi_noindex_reason":"","footnotes":""},"acf":[],"_links":{"self":[{"href":"https:\/\/www.simonssearchlight.org\/it\/wp-json\/wp\/v2\/pages\/73599"}],"collection":[{"href":"https:\/\/www.simonssearchlight.org\/it\/wp-json\/wp\/v2\/pages"}],"about":[{"href":"https:\/\/www.simonssearchlight.org\/it\/wp-json\/wp\/v2\/types\/page"}],"author":[{"embeddable":true,"href":"https:\/\/www.simonssearchlight.org\/it\/wp-json\/wp\/v2\/users\/18"}],"replies":[{"embeddable":true,"href":"https:\/\/www.simonssearchlight.org\/it\/wp-json\/wp\/v2\/comments?post=73599"}],"version-history":[{"count":3,"href":"https:\/\/www.simonssearchlight.org\/it\/wp-json\/wp\/v2\/pages\/73599\/revisions"}],"predecessor-version":[{"id":74291,"href":"https:\/\/www.simonssearchlight.org\/it\/wp-json\/wp\/v2\/pages\/73599\/revisions\/74291"}],"wp:attachment":[{"href":"https:\/\/www.simonssearchlight.org\/it\/wp-json\/wp\/v2\/media?parent=73599"}],"curies":[{"name":"wp","href":"https:\/\/api.w.org\/{rel}","templated":true}]}}