{"id":62477,"date":"2025-05-22T15:34:43","date_gmt":"2025-05-22T19:34:43","guid":{"rendered":"https:\/\/www.simonssearchlight.org\/perche-iscriversi-v2\/"},"modified":"2025-12-02T11:45:56","modified_gmt":"2025-12-02T16:45:56","slug":"perche-iscriversi-v2","status":"publish","type":"page","link":"https:\/\/www.simonssearchlight.org\/it\/perche-iscriversi-v2\/","title":{"rendered":"Perch\u00e9 unirsi a Simons Searchlight?"},"content":{"rendered":"<h2><strong>Contribuisci ad accelerare la ricerca sui disturbi genetici rari dello sviluppo neurologico.<\/strong><\/h2>\n<h4><span class=\"notranslate\">Simons Searchlight<\/span> \u00e8 un programma di ricerca online di oltre 184 condizioni rare. I ricercatori qualificati possono utilizzare questo database per contribuire al progresso delle conoscenze e allo sviluppo di terapie migliori. <\/h4>\n<p><img loading=\"lazy\" decoding=\"async\" class=\"aligncenter wp-image-62539 size-large\" src=\"https:\/\/www.simonssearchlight.org\/wp-content\/uploads\/2025\/05\/WhyJoin-fam-round1.2-e1748630949833-1024x936.png\" alt=\"\" width=\"1024\" height=\"936\" srcset=\"https:\/\/www.simonssearchlight.org\/wp-content\/uploads\/2025\/05\/WhyJoin-fam-round1.2-e1748630949833-1024x936.png 1024w, https:\/\/www.simonssearchlight.org\/wp-content\/uploads\/2025\/05\/WhyJoin-fam-round1.2-e1748630949833-300x274.png 300w, https:\/\/www.simonssearchlight.org\/wp-content\/uploads\/2025\/05\/WhyJoin-fam-round1.2-e1748630949833-768x702.png 768w, https:\/\/www.simonssearchlight.org\/wp-content\/uploads\/2025\/05\/WhyJoin-fam-round1.2-e1748630949833-1536x1404.png 1536w\" sizes=\"(max-width: 1024px) 100vw, 1024px\" \/><\/p>\n<h2>Ecco come la tua famiglia pu\u00f2 fare la differenza.<\/h2>\n<p><span class=\"notranslate\">Simons Searchlight<\/span> collabora con famiglie, ricercatori e comunit\u00e0 di pazienti in tutto il mondo per comprendere meglio le condizioni genetiche rare.<\/p>\n<p>La nostra missione \u00e8 accelerare la ricerca raccogliendo dati di storia naturale standardizzati e di alta qualit\u00e0 e fornendo risorse utili lungo il percorso.  <strong>Il contributo di ogni famiglia \u00e8 importante e noi ci impegniamo a rendere la tua partecipazione significativa.<\/strong><\/p>\n","protected":false},"excerpt":{"rendered":"<p>Contribuisci ad accelerare la ricerca sui disturbi genetici rari dello sviluppo neurologico. Simons Searchlight \u00e8 un programma di ricerca online di oltre 184 condizioni rare. I ricercatori qualificati possono utilizzare questo database per contribuire al progresso delle conoscenze e allo sviluppo di terapie migliori. Ecco come la tua famiglia pu\u00f2 fare la differenza. Simons Searchlight [&hellip;]<\/p>\n","protected":false},"author":18,"featured_media":0,"parent":0,"menu_order":0,"comment_status":"closed","ping_status":"closed","template":"","meta":{"_acf_changed":false,"_relevanssi_hide_post":"","_relevanssi_hide_content":"","_relevanssi_pin_for_all":"","_relevanssi_pin_keywords":"","_relevanssi_unpin_keywords":"","_relevanssi_related_keywords":"","_relevanssi_related_include_ids":"","_relevanssi_related_exclude_ids":"","_relevanssi_related_no_append":"","_relevanssi_related_not_related":"","_relevanssi_related_posts":"","_relevanssi_noindex_reason":"","footnotes":""},"acf":[],"_links":{"self":[{"href":"https:\/\/www.simonssearchlight.org\/it\/wp-json\/wp\/v2\/pages\/62477"}],"collection":[{"href":"https:\/\/www.simonssearchlight.org\/it\/wp-json\/wp\/v2\/pages"}],"about":[{"href":"https:\/\/www.simonssearchlight.org\/it\/wp-json\/wp\/v2\/types\/page"}],"author":[{"embeddable":true,"href":"https:\/\/www.simonssearchlight.org\/it\/wp-json\/wp\/v2\/users\/18"}],"replies":[{"embeddable":true,"href":"https:\/\/www.simonssearchlight.org\/it\/wp-json\/wp\/v2\/comments?post=62477"}],"version-history":[{"count":12,"href":"https:\/\/www.simonssearchlight.org\/it\/wp-json\/wp\/v2\/pages\/62477\/revisions"}],"predecessor-version":[{"id":74290,"href":"https:\/\/www.simonssearchlight.org\/it\/wp-json\/wp\/v2\/pages\/62477\/revisions\/74290"}],"wp:attachment":[{"href":"https:\/\/www.simonssearchlight.org\/it\/wp-json\/wp\/v2\/media?parent=62477"}],"curies":[{"name":"wp","href":"https:\/\/api.w.org\/{rel}","templated":true}]}}