{"id":49263,"date":"2022-12-20T15:50:18","date_gmt":"2022-12-20T20:50:18","guid":{"rendered":"https:\/\/www.simonssearchlight.org\/campagna-di-sensibilizzazione-shine-your-searchlight-%e2%9c%a8\/"},"modified":"2025-11-05T15:10:52","modified_gmt":"2025-11-05T20:10:52","slug":"campagna-di-sensibilizzazione-shine-your-searchlight-%e2%9c%a8","status":"publish","type":"page","link":"https:\/\/www.simonssearchlight.org\/it\/campagna-di-sensibilizzazione-shine-your-searchlight-%e2%9c%a8\/","title":{"rendered":"Campagna di sensibilizzazione Shine Your Searchlight \u2728"},"content":{"rendered":"<p>&nbsp;<\/p>\n<p><span style=\"font-weight: 400;\">Il team di <span class=\"notranslate\">Simons Searchlight<\/span> ha lanciato un nuovo entusiasmante progetto di collaborazione chiamato <\/span><b>Shine Your Searchlight\u2728.<\/b> <span style=\"font-weight: 400;\">Con l&#8217;aiuto del nostro Comitato Consultivo della Comunit\u00e0, abbiamo sviluppato una serie di infografiche destinate a sostenere le nostre comunit\u00e0 di sostenitori dei pazienti nelle attivit\u00e0 di reclutamento e coinvolgimento in <span class=\"notranslate\">Simons Searchlight<\/span>. <\/span> <\/p>\n<style>\n.iframe-container {overflow: hidden;padding-top: 129%;position: relative;} .iframe-container iframe {position: absolute;top: 0;left: 0;border: 0;width: 100%;height: 100%;}<\/style>\n<div class=\"iframe-container\"><iframe src=\"https:\/\/cdn.simonssearchlight.org\/wp-content\/uploads\/2024\/02\/08041634\/Internal-Use-Only_ShineYourSearchlight-Campaign-PAG-Infographics-English-Spanish-Dutch-and-French.pdf#toolbar=0&amp;navpanes=0&amp;scrollbar=0\"><\/iframe><\/div>\n","protected":false},"excerpt":{"rendered":"<p>&nbsp; Il team di Simons Searchlight ha lanciato un nuovo entusiasmante progetto di collaborazione chiamato Shine Your Searchlight\u2728. Con l&#8217;aiuto del nostro Comitato Consultivo della Comunit\u00e0, abbiamo sviluppato una serie di infografiche destinate a sostenere le nostre comunit\u00e0 di sostenitori dei pazienti nelle attivit\u00e0 di reclutamento e coinvolgimento in Simons Searchlight.<\/p>\n","protected":false},"author":18,"featured_media":0,"parent":0,"menu_order":0,"comment_status":"closed","ping_status":"closed","template":"","meta":{"_acf_changed":false,"_relevanssi_hide_post":"","_relevanssi_hide_content":"","_relevanssi_pin_for_all":"","_relevanssi_pin_keywords":"","_relevanssi_unpin_keywords":"","_relevanssi_related_keywords":"","_relevanssi_related_include_ids":"","_relevanssi_related_exclude_ids":"","_relevanssi_related_no_append":"","_relevanssi_related_not_related":"","_relevanssi_related_posts":"","_relevanssi_noindex_reason":"","footnotes":""},"acf":[],"_links":{"self":[{"href":"https:\/\/www.simonssearchlight.org\/it\/wp-json\/wp\/v2\/pages\/49263"}],"collection":[{"href":"https:\/\/www.simonssearchlight.org\/it\/wp-json\/wp\/v2\/pages"}],"about":[{"href":"https:\/\/www.simonssearchlight.org\/it\/wp-json\/wp\/v2\/types\/page"}],"author":[{"embeddable":true,"href":"https:\/\/www.simonssearchlight.org\/it\/wp-json\/wp\/v2\/users\/18"}],"replies":[{"embeddable":true,"href":"https:\/\/www.simonssearchlight.org\/it\/wp-json\/wp\/v2\/comments?post=49263"}],"version-history":[{"count":1,"href":"https:\/\/www.simonssearchlight.org\/it\/wp-json\/wp\/v2\/pages\/49263\/revisions"}],"predecessor-version":[{"id":63103,"href":"https:\/\/www.simonssearchlight.org\/it\/wp-json\/wp\/v2\/pages\/49263\/revisions\/63103"}],"wp:attachment":[{"href":"https:\/\/www.simonssearchlight.org\/it\/wp-json\/wp\/v2\/media?parent=49263"}],"curies":[{"name":"wp","href":"https:\/\/api.w.org\/{rel}","templated":true}]}}