{"id":49244,"date":"2021-04-22T11:18:28","date_gmt":"2021-04-22T15:18:28","guid":{"rendered":"https:\/\/www.simonssearchlight.org\/la-storia-di-matilda\/"},"modified":"2021-04-22T11:18:28","modified_gmt":"2021-04-22T15:18:28","slug":"la-storia-di-matilda","status":"publish","type":"page","link":"https:\/\/www.simonssearchlight.org\/it\/la-storia-di-matilda\/","title":{"rendered":"La storia di Matilda"},"content":{"rendered":"<h3 style=\"text-align: center;\">Da parte di: Elisabeth, genitore di Matilda, un individuo con un&#8217;alterazione genetica<\/h3>\n<p style=\"padding-left: 0px;\"><em>&#8220;Siate vulnerabili e mettetevi in gioco! Siamo una comunit\u00e0 forte con fondamenta solide e diventiamo pi\u00f9 forti solo quando le persone condividono le loro storie&#8221;.<\/em><\/p>\n<p><img loading=\"lazy\" decoding=\"async\" class=\"wp-image-10584 size-medium aligncenter\" src=\"https:\/\/cdn.simonssearchlight.org\/wp-content\/uploads\/2021\/04\/21113323\/matilda_sys-e1619104649263-241x300.jpg\" alt=\"\" width=\"241\" height=\"300\" srcset=\"https:\/\/cdn.simonssearchlight.org\/wp-content\/uploads\/2021\/04\/21113323\/matilda_sys-e1619104649263-241x300.jpg 241w, https:\/\/cdn.simonssearchlight.org\/wp-content\/uploads\/2021\/04\/21113323\/matilda_sys-e1619104649263-768x956.jpg 768w, https:\/\/cdn.simonssearchlight.org\/wp-content\/uploads\/2021\/04\/21113323\/matilda_sys-e1619104649263-822x1024.jpg 822w, https:\/\/cdn.simonssearchlight.org\/wp-content\/uploads\/2021\/04\/21113323\/matilda_sys-e1619104649263.jpg 1640w\" sizes=\"(max-width: 241px) 100vw, 241px\" \/><\/p>\n<h3>Com&#8217;\u00e8 la vostra famiglia?<\/h3>\n<p>Siamo una famiglia di 4 persone e 2 gatti. Entrambi i genitori sono musicisti professionisti, quindi le nostre giornate sono piene di esercitazioni, prove e concerti (almeno prima della pandemia). Viviamo lontano dalla famiglia e abbiamo vissuto in molte citt\u00e0 diverse. Amo l&#8217;orto e la coltivazione, quindi la nostra casa \u00e8 sempre la &#8220;casa strana&#8221; dell&#8217;isolato, ma spero in un giorno in cui non si distinguer\u00e0 pi\u00f9 cos\u00ec tanto!<\/p>\n<h3>Cosa fate per divertirvi?<\/h3>\n<p>Ci piace andare in bicicletta con la famiglia sui numerosi sentieri della valle del fiume della nostra citt\u00e0. Ci piace andare a sciare e slittare nei lunghi mesi invernali. Abbiamo anche in affido dei gatti tramite un ente di soccorso locale, che portano un sacco di divertimento in casa. Adoriamo ospitare i fal\u00f2 nel nostro giardino con gli amici. Ci piace fare viaggi in macchina per visitare la famiglia e altri luoghi interessanti.<\/p>\n<h3>Ci parli della difficolt\u00e0 pi\u00f9 grande che deve affrontare.<\/h3>\n<p>La difficolt\u00e0 pi\u00f9 grande che abbiamo affrontato come famiglia \u00e8 stata quella di capire quale fosse la causa delle tante caratteristiche eccentriche di Matilda e dei suoi problemi di apprendimento. Una volta ottenuta la diagnosi, \u00e8 stato incredibile avere finalmente una risposta, ma anche straziante vedere che c&#8217;erano ancora cos\u00ec tante domande. Spero che molte famiglie si facciano avanti e si iscrivano allo Studio sulla storia naturale, in modo da ottenere maggiori risposte, e spero anche che l&#8217;accesso ai test genetici diventi sempre pi\u00f9 disponibile. Viviamo in Canada e siamo alla seconda attesa per un genetista, che durer\u00e0 almeno 3 anni solo perch\u00e9 ci siamo trasferiti. Siamo grati di essere riusciti a entrare poco prima di lasciare la nostra ultima provincia. Ci sono voluti 13 anni per trovare una diagnosi per Matilda ed \u00e8 ancora una lotta quotidiana per assicurarsi che abbia accesso alle terapie, ai supporti scolastici e ai medici necessari. Tutto questo ha avuto un impatto finanziario sulla nostra famiglia, che \u00e8 stato difficile da sopportare per il fatto di essere nel mondo dello spettacolo, dove spesso siamo sottovalutati per le nostre capacit\u00e0. Ed essere una madre che difende un figlio disabile \u00e8 ancora pi\u00f9 sottovalutato!<\/p>\n<h3>Cosa la spinge a partecipare alla ricerca? In che modo la partecipazione alla ricerca \u00e8 stata utile per lei?<\/h3>\n<p>Ho sempre sentito la necessit\u00e0 di partecipare alla ricerca. \u00c8 l&#8217;unico modo per andare avanti. I miei figli hanno partecipato a uno studio che ci ha permesso di scoprire le difficolt\u00e0 di Matilda e mi ha fornito le informazioni necessarie per richiedere ulteriori test. Spero inoltre che, partecipando allo Studio di Storia Naturale, possa ispirare altre famiglie a condividere le loro storie, e che il profilo di mio figlio possa informare studi e trattamenti futuri. \u00c8 stato molto utile parlare con un consulente genetico della nostra storia e sentire che non era cos\u00ec unica. Alcuni giorni ci si sente cos\u00ec soli ad avere una malattia rara, quindi \u00e8 utile parlare con qualcuno che ci faccia sentire meno soli.<\/p>\n<h3>In che modo ritiene di aiutare <span class=\"notranslate\">Simons Searchlight<\/span> a saperne di pi\u00f9 sulle alterazioni genetiche rare?<\/h3>\n<p>Sono davvero entusiasta di farne parte!<\/p>\n<h3>Qual \u00e8 la domanda a cui vorresti che i ricercatori potessero rispondere su questo cambiamento genetico?<\/h3>\n<p>La maggior parte dei giorni voglio solo sapere cosa mi riserva il futuro&#8230; \u00e8 davvero chiedere troppo? Ma, parlando seriamente, vorrei sapere se ci sono terapie o farmaci che possono aiutare con i sintomi, in modo che mia figlia possa vivere al meglio.<\/p>\n<h3>Che cosa avete appreso da altre famiglie riguardo alla condizione genetica vostra o di vostro figlio?<\/h3>\n<p>Che non \u00e8 sola. Che ci sono altri bambini l\u00e0 fuori che hanno gli stessi sintomi apparentemente non correlati. Mio figlio \u00e8 pi\u00f9 grande, quindi mi sento pi\u00f9 in una posizione di supporto e di informazione, ma \u00e8 stato molto utile vedere i ragazzi pi\u00f9 grandi, vedere di cosa sono capaci e vedere come le loro famiglie hanno gestito le cose.<\/p>\n<h3>Se potesse dare un consiglio a qualcuno a cui \u00e8 stata recentemente diagnosticata questa alterazione genetica, quale sarebbe?<\/h3>\n<p>Siate vulnerabili e buttatevi a capofitto! Siamo una comunit\u00e0 forte, con fondamenta solide, che si rafforza solo quando le persone condividono le loro storie.<\/p>\n","protected":false},"excerpt":{"rendered":"<p>Da parte di: Elisabeth, genitore di Matilda, un individuo con un&#8217;alterazione genetica &#8220;Siate vulnerabili e mettetevi in gioco! Siamo una comunit\u00e0 forte con fondamenta solide e diventiamo pi\u00f9 forti solo quando le persone condividono le loro storie&#8221;. Com&#8217;\u00e8 la vostra famiglia? Siamo una famiglia di 4 persone e 2 gatti. Entrambi i genitori sono musicisti [&hellip;]<\/p>\n","protected":false},"author":13,"featured_media":0,"parent":0,"menu_order":0,"comment_status":"closed","ping_status":"closed","template":"","meta":{"_acf_changed":false,"_relevanssi_hide_post":"","_relevanssi_hide_content":"","_relevanssi_pin_for_all":"","_relevanssi_pin_keywords":"","_relevanssi_unpin_keywords":"","_relevanssi_related_keywords":"","_relevanssi_related_include_ids":"","_relevanssi_related_exclude_ids":"","_relevanssi_related_no_append":"","_relevanssi_related_not_related":"","_relevanssi_related_posts":"","_relevanssi_noindex_reason":"","footnotes":""},"acf":[],"_links":{"self":[{"href":"https:\/\/www.simonssearchlight.org\/it\/wp-json\/wp\/v2\/pages\/49244"}],"collection":[{"href":"https:\/\/www.simonssearchlight.org\/it\/wp-json\/wp\/v2\/pages"}],"about":[{"href":"https:\/\/www.simonssearchlight.org\/it\/wp-json\/wp\/v2\/types\/page"}],"author":[{"embeddable":true,"href":"https:\/\/www.simonssearchlight.org\/it\/wp-json\/wp\/v2\/users\/13"}],"replies":[{"embeddable":true,"href":"https:\/\/www.simonssearchlight.org\/it\/wp-json\/wp\/v2\/comments?post=49244"}],"version-history":[{"count":0,"href":"https:\/\/www.simonssearchlight.org\/it\/wp-json\/wp\/v2\/pages\/49244\/revisions"}],"wp:attachment":[{"href":"https:\/\/www.simonssearchlight.org\/it\/wp-json\/wp\/v2\/media?parent=49244"}],"curies":[{"name":"wp","href":"https:\/\/api.w.org\/{rel}","templated":true}]}}