{"id":49217,"date":"2021-04-20T11:34:12","date_gmt":"2021-04-20T15:34:12","guid":{"rendered":"https:\/\/www.simonssearchlight.org\/circa\/programmi-sfari\/"},"modified":"2026-01-14T13:34:22","modified_gmt":"2026-01-14T18:34:22","slug":"programmi-sfari","status":"publish","type":"page","link":"https:\/\/www.simonssearchlight.org\/it\/circa\/programmi-sfari\/","title":{"rendered":"Programmi SFARI"},"content":{"rendered":"<p>&nbsp;<\/p>\n<p><span style=\"font-weight: 400;\">La <a href=\"https:\/\/www.simonsfoundation.org\/\">Fondazione Simons<\/a> \u00e8 una fondazione privata che promuove la ricerca in diversi campi. Lo facciamo sostenendo il lavoro che fa <strong>avanzare le frontiere della ricerca in matematica e nelle scienze di base<\/strong>.<\/span><\/p>\n<p><span style=\"font-weight: 400;\">La Fondazione Simons finanzia la ricerca sull&#8217;autismo e sul neurosviluppo attraverso la <\/span><a href=\"https:\/\/www.sfari.org\/\">Iniziativa di ricerca sull&#8217;autismo della Fondazione Simons (SFARI)<\/a><span style=\"font-weight: 400;\">. La missione dello SFARI \u00e8 quella di far progredire la scienza di base dell&#8217;autismo e dei disturbi del neurosviluppo correlati.  <\/span>Attualmente lo SFARI <strong>sostiene oltre 300 ricercatori in tutto il mondo<\/strong> attraverso una serie di meccanismi di finanziamento, tra cui borse di studio individuali, borse di studio collaborative e premi per le prime carriere.<\/p>\n<p><span class=\"notranslate\">Simons Searchlight<\/span> \u00e8 un progetto sostenuto dalla Fondazione Simons, attraverso la <span class=\"notranslate\">Simons Foundation<\/span> Autism Research Initiative (SFARI).<\/p>\n<p><span style=\"font-weight: 400;\">Questo breve video illustra le sovvenzioni e gli altri programmi di ricerca dello SFARI, tra cui <span class=\"notranslate\">Simons Searchlight<\/span>. Potreste trovare illuminante capire i retroscena e le riflessioni che hanno portato al lancio di <span class=\"notranslate\">Simons Searchlight<\/span>!<\/span><\/p>\n<iframe loading=\"lazy\" title=\"Lettore video di YouTube\" src=\"https:\/\/www.youtube.com\/embed\/IuZJ-5RXhCw\" width=\"560\" height=\"315\" frameborder=\"0\" allowfullscreen=\"allowfullscreen\"><\/iframe><\/p>\n<h3>Coorti di autismo SFARI<\/h3>\n<p><strong><a href=\"https:\/\/www.sfari.org\/resource\/simons-searchlight\/\" target=\"_blank\" rel=\"noopener noreferrer\">Faro di ricerca Simons<\/a><\/strong><\/p>\n<p><span class=\"notranslate\">Simons Searchlight<\/span> \u00e8 un programma di ricerca internazionale sulle condizioni genetiche associate a rari disturbi dello sviluppo neurologico. L&#8217;obiettivo \u00e8 raccogliere informazioni dai partecipanti per comprendere meglio il corso della vita di questi individui.  Si tratta di una coorte &#8220;genes first&#8221;. In particolare, solo circa 1 partecipante su 3 ha una diagnosi formale di autismo. L&#8217;elenco delle <a href=\"https:\/\/www.simonssearchlight.org\/it\/processo-di-ricerca\/i-disturbi-genetici-che-studiamo\/\"><span style=\"color: #0000ff;\">condizioni genetiche<\/span><\/a> che studiano continua a crescere.<\/p>\n<p><strong><a href=\"https:\/\/www.sfari.org\/resource\/spark\/\" target=\"_blank\" rel=\"noopener noreferrer\"><span class=\"notranslate\">SPARK<\/span><\/a>, Fondazione Simons per la ricerca sull&#8217;autismo<\/strong><\/p>\n<p><span style=\"font-weight: 400;\"><span class=\"notranslate\">SPARK<\/span> recluta e coinvolge una comunit\u00e0 di persone con autismo e le loro famiglie che vivono negli Stati Uniti per partecipare a studi di ricerca. Collaborano con 31 centri per l&#8217;autismo affiliati alle universit\u00e0 di tutto il paese. Alcune persone che ricevono una diagnosi genetica da <span class=\"notranslate\">SPARK<\/span> saranno invitate a partecipare a <span class=\"notranslate\">Simons Searchlight<\/span> per continuare il loro percorso di ricerca.  <\/span><span style=\"color: #0000ff;\"><br \/>\n  <a style=\"color: #0000ff;\" href=\"https:\/\/wp.sparkforautism.org\/simons-searchlight\/\"><br \/>\n    <span style=\"font-weight: 400;\">Per saperne di pi\u00f9<\/span><br \/>\n  <\/a><br \/>\n<\/span> <span style=\"font-weight: 400;\">su come funziona questo processo.<\/span><\/p>\n<p><a href=\"https:\/\/www.sfari.org\/resource\/autism-inpatient-collection\/\" target=\"_blank\" rel=\"noopener\"><strong>Collezione di ricoveri per autismo<\/strong><\/a><\/p>\n<p>Lo studio Autism Inpatient Collection (AIC) \u00e8 stato condotto dall&#8217;Autism and Developmental Disorders Inpatient Research Collaborative (ADDIRC), guidato da Matthew Siegel (PI) e Susan Santangelo (Co-I). \u00c8 stato finanziato dalla <span class=\"notranslate\">Simons Foundation<\/span> Autism Research Initiative (SFARI) e dalla Nancy Lurie Marks Family Foundation. <a href=\"https:\/\/www.sfari.org\/resource\/autism-inpatient-collection\/\" target=\"_blank\" rel=\"noopener\">Scopri di pi\u00f9<\/a> su questo programma e sui dati disponibili. <\/p>\n<p><strong><a href=\"https:\/\/www.sfari.org\/resource\/simons-simplex-collection\/\">Collezione Simons Simplex<\/a><\/strong><\/p>\n<p>La Simons Simplex Collection (SSC) \u00e8 un progetto e una risorsa fondamentale della <span class=\"notranslate\">Simons Foundation<\/span> Autism Research Initiative (SFARI). L \u201cSSC ha raggiunto l\u201d obiettivo primario di creare un archivio permanente di campioni genetici provenienti da 2.600 famiglie simplex, ognuna delle quali ha un figlio affetto da un disturbo dello spettro autistico e genitori e fratelli non affetti. <a href=\"https:\/\/www.sfari.org\/resource\/simons-simplex-collection\/\">Per saperne di pi\u00f9<\/a> su questo programma e sui dati disponibili. <\/p>\n<h3><strong>Risorse di ricerca SFARI<\/strong><\/h3>\n<p><span style=\"font-weight: 400;\">All \u201cinizio del 2025, lo SFARI ha contribuito a oltre 2.100 pubblicazioni di ricerca, ha fornito finanziamenti per la ricerca a pi\u00f9 di 360 ricercatori negli Stati Uniti e all\u201d estero e 411 ricercatori o aziende hanno avuto accesso ai dati della coorte SFARI o ai biospecifici.<\/span><\/p>\n<p><span style=\"font-weight: 400;\">SFARI offre <\/span><a href=\"https:\/\/www.sfari.org\/funding-opportunities\/\"><br \/>\n  <span style=\"font-weight: 400;\">finanziamento<\/span><br \/>\n<\/a><span style=\"font-weight: 400;\">  per i ricercatori di tutto il mondo, per sostenere studi rilevanti per la nostra missione. Possono candidarsi tutti i ricercatori che studiano una delle condizioni genetiche di <span class=\"notranslate\">Simons Searchlight<\/span>. Di seguito sono riportate altre risorse di ricerca SFARI.<\/span><\/p>\n<p><strong><a href=\"https:\/\/www.sfari.org\/resource\/ips-cells\/\">iPSC<\/a>, Cellule staminali pluripotenti indotte<\/strong><\/p>\n<ul>\n<li><span style=\"font-weight: 400;\">Utilizziamo le donazioni di campioni di sangue di alcuni dei nostri partecipanti al <span class=\"notranslate\">Simons Searchlight<\/span> per creare un tipo di cellule staminali chiamate <\/span><a href=\"https:\/\/www.sfari.org\/resource\/ips-cells\/\"><span style=\"font-weight: 400;\">iPSC<\/span><\/a><span style=\"font-weight: 400;\">. Tutte le iPSC sono disponibili per la distribuzione ai ricercatori approvati tramite  <\/span><a href=\"https:\/\/www.sfari.org\/resource\/sfari-base\/\"><span style=\"font-weight: 400;\">Base SFARI<\/span><\/a><span style=\"font-weight: 400;\">. Questo programma consente ai ricercatori di studiare le malattie umane in laboratorio per contribuire allo sviluppo di farmaci personalizzati.<\/span><\/li>\n<\/ul>\n<p><strong><a href=\"https:\/\/base.sfari.org\/\">Base SFARI<\/a><\/strong><\/p>\n<ul>\n<li><span style=\"font-weight: 400;\">SFARI Base \u00e8 il portale per accedere ai dati e ai campioni biologici, come tessuti, sangue e plasma, provenienti dalle iniziative di ricerca SFARI. SFARI Base \u00e8 un portale online per la presentazione di richieste di ricerca. Tutti i dati e le informazioni contenute nello SFARI Base fanno progredire la ricerca e sono prontamente disponibili a basso o nullo costo per tutti i ricercatori esterni e le aziende biotecnologiche o farmaceutiche. I dati di <span class=\"notranslate\">Simons Searchlight<\/span> sono disponibili tramite SFARI Base.<\/span><\/li>\n<\/ul>\n<p><strong><a href=\"https:\/\/www.sfari.org\/resource\/research-match\/\" target=\"_blank\" rel=\"noopener\">Corrispondenza della ricerca<\/a><\/strong><\/p>\n<ul>\n<li><span style=\"font-weight: 400;\">Research Match \u00e8 un programma che consente ai ricercatori di reclutare persone iscritte a <span class=\"notranslate\">Simons Searchlight<\/span> o <span class=\"notranslate\">SPARK<\/span> in nuovi studi di ricerca. \u00c8 gratuito.<\/span><\/li>\n<li><a href=\"https:\/\/www.sfari.org\/resource\/research-match\/research-match-projects\/\">Visita questa pagina<\/a> per vedere alcuni esempi di progetti resi possibili da Research Match. L&#8217;elenco completo dei progetti Research Match \u00e8 disponibile <a href=\"https:\/\/docs.google.com\/spreadsheets\/d\/18CZAAz5VbvRweSqK4LmePS-QQPEJOI9cVbfQQD9icZs\/edit?gid=0#gid=0\">qui<\/a>.<\/li>\n<\/ul>\n<p><strong><a href=\"https:\/\/gene.sfari.org\/\">Gene SFARI<\/a><\/strong><\/p>\n<ul>\n<li><span style=\"font-weight: 400;\">SFARI Gene \u00e8 un database ad accesso libero che fornisce le informazioni pi\u00f9 aggiornate su tutti i geni umani noti che sono collegati ai disturbi dello spettro autistico. \u00c8 possibile utilizzare questo database per seguire le ultime scoperte sui fattori di rischio genetici legati all&#8217;autismo e controllare i singoli geni <span class=\"notranslate\">Simons Searchlight<\/span>.<\/span><\/li>\n<\/ul>\n<p><strong><a href=\"https:\/\/www.sfari.org\/resource\/autism-brainnet\/\" target=\"_blank\" rel=\"noopener noreferrer\">Autismo BrainNet<\/a><\/strong><\/p>\n<p><span style=\"font-weight: 400;\">Autism BrainNet \u00e8 un biorepository di tessuto cerebrale post mortem reso possibile da una rete collaborativa di siti accademici che raccolgono, conservano e distribuiscono tessuto cerebrale. <span class=\"notranslate\">Simons Searchlight<\/span> e Autism BrainNet condividono i dati per facilitare la ricerca.<\/span><\/p>\n<p><strong>Repository degli organismi modello<\/strong><\/p>\n<ul>\n<li><span style=\"font-weight: 400;\">Grazie ai finanziamenti SFARI, i ricercatori hanno accesso a organismi modello, nello specifico <\/span><a href=\"https:\/\/www.sfari.org\/resource\/mouse-models\/\"><span style=\"font-weight: 400;\">topi<\/span><\/a><span style=\"font-weight: 400;\">, <\/span><a href=\"https:\/\/www.sfari.org\/resource\/rat-models\/\"><span style=\"font-weight: 400;\">ratti<\/span><\/a><span style=\"font-weight: 400;\">e <\/span><a href=\"https:\/\/www.sfari.org\/resource\/zebrafish-models\/\"><span style=\"font-weight: 400;\">pesce zebra<\/span><\/a><span style=\"font-weight: 400;\">.<\/span><\/li>\n<\/ul>\n","protected":false},"excerpt":{"rendered":"<p>&nbsp; La Fondazione Simons \u00e8 una fondazione privata che promuove la ricerca in diversi campi. Lo facciamo sostenendo il lavoro che fa avanzare le frontiere della ricerca in matematica e nelle scienze di base. La Fondazione Simons finanzia la ricerca sull&#8217;autismo e sul neurosviluppo attraverso la Iniziativa di ricerca sull&#8217;autismo della Fondazione Simons (SFARI). La [&hellip;]<\/p>\n","protected":false},"author":13,"featured_media":0,"parent":48439,"menu_order":0,"comment_status":"closed","ping_status":"closed","template":"","meta":{"_acf_changed":false,"_relevanssi_hide_post":"","_relevanssi_hide_content":"","_relevanssi_pin_for_all":"","_relevanssi_pin_keywords":"","_relevanssi_unpin_keywords":"","_relevanssi_related_keywords":"","_relevanssi_related_include_ids":"","_relevanssi_related_exclude_ids":"","_relevanssi_related_no_append":"","_relevanssi_related_not_related":"","_relevanssi_related_posts":"","_relevanssi_noindex_reason":"","footnotes":""},"acf":[],"_links":{"self":[{"href":"https:\/\/www.simonssearchlight.org\/it\/wp-json\/wp\/v2\/pages\/49217"}],"collection":[{"href":"https:\/\/www.simonssearchlight.org\/it\/wp-json\/wp\/v2\/pages"}],"about":[{"href":"https:\/\/www.simonssearchlight.org\/it\/wp-json\/wp\/v2\/types\/page"}],"author":[{"embeddable":true,"href":"https:\/\/www.simonssearchlight.org\/it\/wp-json\/wp\/v2\/users\/13"}],"replies":[{"embeddable":true,"href":"https:\/\/www.simonssearchlight.org\/it\/wp-json\/wp\/v2\/comments?post=49217"}],"version-history":[{"count":7,"href":"https:\/\/www.simonssearchlight.org\/it\/wp-json\/wp\/v2\/pages\/49217\/revisions"}],"predecessor-version":[{"id":74902,"href":"https:\/\/www.simonssearchlight.org\/it\/wp-json\/wp\/v2\/pages\/49217\/revisions\/74902"}],"up":[{"embeddable":true,"href":"https:\/\/www.simonssearchlight.org\/it\/wp-json\/wp\/v2\/pages\/48439"}],"wp:attachment":[{"href":"https:\/\/www.simonssearchlight.org\/it\/wp-json\/wp\/v2\/media?parent=49217"}],"curies":[{"name":"wp","href":"https:\/\/api.w.org\/{rel}","templated":true}]}}