{"id":49209,"date":"2021-02-22T08:33:45","date_gmt":"2021-02-22T13:33:45","guid":{"rendered":"https:\/\/www.simonssearchlight.org\/la-storia-di-laura-2\/"},"modified":"2021-02-22T08:33:45","modified_gmt":"2021-02-22T13:33:45","slug":"la-storia-di-laura-2","status":"publish","type":"page","link":"https:\/\/www.simonssearchlight.org\/it\/processo-di-ricerca\/i-disturbi-genetici-che-studiamo\/nrxn3\/la-storia-di-laura-2\/","title":{"rendered":"La storia di Laura"},"content":{"rendered":"<h3 style=\"text-align: center;\">Da parte di: Luis, genitore di Laura, una ragazza di 19 anni con un&#8217;alterazione genetica NRXN3<\/h3>\n<p style=\"padding-left: 0px;\"><em>&#8221; &#8230; l&#8217;accumulo di conoscenze empiriche da parte dei genitori di bambini autistici \u00e8 molto ampio e lo scambio di informazioni tra queste famiglie \u00e8 stato decisivo&#8221;.<\/em><\/p>\n<h3>Com&#8217;\u00e8 la vostra famiglia?<\/h3>\n<p>La mia famiglia \u00e8 composta da me (padre), mia moglie, Sirlei Ros\u00e2ni Sturm Vargas, e nostra figlia, Laura Sturm Vargas, alla quale \u00e8 stato diagnosticato un Disturbo Globale dello Sviluppo &#8211; Autismo all&#8217;et\u00e0 di due anni. Oggi Laurinha (come la chiamiamo noi) ha 19 anni.<\/p>\n<h3>Cosa fate per divertirvi?<\/h3>\n<p>A causa dei grandi compromessi nell&#8217;aspetto sociale di Laurinha, che ha difficolt\u00e0 a stare in luoghi di frequentazione pubblica, le permettiamo anche di fare viaggi molto lunghi o di uscire semplicemente per mangiare fuori o andare al cinema, ad esempio. Pertanto, ogni giorno cerchiamo di rilassarci o di distogliere l&#8217;attenzione dai problemi con cose semplici. \u00c8 un esercizio difficile, ma siamo sopravvissuti e credo che siamo cresciuti con questo!<\/p>\n<h3>Ci parli della pi\u00f9 grande difficolt\u00e0 che ha affrontato.<\/h3>\n<p>La difficolt\u00e0 pi\u00f9 grande che sentiamo \u00e8, innanzitutto, pratica: la difficolt\u00e0 che Laurinha ha sempre avuto (e ha tuttora) di iniziare a dormire e, a volte, la difficolt\u00e0 di rimanere in un sonno di qualit\u00e0 o per un numero di ore pi\u00f9 ragionevole. Questo rende difficile il nostro riposo, la nostra dignit\u00e0 e la nostra salute. Quando arriva il momento di dormire, Laurinha si accende, si agita, diventa ansiosa e fugge dal sonno, resiste. Diciamo che si comporta come uno zombie, non si stanca e ci consuma. Un&#8217;altra cosa che ci penalizza molto e la tendenza all&#8217;autolesionismo. \u00c8 molto difficile rimanere addormentati, vedere la figlia sveglia e, per aggiungere altro terrore al quadro, \u00e8 un tormento vedere nostra figlia mordere polsi, braccia e strappare la pelle delle gambe con le sue stesse unghie. Al momento, sembra che siamo riusciti a controllare l&#8217;autolesionismo con il cannabidiolo-CBD dell&#8217;azienda Onepure. Tuttavia, il sonno di Laura rimane un problema. Ho letto casi di persone autistiche con gli stessi problemi (insonnia e autolesionismo) che sono riuscite a controllare con una variet\u00e0 di CBD con THC. Infine, estremamente alienante per noi \u00e8 l&#8217;alienazione di Laura. Immaginate! Si svegliava all&#8217;alba e i suoi occhi erano a un metro da una luce, o da un lavandino di granito o da un&#8217;altra superficie per ore. I centri di interesse di nostra figlia sono i filmini su YouTube dal cellulare, che riconosce dalle foto e sceglie (ci rimane, passando da uno all&#8217;altro, a volte non ne guarda nessuno!). Un&#8217;altra attivit\u00e0 che le piace \u00e8 uscire in auto. \u00c8 molto limitato! Non parla e ha una comprensione molto limitata di tutto. Sono quasi certa che non abbia concetti e nozioni di base, come il giorno e la notte, la masticazione. Per esempio, non si soffia il naso e non sputa quando i polmoni sono congestionati.<\/p>\n<h3>Qual \u00e8 la domanda a cui vorresti che i ricercatori potessero rispondere su questo cambiamento genetico?<\/h3>\n<p>Abbiamo fatto la ricerca del genoma completo di nostra figlia, attraverso l&#8217;esame T-Gen della societ\u00e0 Tismoo de S\u00e3o Paulo-BR. Il risultato ha mostrato cambiamenti ancora sconosciuti nei geni NRXN3 ed EPHB2. La mia domanda \u00e8 se esiste una terapia per questi geni. Se non esiste ancora una terapia, vogliamo sapere se stanno studiando anche questi geni e qual \u00e8 la possibilit\u00e0 di avere una terapia nei prossimi anni?<\/p>\n<h3>Che cosa avete appreso dalle altre famiglie riguardo al cambiamento genetico vostro o di vostro figlio?<\/h3>\n<p>Tantissimo! \u00c8 proprio questo aspetto che voglio sottolineare: l&#8217;accumulo di conoscenze empiriche da parte dei genitori di bambini autistici \u00e8 molto ampio e lo scambio di informazioni tra queste famiglie \u00e8 stato decisivo. A questo proposito, vedo pi\u00f9 successo nei professionisti del settore medico che lo ammettono, ascoltano ci\u00f2 che i genitori hanno da dire, si informano e decidono insieme nel tentativo di ottenere approcci pi\u00f9 efficaci. Io e mia moglie abbiamo iniziato a usare la melatonina per l&#8217;insonnia di nostra figlia, quando ci siamo resi conto che in Italia, ad esempio, questa pratica era gi\u00e0 pacifica e senza riserve. Ma lo usiamo a nostro rischio e pericolo (come abbiamo fatto anche con il CBD), perch\u00e9 la maggior parte dei medici, quando si parlava di cannabidiolo, sembrava di sentire qualcuno che proponeva qualcosa di assurdo, di illegale, di peccaminoso, insomma un sacco di pregiudizi derivanti dall&#8217;ignoranza su trattamenti che non sono nelle liste delle farmacie o nell&#8217;interesse (economico, non terapeutico!) di grandi e vecchi laboratori!<\/p>\n<h3>Se potesse dare un consiglio a qualcuno a cui \u00e8 stata recentemente diagnosticata questa alterazione genetica, quale sarebbe?<\/h3>\n<p>Studiate, genitori! Pensate con i vostri medici! Non accontentatevi! Non intossicate i vostri figli con il primo farmaco che vi viene proposto e seguite la ricerca. Seguite la ricerca del dottor Alysson Muotri e il lavoro del suo team nel suo laboratorio di ricerca a San Diego-California!<\/p>\n","protected":false},"excerpt":{"rendered":"<p>Da parte di: Luis, genitore di Laura, una ragazza di 19 anni con un&#8217;alterazione genetica NRXN3 &#8221; &#8230; l&#8217;accumulo di conoscenze empiriche da parte dei genitori di bambini autistici \u00e8 molto ampio e lo scambio di informazioni tra queste famiglie \u00e8 stato decisivo&#8221;. Com&#8217;\u00e8 la vostra famiglia? La mia famiglia \u00e8 composta da me (padre), [&hellip;]<\/p>\n","protected":false},"author":13,"featured_media":0,"parent":75952,"menu_order":0,"comment_status":"closed","ping_status":"closed","template":"","meta":{"_acf_changed":false,"_relevanssi_hide_post":"","_relevanssi_hide_content":"","_relevanssi_pin_for_all":"","_relevanssi_pin_keywords":"","_relevanssi_unpin_keywords":"","_relevanssi_related_keywords":"","_relevanssi_related_include_ids":"","_relevanssi_related_exclude_ids":"","_relevanssi_related_no_append":"","_relevanssi_related_not_related":"","_relevanssi_related_posts":"","_relevanssi_noindex_reason":"","footnotes":""},"acf":[],"_links":{"self":[{"href":"https:\/\/www.simonssearchlight.org\/it\/wp-json\/wp\/v2\/pages\/49209"}],"collection":[{"href":"https:\/\/www.simonssearchlight.org\/it\/wp-json\/wp\/v2\/pages"}],"about":[{"href":"https:\/\/www.simonssearchlight.org\/it\/wp-json\/wp\/v2\/types\/page"}],"author":[{"embeddable":true,"href":"https:\/\/www.simonssearchlight.org\/it\/wp-json\/wp\/v2\/users\/13"}],"replies":[{"embeddable":true,"href":"https:\/\/www.simonssearchlight.org\/it\/wp-json\/wp\/v2\/comments?post=49209"}],"version-history":[{"count":0,"href":"https:\/\/www.simonssearchlight.org\/it\/wp-json\/wp\/v2\/pages\/49209\/revisions"}],"up":[{"embeddable":true,"href":"https:\/\/www.simonssearchlight.org\/it\/wp-json\/wp\/v2\/pages\/75952"}],"wp:attachment":[{"href":"https:\/\/www.simonssearchlight.org\/it\/wp-json\/wp\/v2\/media?parent=49209"}],"curies":[{"name":"wp","href":"https:\/\/api.w.org\/{rel}","templated":true}]}}