{"id":49178,"date":"2021-08-25T14:38:06","date_gmt":"2021-08-25T18:38:06","guid":{"rendered":"https:\/\/www.simonssearchlight.org\/dichiarazione-sul-vaccino-covid-19\/"},"modified":"2024-04-09T13:50:07","modified_gmt":"2024-04-09T17:50:07","slug":"dichiarazione-sul-vaccino-covid-19","status":"publish","type":"page","link":"https:\/\/www.simonssearchlight.org\/it\/dichiarazione-sul-vaccino-covid-19\/","title":{"rendered":"Dichiarazione sul vaccino COVID-19"},"content":{"rendered":"<p><style> li > ul { margin: 0 0 0 25px; } <\/style>\n<\/p>\n<p>Wendy Chung, medico, dottore di ricerca, ricercatore principale di <span class=\"notranslate\">Simons Searchlight<\/span><br \/><strong><em>Data di pubblicazione: 26 agosto 2021<br \/>Rivisto: 3 dicembre 2021<\/em><\/strong><\/p>\n<p><a href=\"https:\/\/www.simonssearchlight.org\/?attachment_id=11045\" rel=\"attachment wp-att-58\"><img loading=\"lazy\" decoding=\"async\" class=\"wp-image-11045 aligncenter\" src=\"https:\/\/cdn.simonssearchlight.org\/wp-content\/uploads\/2021\/08\/25095837\/Screen-Shot-2021-08-25-at-1.49.52-PM-1024x573.png\" alt=\"\" width=\"518\" height=\"290\" srcset=\"https:\/\/cdn.simonssearchlight.org\/wp-content\/uploads\/2021\/08\/25095837\/Screen-Shot-2021-08-25-at-1.49.52-PM-1024x573.png 1024w, https:\/\/cdn.simonssearchlight.org\/wp-content\/uploads\/2021\/08\/25095837\/Screen-Shot-2021-08-25-at-1.49.52-PM-300x168.png 300w, https:\/\/cdn.simonssearchlight.org\/wp-content\/uploads\/2021\/08\/25095837\/Screen-Shot-2021-08-25-at-1.49.52-PM-768x429.png 768w, https:\/\/cdn.simonssearchlight.org\/wp-content\/uploads\/2021\/08\/25095837\/Screen-Shot-2021-08-25-at-1.49.52-PM.png 1756w\" sizes=\"(max-width: 518px) 100vw, 518px\" \/><\/a><\/p>\n<p><span style=\"font-weight: 400;\">Poich\u00e9 la COVID-19 continua a diffondersi in tutto il mondo, \u00e8 importante rimanere informati su informazioni e raccomandazioni aggiornate.<\/span><\/p>\n<p><strong>Non \u00e8 stato riscontrato che le persone affette da rari disturbi dello sviluppo neurologico abbiano maggiori effetti collaterali dai vaccini COVID-19 rispetto alla popolazione generale.<\/strong><\/p>\n<p><span style=\"font-weight: 400;\">I vaccini COVID-19 sono sicuri ed efficaci nel prevenire la COVID-19 e le malattie gravi associate. La vaccinazione aiuta a prevenire malattie gravi con l&#8217;infezione, a ridurre la diffusione del virus e a proteggere i membri della famiglia e della comunit\u00e0, compresi quelli che non possono essere vaccinati e quelli che hanno un rischio maggiore di ammalarsi gravemente in caso di infezione. Al momento, i benefici della vaccinazione per ridurre la gravit\u00e0 dell&#8217;infezione da COVID-19 superano i piccoli rischi associati alla vaccinazione.<\/span><\/p>\n<p><span style=\"font-weight: 400;\">A partire dal novembre 2021, i Centers for Disease Control and Prevention (CDC) degli Stati Uniti raccomandano a tutti i soggetti di et\u00e0 pari o superiore ai 5 anni di sottoporsi al vaccino COVID-19 per proteggersi dall&#8217;infezione. Inoltre, il CDC raccomanda a chiunque abbia 18 anni o pi\u00f9 di sottoporsi a un richiamo del vaccino.<\/span><\/p>\n<p><span style=\"font-weight: 400;\">Ulteriori informazioni sono disponibili in questo webinar del giugno 2021. <\/span><a href=\"https:\/\/www.youtube.com\/watch?v=WKHPsQXBRmk\"><br \/>\n  <span style=\"font-weight: 400;\">webinar<\/span><br \/>\n<\/a> <span style=\"font-weight: 400;\">ospitato dall&#8217;Organizzazione nazionale per i disturbi rari (NORD). I membri del CDC e della Food and Drug Administration (FDA) degli Stati Uniti si occupano di molte questioni, tra cui l&#8217;efficacia del vaccino tra le persone immunocompromesse e la necessit\u00e0 di effettuare un richiamo.<\/span><\/p>\n<p><span style=\"font-weight: 400;\">Inoltre, se vi state chiedendo cosa pensano gli altri membri della comunit\u00e0 <span class=\"notranslate\">Simons Searchlight<\/span> del vaccino COVID-19, abbiamo riassunto i risultati in questo sondaggio<\/span><a href=\"https:\/\/www.simonssearchlight.org\/it\/sondaggio-5-aggiornamenti-a-un-anno-dallinizio-della-pandemia-covid-19\/\"> <span style=\"font-weight: 400;\">sondaggio COVID-19<\/span><\/a><span style=\"font-weight: 400;\"> dell&#8217;inizio di questa primavera<\/span><span style=\"font-weight: 400;\">. <\/span><span style=\"font-weight: 400;\">Se avete domande o commenti, contattate il team di <span class=\"notranslate\">Simons Searchlight<\/span> via e-mail all&#8217;indirizzo <\/span><a href=\"mailto:coordinator@simonssearchlight.org\"><br \/>\n  <span style=\"font-weight: 400;\">coordinator@simonssearchlight.org<\/span><br \/>\n<\/a><span style=\"font-weight: 400;\">.<\/span><\/p>\n<p><span style=\"font-weight: 400;\">Come sempre, quando si decide di vaccinare il proprio figlio o dipendente per la COVID-19, si consiglia di consultare il proprio medico curante.<\/span><\/p>\n<p><span style=\"font-weight: 400;\">Cordiali saluti,<\/span><\/p>\n<p><span style=\"font-weight: 400;\">Wendy Chung, medico, dottore di ricerca.<\/span><span style=\"font-weight: 400;\"><br \/><\/span><span style=\"font-weight: 400;\">Ricercatore principale, <span class=\"notranslate\">Simons Searchlight<\/span><\/span><\/p>\n\n<hr class=\"wp-block-separator\"\/>\n\n<h4 class=\"wp-block-heading\"><strong>Informazioni su questa dichiarazione<\/strong><\/h4>\n\n<p>Il Dr. Chung non ha conflitti di interesse relativi ai vaccini COVID-19 o a qualsiasi altra cosa correlata a COVID-19. Il dottor Chung \u00e8 esperto in una serie di condizioni genetiche rare che causano disturbi dello sviluppo neurologico.<\/p>\n\n<p>Questa dichiarazione si basa sulla ricerca attuale del vaccino COVID nei bambini con disturbi dello sviluppo neurologico e condizioni genetiche rare, per i quali non esistono controindicazioni note. Questa dichiarazione \u00e8 in linea con dichiarazioni simili di altre organizzazioni, tra cui l&#8217;<a href=\"https:\/\/www.youtube.com\/watch?v=WKHPsQXBRmk\">Organizzazione Nazionale per i Disturbi Rari<\/a> e l&#8217;<a href=\"https:\/\/www.aappublications.org\/news\/2021\/05\/12\/cdc-aap-pfizer-covid-vaccine-teens-051221#:~:text=The%20AAP%20recommends%20adolescents%20ages,BioNTech%20vaccine%20for%20these%20ages.\">Accademia Americana di Pediatria<\/a>.<\/p>\n\n<hr class=\"wp-block-separator\"\/>\n\n<h4 class=\"wp-block-heading\"><strong>Fonti e citazioni<\/strong><\/h4>\n\n<p>Dichiarazioni delle organizzazioni per la comunit\u00e0 del neurosviluppo raro:  <\/p>\n\n<div class=\"wp-block-group\"><div class=\"wp-block-group__inner-container is-layout-flow wp-block-group-is-layout-flow\">\n<ul><li><a href=\"https:\/\/www.aappublications.org\/news\/2021\/05\/12\/cdc-aap-pfizer-covid-vaccine-teens-051221#:~:text=The%20AAP%20recommends%20adolescents%20ages,BioNTech%20vaccine%20for%20these%20ages.\">Accademia Americana di Pediatria<\/a><\/li><li><a href=\"https:\/\/www.autism-society.org\/releases\/autism-society-of-america-encourages-autism-community-to-vaccinate-eligible-adolescents-as-the-pfizer-covid-19-vaccine-receives-eua\/\">Societ\u00e0 americana per l&#8217;autismo<\/a><\/li><li>Accademia Americana di Pediatria (AAP)<ul><li><a href=\"https:\/\/www.youtube.com\/watch?v=YOlrNlvEiMw&amp;list=PLKYV5259WcZ0dQPiGaPzP_kPJ3G3Dyd7u&amp;index=3\">COVID-19 e i bambini: Come funzionano i vaccini a mRNA (video)<\/a><\/li><li><a href=\"https:\/\/www.aap.org\/en\/news-room\/news-releases\/aap\/2021\/american-academy-of-pediatrics-applauds-cdc-approval-of-safe-effective-covid-19-vaccine-for-children-ages-5-11\/\">Dichiarazione aggiornata<\/a><\/li><\/ul><\/li><li>Accademia americana di medicina e odontoiatria dello sviluppo (AADMD)<ul><li><a href=\"https:\/\/www.aadmd.org\/vaccine\">Dichiarazione aggiornata (17\/9\/2021)<\/a><\/li><\/ul><\/li><li>Centri per il controllo e la prevenzione delle malattie &#8211; Vaccini COVID-19 per bambini e adolescenti<ul><li><a href=\"https:\/\/www.cdc.gov\/coronavirus\/2019-ncov\/vaccines\/recommendations\/children-teens.html?CDC_AA_refVal=https%3A%2F%2Fwww.cdc.gov%2Fcoronavirus%2F2019-ncov%2Fvaccines%2Frecommendations%2Fadolescents.html\">Panoramica<\/a><\/li><li><a href=\"https:\/\/www.cdc.gov\/coronavirus\/2019-ncov\/vaccines\/fully-vaccinated.html\">Cosa potete fare voi e il vostro bambino quando siete completamente vaccinati<\/a><\/li><li><a href=\"https:\/\/www.cdc.gov\/coronavirus\/2019-ncov\/vaccines\/distributing\/steps-ensure-safety.html\">Processo di sviluppo, autorizzazione e approvazione dei vaccini COVID-19<\/a><\/li><li><a href=\"https:\/\/www.cdc.gov\/coronavirus\/2019-ncov\/vaccines\/expect.html\">Cosa aspettarsi quando si fa il vaccino<\/a><\/li><li><a href=\"https:\/\/www.cdc.gov\/coronavirus\/2019-ncov\/vaccines\/facts.html\">Miti e fatti sui vaccini COVID-19<\/a><\/li><li><a href=\"https:\/\/www.cdc.gov\/ncbddd\/humandevelopment\/covid-19\/people-with-disabilities.html?CDC_AA_refVal=https%3A%2F%2Fwww.cdc.gov%2Fcoronavirus%2F2019-ncov%2Fneed-extra-precautions%2Fpeople-with-disabilities.html\">Persone con disabilit\u00e0<\/a><\/li><li><a href=\"https:\/\/www.cdc.gov\/vaccines\/acip\/meetings\/downloads\/slides-2021-9-23\/03-COVID-Oliver.pdf\">Dati a sostegno della necessit\u00e0 di un richiamo<\/a><\/li><li><a href=\"https:\/\/www.cdc.gov\/vaccines\/acip\/meetings\/downloads\/slides-2021-10-20-21\/02-COVID-Miller-508.pdf\">Moderna booster dose information<\/a><\/li><li><a href=\"https:\/\/www.cdc.gov\/vaccines\/acip\/meetings\/downloads\/slides-2021-10-20-21\/03-COVID-Heaton-Douoguih-508.pdf\">Informazioni sulla dose di richiamo di Johnson &amp; Johnson<\/a><\/li><li><a href=\"https:\/\/www.cdc.gov\/vaccines\/acip\/meetings\/downloads\/slides-2021-10-20-21\/02-influenza-izikson-508.pdf\">Presentazione sulla sicurezza della ricezione del vaccino antinfluenzale e del vaccino COVID-19<\/a><\/li><\/ul><\/li><li>Organizzazione nazionale per i disturbi rari (NORD)<ul><li><a href=\"https:\/\/rarediseases.org\/covid-19\/\">Numerosi webinar e risorse<\/a><\/li><\/ul><\/li><li><a href=\"https:\/\/health.ucdavis.edu\/health-news\/newsroom\/new-covid-19-vaccine-clinic-for-people-with-autism-other-neurodevelopmental-conditions-video\/2021\/06\">Istituto UC Davis MIND<\/a><\/li><\/ul>\n<\/div><\/div>\n\n<p>Riassunto delle pubblicazioni:<\/p>\n\n<ul><li><a href=\"https:\/\/pubmed.ncbi.nlm.nih.gov\/34758012\/\">Novembre 2021<\/a> &#8211; Raccomandazione provvisoria del Comitato consultivo sulle pratiche di immunizzazione per l&#8217;uso del vaccino COVID-19 di Pfizer-BioNTech nei bambini di et\u00e0 compresa tra 5 e 11 anni &#8211; Stati Uniti, novembre 2021<\/li><li><a href=\"https:\/\/pubmed.ncbi.nlm.nih.gov\/34752019\/\">Novembre 2021<\/a> &#8211; Valutazione del vaccino BNT162b2 COVID-19 nei bambini di et\u00e0 compresa tra 5 e 11 anni<\/li><li><a href=\"https:\/\/pubmed.ncbi.nlm.nih.gov\/34740956\/\">Novembre 2021<\/a> &#8211; Vaccini COVID-19 nei bambini e negli adolescenti<\/li><li><a href=\"https:\/\/pubmed.ncbi.nlm.nih.gov\/34735422\/\">Novembre 2021<\/a> &#8211; Raccomandazioni provvisorie del Comitato consultivo sulle pratiche di immunizzazione per dosi primarie e di richiamo aggiuntive di vaccini COVID-19 &#8211; Stati Uniti, 2021<\/li><li><a href=\"https:\/\/pubmed.ncbi.nlm.nih.gov\/34375861\/\">Agosto 2021<\/a> &#8211; Sicurezza e tollerabilit\u00e0 riferite dal paziente dei vaccini COVID-19 in persone con malattie neuroimmunologiche rare<\/li><li><a href=\"https:\/\/www.ncbi.nlm.nih.gov\/pmc\/articles\/PMC8349442\/\">Agosto 2021<\/a> &#8211; Miocardite e pericardite dopo la vaccinazione con mRNA COVID-19: Considerazioni pratiche per gli operatori sanitari<\/li><li><a href=\"https:\/\/pubmed.ncbi.nlm.nih.gov\/34351881\/\">Agosto 2021<\/a> &#8211; Sicurezza del vaccino COVID-19 negli adolescenti di et\u00e0 compresa tra 12 e 17 anni &#8211; Stati Uniti, 14 dicembre 2020 &#8211; 16 luglio 2021  <\/li><li><a href=\"https:\/\/pubmed.ncbi.nlm.nih.gov\/34326180\/\">Luglio 2021<\/a> &#8211; COVID-19 e vaccinazione in presenza di malattie neurologiche: Un problema emergente in neurologia<\/li><li><a href=\"https:\/\/pubmed.ncbi.nlm.nih.gov\/34393075\/\">Luglio 2021<\/a> &#8211; Il test cutaneo con PEG\/polisorbato non ha alcuna utilit\u00e0 nella valutazione di sospette reazioni allergiche ai vaccini SARS-CoV-2<\/li><li><a href=\"https:\/\/www.ncbi.nlm.nih.gov\/pmc\/articles\/PMC8344528\/\">Luglio 2021<\/a> &#8211; Perimiocardite negli adolescenti dopo il vaccino COVID-19 di Pfizer-BioNTech<\/li><li><a href=\"https:\/\/www.ncbi.nlm.nih.gov\/pmc\/articles\/PMC8304769\/\">Luglio 2021<\/a> &#8211; Sviluppo di un codebook della retorica anti-vaccinazione online per gestire la disinformazione sui vaccini COVID-19<\/li><li>Preprint <a href=\"https:\/\/www.ncbi.nlm.nih.gov\/pmc\/articles\/PMC8010764\/\">aprile 2021<\/a> &#8211; Caratterizzazione dell&#8217;incidenza di eventi avversi di particolare interesse per i vaccini COVID-19 in otto paesi: uno studio di coorte di rete multinazionale<\/li><\/ul>\n\n<hr class=\"wp-block-separator\"\/>\n\n<h4 class=\"wp-block-heading\"><strong>Informazioni su Wendy Chung, medico, dottore di ricerca.<\/strong><\/h4>\n\n<p>Wendy Chung \u00e8 direttore della ricerca clinica presso la SFARI (<span class=\"notranslate\">Simons Foundation<\/span> Autism Research Initiative) e ricercatore principale di <span class=\"notranslate\">Simons Searchlight<\/span> e <a href=\"https:\/\/nam05.safelinks.protection.outlook.com\/?url=https%3A%2F%2Fwww.sfari.org%2Fresource%2Fspark%2F&amp;data=02%7C01%7Cshsmith1%40geisinger.edu%7C4bbf8140e26e4f50a46508d6d4bc24b6%7C37d46c567c664402a16055c2313b910d%7C0%7C0%7C636930301877164332&amp;sdata=w2T3unerKp5zdWMGmzo7pUifj%2BcBXe7ZSkbb5iLCGvs%3D&amp;reserved=0\"><span class=\"notranslate\">SPARK<\/span><\/a>. \u00c8 entrata a far parte della fondazione nel 2012, dopo aver fatto parte del comitato scientifico consultivo dello SFARI. Il suo ruolo comprende la gestione del programma di ricerca su soggetti affetti da autismo e altri disturbi del neurosviluppo, la valutazione delle opportunit\u00e0 di sviluppo di nuovi trattamenti, tra cui farmaci come l&#8217;arbaclofen, e lo sviluppo di nuove misure di outcome per valutare l&#8217;efficacia di questi trattamenti. \u00c8 impegnata nell&#8217;identificazione di nuovi geni per l&#8217;autismo e nella caratterizzazione delle caratteristiche cliniche associate a questi nuovi geni. Chung ha tenuto un discorso TED, &#8220;<a href=\"https:\/\/nam05.safelinks.protection.outlook.com\/?url=https%3A%2F%2Fwww.ted.com%2Ftalks%2Fwendy_chung_autism_what_we_know_and_what_we_don_t_know_yet%3Flanguage%3Den&amp;data=02%7C01%7Cshsmith1%40geisinger.edu%7C4bbf8140e26e4f50a46508d6d4bc24b6%7C37d46c567c664402a16055c2313b910d%7C0%7C0%7C636930301877174328&amp;sdata=jHxjOXL%2BI14kseyyGObz1YdWlPq%2FbbIObP6wytoR5L8%3D&amp;reserved=0\">Quello che sappiamo sull&#8217;autismo<\/a>&#8220;.<\/p>\n\n<p>Chung ha conseguito la laurea in biochimica ed economia presso la Cornell University, il dottorato di ricerca presso il Cornell University Medical College e il dottorato di ricerca presso la Rockefeller University in genetica umana. Ha completato la specializzazione in pediatria e le borse di studio in genetica medica e molecolare alla Columbia University. Chung \u00e8 anche professore Kennedy di Pediatria e Medicina alla Columbia University, dove dirige il programma di genetica clinica e svolge ricerche di genetica umana.<\/p>\n","protected":false},"excerpt":{"rendered":"<p>Wendy Chung, medico, dottore di ricerca, ricercatore principale di Simons SearchlightData di pubblicazione: 26 agosto 2021Rivisto: 3 dicembre 2021 Poich\u00e9 la COVID-19 continua a diffondersi in tutto il mondo, \u00e8 importante rimanere informati su informazioni e raccomandazioni aggiornate. Non \u00e8 stato riscontrato che le persone affette da rari disturbi dello sviluppo neurologico abbiano maggiori effetti [&hellip;]<\/p>\n","protected":false},"author":18,"featured_media":0,"parent":0,"menu_order":0,"comment_status":"closed","ping_status":"closed","template":"","meta":{"_acf_changed":false,"_relevanssi_hide_post":"","_relevanssi_hide_content":"","_relevanssi_pin_for_all":"","_relevanssi_pin_keywords":"","_relevanssi_unpin_keywords":"","_relevanssi_related_keywords":"","_relevanssi_related_include_ids":"","_relevanssi_related_exclude_ids":"","_relevanssi_related_no_append":"","_relevanssi_related_not_related":"","_relevanssi_related_posts":"","_relevanssi_noindex_reason":"","footnotes":""},"acf":[],"_links":{"self":[{"href":"https:\/\/www.simonssearchlight.org\/it\/wp-json\/wp\/v2\/pages\/49178"}],"collection":[{"href":"https:\/\/www.simonssearchlight.org\/it\/wp-json\/wp\/v2\/pages"}],"about":[{"href":"https:\/\/www.simonssearchlight.org\/it\/wp-json\/wp\/v2\/types\/page"}],"author":[{"embeddable":true,"href":"https:\/\/www.simonssearchlight.org\/it\/wp-json\/wp\/v2\/users\/18"}],"replies":[{"embeddable":true,"href":"https:\/\/www.simonssearchlight.org\/it\/wp-json\/wp\/v2\/comments?post=49178"}],"version-history":[{"count":1,"href":"https:\/\/www.simonssearchlight.org\/it\/wp-json\/wp\/v2\/pages\/49178\/revisions"}],"predecessor-version":[{"id":49214,"href":"https:\/\/www.simonssearchlight.org\/it\/wp-json\/wp\/v2\/pages\/49178\/revisions\/49214"}],"wp:attachment":[{"href":"https:\/\/www.simonssearchlight.org\/it\/wp-json\/wp\/v2\/media?parent=49178"}],"curies":[{"name":"wp","href":"https:\/\/api.w.org\/{rel}","templated":true}]}}