{"id":49132,"date":"2020-11-20T14:09:34","date_gmt":"2020-11-20T19:09:34","guid":{"rendered":"https:\/\/www.simonssearchlight.org\/sondaggio-3-sviluppo-e-salute-mentale-durante-il-covid-19\/"},"modified":"2020-11-20T14:09:34","modified_gmt":"2020-11-20T19:09:34","slug":"sondaggio-3-sviluppo-e-salute-mentale-durante-il-covid-19","status":"publish","type":"page","link":"https:\/\/www.simonssearchlight.org\/it\/sondaggio-3-sviluppo-e-salute-mentale-durante-il-covid-19\/","title":{"rendered":"Sondaggio 3: Sviluppo e salute mentale durante il COVID-19"},"content":{"rendered":"<p>Wendy Chung, medico, dottore di ricerca, ricercatore principale di <span class=\"notranslate\">Simons Searchlight<\/span><br \/>\n<strong><br \/>\n  <em>Data di pubblicazione<\/em><br \/>\n<\/strong><strong><br \/>\n  <em>: 23 novembre 2020<\/em><br \/>\n<\/strong><\/p>\n<p>La pandemia COVID-19 continua a sconvolgere le nostre vite e noi di <span class=\"notranslate\">Simons Searchlight<\/span> vi ringraziamo per averci permesso di conoscere le conseguenze sulla vostra famiglia. I ricercatori di tutto il mondo stanno utilizzando queste informazioni per fare delle scoperte sulle esigenze uniche di coloro che sono affetti da patologie del neurosviluppo.<\/p>\n<p>I nostri risultati sono riassunti di seguito. Il documento pu\u00f2 essere scaricato come <a href=\"https:\/\/cdn.simonssearchlight.org\/wp-content\/uploads\/2020\/11\/20085229\/Simons-Searchlight-COVID19-Survey-3-Summary.png\" target=\"_blank\" rel=\"noopener\"><br \/>\n  <strong><br \/>\n    <u>immagine (PNG)<\/u><br \/>\n  <\/strong><br \/>\n<\/a> o come documento <a href=\"https:\/\/cdn.simonssearchlight.org\/wp-content\/uploads\/2020\/11\/20085356\/Simons-Searchlight-COVID19-Survey-3-Summary.pdf\" target=\"_blank\" rel=\"noopener\"><br \/>\n  <strong><br \/>\n    <u>documento stampabile (PDF)<\/u><br \/>\n  <\/strong><br \/>\n<\/a>.<\/p>\n<p><img loading=\"lazy\" decoding=\"async\" class=\"alignnone wp-image-9423 size-full\" src=\"https:\/\/cdn.simonssearchlight.org\/wp-content\/uploads\/2020\/11\/20085229\/Simons-Searchlight-COVID19-Survey-3-Summary.png\" alt=\"\" width=\"2605\" height=\"12634\" srcset=\"https:\/\/cdn.simonssearchlight.org\/wp-content\/uploads\/2020\/11\/20085229\/Simons-Searchlight-COVID19-Survey-3-Summary.png 2605w, https:\/\/cdn.simonssearchlight.org\/wp-content\/uploads\/2020\/11\/20085229\/Simons-Searchlight-COVID19-Survey-3-Summary-62x300.png 62w, https:\/\/cdn.simonssearchlight.org\/wp-content\/uploads\/2020\/11\/20085229\/Simons-Searchlight-COVID19-Survey-3-Summary-768x3725.png 768w, https:\/\/cdn.simonssearchlight.org\/wp-content\/uploads\/2020\/11\/20085229\/Simons-Searchlight-COVID19-Survey-3-Summary-211x1024.png 211w\" sizes=\"(max-width: 2605px) 100vw, 2605px\" \/><\/p>\n<h4><strong>Cosa abbiamo trovato nel sondaggio 3?<\/strong><\/h4>\n<p>Abbiamo appreso che i servizi pi\u00f9 comuni a cui i dipendenti hanno avuto accesso sono stati la logopedia e la terapia del linguaggio, la terapia fisica o occupazionale e i servizi medici. I caregiver hanno riferito un aumento dell&#8217;accesso di persona a questi servizi nei mesi di luglio 2020 e agosto 2020. La maggior parte dei caregiver ha dichiarato di essere molto soddisfatta o soddisfatta di questi servizi e terapie.<\/p>\n<h4><strong>Come stanno i dipendenti del <span class=\"notranslate\">Simons Searchlight<\/span>?<\/strong><\/h4>\n<p>Non era noto come le interruzioni dovute alla pandemia COVID-19 avrebbero influenzato le persone affette da patologie del neurosviluppo. Nell&#8217;indagine 3, abbiamo aggiunto domande sullo sviluppo durante questo periodo. Un caregiver su tre ha dichiarato che il proprio dipendente ha subito una regressione, o una perdita di abilit\u00e0, nei mesi di luglio 2020 e agosto 2020, e la maggior parte non \u00e8 riuscita a recuperare le abilit\u00e0 entro settembre 2020.<\/p>\n<p>Non sappiamo quale fosse il livello di ansia dei dipendenti del <span class=\"notranslate\">Simons Searchlight<\/span> prima della pandemia COVID-19. Durante l&#8217;indagine, circa un caregiver su cinque ha riferito che i familiari non autosufficienti si sono sentiti spaventati, impauriti o ansiosi. Inoltre, tre caregiver su quattro hanno riferito che i familiari a carico godevano di una salute emotiva e mentale eccellente, molto buona o buona. Si tratta di un miglioramento rispetto al sondaggio 2.<\/p>\n<p>&nbsp;<\/p>\n<p>Il <strong>riepilogo dell&#8217;indagine 1 &#8220;Impatto della COVID-19 su terapie, servizi e supporti medici&#8221; \u00e8<\/strong> disponibile <strong> <a href=\"https:\/\/www.simonssearchlight.org\/it\/impatto-della-covid-19-su-terapie-servizi-e-supporti-medici\/\" target=\"_blank\" rel=\"noopener\">qui<\/a><\/strong>.<\/p>\n<p>Il <strong>riassunto dell&#8217;indagine 2 &#8220;Impatto del COVID-19 sui supporti medici e sulla salute mentale dei caregiver&#8221; \u00e8 <\/strong> disponibile<a href=\"https:\/\/www.simonssearchlight.org\/it\/indagine-2-impatto-del-covid-19-sui-supporti-medici-e-sulla-salute-mentale-del-caregiver\/\" target=\"_blank\" rel=\"noopener\">qui<\/a>.<\/p>\n","protected":false},"excerpt":{"rendered":"<p>Wendy Chung, medico, dottore di ricerca, ricercatore principale di Simons Searchlight Data di pubblicazione : 23 novembre 2020 La pandemia COVID-19 continua a sconvolgere le nostre vite e noi di Simons Searchlight vi ringraziamo per averci permesso di conoscere le conseguenze sulla vostra famiglia. I ricercatori di tutto il mondo stanno utilizzando queste informazioni per [&hellip;]<\/p>\n","protected":false},"author":6,"featured_media":0,"parent":0,"menu_order":0,"comment_status":"closed","ping_status":"closed","template":"","meta":{"_acf_changed":false,"_relevanssi_hide_post":"","_relevanssi_hide_content":"","_relevanssi_pin_for_all":"","_relevanssi_pin_keywords":"","_relevanssi_unpin_keywords":"","_relevanssi_related_keywords":"","_relevanssi_related_include_ids":"","_relevanssi_related_exclude_ids":"","_relevanssi_related_no_append":"","_relevanssi_related_not_related":"","_relevanssi_related_posts":"","_relevanssi_noindex_reason":"","footnotes":""},"acf":[],"_links":{"self":[{"href":"https:\/\/www.simonssearchlight.org\/it\/wp-json\/wp\/v2\/pages\/49132"}],"collection":[{"href":"https:\/\/www.simonssearchlight.org\/it\/wp-json\/wp\/v2\/pages"}],"about":[{"href":"https:\/\/www.simonssearchlight.org\/it\/wp-json\/wp\/v2\/types\/page"}],"author":[{"embeddable":true,"href":"https:\/\/www.simonssearchlight.org\/it\/wp-json\/wp\/v2\/users\/6"}],"replies":[{"embeddable":true,"href":"https:\/\/www.simonssearchlight.org\/it\/wp-json\/wp\/v2\/comments?post=49132"}],"version-history":[{"count":0,"href":"https:\/\/www.simonssearchlight.org\/it\/wp-json\/wp\/v2\/pages\/49132\/revisions"}],"wp:attachment":[{"href":"https:\/\/www.simonssearchlight.org\/it\/wp-json\/wp\/v2\/media?parent=49132"}],"curies":[{"name":"wp","href":"https:\/\/api.w.org\/{rel}","templated":true}]}}