{"id":49107,"date":"2020-10-22T14:38:02","date_gmt":"2020-10-22T18:38:02","guid":{"rendered":"https:\/\/www.simonssearchlight.org\/statuto-del-comitato-consultivo-della-comunita-di-simons-searchlight\/"},"modified":"2020-10-22T14:38:02","modified_gmt":"2020-10-22T18:38:02","slug":"statuto-del-comitato-consultivo-della-comunita-di-simons-searchlight","status":"publish","type":"page","link":"https:\/\/www.simonssearchlight.org\/it\/statuto-del-comitato-consultivo-della-comunita-di-simons-searchlight\/","title":{"rendered":"Statuto del Comitato consultivo della comunit\u00e0 di Simons Searchlight"},"content":{"rendered":"<h3 style=\"text-align: center;\"><strong>La missione di Simon Searchlight<\/strong><\/h3>\n<p><span class=\"notranslate\">Simons Searchlight<\/span> \u00e8 una partnership di scienziati, medici e famiglie di spicco, decisi ad accelerare la scienza delle alterazioni genetiche legate all&#8217;autismo e ad altri disturbi del neurosviluppo.<\/p>\n<h3 style=\"text-align: center;\"><strong>Scopo del Comitato consultivo comunitario<\/strong><\/h3>\n<p>Lo scopo del Comitato Consultivo Comunitario (CAC) \u00e8 quello di consigliare e guidare la ricerca e le attivit\u00e0 comunitarie per conto di tutti i partecipanti al <span class=\"notranslate\">Simons Searchlight<\/span> e dei gruppi genetici.<\/p>\n<h3 style=\"text-align: center;\"><strong>Soci<\/strong><\/h3>\n<ul>\n<li style=\"list-style-type: none;\">\n<ul>\n<li>Il CAC avr\u00e0 fino a 20 membri.<\/li>\n<li>I soci devono avere almeno 18 anni.<\/li>\n<li>Il team di studio <span class=\"notranslate\">Simons Searchlight<\/span> verificher\u00e0 la composizione del CAC per assicurarsi che sia rappresentativo della comunit\u00e0 di Searchlight.<\/li>\n<li>I membri saranno invitati a rimanere in carica per due anni e potranno dimettersi in qualsiasi momento.<\/li>\n<li>La partecipazione dei membri sar\u00e0 riesaminata annualmente e, se opportuno, alcuni di essi potranno essere esclusi dal consiglio.<\/li>\n<li>Periodicamente possono essere aggiunti nuovi membri.<\/li>\n<\/ul>\n<\/li>\n<\/ul>\n<p>In questo momento, i membri devono conoscere bene l&#8217;inglese a causa della struttura delle teleconferenze e del metodo di diffusione dei sondaggi e di altre informazioni.<\/p>\n<h3 style=\"text-align: center;\"><strong>Responsabilit\u00e0<\/strong><\/h3>\n<ul>\n<li>Donare circa 10 ore all&#8217;anno alle attivit\u00e0 del CAC. I soci possono scegliere tra una serie di attivit\u00e0.<\/li>\n<li>Collaborare con lo staff di <span class=\"notranslate\">Simons Searchlight<\/span> per fornire un feedback sulla piattaforma del registro, aiutare a definire le priorit\u00e0 e testare le indagini di ricerca, partecipare a focus group online, fare sondaggi informali e partecipare alle riunioni del CAC online.<\/li>\n<li>Condividere l&#8217;esito delle decisioni della CAC con il gruppo genealogico della famiglia, se del caso.<\/li>\n<li>Il personale si assicurer\u00e0 che le attivit\u00e0 siano concepite in modo che i membri possano partecipare quando e dove \u00e8 pi\u00f9 conveniente.<\/li>\n<\/ul>\n<h3 style=\"text-align: center;\"><strong>Riunioni<\/strong><\/h3>\n<p>Almeno due volte l&#8217;anno si terr\u00e0 una teleconferenza generale online. Queste riunioni saranno registrate per coloro che non possono partecipare al momento della chiamata. Il personale convocher\u00e0 riunioni ad hoc con i sottogruppi della CAC secondo le necessit\u00e0. Il personale fornir\u00e0 a tutti i membri un rapporto annuale che include informazioni su come la partecipazione al CAC ha contribuito a <span class=\"notranslate\">Simons Searchlight<\/span>.<\/p>\n<h3 style=\"text-align: center;\"><strong>Compensazione<\/strong><\/h3>\n<p>I partecipanti attivi riceveranno una carta regalo come ringraziamento durante il loro periodo di servizio.<\/p>\n<h3 style=\"text-align: center;\"><strong>Responsabilit\u00e0<\/strong><\/h3>\n<p>I membri della CAC non saranno ritenuti responsabili di eventuali azioni intraprese da loro in qualit\u00e0 di membri.<\/p>\n","protected":false},"excerpt":{"rendered":"<p>La missione di Simon Searchlight Simons Searchlight \u00e8 una partnership di scienziati, medici e famiglie di spicco, decisi ad accelerare la scienza delle alterazioni genetiche legate all&#8217;autismo e ad altri disturbi del neurosviluppo. Scopo del Comitato consultivo comunitario Lo scopo del Comitato Consultivo Comunitario (CAC) \u00e8 quello di consigliare e guidare la ricerca e le [&hellip;]<\/p>\n","protected":false},"author":14,"featured_media":0,"parent":0,"menu_order":0,"comment_status":"closed","ping_status":"closed","template":"","meta":{"_acf_changed":false,"_relevanssi_hide_post":"","_relevanssi_hide_content":"","_relevanssi_pin_for_all":"","_relevanssi_pin_keywords":"","_relevanssi_unpin_keywords":"","_relevanssi_related_keywords":"","_relevanssi_related_include_ids":"","_relevanssi_related_exclude_ids":"","_relevanssi_related_no_append":"","_relevanssi_related_not_related":"","_relevanssi_related_posts":"","_relevanssi_noindex_reason":"","footnotes":""},"acf":[],"_links":{"self":[{"href":"https:\/\/www.simonssearchlight.org\/it\/wp-json\/wp\/v2\/pages\/49107"}],"collection":[{"href":"https:\/\/www.simonssearchlight.org\/it\/wp-json\/wp\/v2\/pages"}],"about":[{"href":"https:\/\/www.simonssearchlight.org\/it\/wp-json\/wp\/v2\/types\/page"}],"author":[{"embeddable":true,"href":"https:\/\/www.simonssearchlight.org\/it\/wp-json\/wp\/v2\/users\/14"}],"replies":[{"embeddable":true,"href":"https:\/\/www.simonssearchlight.org\/it\/wp-json\/wp\/v2\/comments?post=49107"}],"version-history":[{"count":0,"href":"https:\/\/www.simonssearchlight.org\/it\/wp-json\/wp\/v2\/pages\/49107\/revisions"}],"wp:attachment":[{"href":"https:\/\/www.simonssearchlight.org\/it\/wp-json\/wp\/v2\/media?parent=49107"}],"curies":[{"name":"wp","href":"https:\/\/api.w.org\/{rel}","templated":true}]}}