{"id":48647,"date":"2019-08-06T09:50:09","date_gmt":"2019-08-06T13:50:09","guid":{"rendered":"https:\/\/www.simonssearchlight.org\/storia-anonima-7\/"},"modified":"2019-08-06T09:50:09","modified_gmt":"2019-08-06T13:50:09","slug":"storia-anonima-7","status":"publish","type":"page","link":"https:\/\/www.simonssearchlight.org\/it\/condividi-la-tua-storia-storie-anonime\/storia-anonima-7\/","title":{"rendered":"Storia anonima #7"},"content":{"rendered":"<h3 style=\"text-align: center;\">Da: Il genitore di un bambino con un&#8217;alterazione genetica<\/h3>\n<p style=\"padding-left: 30px; text-align: center;\"><em>&#8220;Amali e aiutali in ogni modo possibile&#8221;.<\/em><\/p>\n<h3>Qual \u00e8 il rapporto di vostro figlio con i fratelli e le sorelle?<\/h3>\n<p>Indifferente, ma sempre pi\u00f9 vicino. Hanno un divario di et\u00e0 di 5 anni.<\/p>\n<h3>Cosa fa la vostra famiglia per divertirsi?<\/h3>\n<p>Nuoto, passeggiate, zoo.<\/p>\n<h3>Ci parli della difficolt\u00e0 pi\u00f9 grande che la sua famiglia deve affrontare.<\/h3>\n<p>Combinare la sua terapia con il lavoro e cercare di trovare il tempo per l&#8217;altro mio figlio.<\/p>\n<h3>Cosa fa sorridere il vostro bambino?<\/h3>\n<p>Il suo sorriso. \u00c8 sempre stato un bambino felice.<\/p>\n<h3>Cosa la spinge a partecipare alla ricerca?<\/h3>\n<p>Non si sa molto della sua particolare alterazione genetica, quindi voglio partecipare il prima possibile alle nuove conoscenze per aiutarlo a raggiungere il suo pieno potenziale.<\/p>\n<h3>In che modo ritiene di influire sulla comprensione dei cambiamenti genetici studiati in <span class=\"notranslate\">Simons Searchlight<\/span> (16p11.2, 1q21.1 o cambiamenti di singoli geni)?<\/h3>\n<p>Non sono sicuro che lo far\u00f2.<\/p>\n<h3>Che cosa avete imparato dalle altre famiglie sulla condizione di vostro figlio?<\/h3>\n<p>Ancora niente. Sembra difficile trovare altre famiglie<\/p>\n<h3>Se potesse dare un consiglio a qualcuno a cui \u00e8 stata recentemente diagnosticata un&#8217;alterazione genetica nella sua famiglia, quale sarebbe?<\/h3>\n<p>Amateli e aiutateli in ogni modo possibile.<\/p>\n<h3>Qual \u00e8 la domanda a cui vorreste che i ricercatori potessero rispondere in merito al cambiamento genetico di vostro figlio?<\/h3>\n<p>Non ne sono sicuro.<\/p>\n","protected":false},"excerpt":{"rendered":"<p>Da: Il genitore di un bambino con un&#8217;alterazione genetica &#8220;Amali e aiutali in ogni modo possibile&#8221;. Qual \u00e8 il rapporto di vostro figlio con i fratelli e le sorelle? Indifferente, ma sempre pi\u00f9 vicino. Hanno un divario di et\u00e0 di 5 anni. Cosa fa la vostra famiglia per divertirsi? Nuoto, passeggiate, zoo. Ci parli della [&hellip;]<\/p>\n","protected":false},"author":13,"featured_media":0,"parent":48686,"menu_order":0,"comment_status":"closed","ping_status":"closed","template":"","meta":{"_acf_changed":false,"_relevanssi_hide_post":"","_relevanssi_hide_content":"","_relevanssi_pin_for_all":"","_relevanssi_pin_keywords":"","_relevanssi_unpin_keywords":"","_relevanssi_related_keywords":"","_relevanssi_related_include_ids":"","_relevanssi_related_exclude_ids":"","_relevanssi_related_no_append":"","_relevanssi_related_not_related":"","_relevanssi_related_posts":"","_relevanssi_noindex_reason":"","footnotes":""},"acf":[],"_links":{"self":[{"href":"https:\/\/www.simonssearchlight.org\/it\/wp-json\/wp\/v2\/pages\/48647"}],"collection":[{"href":"https:\/\/www.simonssearchlight.org\/it\/wp-json\/wp\/v2\/pages"}],"about":[{"href":"https:\/\/www.simonssearchlight.org\/it\/wp-json\/wp\/v2\/types\/page"}],"author":[{"embeddable":true,"href":"https:\/\/www.simonssearchlight.org\/it\/wp-json\/wp\/v2\/users\/13"}],"replies":[{"embeddable":true,"href":"https:\/\/www.simonssearchlight.org\/it\/wp-json\/wp\/v2\/comments?post=48647"}],"version-history":[{"count":0,"href":"https:\/\/www.simonssearchlight.org\/it\/wp-json\/wp\/v2\/pages\/48647\/revisions"}],"up":[{"embeddable":true,"href":"https:\/\/www.simonssearchlight.org\/it\/wp-json\/wp\/v2\/pages\/48686"}],"wp:attachment":[{"href":"https:\/\/www.simonssearchlight.org\/it\/wp-json\/wp\/v2\/media?parent=48647"}],"curies":[{"name":"wp","href":"https:\/\/api.w.org\/{rel}","templated":true}]}}